{"id":5,"date":"2014-07-28T13:16:25","date_gmt":"2014-07-28T12:16:25","guid":{"rendered":"http:\/\/www.lyceelecorbusier.eu\/projets\/?page_id=5"},"modified":"2026-01-16T10:46:34","modified_gmt":"2026-01-16T09:46:34","slug":"a-propos","status":"publish","type":"page","link":"https:\/\/www.lyceelecorbusier.eu\/projets\/?page_id=5","title":{"rendered":"\u00c0 propos"},"content":{"rendered":"<p>15, rue Lixenbuhl BP 10133<br \/>\n67404 Illkirch-Graffenstaden Cedex<br \/>\nT\u00e9l. &gt; 03 88 66 87 66<br \/>\nFax lyc\u00e9e &gt; 03 88 66 87 67<br \/>\nFax CFA &gt; 03 88 66 87 48<br \/>\nM\u00e9l lyc\u00e9e : ce.0672198A@ac-strasbourg.fr<br \/>\nM\u00e9l CFA : ce.0672066G@ac-strasbourg.fr<br \/>\n<a href=\"http:\/\/lyceelecorbusier.com\" target=\"_blank\" rel=\"noopener\">www.lyceelecorbusier.eu<\/a><\/p>\n<h2><b>Directeur de publication<\/b><\/h2>\n<p><strong>Daniel GASSNER<\/strong><br \/>\nChef d&#8217;\u00e9tablissement<\/p>\n<h2><b>Coordonnateur et responsable d\u2019\u00e9dition<\/b><\/h2>\n<p><strong>Laetitia ORY <\/strong><br \/>\nProfesseur documentaliste<\/p>\n<h2><b>Conception<\/b><\/h2>\n<p><strong>Marie SLAGHUIS<\/strong><br \/>\nEnseignante<\/p>\n<p>Site d\u00e9velopp\u00e9 avec <a href=\"http:\/\/wordpress.org\/\" target=\"_blank\" rel=\"noopener\">WordPress<\/a><\/p>\n<h2><b>H\u00e9bergement<\/b><\/h2>\n<p>GANDI SAS, 63-65 boulevard Massena \u00e0 Paris (75013) FRANCE.<\/p>\n<h2><b>Usage du site<\/b><\/h2>\n<p style=\"text-align: justify;\"><b>Avertissement<\/b><br \/>\nToutes les informations fournies sur le site le sont \u00e0 titre indicatif. Ces informations ne peuvent en aucun cas \u00eatre consid\u00e9r\u00e9es comme une offre contractuelle de services.<br \/>\nIl appartient notamment \u00e0 l&#8217;utilisateur de ce site de prendre toutes les mesures appropri\u00e9es de fa\u00e7on \u00e0 prot\u00e9ger ses donn\u00e9es et ses logiciels de la contamination par d&#8217;\u00e9ventuels virus circulant sur le r\u00e9seau Internet.<br \/>\nDe mani\u00e8re g\u00e9n\u00e9rale, les responsables de ce site d\u00e9clinent toute responsabilit\u00e9 \u00e0 un \u00e9ventuel dommage survenu pendant la consultation du pr\u00e9sent site.<br \/>\nLes liens propos\u00e9s vers d&#8217;autres sites sont communiqu\u00e9s \u00e0 titre indicatif et ne sauraient engager la responsabilit\u00e9 de l&#8217;\u00e9diteur, tant en ce qui concerne les contenus que les conditions d&#8217;acc\u00e8s.<\/p>\n<h2><b>Protection et traitement de donn\u00e9es personnelles<\/b><\/h2>\n<p style=\"text-align: justify;\"><b>Respect des lois en vigueur<\/b><br \/>\nCe site respecte la vie priv\u00e9e de l&#8217;internaute et se conforme strictement aux lois en vigueur sur la protection de la vie priv\u00e9e et des libert\u00e9s individuelles.<br \/>\nAucune information personnelle n&#8217;est collect\u00e9e \u00e0 votre insu. Aucune information personnelle n&#8217;est c\u00e9d\u00e9e \u00e0 des tiers. Les adresses \u00e9lectroniques ou autres informations nominatives dont ce site est destinataire ne font l&#8217;objet d&#8217;aucune exploitation et ne sont conserv\u00e9s que pour la dur\u00e9e n\u00e9cessaire \u00e0 leur traitement.<\/p>\n<p><b>Droit d&#8217;acc\u00e8s, de rectification et de suppression des donn\u00e9es personnelles<\/b><br \/>\nConform\u00e9ment aux textes europ\u00e9ens et fran\u00e7ais en vigueur et notamment la loi du N\u00b0 78-17 du 6 janvier 1978 relative \u00e0 l\u2019informatique, aux fichiers et aux libert\u00e9s, le directeur de publication vous informe que vous disposez d\u2019un droit g\u00e9n\u00e9ral d\u2019acc\u00e8s, de rectification et de suppression de l\u2019ensemble des donn\u00e9es personnelles vous concernant et dont nous disposons.<br \/>\nVous pouvez exercer ce droit aupr\u00e8s du <a href=\"mailto:ory.laetitia@gmail.com\">responsable d\u2019\u00e9dition<\/a><\/p>\n<p><b>Droit de r\u00e9ponse<\/b><br \/>\nVous pouvez exercer votre droit aupr\u00e8s du <a href=\"mailto:ory.laetitia@gmail.com\">responsable d\u2019\u00e9dition<\/a><\/p>\n<h2><b>Droits d&#8217;auteur et de reproduction<\/b><\/h2>\n<p style=\"text-align: justify;\"><b>Copyright<\/b><br \/>\nDepuis la publication de l&#8217;ordonnance n\u00b0 2005-650 du 6 juin 2005 relative \u00e0 la libert\u00e9 d&#8217;acc\u00e8s aux documents administratifs et \u00e0 la r\u00e9utilisation des informations publiques, ces informations peuvent \u00eatre r\u00e9utilis\u00e9es \u00e0 d&#8217;autres fins que celles pour lesquelles elles ont \u00e9t\u00e9 produites, et particuli\u00e8rement les informations faisant l&#8217;objet d&#8217;une diffusion publique. Les documents publics ou officiels ne sont couverts par aucun droit d&#8217;auteur et peuvent donc \u00eatre reproduits librement.<br \/>\nLe graphisme, l&#8217;iconographie ainsi que le contenu \u00e9ditorial demeurent la propri\u00e9t\u00e9 des auteurs du site, et \u00e0 ce titre, font l&#8217;objet des protections pr\u00e9vues par le Code de la propri\u00e9t\u00e9 intellectuelle.<br \/>\nLes informations utilis\u00e9es ne doivent l&#8217;\u00eatre qu&#8217;\u00e0 des fins personnelles, associatives ou professionnelles ; toute diffusion ou utilisation \u00e0 des fins commerciales ou publicitaires est interdite.<\/p>\n<p>&nbsp;<\/p>\n","protected":false},"excerpt":{"rendered":"<p>15, rue Lixenbuhl BP 10133 67404 Illkirch-Graffenstaden Cedex T\u00e9l. &gt; 03 88 66 87 66 Fax lyc\u00e9e &gt; 03 88 66 87 67 Fax CFA &gt; 03 88 66 87 48 M\u00e9l lyc\u00e9e : ce.0672198A@ac-strasbourg.fr M\u00e9l CFA :&#8230; <a class=\"read-more\" href=\"https:\/\/www.lyceelecorbusier.eu\/projets\/?page_id=5\">Lire la suite&#8230;<\/a><\/p>\n","protected":false},"author":1,"featured_media":6,"parent":0,"menu_order":0,"comment_status":"closed","ping_status":"closed","template":"template-full.php","meta":[],"_links":{"self":[{"href":"https:\/\/www.lyceelecorbusier.eu\/projets\/index.php?rest_route=\/wp\/v2\/pages\/5"}],"collection":[{"href":"https:\/\/www.lyceelecorbusier.eu\/projets\/index.php?rest_route=\/wp\/v2\/pages"}],"about":[{"href":"https:\/\/www.lyceelecorbusier.eu\/projets\/index.php?rest_route=\/wp\/v2\/types\/page"}],"author":[{"embeddable":true,"href":"https:\/\/www.lyceelecorbusier.eu\/projets\/index.php?rest_route=\/wp\/v2\/users\/1"}],"replies":[{"embeddable":true,"href":"https:\/\/www.lyceelecorbusier.eu\/projets\/index.php?rest_route=%2Fwp%2Fv2%2Fcomments&post=5"}],"version-history":[{"count":6,"href":"https:\/\/www.lyceelecorbusier.eu\/projets\/index.php?rest_route=\/wp\/v2\/pages\/5\/revisions"}],"predecessor-version":[{"id":9650,"href":"https:\/\/www.lyceelecorbusier.eu\/projets\/index.php?rest_route=\/wp\/v2\/pages\/5\/revisions\/9650"}],"wp:featuredmedia":[{"embeddable":true,"href":"https:\/\/www.lyceelecorbusier.eu\/projets\/index.php?rest_route=\/wp\/v2\/media\/6"}],"wp:attachment":[{"href":"https:\/\/www.lyceelecorbusier.eu\/projets\/index.php?rest_route=%2Fwp%2Fv2%2Fmedia&parent=5"}],"curies":[{"name":"wp","href":"https:\/\/api.w.org\/{rel}","templated":true}]}}