{"id":2861,"date":"2016-09-09T14:57:42","date_gmt":"2016-09-09T13:57:42","guid":{"rendered":"http:\/\/www.lyceelecorbusier.eu\/p5js\/?page_id=2861"},"modified":"2016-09-12T08:08:09","modified_gmt":"2016-09-12T07:08:09","slug":"meta-sinspirer","status":"publish","type":"page","link":"https:\/\/www.lyceelecorbusier.eu\/p5js\/?page_id=2861","title":{"rendered":"S&#8217;inspirer"},"content":{"rendered":"<h1 class=\"h1-p5\" style=\"text-align: center;\">S&#8217;INSPIRER<\/h1>\n<div class=\"organic-column one-half\">Le site web <a href=\"http:\/\/generative-gestaltung.de\" target=\"_blank\">generative-gestaltung.de<\/a> traite de la production d\u2019images au moyen de programmes d\u00e9velopp\u00e9s avec <a href=\"https:\/\/processing.org\/\" target=\"_blank\">Processing<\/a>. Ce site est le support du livre \u00e9ponyme publi\u00e9 en France par les <a href=\"https:\/\/pyramyd-editions.com\/\" target=\"_blank\">\u00e9ditions Pyramyd<\/a>.<br \/>\nLes codes propos\u00e9s sur le site <a href=\"http:\/\/generative-gestaltung.de\" target=\"_blank\">generative-gestaltung.de<\/a> le sont sous <a href=\"http:\/\/www.apache.org\/licenses\/LICENSE-2.0\" target=\"_blank\">Licence Apache, Version 2.0<\/a>. Les caract\u00e9ristiques majeures de la licence Apache sont, d&#8217;une part, d&#8217;autoriser la modification et la distribution du code sous toute forme (libre ou propri\u00e9taire, gratuit ou commercial) et, d&#8217;autre part, d&#8217;obliger le maintien du copyright lors de toute modification.<br \/>\nLes codes propos\u00e9s ont \u00e9t\u00e9 r\u00e9-\u00e9crits pour fonctionner avec p5.js.\u00a0<\/div> <div class=\"organic-column one-half last\">Le projet<a href=\"http:\/\/recodeproject.com\/\" target=\"_blank\"> Recode<\/a> est une entreprise communautaire dont l&#8217;objectif est pr\u00e9server des \u0153uvres d&#8217;art cr\u00e9\u00e9es avec l&#8217;ordinateur en le traduisant dans un langage de programmation moderne (<a href=\"http:\/\/processing.org\/\" target=\"_blank\">Processing<\/a>).<br \/>\nL&#8217;objectif du projet Recode est triple:<br \/>\n1. Rendre visible des \u0153uvres cr\u00e9\u00e9es avec un ordinateur.<br \/>\n2. Rendre accessible et utilisable.<br \/>\n3. Sauvegarder\u00a0le code.<br \/>\nProcessing\u00a0a \u00e9t\u00e9 choisi en raison de son omnipr\u00e9sence dans les milieux \u00e9ducatifs et parce que sa plate-forme open source bien document\u00e9e dispose d&#8217;une grande communaut\u00e9 de d\u00e9veloppeurs.<br \/>\nLe code des \u0153uvres propos\u00e9es a \u00e9t\u00e9 adapt\u00e9 pour p5.js<\/div><div class=\"clearboth\"><\/div>\n<p style=\"text-align: center;\"><!--more--><\/p>\n","protected":false},"excerpt":{"rendered":"<p>S&#8217;INSPIRER<\/p>\n","protected":false},"author":1,"featured_media":2896,"parent":0,"menu_order":0,"comment_status":"closed","ping_status":"closed","template":"template-portfolio.php","meta":[],"_links":{"self":[{"href":"https:\/\/www.lyceelecorbusier.eu\/p5js\/index.php?rest_route=\/wp\/v2\/pages\/2861"}],"collection":[{"href":"https:\/\/www.lyceelecorbusier.eu\/p5js\/index.php?rest_route=\/wp\/v2\/pages"}],"about":[{"href":"https:\/\/www.lyceelecorbusier.eu\/p5js\/index.php?rest_route=\/wp\/v2\/types\/page"}],"author":[{"embeddable":true,"href":"https:\/\/www.lyceelecorbusier.eu\/p5js\/index.php?rest_route=\/wp\/v2\/users\/1"}],"replies":[{"embeddable":true,"href":"https:\/\/www.lyceelecorbusier.eu\/p5js\/index.php?rest_route=%2Fwp%2Fv2%2Fcomments&post=2861"}],"version-history":[{"count":35,"href":"https:\/\/www.lyceelecorbusier.eu\/p5js\/index.php?rest_route=\/wp\/v2\/pages\/2861\/revisions"}],"predecessor-version":[{"id":3003,"href":"https:\/\/www.lyceelecorbusier.eu\/p5js\/index.php?rest_route=\/wp\/v2\/pages\/2861\/revisions\/3003"}],"wp:featuredmedia":[{"embeddable":true,"href":"https:\/\/www.lyceelecorbusier.eu\/p5js\/index.php?rest_route=\/wp\/v2\/media\/2896"}],"wp:attachment":[{"href":"https:\/\/www.lyceelecorbusier.eu\/p5js\/index.php?rest_route=%2Fwp%2Fv2%2Fmedia&parent=2861"}],"curies":[{"name":"wp","href":"https:\/\/api.w.org\/{rel}","templated":true}]}}