{"id":2805,"date":"2016-05-02T12:52:21","date_gmt":"2016-05-02T11:52:21","guid":{"rendered":"http:\/\/www.lyceelecorbusier.eu\/p5js\/?page_id=2805"},"modified":"2016-06-01T06:39:59","modified_gmt":"2016-06-01T05:39:59","slug":"nnl","status":"publish","type":"page","link":"https:\/\/www.lyceelecorbusier.eu\/p5js\/?page_id=2805","title":{"rendered":"Narration non lin\u00e9aire \/ atelier au long cours DSAA 2016"},"content":{"rendered":"<p><a href=\"http:\/\/www.lyceelecorbusier.eu\/p5\/mathilde\/\" target=\"_blank\">Mathilde va au bal<\/a> \/ Mathilde, M\u00e9lodie &amp; Thomas.<\/p>\n<p><a href=\"http:\/\/www.lyceelecorbusier.eu\/p5\/mathilde\/\" target=\"_blank\"><img loading=\"lazy\" class=\"aligncenter wp-image-2806 size-full\" src=\"http:\/\/www.lyceelecorbusier.eu\/p5js\/wp-content\/uploads\/sites\/25\/2016\/05\/bal.jpg\" alt=\"bal\" width=\"780\" height=\"300\" srcset=\"https:\/\/www.lyceelecorbusier.eu\/p5js\/wp-content\/uploads\/sites\/25\/2016\/05\/bal.jpg 780w, https:\/\/www.lyceelecorbusier.eu\/p5js\/wp-content\/uploads\/sites\/25\/2016\/05\/bal-300x115.jpg 300w, https:\/\/www.lyceelecorbusier.eu\/p5js\/wp-content\/uploads\/sites\/25\/2016\/05\/bal-768x295.jpg 768w\" sizes=\"(max-width: 780px) 100vw, 780px\" \/><\/a><\/p>\n<p><a href=\"http:\/\/www.lyceelecorbusier.eu\/p5\/escape-game-ikea\/\" target=\"_blank\">\u00c9vasion non-lin\u00e9aire au pays du meuble su\u00e9dois<\/a> \/ Koulma<\/p>\n<p><img loading=\"lazy\" width=\"780\" height=\"300\" class=\"aligncenter size-full wp-image-2846\" src=\"http:\/\/www.lyceelecorbusier.eu\/p5js\/wp-content\/uploads\/sites\/25\/2016\/05\/escape-game.png\" alt=\"escape-game\" srcset=\"https:\/\/www.lyceelecorbusier.eu\/p5js\/wp-content\/uploads\/sites\/25\/2016\/05\/escape-game.png 780w, https:\/\/www.lyceelecorbusier.eu\/p5js\/wp-content\/uploads\/sites\/25\/2016\/05\/escape-game-300x115.png 300w, https:\/\/www.lyceelecorbusier.eu\/p5js\/wp-content\/uploads\/sites\/25\/2016\/05\/escape-game-768x295.png 768w\" sizes=\"(max-width: 780px) 100vw, 780px\" \/><\/p>\n<p><a href=\"http:\/\/www.lyceelecorbusier.eu\/p5\/primordium\/\" target=\"_blank\">PRIMORDIUM<\/a> \/ Antoine.<\/p>\n<p><a href=\"http:\/\/www.lyceelecorbusier.eu\/p5\/primordium\/\" target=\"_blank\"><img loading=\"lazy\" width=\"780\" height=\"300\" class=\"aligncenter size-full wp-image-2852\" src=\"http:\/\/www.lyceelecorbusier.eu\/p5js\/wp-content\/uploads\/sites\/25\/2016\/05\/primordium.jpg\" alt=\"primordium\" srcset=\"https:\/\/www.lyceelecorbusier.eu\/p5js\/wp-content\/uploads\/sites\/25\/2016\/05\/primordium.jpg 780w, https:\/\/www.lyceelecorbusier.eu\/p5js\/wp-content\/uploads\/sites\/25\/2016\/05\/primordium-300x115.jpg 300w, https:\/\/www.lyceelecorbusier.eu\/p5js\/wp-content\/uploads\/sites\/25\/2016\/05\/primordium-768x295.jpg 768w\" sizes=\"(max-width: 780px) 100vw, 780px\" \/><\/a><\/p>\n","protected":false},"excerpt":{"rendered":"<p>Mathilde va au bal \/ Mathilde, M\u00e9lodie &amp; Thomas. \u00c9vasion non-lin\u00e9aire au pays du meuble su\u00e9dois \/ Koulma PRIMORDIUM \/ Antoine.<\/p>\n","protected":false},"author":1,"featured_media":2711,"parent":0,"menu_order":0,"comment_status":"closed","ping_status":"closed","template":"template-full.php","meta":[],"_links":{"self":[{"href":"https:\/\/www.lyceelecorbusier.eu\/p5js\/index.php?rest_route=\/wp\/v2\/pages\/2805"}],"collection":[{"href":"https:\/\/www.lyceelecorbusier.eu\/p5js\/index.php?rest_route=\/wp\/v2\/pages"}],"about":[{"href":"https:\/\/www.lyceelecorbusier.eu\/p5js\/index.php?rest_route=\/wp\/v2\/types\/page"}],"author":[{"embeddable":true,"href":"https:\/\/www.lyceelecorbusier.eu\/p5js\/index.php?rest_route=\/wp\/v2\/users\/1"}],"replies":[{"embeddable":true,"href":"https:\/\/www.lyceelecorbusier.eu\/p5js\/index.php?rest_route=%2Fwp%2Fv2%2Fcomments&post=2805"}],"version-history":[{"count":9,"href":"https:\/\/www.lyceelecorbusier.eu\/p5js\/index.php?rest_route=\/wp\/v2\/pages\/2805\/revisions"}],"predecessor-version":[{"id":2853,"href":"https:\/\/www.lyceelecorbusier.eu\/p5js\/index.php?rest_route=\/wp\/v2\/pages\/2805\/revisions\/2853"}],"wp:featuredmedia":[{"embeddable":true,"href":"https:\/\/www.lyceelecorbusier.eu\/p5js\/index.php?rest_route=\/wp\/v2\/media\/2711"}],"wp:attachment":[{"href":"https:\/\/www.lyceelecorbusier.eu\/p5js\/index.php?rest_route=%2Fwp%2Fv2%2Fmedia&parent=2805"}],"curies":[{"name":"wp","href":"https:\/\/api.w.org\/{rel}","templated":true}]}}