{"id":2,"date":"2015-11-04T08:41:36","date_gmt":"2015-11-04T07:41:36","guid":{"rendered":"http:\/\/www.lyceelecorbusier.eu\/lectureslocales2\/?page_id=2"},"modified":"2015-11-07T14:19:42","modified_gmt":"2015-11-07T13:19:42","slug":"page-d-exemple","status":"publish","type":"page","link":"https:\/\/www.lyceelecorbusier.eu\/lectureslocales2\/?page_id=2","title":{"rendered":"Saison 2"},"content":{"rendered":"<h1><span style=\"font-weight: 400\">SAISON 2<br \/>\n<\/span><span style=\"font-weight: 400\">POUR LES LECTURES LOCALES<\/span><\/h1>\n<div class=\"organic-column one-half\">\n<p>Cette ann\u00e9e, nous renouvelons notre collaboration avec la Biblioth\u00e8que D\u00e9partementale du Bas-Rhin et l&#8217;ensemble de son r\u00e9seau pour une nouvelle enqu\u00eate et de nouveaux projets.<\/p>\n<p>Un projet sous la direction de C\u00e9cilia Gurisik, Jean Obrecht et Nicolas Couturier<br \/>\nDu 2 novembre au 16 d\u00e9cembre 2015<\/p>\n<\/div>\n<p>&nbsp;<\/p>\n<p><a href=\"http:\/\/www.lyceelecorbusier.eu\/dsaa-lectureslocales\/\"><div class=\"organic-column one-half last\"><\/a><\/p>\n<p><a href=\"http:\/\/www.lyceelecorbusier.eu\/dsaa-lectureslocales\/\">Vous pourrez retrouver la saison 1 ici !<\/a><br \/>\nSix terrains seront l&#8217;objet de notre action :<\/p>\n<ul>\n<li><b>Roeschwoog \u00a0<\/b><span style=\"font-weight: 400\">\u00a0<\/span><\/li>\n<li><b>Gries\u00a0<\/b><\/li>\n<li><b>Mutzig<\/b><\/li>\n<li><b><b>Donnenheim<\/b><\/b><\/li>\n<li><b>Neuwiller l\u00e8s Saverne<\/b><\/li>\n<li><b>Bouxwiller<\/b><\/li>\n<\/ul>\n<\/div><div class=\"clearboth\"><\/div>\n<a class=\"button\" href=\"http:\/\/www.lyceelecorbusier.eu\/lectureslocales2\/?page_id=21\">TOUS LES PROJETS ICI\u00a0<\/a><\/p>\n","protected":false},"excerpt":{"rendered":"<p>SAISON 2 POUR LES LECTURES LOCALES &nbsp; TOUS LES PROJETS ICI\u00a0<\/p>\n","protected":false},"author":1,"featured_media":0,"parent":0,"menu_order":0,"comment_status":"closed","ping_status":"open","template":"","meta":[],"_links":{"self":[{"href":"https:\/\/www.lyceelecorbusier.eu\/lectureslocales2\/index.php?rest_route=\/wp\/v2\/pages\/2"}],"collection":[{"href":"https:\/\/www.lyceelecorbusier.eu\/lectureslocales2\/index.php?rest_route=\/wp\/v2\/pages"}],"about":[{"href":"https:\/\/www.lyceelecorbusier.eu\/lectureslocales2\/index.php?rest_route=\/wp\/v2\/types\/page"}],"author":[{"embeddable":true,"href":"https:\/\/www.lyceelecorbusier.eu\/lectureslocales2\/index.php?rest_route=\/wp\/v2\/users\/1"}],"replies":[{"embeddable":true,"href":"https:\/\/www.lyceelecorbusier.eu\/lectureslocales2\/index.php?rest_route=%2Fwp%2Fv2%2Fcomments&post=2"}],"version-history":[{"count":6,"href":"https:\/\/www.lyceelecorbusier.eu\/lectureslocales2\/index.php?rest_route=\/wp\/v2\/pages\/2\/revisions"}],"predecessor-version":[{"id":30,"href":"https:\/\/www.lyceelecorbusier.eu\/lectureslocales2\/index.php?rest_route=\/wp\/v2\/pages\/2\/revisions\/30"}],"wp:attachment":[{"href":"https:\/\/www.lyceelecorbusier.eu\/lectureslocales2\/index.php?rest_route=%2Fwp%2Fv2%2Fmedia&parent=2"}],"curies":[{"name":"wp","href":"https:\/\/api.w.org\/{rel}","templated":true}]}}