{"id":48,"date":"2021-01-31T19:33:27","date_gmt":"2021-01-31T18:33:27","guid":{"rendered":"https:\/\/www.lyceelecorbusier.eu\/jpo-2021\/?page_id=48"},"modified":"2024-02-09T11:54:41","modified_gmt":"2024-02-09T10:54:41","slug":"pole-general-technologique","status":"publish","type":"page","link":"https:\/\/www.lyceelecorbusier.eu\/jpo-2024\/pole-general-technologique\/","title":{"rendered":"P\u00f4le g\u00e9n\u00e9ral &#038; technologique"},"content":{"rendered":"<table style=\"width: 100%; border-collapse: collapse; border-style: hidden; height: 1032px;\" border=\"1\">\n<tbody>\n<tr style=\"background-image: url('https:\/\/www.lyceelecorbusier.eu\/jpo-2022\/wp-content\/uploads\/sites\/58\/2023\/02\/01.jpg');\">\n<td style=\"height: 62px; width: 100%;\" colspan=\"2\">\n<h4><\/h4>\n<\/td>\n<\/tr>\n<tr style=\"height: 115px;\">\n<td style=\"width: 57.4577%; height: 115px;\">\n<h2>Options de Seconde G &amp; T<\/h2>\n<\/td>\n<td style=\"width: 42.5423%; height: 115px;\">\u2022 <a href=\"http:\/\/www.lyceelecorbusier.eu\/erasmus\/?p=215\" target=\"_blank\" rel=\"noopener\">SNT Euro Trilingue<\/a><br \/>\n\u2022 <a href=\"https:\/\/www.lyceelecorbusier.eu\/jpo-2023\/?page_id=30\">CCD (Cr\u00e9ation &amp; Culture Design)<\/a><br \/>\n\u2022 <a href=\"https:\/\/drive.google.com\/file\/d\/1RPoLkCvqTyUxMYm8xFpUDVJOeROEf3g1\/view?usp=sharing\" target=\"_blank\" rel=\"noopener\">MSIAD (M\u00e9tiers de l&#8217;innovation, de l&#8217;architecture et du Design)<\/a><br \/>\n\u2022 <a href=\"https:\/\/spark.adobe.com\/page\/YPSpp60OeM2ga\/\" target=\"_blank\" rel=\"noopener\">Options :<\/a> <a href=\"https:\/\/spark.adobe.com\/page\/YPSpp60OeM2ga\/\" target=\"_blank\" rel=\"noopener\">Arts plastiques<\/a><br \/>\n\u2022 <a href=\"http:\/\/www.lyceelecorbusier.eu\/erasmus\/?p=262\" target=\"_blank\" rel=\"noopener\">Module d&#8217;allemand approfondi<\/a><br \/>\n\u2022 <a href=\"https:\/\/drive.google.com\/file\/d\/1jhkvnYLNoCS2HrHiLPHTR4VhZRjdS2uv\/view?usp=sharing\" target=\"_blank\" rel=\"noopener\">Option LVC Espagnol<\/a><\/td>\n<\/tr>\n<tr style=\"height: 115px;\">\n<td style=\"width: 57.4577%; height: 115px;\">\n<h2>Sp\u00e9cialit\u00e9s en 1re &amp; Terminale g\u00e9n\u00e9rale<\/h2>\n<\/td>\n<td style=\"width: 42.5423%; height: 115px;\">\u2022 Pr\u00e9sentation du Lyc\u00e9e et de la voie g\u00e9n\u00e9rale et technologique<br \/>\n\u2022 Parcours de formation voie g\u00e9n\u00e9rale et technologique<br \/>\n\u2022 Description succincte des enseignements de sp\u00e9cialit\u00e9s et options<br \/>\n\u2022 Choix d&#8217;options et de sp\u00e9cialit\u00e9s en voie g\u00e9n\u00e9rale et technologique<br \/>\n\u2022 <a href=\"https:\/\/docs.google.com\/presentation\/d\/11vmM_RqWb3wEIyeyoZrer-xpw3yJ-yoSiRiawn1qdb4\/edit?usp=sharing\" target=\"_blank\" rel=\"noopener\">Math\u00e9matiques en Premi\u00e8re g\u00e9n\u00e9rale : Sp\u00e9cialit\u00e9 (+ apr\u00e8s la 1\u00e8reG)<\/a><br \/>\n\u2022 <a href=\"https:\/\/docs.google.com\/presentation\/d\/1O9SWWev0A08_4YSuGUtWSlxHQt2D2cDy-KfkTz3SLjs\/edit?usp=sharing\" target=\"_blank\" rel=\"noopener\">Math\u00e9matiques en Terminale g\u00e9n\u00e9rale\u00a0: Sp\u00e9cialit\u00e9 + options Maths compl\u00e9mentaires et Maths expertes<\/a><br \/>\n\u2022 Physique-Chimie programme en sp\u00e9cialit\u00e9<\/td>\n<\/tr>\n<tr style=\"height: 144px;\">\n<td style=\"width: 57.4577%; height: 144px;\">\n<h2>Sp\u00e9cialit\u00e9s en 1re &amp; Terminale STI2D<\/h2>\n<\/td>\n<td style=\"width: 42.5423%; height: 144px;\">\u2022 <a href=\"https:\/\/drive.google.com\/file\/d\/1fwoaEUWkwzVOKYZVENLu9wyssGdkSODz\/view?usp=sharing\" target=\"_blank\" rel=\"noopener\">Bac STI2D Enseignements Technologiques<\/a><br \/>\n\u2022 <a href=\"https:\/\/docs.google.com\/presentation\/d\/1WMBajV3x1pemYY0z9VZ1dtPGn2QbCrjr7ZQfrZQceCo\/edit?usp=sharing\" target=\"_blank\" rel=\"noopener\">Math\u00e9matiques en STI2D\u00a0: partie tronc commun et partie Maths de la sp\u00e9cialit\u00e9 Physique-Chimie <em>et<\/em> Math\u00e9matiques<\/a><\/td>\n<\/tr>\n<tr style=\"height: 144px;\">\n<td style=\"width: 57.4577%; height: 144px;\">\n<h2>Parcours personnalis\u00e9 de langues<\/h2>\n<\/td>\n<td style=\"width: 42.5423%; height: 144px;\">\u2022 <a href=\"http:\/\/www.lyceelecorbusier.eu\/erasmus\/\" target=\"_blank\" rel=\"noopener\">Erasmus+, partenariats et \u00e9changes scolaires<\/a><br \/>\n\u2022 <a href=\"http:\/\/www.lyceelecorbusier.eu\/erasmus\/?p=250\" target=\"_blank\" rel=\"noopener\">Sections<\/a> <a href=\"http:\/\/www.lyceelecorbusier.eu\/erasmus\/?p=250\" target=\"_blank\" rel=\"noopener\">europ\u00e9ennes<\/a><br \/>\n\u2022 <a href=\"http:\/\/www.lyceelecorbusier.eu\/erasmus\/?p=248\" target=\"_blank\" rel=\"noopener\">L&#8217;ETLV en voie technologique<\/a><br \/>\n\u2022 <a href=\"http:\/\/www.lyceelecorbusier.eu\/erasmus\/?p=236\" target=\"_blank\" rel=\"noopener\">Apprendre l&#8217;Allemand en BTS, un plus !<\/a><\/td>\n<\/tr>\n<tr style=\"background-image: url('https:\/\/www.lyceelecorbusier.eu\/jpo-2022\/wp-content\/uploads\/sites\/58\/2023\/02\/02.jpg');\">\n<td style=\"height: 62px; width: 100%;\" colspan=\"2\">\n<h4><\/h4>\n<\/td>\n<\/tr>\n<tr style=\"height: 28px;\">\n<td style=\"width: 57.4577%; height: 28px;\">\n<h2>Math\u00e9matiques<\/h2>\n<\/td>\n<td style=\"width: 42.5423%; height: 28px;\">\u2022 <a href=\"https:\/\/docs.google.com\/presentation\/d\/1sq0WmknuGbJ2rPFkYx3GooH1JNAlstJ0qgzcopM2k7g\/edit?usp=sharing\" target=\"_blank\" rel=\"noopener\">Maths : exemples d\u2019actions au lyc\u00e9e Le Corbusier<\/a><br \/>\n\u2022 <a href=\"https:\/\/docs.google.com\/presentation\/d\/1f4q75MpEX5xak2bJChWdFvGB1_EGxnr2STzAkPksJC0\/edit?usp=sharing\" target=\"_blank\" rel=\"noopener\">Math\u00e9matiques en 2GT (+ apr\u00e8s la 2nde)<\/a><br \/>\n\u2022 <a href=\"https:\/\/docs.google.com\/presentation\/d\/11vmM_RqWb3wEIyeyoZrer-xpw3yJ-yoSiRiawn1qdb4\/edit?usp=sharing\" target=\"_blank\" rel=\"noopener\">Math\u00e9matiques en Premi\u00e8re g\u00e9n\u00e9rale : Sp\u00e9cialit\u00e9 (+ apr\u00e8s la 1\u00e8reG)<\/a><br \/>\n\u2022 <a href=\"https:\/\/docs.google.com\/presentation\/d\/1O9SWWev0A08_4YSuGUtWSlxHQt2D2cDy-KfkTz3SLjs\/edit?usp=sharing\" target=\"_blank\" rel=\"noopener\">Math\u00e9matiques en Terminale g\u00e9n\u00e9rale : Sp\u00e9cialit\u00e9 + options Maths compl\u00e9mentaires et Maths expertes<\/a><br \/>\n\u2022 <a href=\"https:\/\/docs.google.com\/presentation\/d\/1WMBajV3x1pemYY0z9VZ1dtPGn2QbCrjr7ZQfrZQceCo\/edit?usp=sharing\" target=\"_blank\" rel=\"noopener\">Math\u00e9matiques en STI2D : partie tronc commun et partie Maths de la sp\u00e9cialit\u00e9 Physique-Chimie et Math\u00e9matiques<\/a><br \/>\n\u2022 <a href=\"https:\/\/docs.google.com\/presentation\/d\/1ffboyS1Tg-GMbTuHhai7w6efxYPtEdx4KyHhMR7QWJ8\/edit?usp=sharing\" target=\"_blank\" rel=\"noopener\">Math\u00e9matiques en STD2A<\/a><\/td>\n<\/tr>\n<tr style=\"height: 46px;\">\n<td style=\"width: 57.4577%; height: 46px;\">\n<h2>Sciences-physiques<\/h2>\n<\/td>\n<td style=\"width: 42.5423%; height: 46px;\">\u2022 <a href=\"https:\/\/www.slideshare.net\/gantzer\/progression-251241140\" target=\"_blank\" rel=\"noopener\">Physique-Chimie en Seconde<\/a><br \/>\n\u2022 <a href=\"https:\/\/www.slideshare.net\/gantzer\/spcialit-physique-chimie-251240847\" target=\"_blank\" rel=\"noopener\">Physique-Chimie programme en sp\u00e9cialit\u00e9<\/a><\/td>\n<\/tr>\n<tr style=\"height: 46px;\">\n<td style=\"width: 57.4577%; height: 46px;\">\n<h2>SVT<\/h2>\n<\/td>\n<td style=\"width: 42.5423%; height: 46px;\">\u2022 <a href=\"https:\/\/docs.google.com\/presentation\/d\/1ZURMEksxRO1JVp7aNVaBjoFX596AQiiTMAOxOUll-tY\/edit?usp=sharing\" target=\"_blank\" rel=\"noopener\">La SVT au lyc\u00e9e Le Corbusier<\/a><\/td>\n<\/tr>\n<tr style=\"height: 46px;\">\n<td style=\"width: 57.4577%; height: 46px;\">\n<h2>Humanit\u00e9s, litt\u00e9rature, philosophie<\/h2>\n<\/td>\n<td style=\"width: 42.5423%; height: 46px;\">\u2022 <a href=\"https:\/\/lettresetc.wordpress.com\/\" target=\"_blank\" rel=\"noopener\">Lettres &amp; Culture<\/a><\/td>\n<\/tr>\n<tr style=\"height: 46px;\">\n<td style=\"width: 57.4577%; height: 46px;\">\n<h2>Langues \u00e9trang\u00e8res<\/h2>\n<\/td>\n<td style=\"width: 42.5423%; height: 46px;\">\u2022 <a href=\"http:\/\/www.lyceelecorbusier.eu\/erasmus\/\" target=\"_blank\" rel=\"noopener\">Erasmus+, partenariats et \u00e9changes scolaires<\/a><br \/>\n\u2022 <a href=\"http:\/\/www.lyceelecorbusier.eu\/erasmus\/?p=250\" target=\"_blank\" rel=\"noopener\">Sections<\/a> <a href=\"http:\/\/www.lyceelecorbusier.eu\/erasmus\/?p=250\" target=\"_blank\" rel=\"noopener\">europ\u00e9ennes<\/a><br \/>\n\u2022 <a href=\"http:\/\/www.lyceelecorbusier.eu\/erasmus\/?p=248\" target=\"_blank\" rel=\"noopener\">L&#8217;ETLV en voie technologique<\/a><br \/>\n\u2022 <a href=\"http:\/\/www.lyceelecorbusier.eu\/erasmus\/?p=236\" target=\"_blank\" rel=\"noopener\">Apprendre l&#8217;Allemand en BTS, un plus !<\/a><\/td>\n<\/tr>\n<tr style=\"height: 62px;\">\n<td style=\"width: 57.4577%; height: 62px;\">\n<h2>Sciences de l&#8217;ing\u00e9nieur<\/h2>\n<\/td>\n<td style=\"width: 42.5423%; height: 62px;\">\u2022 <a href=\"http:\/\/amia-alsace.eu\/JPO_lycee\/Affiche_G-SI_JPO_2021.pdf\" target=\"_blank\" rel=\"noopener\">Sp\u00e9cialit\u00e9 Sciences de l\u2019Ing\u00e9nieur, pr\u00e9sentation g\u00e9n\u00e9rale<\/a><br \/>\n\u2022 <a href=\"http:\/\/amia-alsace.eu\/JPO_lycee\/JPO-SI.html\" target=\"_blank\" rel=\"noopener\">Sp\u00e9cialit\u00e9 Sciences de l\u2019Ing\u00e9nieur, exemple d\u2019activit\u00e9<\/a><\/td>\n<\/tr>\n<tr style=\"height: 116px;\">\n<td style=\"width: 57.4577%; height: 116px;\">\n<h4><a href=\"https:\/\/www.lyceelecorbusier.eu\/jpo-2024\/?page_id=16\"><img loading=\"lazy\" class=\"alignnone wp-image-76\" src=\"https:\/\/www.lyceelecorbusier.eu\/jpo-2022\/wp-content\/uploads\/sites\/58\/2023\/02\/fleche-arr.png\" alt=\"\" width=\"80\" height=\"80\" \/><\/a><\/h4>\n<\/td>\n<td style=\"width: 42.5423%; height: 116px;\"><\/td>\n<\/tr>\n<\/tbody>\n<\/table>\n","protected":false},"excerpt":{"rendered":"<p>Options de Seconde G &amp; T \u2022 SNT Euro Trilingue \u2022 CCD (Cr\u00e9ation &amp; Culture Design) \u2022 MSIAD (M\u00e9tiers de l&#8217;innovation, de l&#8217;architecture et du Design) \u2022 Options : Arts plastiques \u2022 Module d&#8217;allemand approfondi \u2022 Option LVC&#8230; <a class=\"read-more\" href=\"https:\/\/www.lyceelecorbusier.eu\/jpo-2024\/pole-general-technologique\/\">Lire la suite&#8230;<\/a><\/p>\n","protected":false},"author":1,"featured_media":0,"parent":0,"menu_order":0,"comment_status":"closed","ping_status":"closed","template":"template-full.php","meta":[],"_links":{"self":[{"href":"https:\/\/www.lyceelecorbusier.eu\/jpo-2024\/wp-json\/wp\/v2\/pages\/48"}],"collection":[{"href":"https:\/\/www.lyceelecorbusier.eu\/jpo-2024\/wp-json\/wp\/v2\/pages"}],"about":[{"href":"https:\/\/www.lyceelecorbusier.eu\/jpo-2024\/wp-json\/wp\/v2\/types\/page"}],"author":[{"embeddable":true,"href":"https:\/\/www.lyceelecorbusier.eu\/jpo-2024\/wp-json\/wp\/v2\/users\/1"}],"replies":[{"embeddable":true,"href":"https:\/\/www.lyceelecorbusier.eu\/jpo-2024\/wp-json\/wp\/v2\/comments?post=48"}],"version-history":[{"count":17,"href":"https:\/\/www.lyceelecorbusier.eu\/jpo-2024\/wp-json\/wp\/v2\/pages\/48\/revisions"}],"predecessor-version":[{"id":613,"href":"https:\/\/www.lyceelecorbusier.eu\/jpo-2024\/wp-json\/wp\/v2\/pages\/48\/revisions\/613"}],"wp:attachment":[{"href":"https:\/\/www.lyceelecorbusier.eu\/jpo-2024\/wp-json\/wp\/v2\/media?parent=48"}],"curies":[{"name":"wp","href":"https:\/\/api.w.org\/{rel}","templated":true}]}}