{"id":43,"date":"2021-01-31T19:30:32","date_gmt":"2021-01-31T18:30:32","guid":{"rendered":"https:\/\/www.lyceelecorbusier.eu\/jpo-2021\/?page_id=43"},"modified":"2024-02-09T11:53:33","modified_gmt":"2024-02-09T10:53:33","slug":"pole-construction-durable-energies","status":"publish","type":"page","link":"https:\/\/www.lyceelecorbusier.eu\/jpo-2024\/pole-construction-durable-energies\/","title":{"rendered":"P\u00f4le construction durable &#038; \u00e9nergies"},"content":{"rendered":"<table style=\"width: 100%; border-collapse: collapse; border-style: hidden; height: 2990px;\" border=\"1\">\n<tbody>\n<tr style=\"background-image: url('https:\/\/www.lyceelecorbusier.eu\/jpo-2022\/wp-content\/uploads\/sites\/58\/2023\/02\/01.jpg');\">\n<td style=\"height: 62px; width: 100.033%;\" colspan=\"2\"><\/td>\n<\/tr>\n<tr style=\"height: 62px;\">\n<td style=\"height: 62px; width: 100.033%;\" colspan=\"2\">\n<h2>Apr\u00e8s la 3e, l&#8217;entr\u00e9e en voie professionnelle au Lyc\u00e9e Le Corbusier<\/h2>\n<p>\u2022 Pr\u00e9sentation du Lyc\u00e9e et de la voie professionnelle<br \/>\n\u2022 Parcours de formation voie professionnelle<\/p>\n<h4>Famille de m\u00e9tiers en Seconde Professionnelle<\/h4>\n<p>Les familles de m\u00e9tiers en 2<sup>de<\/sup> professionnelle ont \u00e9t\u00e9 introduites suite \u00e0 la transformation de la voie professionnelle. Elles ont pour objectif d&#8217;aider le jeune dans son choix d&#8217;orientation. Le lyc\u00e9e Le Corbusier propose 3 familles de m\u00e9tiers conduisant \u00e0 de nombreux baccalaur\u00e9ats professionnels tous aussi modernes et passionnants, permettant l&#8217;insertion professionnelle ou des poursuites d&#8217;\u00e9tudes vers des m\u00e9tiers pour lesquels l&#8217;emploi est assur\u00e9.<br \/>\n<strong>\u2014 Famille des m\u00e9tiers de la construction durable, du b\u00e2timent et des travaux publics :<\/strong><br \/>\n\u2022 Interventions sur le patrimoine b\u00e2ti<br \/>\n\u2022 Ouvrages du b\u00e2timent : m\u00e9tallerie<br \/>\n<strong>\u2014 Famille des m\u00e9tiers des \u00e9tudes et de la mod\u00e9lisation num\u00e9rique du b\u00e2timent<\/strong><br \/>\n\u2022 Technicien d\u2019\u00e9tudes du b\u00e2timent option A \u00e9tudes et \u00e9conomie<br \/>\n\u2022 Technicien d\u2019\u00e9tudes du b\u00e2timent option B assistant en architecture<br \/>\n<strong>\u2014 Famille des m\u00e9tiers des transitions num\u00e9rique et \u00e9nerg\u00e9tique<\/strong><br \/>\n\u2022 M\u00e9tiers de l\u2019\u00e9lectricit\u00e9 et de ses environnements connect\u00e9s<br \/>\n\u2022 Bac pro Maintenance et efficacit\u00e9 \u00e9nerg\u00e9tique<br \/>\n\u2022 Installateur en chauffage, climatisation et \u00e9nergies renouvelables<\/p>\n<h4><\/h4>\n<\/td>\n<\/tr>\n<tr style=\"height: 86px;\">\n<td style=\"width: 57.4577%; height: 86px;\">\n<h4>D\u00e9couvrez l&#8217;ensemble de nos formations en vid\u00e9o<\/h4>\n<\/td>\n<td style=\"width: 42.5756%; height: 86px;\"><a href=\"https:\/\/www.youtube.com\/watch?v=KMWWEhZUJ_Y\" target=\"_blank\" rel=\"noopener\"><img loading=\"lazy\" class=\"contour wp-image-483 size-full alignright\" src=\"https:\/\/www.lyceelecorbusier.eu\/jpo-2022\/wp-content\/uploads\/sites\/58\/2022\/02\/video1.jpg\" alt=\"\" width=\"200\" height=\"111\" \/><\/a><\/td>\n<\/tr>\n<tr style=\"background-image: url('https:\/\/www.lyceelecorbusier.eu\/jpo-2022\/wp-content\/uploads\/sites\/58\/2023\/02\/02.jpg');\">\n<td style=\"height: 62px; width: 100.033%;\" colspan=\"2\"><\/td>\n<\/tr>\n<tr style=\"height: 62px;\">\n<td style=\"width: 57.4577%; height: 62px;\">\n<h2>Ing\u00e9nierie, bureau d&#8217;\u00e9tude<\/h2>\n<\/td>\n<td style=\"width: 42.5756%; height: 62px;\">\u2022 <a href=\"https:\/\/docs.google.com\/forms\/d\/e\/1FAIpQLSfn5t2iMFxxKzBjHLbwOg_ZZXL4-YIzRyuRweEtH3M47k_bLw\/viewform?usp=sf_link\" target=\"_blank\" rel=\"noopener\">Poser une question sur les BTS du lyc\u00e9e<\/a><br \/>\n\u2022 <a href=\"https:\/\/docs.google.com\/spreadsheets\/d\/1SD_F_pZFPFi5Gz1F_Lmt-k4sBCjtig1wKfvCMfYiofg\/edit?usp=sharing\" target=\"_blank\" rel=\"noopener\">La FaQ des BTS du lyc\u00e9e<\/a><\/td>\n<\/tr>\n<tr style=\"height: 120px;\">\n<td style=\"width: 57.4577%; height: 120px;\">\n<h4>Bac pro Technicien d&#8217;\u00e9tudes du b\u00e2timent, \u00e9tudes et \u00e9conomie (TB2E)<\/h4>\n<h4>\u2022 Technicien d\u2019\u00e9tudes du b\u00e2timent option A \u00e9tudes et \u00e9conomie<br \/>\n\u2022 Technicien d\u2019\u00e9tudes du b\u00e2timent option B assistant en architecture<\/h4>\n<\/td>\n<td style=\"width: 42.5756%; height: 120px;\">\u2022 Pr\u00e9sentation de la formation<br \/>\n\u2022 <a href=\"https:\/\/vimeo.com\/803029365\" target=\"_blank\" rel=\"noopener\">Chantier \u00e9cole 1re Bac Pro TEB option A<\/a><br \/>\n\u2022 <a href=\"https:\/\/www.lyceelecorbusier.eu\/jpo-2023\/wp-content\/uploads\/sites\/58\/2023\/02\/Affiche-poursuite-detudes-1PTEB.jpg\" target=\"_blank\" rel=\"noopener\">Poursuites d&#8217;\u00e9tudes<\/a><\/td>\n<\/tr>\n<tr style=\"height: 86px;\">\n<td style=\"width: 57.4577%; height: 86px;\">\n<h4>BTS B\u00e2timent<\/h4>\n<\/td>\n<td style=\"width: 42.5756%; height: 86px;\">\u2022 <a href=\"https:\/\/youtu.be\/8wjemcFt1rc\" target=\"_blank\" rel=\"noopener\">Vid\u00e9o<\/a><br \/>\n\u2022 <a href=\"https:\/\/drive.google.com\/file\/d\/1A74UeuSzCHvCQWHLAKpzVOGlh6Okayh2\/view?usp=sharing\" target=\"_blank\" rel=\"noopener\">Poster<\/a><br \/>\n\u2022 <a href=\"https:\/\/drive.google.com\/file\/d\/1tGoOVroNwVddoiFVwfxwfGJZMCrQlfnV\/view?usp=sharing\" target=\"_blank\" rel=\"noopener\">Flyer<\/a><\/td>\n<\/tr>\n<tr style=\"height: 86px;\">\n<td style=\"width: 57.4577%; height: 86px;\">\n<h4>BTS Travaux publics<\/h4>\n<\/td>\n<td style=\"width: 42.5756%; height: 86px;\">\u2022 <a href=\"http:\/\/amia-alsace.eu\/JPO_lycee\/Presentation_BTS_TP_2021.mp4\" target=\"_blank\" rel=\"noopener\">Vid\u00e9o<\/a><br \/>\n\u2022 <a href=\"http:\/\/amia-alsace.eu\/JPO_lycee\/Poster_BTS_TPa.PDF\" target=\"_blank\" rel=\"noopener\">Poster<\/a><br \/>\n\u2022 <a href=\"http:\/\/amia-alsace.eu\/JPO_lycee\/Flyers.pdf\" target=\"_blank\" rel=\"noopener\">Flyer<\/a><\/td>\n<\/tr>\n<tr style=\"height: 115px;\">\n<td style=\"width: 57.4577%; height: 115px;\">\n<h4>BTS Management \u00c9conomique de la Construction<\/h4>\n<\/td>\n<td style=\"width: 42.5756%; height: 115px;\">\u2022 <a href=\"https:\/\/drive.google.com\/file\/d\/1qPFMXTlXa75BU1tyu6R6IkeHVWYzFaBV\/view\" target=\"_blank\" rel=\"noopener\">Poster de pr\u00e9sentation<\/a><br \/>\n\u2022 <a href=\"https:\/\/docs.google.com\/document\/d\/16qhjLVaIRuoLuKC5zLe-qvWxsWRj-6Qo\/edit\" target=\"_blank\" rel=\"noopener\">Flyer de pr\u00e9sentation<\/a><br \/>\n\u2022 <a href=\"https:\/\/drive.google.com\/file\/d\/1TWsGFRn_pj_7kFm1Xmg67VGZb5qPdj3o\/view\" target=\"_blank\" rel=\"noopener\">Vid\u00e9o, exemple d\u2019utilisation du BIM (sur le chantier du Centre Hospitalier Nord Deux- S\u00e8vres)<\/a><br \/>\n\u2022 <a href=\"https:\/\/youtu.be\/ghmRk1LXn28\" target=\"_blank\" rel=\"noopener\">Vid\u00e9o de pr\u00e9sentation de la formation<\/a><\/td>\n<\/tr>\n<tr style=\"height: 46px;\">\n<td style=\"width: 57.4577%; height: 46px;\">\n<h4>Parcours personnalis\u00e9 de langues<\/h4>\n<\/td>\n<td style=\"width: 42.5756%; height: 46px;\">\u2022 <a href=\"http:\/\/www.lyceelecorbusier.eu\/erasmus\/?p=236\" target=\"_blank\" rel=\"noopener\">Apprendre l&#8217;Allemand en BTS, un plus !<\/a><\/td>\n<\/tr>\n<tr style=\"background-image: url('https:\/\/www.lyceelecorbusier.eu\/jpo-2022\/wp-content\/uploads\/sites\/58\/2023\/02\/03.jpg');\">\n<td style=\"height: 62px; width: 100.033%;\" colspan=\"2\"><\/td>\n<\/tr>\n<tr style=\"height: 28px;\">\n<td style=\"width: 57.4577%; height: 28px;\">\n<h2>Travaux publics<\/h2>\n<\/td>\n<td style=\"width: 42.5756%; height: 28px;\"><\/td>\n<\/tr>\n<tr style=\"height: 46px;\">\n<td style=\"width: 57.4577%; height: 46px;\">\n<h4>CAP Constructeur de routes<\/h4>\n<\/td>\n<td style=\"width: 42.5756%; height: 46px;\">\u2022 <a href=\"https:\/\/www.cfalecorbusier.com\/\" target=\"_blank\" rel=\"noopener\">Site UFA<\/a><\/td>\n<\/tr>\n<tr style=\"height: 46px;\">\n<td style=\"width: 57.4577%; height: 46px;\">\n<h4 class=\"ideo-title\"><span class=\"ezstring-field\">CAP Constructeur de r\u00e9seaux de canalisations de travaux publics<\/span><\/h4>\n<\/td>\n<td style=\"width: 42.5756%; height: 46px;\">\u2022 <a href=\"https:\/\/www.cfalecorbusier.com\/\" target=\"_blank\" rel=\"noopener\">Site UFA<\/a><\/td>\n<\/tr>\n<tr style=\"height: 86px;\">\n<td style=\"width: 57.4577%; height: 86px;\">\n<h4 class=\"ideo-title\"><span class=\"ezstring-field\">BTS Travaux Publics<br \/>\n<\/span><\/h4>\n<\/td>\n<td style=\"width: 42.5756%; height: 86px;\">\u2022 <a href=\"http:\/\/amia-alsace.eu\/JPO_lycee\/Presentation_BTS_TP_2021.mp4\" target=\"_blank\" rel=\"noopener\">Vid\u00e9o<\/a><br \/>\n\u2022 <a href=\"http:\/\/amia-alsace.eu\/JPO_lycee\/Poster_BTS_TPa.PDF\" target=\"_blank\" rel=\"noopener\">Poster<\/a><br \/>\n\u2022 <a href=\"http:\/\/amia-alsace.eu\/JPO_lycee\/Flyers.pdf\" target=\"_blank\" rel=\"noopener\">Flyer<\/a><\/td>\n<\/tr>\n<tr style=\"background-image: url('https:\/\/www.lyceelecorbusier.eu\/jpo-2022\/wp-content\/uploads\/sites\/58\/2023\/02\/04.jpg');\">\n<td style=\"height: 62px; width: 100.033%;\" colspan=\"2\"><\/td>\n<\/tr>\n<tr style=\"height: 46px;\">\n<td style=\"width: 57.4577%; height: 46px;\">\n<h2>Construction, gros \u0153uvre<\/h2>\n<\/td>\n<td style=\"width: 42.5756%; height: 46px;\"><\/td>\n<\/tr>\n<tr style=\"height: 46px;\">\n<td style=\"width: 57.4577%; height: 46px;\">\n<h4>CAP Ma\u00e7on &amp; Constructeur d&#8217;Ouvrages en B\u00e9ton Arm\u00e9<\/h4>\n<\/td>\n<td style=\"width: 42.5756%; height: 46px;\">\u2022 <a href=\"mailto:mba.corbusier@gmail.com\" target=\"_blank\" rel=\"noopener\">Pour les questions \u00e9crites, contact mail<\/a><br \/>\n\u2022 <a href=\"https:\/\/www.youtube.com\/watch?v=HYziqLgq5mo\" target=\"_blank\" rel=\"noopener\">D\u00e9couvrez la formation en vid\u00e9o<\/a><\/td>\n<\/tr>\n<tr style=\"height: 144px;\">\n<td style=\"width: 57.4577%; height: 144px;\">\n<h4>BAC PRO Interventions sur le patrimoine b\u00e2ti (IPB)<\/h4>\n<\/td>\n<td style=\"width: 42.5756%; height: 144px;\">\u2022 <a href=\"https:\/\/ipblaformation.wixsite.com\/monsite\" target=\"_blank\" rel=\"noopener\">Site de la formation<\/a><br \/>\n\u2022 <a href=\"https:\/\/wweeddoo.com\/projets\/nLSNmryC9-CHANTIER-ECOLE-20202021\" target=\"_blank\" rel=\"noopener\">Chantier \u00e9cole 2020<\/a><br \/>\n\u2022 <a href=\"mailto:ipblaformation@gmail.com\" target=\"_blank\" rel=\"noopener\">Pour les questions \u00e9crites, contact mail<\/a><br \/>\n\u2022 <a href=\"https:\/\/www.facebook.com\/france.ipb.5\" target=\"_blank\" rel=\"noopener\">Facebook<\/a><br \/>\n\u2022 <a href=\"https:\/\/twitter.com\/ipb_la\" target=\"_blank\" rel=\"noopener\">Twitter<\/a><br \/>\n\u2022 <a href=\"https:\/\/www.youtube.com\/watch?v=HYziqLgq5mo\" target=\"_blank\" rel=\"noopener\">D\u00e9couvrez la formation en vid\u00e9o<\/a><\/td>\n<\/tr>\n<tr style=\"height: 86px;\">\n<td style=\"width: 57.4577%; height: 86px;\">\n<h4>BTS B\u00e2timent<\/h4>\n<\/td>\n<td style=\"width: 42.5756%; height: 86px;\">\u2022 <a href=\"https:\/\/youtu.be\/8wjemcFt1rc\" target=\"_blank\" rel=\"noopener\">Vid\u00e9o<\/a><br \/>\n\u2022 <a href=\"https:\/\/drive.google.com\/file\/d\/1A74UeuSzCHvCQWHLAKpzVOGlh6Okayh2\/view?usp=sharing\" target=\"_blank\" rel=\"noopener\">Poster<\/a><br \/>\n\u2022 <a href=\"https:\/\/drive.google.com\/file\/d\/1tGoOVroNwVddoiFVwfxwfGJZMCrQlfnV\/view?usp=sharing\" target=\"_blank\" rel=\"noopener\">Flyer<\/a><\/td>\n<\/tr>\n<tr style=\"height: 115px;\">\n<td style=\"width: 57.4577%; height: 115px;\">\n<h4>BTS Management de l&#8217;\u00c9conomie de la Construction<\/h4>\n<\/td>\n<td style=\"width: 42.5756%; height: 115px;\"><a href=\"https:\/\/www.youtube.com\/watch?v=ghmRk1LXn28\" target=\"_blank\" rel=\"noopener\">\u2022 <\/a><a href=\"https:\/\/drive.google.com\/file\/d\/1qPFMXTlXa75BU1tyu6R6IkeHVWYzFaBV\/view\" target=\"_blank\" rel=\"noopener\">Poster de pr\u00e9sentation<\/a><a href=\"https:\/\/www.youtube.com\/watch?v=ghmRk1LXn28\" target=\"_blank\" rel=\"noopener\"><br \/>\n\u2022 <\/a><a href=\"https:\/\/docs.google.com\/document\/d\/16qhjLVaIRuoLuKC5zLe-qvWxsWRj-6Qo\/edit\" target=\"_blank\" rel=\"noopener\">Flyer de pr\u00e9sentation<\/a><a href=\"https:\/\/www.youtube.com\/watch?v=ghmRk1LXn28\" target=\"_blank\" rel=\"noopener\"><br \/>\n\u2022 <\/a><a href=\"https:\/\/drive.google.com\/file\/d\/1TWsGFRn_pj_7kFm1Xmg67VGZb5qPdj3o\/view\" target=\"_blank\" rel=\"noopener\">Vid\u00e9o, exemple d\u2019utilisation du BIM (sur le chantier du Centre Hospitalier Nord Deux- S\u00e8vres)<\/a><a href=\"https:\/\/www.youtube.com\/watch?v=ghmRk1LXn28\" target=\"_blank\" rel=\"noopener\"><br \/>\n\u2022 <\/a><a href=\"https:\/\/youtu.be\/ghmRk1LXn28\" target=\"_blank\" rel=\"noopener\">Vid\u00e9o de pr\u00e9sentation de la formation<\/a><\/td>\n<\/tr>\n<tr style=\"background-image: url('https:\/\/www.lyceelecorbusier.eu\/jpo-2022\/wp-content\/uploads\/sites\/58\/2023\/02\/05.jpg');\">\n<td style=\"height: 62px; width: 100.033%;\" colspan=\"2\"><\/td>\n<\/tr>\n<tr style=\"height: 62px;\">\n<td style=\"width: 57.4577%; height: 62px;\">\n<h2>Couverture<\/h2>\n<\/td>\n<td style=\"width: 42.5756%; height: 62px;\"><\/td>\n<\/tr>\n<tr style=\"height: 46px;\">\n<td style=\"width: 57.4577%; height: 46px;\">\n<h4>CTM, CAP, BP, BM Couvreur<\/h4>\n<\/td>\n<td style=\"width: 42.5756%; height: 46px;\">\u2022<a href=\"https:\/\/www.cfalecorbusier.com\/\" target=\"_blank\" rel=\"noopener\"> Site UFA<\/a><br \/>\n\u2022 <a href=\"https:\/\/www.youtube.com\/watch?v=dSBvPgknqwE\" target=\"_blank\" rel=\"noopener\">D\u00e9couvrez la formation en vid\u00e9o<\/a><\/td>\n<\/tr>\n<tr style=\"background-image: url('https:\/\/www.lyceelecorbusier.eu\/jpo-2022\/wp-content\/uploads\/sites\/58\/2023\/02\/05.jpg');\">\n<td style=\"height: 62px; width: 100.033%;\" colspan=\"2\"><\/td>\n<\/tr>\n<tr style=\"height: 62px;\">\n<td style=\"width: 57.4577%; height: 62px;\">\n<h2>Serrurerie, m\u00e9tallerie<\/h2>\n<\/td>\n<td style=\"width: 42.5756%; height: 62px;\"><\/td>\n<\/tr>\n<tr style=\"height: 86px;\">\n<td style=\"width: 57.4577%; height: 86px;\">\n<h4>CAP SM<\/h4>\n<\/td>\n<td style=\"width: 42.5756%; height: 86px;\">\u2022 <a href=\"https:\/\/formationmetallerie.wixsite.com\/metallerie-corbusier\" target=\"_blank\" rel=\"noopener\">Site d\u00e9di\u00e9 \u00e0 la formation<\/a><br \/>\n\u2022 <a href=\"https:\/\/www.youtube.com\/watch?v=-fyWHI3MHXk\" target=\"_blank\" rel=\"noopener\">D\u00e9couvrez la formation en vid\u00e9o<\/a><\/td>\n<\/tr>\n<tr style=\"height: 86px;\">\n<td style=\"width: 57.4577%; height: 86px;\">\n<h4>BPR OBM<\/h4>\n<\/td>\n<td style=\"width: 42.5756%; height: 86px;\">\u2022 <a href=\"https:\/\/formationmetallerie.wixsite.com\/metallerie-corbusier\" target=\"_blank\" rel=\"noopener\">Site d\u00e9di\u00e9 \u00e0 la formation<\/a><br \/>\n\u2022 <a href=\"https:\/\/www.youtube.com\/watch?v=-fyWHI3MHXk\" target=\"_blank\" rel=\"noopener\">D\u00e9couvrez la formation en vid\u00e9o<\/a><\/td>\n<\/tr>\n<tr style=\"background-image: url('https:\/\/www.lyceelecorbusier.eu\/jpo-2022\/wp-content\/uploads\/sites\/58\/2023\/02\/06.jpg');\">\n<td style=\"height: 62px; width: 100.033%;\" colspan=\"2\"><\/td>\n<\/tr>\n<tr style=\"height: 62px;\">\n<td style=\"width: 57.4577%; height: 62px;\">\n<h2>\u00c9lectricit\u00e9<\/h2>\n<\/td>\n<td style=\"width: 42.5756%; height: 62px;\"><\/td>\n<\/tr>\n<tr style=\"height: 46px;\">\n<td style=\"width: 57.4577%; height: 46px;\">\n<h4>CAP ELEC<\/h4>\n<\/td>\n<td style=\"width: 42.5756%; height: 46px;\">\u2022 <a href=\"https:\/\/www.slideshare.net\/BrunoOESCH1\/cap-elec-portes-ouvertes\" target=\"_blank\" rel=\"noopener\">Pr\u00e9sentation de la formation<\/a><\/td>\n<\/tr>\n<tr style=\"height: 46px;\">\n<td style=\"width: 57.4577%; height: 46px;\">\n<h4>BAC PRO MELEC<\/h4>\n<\/td>\n<td style=\"width: 42.5756%; height: 46px;\">\u2022 <a href=\"https:\/\/fr.slideshare.net\/BrunoOesch2\/prsentation-jpo-melec-2022\" target=\"_blank\" rel=\"noopener\">Pr\u00e9sentation de la formation<\/a><\/td>\n<\/tr>\n<tr style=\"height: 46px;\">\n<td style=\"width: 57.4577%; height: 46px;\">\n<h4>BTS Fluides \u00c9nergies Domotique, opt. C Domotique<\/h4>\n<\/td>\n<td style=\"width: 42.5756%; height: 46px;\">\u2022 <a href=\"https:\/\/www.cfalecorbusier.com\/\" target=\"_blank\" rel=\"noopener\">Site UFA<\/a><\/td>\n<\/tr>\n<tr style=\"background-image: url('https:\/\/www.lyceelecorbusier.eu\/jpo-2022\/wp-content\/uploads\/sites\/58\/2023\/02\/07.jpg');\">\n<td style=\"height: 62px; width: 100.033%;\" colspan=\"2\"><\/td>\n<\/tr>\n<tr style=\"height: 62px;\">\n<td style=\"width: 57.4577%; height: 62px;\">\n<h2>Fluides<\/h2>\n<\/td>\n<td style=\"width: 42.5756%; height: 62px;\"><\/td>\n<\/tr>\n<tr style=\"height: 46px;\">\n<td style=\"width: 57.4577%; height: 46px;\">\n<h4>CAP MIS Monteur en Installations Sanitaires<\/h4>\n<\/td>\n<td style=\"width: 42.5756%; height: 46px;\">\u2022 <a href=\"https:\/\/echanges.ac-strasbourg.fr\/oc\/index.php\/s\/TsCdFoamxMCQLb3\" target=\"_blank\" rel=\"noopener\">Pr\u00e9sentation de la formation<\/a><br \/>\n\u2022 <a href=\"https:\/\/www.youtube.com\/watch?v=tzdB43tUANM\" target=\"_blank\" rel=\"noopener\">D\u00e9couvrez la formation en vid\u00e9o<\/a><\/td>\n<\/tr>\n<tr style=\"height: 46px;\">\n<td style=\"width: 57.4577%; height: 46px;\">\n<h4>BAC PRO TISEC, Installation des Syst\u00e8mes \u00c9nerg\u00e9tiques et Climatiques<\/h4>\n<\/td>\n<td style=\"width: 42.5756%; height: 46px;\">\u2022 Vid\u00e9o de pr\u00e9sentation<br \/>\n\u2022 <a href=\"https:\/\/www.youtube.com\/watch?v=joQFlPgVmq8\" target=\"_blank\" rel=\"noopener\">D\u00e9couvrez la formation en vid\u00e9o<\/a><\/td>\n<\/tr>\n<tr style=\"height: 57px;\">\n<td style=\"width: 57.4577%; height: 57px;\">\n<h4>BAC PRO MEE, Maintenance et Efficacit\u00e9 \u00c9nerg\u00e9tique<\/h4>\n<\/td>\n<td style=\"width: 42.5756%; height: 57px;\">\u2022<a href=\"https:\/\/echanges.ac-strasbourg.fr\/oc\/index.php\/s\/HIEeYi2Qve36asB\" target=\"_blank\" rel=\"noopener\">Pr\u00e9sentation de la formation<\/a><a href=\"https:\/\/www.youtube.com\/watch?v=joQFlPgVmq8\" target=\"_blank\" rel=\"noopener\"><br \/>\n\u2022 <\/a><a href=\"https:\/\/www.youtube.com\/watch?v=TJ74MuHgV6k\" target=\"_blank\" rel=\"noopener\">Vid\u00e9o de pr\u00e9sentation<\/a><\/td>\n<\/tr>\n<tr style=\"height: 46px;\">\n<td style=\"width: 57.4577%; height: 46px;\">\n<h4>BTS Fluides \u00c9nergies Domotique, opt A Fluidique<\/h4>\n<\/td>\n<td style=\"width: 42.5756%; height: 46px;\">\u2022 <a href=\"https:\/\/www.cfalecorbusier.com\/\" target=\"_blank\" rel=\"noopener\">Site UFA<\/a><\/td>\n<\/tr>\n<tr style=\"background-image: url('https:\/\/www.lyceelecorbusier.eu\/jpo-2022\/wp-content\/uploads\/sites\/58\/2023\/02\/08.jpg');\">\n<td style=\"height: 62px; width: 100.033%;\" colspan=\"2\"><\/td>\n<\/tr>\n<tr style=\"height: 62px;\">\n<td style=\"width: 57.4577%; height: 62px;\">\n<h2>Am\u00e9nagement, finition<\/h2>\n<\/td>\n<td style=\"width: 42.5756%; height: 62px;\"><\/td>\n<\/tr>\n<tr style=\"height: 46px;\">\n<td style=\"width: 57.4577%; height: 46px;\">\n<h4>CAP Peintre applicateur de rev\u00eatements<\/h4>\n<\/td>\n<td style=\"width: 42.5756%; height: 46px;\">\u2022 Pr\u00e9sentation de la formation<br \/>\n\u2022 <a href=\"https:\/\/www.youtube.com\/watch?v=2ZwS8_6TPD8\" target=\"_blank\" rel=\"noopener\">D\u00e9couvrez la formation en vid\u00e9o<\/a><\/td>\n<\/tr>\n<tr style=\"height: 57px;\">\n<td style=\"width: 57.4577%; height: 57px;\">\n<h4>CAP, BP Carreleur<\/h4>\n<\/td>\n<td style=\"width: 42.5756%; height: 57px;\"><a href=\"https:\/\/tube-strasbourg.beta.education.fr\/videos\/watch\/641d0d64-bec5-4b93-aded-effa710a088f\" target=\"_blank\" rel=\"noopener\">\u2022 <\/a><a href=\"https:\/\/docs.google.com\/presentation\/d\/17Ca32_ncSWMYzsCJp2SoA87cYWxRN9ygZfJyydWnUhY\/edit?usp=sharing\" target=\"_blank\" rel=\"noopener\">Le m\u00e9tier de carreleur et la formation de carreleur mosa\u00efste<\/a> (diaporama explicatif)<br \/>\n\u2022 Les carreleurs en action : d\u00e9couvrez les ateliers en vid\u00e9o (Le d\u00e9coupage de carreaux pour r\u00e9aliser des tangrams)<br \/>\n\u2022 <a href=\"https:\/\/www.youtube.com\/watch?v=EtGR3WKNZeU\" target=\"_blank\" rel=\"noopener\">D\u00e9couvrez la formation en vid\u00e9o<\/a><\/td>\n<\/tr>\n<tr style=\"height: 46px;\">\n<td style=\"width: 57.4577%; height: 46px;\">\n<h4>CAP Pl\u00e2trier<\/h4>\n<\/td>\n<td style=\"width: 42.5756%; height: 46px;\">\u2022 <a href=\"https:\/\/www.cfalecorbusier.com\/\" target=\"_blank\" rel=\"noopener\">Site UFA<\/a><\/td>\n<\/tr>\n<tr style=\"height: 116px;\">\n<td style=\"width: 57.4577%; height: 116px;\">\n<h4><a href=\"https:\/\/www.lyceelecorbusier.eu\/jpo-2024\/?page_id=16\"><img loading=\"lazy\" class=\"alignnone wp-image-76\" src=\"https:\/\/www.lyceelecorbusier.eu\/jpo-2022\/wp-content\/uploads\/sites\/58\/2023\/02\/fleche-arr.png\" alt=\"\" width=\"80\" height=\"80\" \/><\/a><\/h4>\n<\/td>\n<td style=\"width: 42.5756%; height: 116px;\"><\/td>\n<\/tr>\n<\/tbody>\n<\/table>\n","protected":false},"excerpt":{"rendered":"<p>Apr\u00e8s la 3e, l&#8217;entr\u00e9e en voie professionnelle au Lyc\u00e9e Le Corbusier \u2022 Pr\u00e9sentation du Lyc\u00e9e et de la voie professionnelle \u2022 Parcours de formation voie professionnelle Famille de m\u00e9tiers en Seconde Professionnelle Les familles de m\u00e9tiers en 2de&#8230; <a class=\"read-more\" href=\"https:\/\/www.lyceelecorbusier.eu\/jpo-2024\/pole-construction-durable-energies\/\">Lire la suite&#8230;<\/a><\/p>\n","protected":false},"author":1,"featured_media":0,"parent":0,"menu_order":0,"comment_status":"closed","ping_status":"closed","template":"template-full.php","meta":[],"_links":{"self":[{"href":"https:\/\/www.lyceelecorbusier.eu\/jpo-2024\/wp-json\/wp\/v2\/pages\/43"}],"collection":[{"href":"https:\/\/www.lyceelecorbusier.eu\/jpo-2024\/wp-json\/wp\/v2\/pages"}],"about":[{"href":"https:\/\/www.lyceelecorbusier.eu\/jpo-2024\/wp-json\/wp\/v2\/types\/page"}],"author":[{"embeddable":true,"href":"https:\/\/www.lyceelecorbusier.eu\/jpo-2024\/wp-json\/wp\/v2\/users\/1"}],"replies":[{"embeddable":true,"href":"https:\/\/www.lyceelecorbusier.eu\/jpo-2024\/wp-json\/wp\/v2\/comments?post=43"}],"version-history":[{"count":29,"href":"https:\/\/www.lyceelecorbusier.eu\/jpo-2024\/wp-json\/wp\/v2\/pages\/43\/revisions"}],"predecessor-version":[{"id":611,"href":"https:\/\/www.lyceelecorbusier.eu\/jpo-2024\/wp-json\/wp\/v2\/pages\/43\/revisions\/611"}],"wp:attachment":[{"href":"https:\/\/www.lyceelecorbusier.eu\/jpo-2024\/wp-json\/wp\/v2\/media?parent=43"}],"curies":[{"name":"wp","href":"https:\/\/api.w.org\/{rel}","templated":true}]}}