{"id":410,"date":"2022-01-22T13:57:19","date_gmt":"2022-01-22T12:57:19","guid":{"rendered":"https:\/\/www.lyceelecorbusier.eu\/jpo-2022\/?page_id=410"},"modified":"2024-02-09T11:59:37","modified_gmt":"2024-02-09T10:59:37","slug":"410-2","status":"publish","type":"page","link":"https:\/\/www.lyceelecorbusier.eu\/jpo-2024\/410-2\/","title":{"rendered":"Les Formations POST-BAC"},"content":{"rendered":"<table style=\"width: 100%; border-collapse: collapse; border-style: hidden; height: 2072px;\" border=\"1\">\n<tbody>\n<tr style=\"background-image: url('https:\/\/www.lyceelecorbusier.eu\/jpo-2022\/wp-content\/uploads\/sites\/58\/2023\/02\/01.jpg');\">\n<td style=\"height: 62px; width: 100.033%;\" colspan=\"2\"><\/td>\n<\/tr>\n<tr style=\"height: 28px;\">\n<td style=\"width: 57.4577%; height: 28px;\">\n<h2>P\u00f4le design<\/h2>\n<\/td>\n<td style=\"width: 42.5756%; height: 28px;\"><\/td>\n<\/tr>\n<tr style=\"height: 74px;\">\n<td style=\"width: 57.4577%; height: 74px;\">\n<h3>DN MADe \u2014 Dipl\u00f4me National des M\u00e9tiers d\u2019Art &amp; du Design<\/h3>\n<\/td>\n<td style=\"width: 42.5756%; height: 74px;\">\u2022 <a href=\"https:\/\/designetmetiersdart.fr\/dn-made\/\" target=\"_blank\" rel=\"noopener\">Informations g\u00e9n\u00e9rales (Site national)<\/a><br \/>\n\u2022 <a href=\"https:\/\/spark.adobe.com\/video\/nQmoEB7tXkB5x\" target=\"_blank\" rel=\"noopener\">Vid\u00e9o de pr\u00e9sentation des 4 DN MADe du lyc\u00e9e Le Corbusier<\/a><br \/>\n\u2022 <a href=\"https:\/\/www.lyceelecorbusier.eu\/dnmade\/\" target=\"_blank\" rel=\"noopener\">Site d\u00e9di\u00e9 aux 4 DN MADe du lyc\u00e9e le Corbusier<\/a><\/td>\n<\/tr>\n<tr style=\"height: 93px;\">\n<td style=\"width: 57.4577%; height: 93px;\">\n<h4><strong>DN MADe Objet<br \/>\n<\/strong>Design de produits, mat\u00e9riaux et \u00e9co-conception<\/h4>\n<\/td>\n<td style=\"width: 42.5756%; height: 93px;\">\u2022 <a href=\"https:\/\/www.lyceelecorbusier.eu\/dnmade\/?p=71\" target=\"_blank\" rel=\"noopener\">Informations g\u00e9n\u00e9rales<\/a> <a href=\"https:\/\/www.lyceelecorbusier.eu\/dnmade\/?p=71\">(site d\u00e9di\u00e9 aux 4 DN MADe du lyc\u00e9e)<\/a><a href=\"https:\/\/www.lyceelecorbusier.eu\/dnmade-ma\/\" target=\"_blank\" rel=\"noopener\"><br \/>\n\u2022 Site de la mention Objet<\/a><\/td>\n<\/tr>\n<tr style=\"height: 93px;\">\n<td style=\"width: 57.4577%; height: 93px;\">\n<h4><strong>DN MADe Innovation Sociale<br \/>\n<\/strong>Design territoires et soci\u00e9t\u00e9 : produit &amp; graphisme<\/h4>\n<\/td>\n<td style=\"width: 42.5756%; height: 93px;\">\u2022 <a href=\"https:\/\/www.lyceelecorbusier.eu\/dnmade\/\" target=\"_blank\" rel=\"noopener\">Informations g\u00e9n\u00e9rales (site d\u00e9di\u00e9 aux 4 DN MADe du lyc\u00e9e)<\/a><br \/>\n\u2022 <a href=\"https:\/\/www.lyceelecorbusier.eu\/dnmade-is\" target=\"_blank\" rel=\"noopener\">Site de la mention Innovation Sociale<\/a><\/td>\n<\/tr>\n<tr style=\"height: 93px;\">\n<td style=\"width: 57.4577%; height: 93px;\">\n<h4><strong>DN MADe Graphisme<br \/>\n<\/strong>\u00c9dition, identit\u00e9, motion design<\/h4>\n<\/td>\n<td style=\"width: 42.5756%; height: 93px;\">\u2022 <a href=\"https:\/\/www.lyceelecorbusier.eu\/dnmade\/?p=69\" target=\"_blank\" rel=\"noopener\">Informations g\u00e9n\u00e9rales (site d\u00e9di\u00e9 aux 4 DN MADe du lyc\u00e9e)<\/a><\/td>\n<\/tr>\n<tr style=\"height: 93px;\">\n<td style=\"width: 57.4577%; height: 93px;\">\n<h4><strong>DN MADe Espace<br \/>\n<\/strong>Sc\u00e9narii de l\u2019architecture et des espaces construits<\/h4>\n<\/td>\n<td style=\"width: 42.5756%; height: 93px;\">\u2022 <a href=\"https:\/\/www.lyceelecorbusier.eu\/dnmade\/?p=67\" target=\"_blank\" rel=\"noopener\">Informations g\u00e9n\u00e9rales (site d\u00e9di\u00e9 aux 4 DN MADe du lyc\u00e9e)<\/a><br \/>\n\u2022 <a href=\"https:\/\/spark.adobe.com\/page\/7sjNIDNTfgolT\/\" target=\"_blank\" rel=\"noopener\">Pr\u00e9sentation de la formation<\/a><\/td>\n<\/tr>\n<tr style=\"height: 73px;\">\n<td style=\"width: 57.4577%; height: 73px;\">\n<h3>DSAA \u2014 Dipl\u00f4me Sup\u00e9rieur d\u2019Arts Appliques<\/h3>\n<\/td>\n<td style=\"width: 42.5756%; height: 73px;\">\u2022 <a href=\"https:\/\/designetmetiersdart.fr\/dsaa\/\" target=\"_blank\" rel=\"noopener\">Informations g\u00e9n\u00e9rales (Site national)<\/a><\/td>\n<\/tr>\n<tr style=\"height: 63px;\">\n<td style=\"width: 57.4577%; height: 63px;\">\n<h4><strong>InSituLab<\/strong><\/h4>\n<\/td>\n<td style=\"width: 42.5756%; height: 63px;\"><a href=\"https:\/\/www.lyceelecorbusier.eu\/dsaa\/\" target=\"_blank\" rel=\"noopener\">\u2022 Site de l\u2019InSituLab<\/a><br \/>\nL&#8217;\u00e9quipe de l&#8217;InSituLab fera une pr\u00e9sentation de la formation le vendredi 16\/02\/2024 \u00e0 17h00. Ce temps de pr\u00e9sentation sera suivi par un \u00e9change ouvert avec les personnes connect\u00e9es qui pourront poser des questions :<br \/>\n<a href=\"https:\/\/meet.jit.si\/Insitulab2024\" target=\"_blank\" rel=\"noopener\">https:\/\/meet.jit.si\/Insitulab2024<\/a><\/td>\n<\/tr>\n<tr style=\"background-image: url('https:\/\/www.lyceelecorbusier.eu\/jpo-2022\/wp-content\/uploads\/sites\/58\/2023\/02\/02.jpg');\">\n<td style=\"height: 62px; width: 100.033%;\" colspan=\"2\"><\/td>\n<\/tr>\n<tr style=\"height: 46px;\">\n<td style=\"width: 57.4577%; height: 46px;\">\n<h2>P\u00f4le construction durable &amp; \u00e9nergies<\/h2>\n<\/td>\n<td style=\"width: 42.5756%; height: 46px;\"><\/td>\n<\/tr>\n<tr style=\"height: 46px;\">\n<td style=\"width: 57.4577%; height: 46px;\">\n<h3>Ing\u00e9nierie, bureau d\u2019\u00e9tude<\/h3>\n<\/td>\n<td style=\"width: 42.5756%; height: 46px;\"><\/td>\n<\/tr>\n<tr style=\"height: 63px;\">\n<td style=\"width: 57.4577%; height: 63px;\">\n<h4>BTS B\u00e2timent<\/h4>\n<\/td>\n<td style=\"width: 42.5756%; height: 63px;\">\u2022 <a href=\"https:\/\/youtu.be\/8wjemcFt1rc\" target=\"_blank\" rel=\"noopener\">Vid\u00e9o<\/a><br \/>\n\u2022 <a href=\"https:\/\/drive.google.com\/file\/d\/1A74UeuSzCHvCQWHLAKpzVOGlh6Okayh2\/view?usp=sharing\" target=\"_blank\" rel=\"noopener\">Poster<\/a><br \/>\n\u2022 <a href=\"https:\/\/drive.google.com\/file\/d\/1tGoOVroNwVddoiFVwfxwfGJZMCrQlfnV\/view?usp=sharing\" target=\"_blank\" rel=\"noopener\">Flyer<\/a><\/td>\n<\/tr>\n<tr style=\"height: 63px;\">\n<td style=\"width: 57.4577%; height: 63px;\">\n<h4>BTS Travaux publics<\/h4>\n<\/td>\n<td style=\"width: 42.5756%; height: 63px;\">\u2022 <a href=\"http:\/\/amia-alsace.eu\/JPO_lycee\/Presentation_BTS_TP_2021.mp4\" target=\"_blank\" rel=\"noopener\">Vid\u00e9o<\/a><br \/>\n\u2022 <a href=\"http:\/\/amia-alsace.eu\/JPO_lycee\/Poster_BTS_TPa.PDF\" target=\"_blank\" rel=\"noopener\">Poster<\/a><br \/>\n\u2022 <a href=\"http:\/\/amia-alsace.eu\/JPO_lycee\/Flyers.pdf\" target=\"_blank\" rel=\"noopener\">Flyer<\/a><\/td>\n<\/tr>\n<tr style=\"height: 63px;\">\n<td style=\"width: 57.4577%; height: 63px;\">\n<h4>BTS Management \u00c9conomique de la Construction<\/h4>\n<\/td>\n<td style=\"width: 42.5756%; height: 63px;\">\u2022 <a href=\"https:\/\/drive.google.com\/file\/d\/1qPFMXTlXa75BU1tyu6R6IkeHVWYzFaBV\/view\" target=\"_blank\" rel=\"noopener\">Poster de pr\u00e9sentation<\/a><br \/>\n\u2022 <a href=\"https:\/\/docs.google.com\/document\/d\/16qhjLVaIRuoLuKC5zLe-qvWxsWRj-6Qo\/edit\" target=\"_blank\" rel=\"noopener\">Flyer de pr\u00e9sentation<\/a><br \/>\n\u2022 <a href=\"https:\/\/drive.google.com\/file\/d\/1TWsGFRn_pj_7kFm1Xmg67VGZb5qPdj3o\/view\" target=\"_blank\" rel=\"noopener\">Vid\u00e9o, exemple d\u2019utilisation du BIM (sur le chantier du Centre Hospitalier Nord Deux- S\u00e8vres)<\/a><br \/>\n\u2022 <a href=\"https:\/\/youtu.be\/ghmRk1LXn28\" target=\"_blank\" rel=\"noopener\">Vid\u00e9o de pr\u00e9sentation de la formation<\/a><\/td>\n<\/tr>\n<tr style=\"height: 63px;\">\n<td style=\"width: 57.4577%; height: 63px;\">\n<h4>Parcours personnalis\u00e9 de langues<\/h4>\n<\/td>\n<td style=\"width: 42.5756%; height: 63px;\">\u2022 <a href=\"http:\/\/www.lyceelecorbusier.eu\/erasmus\/?p=236\" target=\"_blank\" rel=\"noopener\">Apprendre l\u2019Allemand en BTS, un plus !<\/a><\/td>\n<\/tr>\n<tr style=\"height: 42px;\">\n<td style=\"width: 57.4577%; height: 42px;\">\n<h3>Travaux publics<\/h3>\n<\/td>\n<td style=\"width: 42.5756%; height: 42px;\"><\/td>\n<\/tr>\n<tr style=\"height: 54px;\">\n<td style=\"width: 57.4577%; height: 54px;\">\n<h4 class=\"ideo-title\"><span class=\"ezstring-field\">BTS Travaux Publics<\/span><\/h4>\n<\/td>\n<td style=\"width: 42.5756%; height: 54px;\">\u2022 <a href=\"http:\/\/amia-alsace.eu\/JPO_lycee\/Presentation_BTS_TP_2021.mp4\" target=\"_blank\" rel=\"noopener\">Vid\u00e9o<\/a><br \/>\n\u2022 <a href=\"http:\/\/amia-alsace.eu\/JPO_lycee\/Poster_BTS_TPa.PDF\" target=\"_blank\" rel=\"noopener\">Poster<\/a><br \/>\n\u2022 <a href=\"http:\/\/amia-alsace.eu\/JPO_lycee\/Flyers.pdf\" target=\"_blank\" rel=\"noopener\">Flyer<\/a><\/td>\n<\/tr>\n<tr style=\"height: 42px;\">\n<td style=\"width: 57.4577%; height: 42px;\">\n<h3>Construction, gros \u0153uvre<\/h3>\n<\/td>\n<td style=\"width: 42.5756%; height: 42px;\"><\/td>\n<\/tr>\n<tr style=\"height: 63px;\">\n<td style=\"width: 57.4577%; height: 63px;\">\n<h4>BTS B\u00e2timent<\/h4>\n<\/td>\n<td style=\"width: 42.5756%; height: 63px;\">\u2022 <a href=\"https:\/\/youtu.be\/8wjemcFt1rc\" target=\"_blank\" rel=\"noopener\">Vid\u00e9o<\/a><br \/>\n\u2022 <a href=\"https:\/\/drive.google.com\/file\/d\/1A74UeuSzCHvCQWHLAKpzVOGlh6Okayh2\/view?usp=sharing\" target=\"_blank\" rel=\"noopener\">Poster<\/a><br \/>\n\u2022 <a href=\"https:\/\/drive.google.com\/file\/d\/1tGoOVroNwVddoiFVwfxwfGJZMCrQlfnV\/view?usp=sharing\" target=\"_blank\" rel=\"noopener\">Flyer<\/a><\/td>\n<\/tr>\n<tr style=\"height: 63px;\">\n<td style=\"width: 57.4577%; height: 63px;\">\n<h4>BTS Management \u00c9conomique de la Construction<\/h4>\n<\/td>\n<td style=\"width: 42.5756%; height: 63px;\">\u2022 <a href=\"https:\/\/drive.google.com\/file\/d\/1qPFMXTlXa75BU1tyu6R6IkeHVWYzFaBV\/view\" target=\"_blank\" rel=\"noopener\">Poster de pr\u00e9sentation<\/a><br \/>\n\u2022 <a href=\"https:\/\/docs.google.com\/document\/d\/16qhjLVaIRuoLuKC5zLe-qvWxsWRj-6Qo\/edit\" target=\"_blank\" rel=\"noopener\">Flyer de pr\u00e9sentation<\/a><br \/>\n\u2022 <a href=\"https:\/\/drive.google.com\/file\/d\/1TWsGFRn_pj_7kFm1Xmg67VGZb5qPdj3o\/view\" target=\"_blank\" rel=\"noopener\">Vid\u00e9o, exemple d\u2019utilisation du BIM (sur le chantier du Centre Hospitalier Nord Deux- S\u00e8vres)<\/a><br \/>\n\u2022 <a href=\"https:\/\/youtu.be\/ghmRk1LXn28\" target=\"_blank\" rel=\"noopener\">Vid\u00e9o de pr\u00e9sentation de la formation<\/a><\/td>\n<\/tr>\n<tr style=\"height: 42px;\">\n<td style=\"width: 57.4577%; height: 42px;\">\n<h3>\u00c9lectricit\u00e9<\/h3>\n<\/td>\n<td style=\"width: 42.5756%; height: 42px;\"><\/td>\n<\/tr>\n<tr style=\"height: 63px;\">\n<td style=\"width: 57.4577%; height: 63px;\">\n<h4>BTS Fluides \u00c9nergies Domotique, opt. C Domotique<\/h4>\n<\/td>\n<td style=\"width: 42.5756%; height: 63px;\">\u2022 <a href=\"https:\/\/www.cfalecorbusier.com\/\" target=\"_blank\" rel=\"noopener\">Site UFA<\/a><\/td>\n<\/tr>\n<tr style=\"height: 46px;\">\n<td style=\"width: 57.4577%; height: 46px;\">\n<h3>Fluides<\/h3>\n<\/td>\n<td style=\"width: 42.5756%; height: 46px;\"><\/td>\n<\/tr>\n<tr style=\"height: 63px;\">\n<td style=\"width: 57.4577%; height: 63px;\">\n<h4>BTS Fluides \u00c9nergies Domotique, opt A Fluidique<\/h4>\n<\/td>\n<td style=\"width: 42.5756%; height: 63px;\">\u2022 <a href=\"https:\/\/www.cfalecorbusier.com\/\" target=\"_blank\" rel=\"noopener\">Site UFA<\/a><\/td>\n<\/tr>\n<tr style=\"height: 116px;\">\n<td style=\"width: 57.4577%; height: 116px;\">\n<h4><a href=\"https:\/\/www.lyceelecorbusier.eu\/jpo-2024\/?page_id=16\"><img loading=\"lazy\" class=\"alignnone wp-image-76\" src=\"https:\/\/www.lyceelecorbusier.eu\/jpo-2022\/wp-content\/uploads\/sites\/58\/2023\/02\/fleche-arr.png\" alt=\"\" width=\"80\" height=\"80\" \/><\/a><\/h4>\n<\/td>\n<td style=\"width: 42.5756%; height: 116px;\"><\/td>\n<\/tr>\n<\/tbody>\n<\/table>\n","protected":false},"excerpt":{"rendered":"<p>P\u00f4le design DN MADe \u2014 Dipl\u00f4me National des M\u00e9tiers d\u2019Art &amp; du Design \u2022 Informations g\u00e9n\u00e9rales (Site national) \u2022 Vid\u00e9o de pr\u00e9sentation des 4 DN MADe du lyc\u00e9e Le Corbusier \u2022 Site d\u00e9di\u00e9 aux 4 DN MADe du&#8230; <a class=\"read-more\" href=\"https:\/\/www.lyceelecorbusier.eu\/jpo-2024\/410-2\/\">Lire la suite&#8230;<\/a><\/p>\n","protected":false},"author":1,"featured_media":0,"parent":0,"menu_order":0,"comment_status":"closed","ping_status":"closed","template":"template-full.php","meta":[],"_links":{"self":[{"href":"https:\/\/www.lyceelecorbusier.eu\/jpo-2024\/wp-json\/wp\/v2\/pages\/410"}],"collection":[{"href":"https:\/\/www.lyceelecorbusier.eu\/jpo-2024\/wp-json\/wp\/v2\/pages"}],"about":[{"href":"https:\/\/www.lyceelecorbusier.eu\/jpo-2024\/wp-json\/wp\/v2\/types\/page"}],"author":[{"embeddable":true,"href":"https:\/\/www.lyceelecorbusier.eu\/jpo-2024\/wp-json\/wp\/v2\/users\/1"}],"replies":[{"embeddable":true,"href":"https:\/\/www.lyceelecorbusier.eu\/jpo-2024\/wp-json\/wp\/v2\/comments?post=410"}],"version-history":[{"count":23,"href":"https:\/\/www.lyceelecorbusier.eu\/jpo-2024\/wp-json\/wp\/v2\/pages\/410\/revisions"}],"predecessor-version":[{"id":614,"href":"https:\/\/www.lyceelecorbusier.eu\/jpo-2024\/wp-json\/wp\/v2\/pages\/410\/revisions\/614"}],"wp:attachment":[{"href":"https:\/\/www.lyceelecorbusier.eu\/jpo-2024\/wp-json\/wp\/v2\/media?parent=410"}],"curies":[{"name":"wp","href":"https:\/\/api.w.org\/{rel}","templated":true}]}}