{"id":391,"date":"2022-01-22T12:51:58","date_gmt":"2022-01-22T11:51:58","guid":{"rendered":"https:\/\/www.lyceelecorbusier.eu\/jpo-2022\/?page_id=391"},"modified":"2024-02-09T11:52:42","modified_gmt":"2024-02-09T10:52:42","slug":"391-2","status":"publish","type":"page","link":"https:\/\/www.lyceelecorbusier.eu\/jpo-2024\/391-2\/","title":{"rendered":"Les Formations Pr\u00e9-bac"},"content":{"rendered":"<table style=\"width: 100%; border-collapse: collapse; border-style: hidden; height: 2322px;\" border=\"1\">\n<tbody>\n<tr style=\"background-image: url('https:\/\/www.lyceelecorbusier.eu\/jpo-2022\/wp-content\/uploads\/sites\/58\/2023\/02\/01.jpg');\">\n<td style=\"height: 62px; width: 100.033%;\" colspan=\"2\"><\/td>\n<\/tr>\n<tr style=\"height: 62px;\">\n<td style=\"width: 57.4577%; height: 62px;\">\n<h2>P\u00f4le g\u00e9n\u00e9ral &amp; technologique<\/h2>\n<\/td>\n<td style=\"width: 42.5756%; height: 62px;\"><\/td>\n<\/tr>\n<tr style=\"height: 62px;\">\n<td style=\"width: 57.4577%; height: 62px;\">\n<h3>Options &amp; sp\u00e9cialit\u00e9s<\/h3>\n<\/td>\n<td style=\"width: 42.5756%; height: 62px;\"><\/td>\n<\/tr>\n<tr style=\"height: 46px;\">\n<td style=\"width: 57.4577%; height: 46px;\">\n<h4>Options de Seconde G &amp; T<\/h4>\n<\/td>\n<td style=\"width: 42.5756%; height: 46px;\">\u2022 <a href=\"http:\/\/www.lyceelecorbusier.eu\/erasmus\/?p=215\" target=\"_blank\" rel=\"noopener\">SNT Euro Trilingue<\/a><br \/>\n\u2022 <a href=\"https:\/\/www.lyceelecorbusier.eu\/jpo-2022\/?page_id=30\">CCD (Cr\u00e9ation &amp; Culture Design)<\/a><br \/>\n\u2022 <a href=\"https:\/\/drive.google.com\/file\/d\/1RPoLkCvqTyUxMYm8xFpUDVJOeROEf3g1\/view?usp=sharing\" target=\"_blank\" rel=\"noopener\">MSIAD (M\u00e9tiers de l\u2019innovation, de l\u2019architecture et du Design)<\/a><br \/>\n\u2022 <a href=\"https:\/\/spark.adobe.com\/page\/YPSpp60OeM2ga\/\" target=\"_blank\" rel=\"noopener\">Options :<\/a> <a href=\"https:\/\/spark.adobe.com\/page\/YPSpp60OeM2ga\/\" target=\"_blank\" rel=\"noopener\">Arts plastiques<\/a><br \/>\n\u2022 <a href=\"http:\/\/www.lyceelecorbusier.eu\/erasmus\/?p=262\" target=\"_blank\" rel=\"noopener\">Module d\u2019allemand approfondi<\/a><br \/>\n\u2022 <a href=\"https:\/\/drive.google.com\/file\/d\/1jhkvnYLNoCS2HrHiLPHTR4VhZRjdS2uv\/view?usp=sharing\" target=\"_blank\" rel=\"noopener\">Option LVC Espagnol<\/a><\/td>\n<\/tr>\n<tr style=\"height: 46px;\">\n<td style=\"width: 57.4577%; height: 46px;\">\n<h4>Sp\u00e9cialit\u00e9s en 1re &amp; Terminale g\u00e9n\u00e9rale<\/h4>\n<\/td>\n<td style=\"width: 42.5756%; height: 46px;\">\u2022 <a href=\"https:\/\/docs.google.com\/presentation\/d\/11vmM_RqWb3wEIyeyoZrer-xpw3yJ-yoSiRiawn1qdb4\/edit?usp=sharing\" target=\"_blank\" rel=\"noopener\">Math\u00e9matiques en Premi\u00e8re g\u00e9n\u00e9rale : Sp\u00e9cialit\u00e9 (+ apr\u00e8s la 1re G)<\/a><br \/>\n\u2022 <a href=\"https:\/\/docs.google.com\/presentation\/d\/1O9SWWev0A08_4YSuGUtWSlxHQt2D2cDy-KfkTz3SLjs\/edit?usp=sharing\" target=\"_blank\" rel=\"noopener\">Math\u00e9matiques en Terminale g\u00e9n\u00e9rale : Sp\u00e9cialit\u00e9 + options Maths compl\u00e9mentaires et Maths expertes<\/a><br \/>\n\u2022 <a href=\"https:\/\/www.slideshare.net\/gantzer\/spcialit-physique-chimie-251240847\" target=\"_blank\" rel=\"noopener\">Physique-Chimie<\/a><br \/>\n\u2022 <a href=\"https:\/\/docs.google.com\/presentation\/d\/17fccvnmnHDxZXIOMsV7ekTxRWXw0pnSI\/edit?usp=sharing&amp;ouid=101285047657702840606&amp;rtpof=true&amp;sd=true\" target=\"_blank\" rel=\"noopener\">Physique chimie en 1re STD2A<\/a><\/td>\n<\/tr>\n<tr style=\"height: 46px;\">\n<td style=\"width: 57.4577%; height: 46px;\">\n<h4>Sp\u00e9cialit\u00e9s en 1re &amp; Terminale STI2D<\/h4>\n<\/td>\n<td style=\"width: 42.5756%; height: 46px;\">\u2022 <a href=\"https:\/\/docs.google.com\/presentation\/d\/1WMBajV3x1pemYY0z9VZ1dtPGn2QbCrjr7ZQfrZQceCo\/edit?usp=sharing\" target=\"_blank\" rel=\"noopener\">Math\u00e9matiques en STI2D : partie tronc commun et partie Maths de la sp\u00e9cialit\u00e9 Physique-Chimie et Math\u00e9matiques<\/a><\/td>\n<\/tr>\n<tr style=\"height: 54px;\">\n<td style=\"width: 57.4577%; height: 54px;\">\n<h3>Disciplines<\/h3>\n<\/td>\n<td style=\"width: 42.5756%; height: 54px;\"><\/td>\n<\/tr>\n<tr style=\"height: 46px;\">\n<td style=\"width: 57.4577%; height: 46px;\">\n<h4>Math\u00e9matiques<\/h4>\n<\/td>\n<td style=\"width: 42.5756%; height: 46px;\">\u2022 <a href=\"https:\/\/docs.google.com\/presentation\/d\/1sq0WmknuGbJ2rPFkYx3GooH1JNAlstJ0qgzcopM2k7g\/edit?usp=sharing\" target=\"_blank\" rel=\"noopener\">Maths : exemples d\u2019actions au lyc\u00e9e le Corbusier<\/a><br \/>\n\u2022 <a href=\"https:\/\/docs.google.com\/presentation\/d\/1f4q75MpEX5xak2bJChWdFvGB1_EGxnr2STzAkPksJC0\/edit?usp=sharing\" target=\"_blank\" rel=\"noopener\">Math\u00e9matiques en 2GT (+ apr\u00e8s la 2nde)<\/a><br \/>\n\u2022 <a href=\"https:\/\/docs.google.com\/presentation\/d\/11vmM_RqWb3wEIyeyoZrer-xpw3yJ-yoSiRiawn1qdb4\/edit?usp=sharing\" target=\"_blank\" rel=\"noopener\">Math\u00e9matiques en Premi\u00e8re g\u00e9n\u00e9rale : Sp\u00e9cialit\u00e9 (+ apr\u00e8s la 1\u00e8reG)<\/a><br \/>\n\u2022 <a href=\"https:\/\/docs.google.com\/presentation\/d\/1O9SWWev0A08_4YSuGUtWSlxHQt2D2cDy-KfkTz3SLjs\/edit?usp=sharing\" target=\"_blank\" rel=\"noopener\">Math\u00e9matiques en Terminale g\u00e9n\u00e9rale : Sp\u00e9cialit\u00e9 + options Maths compl\u00e9mentaires et Maths expertes<\/a><br \/>\n\u2022 <a href=\"https:\/\/docs.google.com\/presentation\/d\/1WMBajV3x1pemYY0z9VZ1dtPGn2QbCrjr7ZQfrZQceCo\/edit?usp=sharing\" target=\"_blank\" rel=\"noopener\">Math\u00e9matiques en STI2D : partie tronc commun et partie Maths de la sp\u00e9cialit\u00e9 Physique-Chimie et Math\u00e9matiques<\/a><br \/>\n\u2022 <a href=\"https:\/\/docs.google.com\/presentation\/d\/1ffboyS1Tg-GMbTuHhai7w6efxYPtEdx4KyHhMR7QWJ8\/edit?usp=sharing\" target=\"_blank\" rel=\"noopener\">Math\u00e9matiques en STD2A<\/a><\/td>\n<\/tr>\n<tr style=\"height: 46px;\">\n<td style=\"width: 57.4577%; height: 46px;\">\n<h4>Sciences-physiques<\/h4>\n<\/td>\n<td style=\"width: 42.5756%; height: 46px;\">\u2022 <a href=\"https:\/\/www.slideshare.net\/gantzer\/progression-251241140\" target=\"_blank\" rel=\"noopener\">Physique-Chimie en Seconde<\/a><br \/>\n\u2022 <a href=\"https:\/\/www.slideshare.net\/gantzer\/spcialit-physique-chimie-251240847\" target=\"_blank\" rel=\"noopener\">Physique-Chimie programme en sp\u00e9cialit\u00e9<\/a><br \/>\n\u2022 <a href=\"https:\/\/docs.google.com\/presentation\/d\/17fccvnmnHDxZXIOMsV7ekTxRWXw0pnSI\/edit?usp=sharing&amp;ouid=101285047657702840606&amp;rtpof=true&amp;sd=true\" target=\"_blank\" rel=\"noopener\">Physique chimie en 1re STD2A<\/a><\/td>\n<\/tr>\n<tr style=\"height: 46px;\">\n<td style=\"width: 57.4577%; height: 46px;\">\n<h4>SVT<\/h4>\n<\/td>\n<td style=\"width: 42.5756%; height: 46px;\">\u2022 <a href=\"https:\/\/docs.google.com\/presentation\/d\/1ZURMEksxRO1JVp7aNVaBjoFX596AQiiTMAOxOUll-tY\/edit?usp=sharing\" target=\"_blank\" rel=\"noopener\">La SVT au lyc\u00e9e Le Corbusier<\/a><\/td>\n<\/tr>\n<tr style=\"height: 46px;\">\n<td style=\"width: 57.4577%; height: 46px;\">\n<h4>Humanit\u00e9s, litt\u00e9rature, philosophie<\/h4>\n<\/td>\n<td style=\"width: 42.5756%; height: 46px;\">\u2022 <a href=\"https:\/\/lettresetc.wordpress.com\/\" target=\"_blank\" rel=\"noopener\">Lettres &amp; Culture<\/a><\/td>\n<\/tr>\n<tr style=\"height: 46px;\">\n<td style=\"width: 57.4577%; height: 46px;\">\n<h4>Langues \u00e9trang\u00e8res<\/h4>\n<\/td>\n<td style=\"width: 42.5756%; height: 46px;\">\u2022 <a href=\"http:\/\/www.lyceelecorbusier.eu\/erasmus\/\" target=\"_blank\" rel=\"noopener\">Erasmus+, partenariats et \u00e9changes scolaires<\/a><br \/>\n\u2022 <a href=\"http:\/\/www.lyceelecorbusier.eu\/erasmus\/?p=250\" target=\"_blank\" rel=\"noopener\">Sections<\/a> <a href=\"http:\/\/www.lyceelecorbusier.eu\/erasmus\/?p=250\" target=\"_blank\" rel=\"noopener\">europ\u00e9ennes<\/a><br \/>\n\u2022 <a href=\"http:\/\/www.lyceelecorbusier.eu\/erasmus\/?p=248\" target=\"_blank\" rel=\"noopener\">L\u2019ETLV en voie technologique<\/a><\/td>\n<\/tr>\n<tr style=\"height: 46px;\">\n<td style=\"width: 57.4577%; height: 46px;\">\n<h4>Sciences de l&#8217;ing\u00e9nieur<\/h4>\n<\/td>\n<td style=\"width: 42.5756%; height: 46px;\">\u2022 <a href=\"http:\/\/amia-alsace.eu\/JPO_lycee\/Affiche_G-SI_JPO_2021.pdf\" target=\"_blank\" rel=\"noopener\">Sp\u00e9cialit\u00e9 Sciences de l\u2019Ing\u00e9nieur, pr\u00e9sentation g\u00e9n\u00e9rale<\/a><br \/>\n\u2022 <a href=\"http:\/\/amia-alsace.eu\/JPO_lycee\/JPO-SI.html\" target=\"_blank\" rel=\"noopener\">Sp\u00e9cialit\u00e9 Sciences de l\u2019Ing\u00e9nieur, exemple d\u2019activit\u00e9<\/a><\/td>\n<\/tr>\n<tr style=\"background-image: url('https:\/\/www.lyceelecorbusier.eu\/jpo-2022\/wp-content\/uploads\/sites\/58\/2023\/02\/02.jpg');\">\n<td style=\"height: 62px; width: 100.033%;\" colspan=\"2\"><\/td>\n<\/tr>\n<tr style=\"height: 28px;\">\n<td style=\"width: 57.4577%; height: 28px;\">\n<h2>P\u00f4le design<\/h2>\n<\/td>\n<td style=\"width: 42.5756%; height: 28px;\"><\/td>\n<\/tr>\n<tr style=\"height: 46px;\">\n<td style=\"width: 57.4577%; height: 46px;\">\n<h3 class=\"qrShPb kno-ecr-pt PZPZlf mfMhoc hNKfZe\" data-local-attribute=\"d3bn\" data-attrid=\"title\" data-ved=\"2ahUKEwjml86R5dXuAhXrz4UKHfcCCXwQ3B0oATAaegQIJRAL\">Baccalaur\u00e9at sciences et technologies du design<br \/>\n&amp; des arts appliqu\u00e9s<\/h3>\n<\/td>\n<td style=\"width: 42.5756%; height: 46px;\">\u2022 <a href=\"https:\/\/designetmetiersdart.fr\/std2a\/\" target=\"_blank\" rel=\"noopener\">Informations g\u00e9n\u00e9rales (Site national)<\/a><br \/>\n\u2022 <a href=\"https:\/\/youtu.be\/1owdKiqRvL8\" target=\"_blank\" rel=\"noopener\">Vid\u00e9o de pr\u00e9sentation CCD &amp; STD2A<\/a><\/td>\n<\/tr>\n<tr style=\"height: 42px;\">\n<td style=\"width: 57.4577%; height: 42px;\">\n<h4><strong>Seconde CCD \u2014 <\/strong>option Cr\u00e9ation &amp; Culture Design<strong><br \/>\n<\/strong><\/h4>\n<\/td>\n<td style=\"width: 42.5756%; height: 42px;\">\u2022 <a href=\"https:\/\/docs.google.com\/forms\/d\/e\/1FAIpQLScjxJCJ2ya4fjs7Ox5EXPuuntFhYJoxJl7ryWPDeTN-ybcjXA\/viewform?usp=sf_link\" target=\"_blank\" rel=\"noopener\">Poser des questions aux enseignants<\/a><br \/>\n\u2022 <a href=\"https:\/\/docs.google.com\/spreadsheets\/d\/15iZkd9WjigbnFBpWPx4tlcmPuUi6yoYqkz1z9QuDKPk\/edit?usp=sharing\" target=\"_blank\" rel=\"noopener\">Trouver des r\u00e9ponses dans la FaQ<\/a><\/td>\n<\/tr>\n<tr style=\"height: 42px;\">\n<td style=\"width: 57.4577%; height: 42px;\">\n<h4><strong>Bac STD2A<\/strong><\/h4>\n<\/td>\n<td style=\"width: 42.5756%; height: 42px;\"><a href=\"https:\/\/docs.google.com\/presentation\/d\/1ffboyS1Tg-GMbTuHhai7w6efxYPtEdx4KyHhMR7QWJ8\/edit?usp=sharing\" target=\"_blank\" rel=\"noopener\">\u2022 <\/a><a href=\"https:\/\/drive.google.com\/file\/d\/1oqUAkQmD7VKu4yru2JMGYQa9pux1m-tw\/view?usp=sharing\" target=\"_blank\" rel=\"noopener\">Galerie de travaux d\u2019\u00e9l\u00e8ves de CCD et STD2A<\/a><a href=\"https:\/\/docs.google.com\/presentation\/d\/1ffboyS1Tg-GMbTuHhai7w6efxYPtEdx4KyHhMR7QWJ8\/edit?usp=sharing\" target=\"_blank\" rel=\"noopener\"><br \/>\n\u2022 <\/a><a href=\"https:\/\/docs.google.com\/forms\/d\/e\/1FAIpQLScjxJCJ2ya4fjs7Ox5EXPuuntFhYJoxJl7ryWPDeTN-ybcjXA\/viewform?usp=sf_link\" target=\"_blank\" rel=\"noopener\">Poser des questions aux enseignants<\/a><a href=\"https:\/\/docs.google.com\/presentation\/d\/1ffboyS1Tg-GMbTuHhai7w6efxYPtEdx4KyHhMR7QWJ8\/edit?usp=sharing\" target=\"_blank\" rel=\"noopener\"><br \/>\n\u2022 <\/a><a href=\"https:\/\/docs.google.com\/spreadsheets\/d\/15iZkd9WjigbnFBpWPx4tlcmPuUi6yoYqkz1z9QuDKPk\/edit?usp=sharing\" target=\"_blank\" rel=\"noopener\">Trouver des r\u00e9ponses dans la FaQ<\/a><a href=\"https:\/\/docs.google.com\/presentation\/d\/1ffboyS1Tg-GMbTuHhai7w6efxYPtEdx4KyHhMR7QWJ8\/edit?usp=sharing\" target=\"_blank\" rel=\"noopener\"><br \/>\n\u2022 <\/a><a href=\"https:\/\/docs.google.com\/presentation\/d\/1ffboyS1Tg-GMbTuHhai7w6efxYPtEdx4KyHhMR7QWJ8\/edit?usp=sharing\" target=\"_blank\" rel=\"noopener\">Math\u00e9matiques en STD2A<\/a><\/td>\n<\/tr>\n<tr style=\"background-image: url('https:\/\/www.lyceelecorbusier.eu\/jpo-2022\/wp-content\/uploads\/sites\/58\/2023\/02\/03.jpg');\">\n<td style=\"height: 62px; width: 100.033%;\" colspan=\"2\"><\/td>\n<\/tr>\n<tr style=\"height: 46px;\">\n<td style=\"width: 57.4577%; height: 46px;\">\n<h2>P\u00f4le construction durable &amp; \u00e9nergies<\/h2>\n<\/td>\n<td style=\"width: 42.5756%; height: 46px;\"><\/td>\n<\/tr>\n<tr style=\"height: 46px;\">\n<td style=\"width: 57.4577%; height: 46px;\">\n<h4>Apr\u00e8s la 3e, l\u2019entr\u00e9e en voie professionnelle au Lyc\u00e9e Le Corbusier<\/h4>\n<\/td>\n<td style=\"width: 42.5756%; height: 46px;\"><a href=\"https:\/\/www.youtube.com\/watch?v=KMWWEhZUJ_Y\" target=\"_blank\" rel=\"noopener\"><img loading=\"lazy\" class=\"wp-image-483 size-full alignright\" src=\"https:\/\/www.lyceelecorbusier.eu\/jpo-2022\/wp-content\/uploads\/sites\/58\/2022\/02\/video1.jpg\" alt=\"\" width=\"200\" height=\"111\" \/><\/a><\/td>\n<\/tr>\n<tr style=\"height: 54px;\">\n<td style=\"width: 57.4577%; height: 54px;\">\n<h3>Ing\u00e9nierie, bureau d\u2019\u00e9tude<\/h3>\n<\/td>\n<td style=\"width: 42.5756%; height: 54px;\"><\/td>\n<\/tr>\n<tr style=\"height: 108px;\">\n<td style=\"width: 57.4577%; height: 108px;\">\n<h4>Bac pro Technicien d\u2019\u00e9tudes du b\u00e2timent, \u00e9tudes et \u00e9conomie (TB2E)<\/h4>\n<h4>\u2022 Technicien d\u2019\u00e9tudes du b\u00e2timent option A \u00e9tudes et \u00e9conomie<br \/>\n\u2022 Technicien d\u2019\u00e9tudes du b\u00e2timent option B assistant en architecture<\/h4>\n<\/td>\n<td style=\"width: 42.5756%; height: 108px;\">\u2022 Pr\u00e9sentation de la formation<br \/>\n\u2022 <a href=\"https:\/\/vimeo.com\/803029365\" target=\"_blank\" rel=\"noopener\">Chantier \u00e9cole 1re Bac Pro TEB option A<\/a><br \/>\n\u2022 <a href=\"https:\/\/www.lyceelecorbusier.eu\/jpo-2023\/wp-content\/uploads\/sites\/58\/2023\/02\/Affiche-poursuite-detudes-1PTEB.jpg\" target=\"_blank\" rel=\"noopener\">Poursuites d&#8217;\u00e9tudes<\/a><\/td>\n<\/tr>\n<tr style=\"height: 54px;\">\n<td style=\"width: 57.4577%; height: 54px;\">\n<h3>Travaux publics<\/h3>\n<\/td>\n<td style=\"width: 42.5756%; height: 54px;\"><\/td>\n<\/tr>\n<tr style=\"height: 42px;\">\n<td style=\"width: 57.4577%; height: 42px;\">\n<h4>CAP Constructeur de routes<\/h4>\n<\/td>\n<td style=\"width: 42.5756%; height: 42px;\">\u2022 <a href=\"https:\/\/www.cfalecorbusier.com\/\" target=\"_blank\" rel=\"noopener\">Site UFA<\/a><\/td>\n<\/tr>\n<tr style=\"height: 42px;\">\n<td style=\"width: 57.4577%; height: 42px;\">\n<h4 class=\"ideo-title\"><span class=\"ezstring-field\">CAP Constructeur de r\u00e9seaux de canalisations de travaux publics<\/span><\/h4>\n<\/td>\n<td style=\"width: 42.5756%; height: 42px;\">\u2022 <a href=\"https:\/\/www.cfalecorbusier.com\/\" target=\"_blank\" rel=\"noopener\">Site UFA<\/a><\/td>\n<\/tr>\n<tr style=\"height: 54px;\">\n<td style=\"width: 57.4577%; height: 54px;\">\n<h3>Construction, gros \u0153uvre<\/h3>\n<\/td>\n<td style=\"width: 42.5756%; height: 54px;\"><\/td>\n<\/tr>\n<tr style=\"height: 42px;\">\n<td style=\"width: 57.4577%; height: 42px;\">\n<h4>CAP Ma\u00e7on &amp; Constructeur d\u2019Ouvrages en B\u00e9ton Arm\u00e9<\/h4>\n<\/td>\n<td style=\"width: 42.5756%; height: 42px;\">\u2022 <a href=\"mailto:mba.corbusier@gmail.com\" target=\"_blank\" rel=\"noopener\">Pour les questions \u00e9crites, contact mail<\/a><br \/>\n\u2022 <a href=\"https:\/\/www.youtube.com\/watch?v=HYziqLgq5mo\" target=\"_blank\" rel=\"noopener\">D\u00e9couvrez la formation en vid\u00e9o<\/a><\/td>\n<\/tr>\n<tr style=\"height: 42px;\">\n<td style=\"width: 57.4577%; height: 42px;\">\n<h4>BAC PRO Interventions sur le patrimoine b\u00e2ti (IPB)<\/h4>\n<\/td>\n<td style=\"width: 42.5756%; height: 42px;\">\u2022 <a href=\"https:\/\/ipblaformation.wixsite.com\/monsite\" target=\"_blank\" rel=\"noopener\">Site de la formation<\/a><br \/>\n\u2022 <a href=\"https:\/\/wweeddoo.com\/projets\/nLSNmryC9-CHANTIER-ECOLE-20202021\" target=\"_blank\" rel=\"noopener\">Chantier \u00e9cole 2020<\/a><br \/>\n\u2022 <a href=\"mailto:ipblaformation@gmail.com\" target=\"_blank\" rel=\"noopener\">Pour les questions \u00e9crites, contact mail<\/a><br \/>\n\u2022 <a href=\"https:\/\/www.facebook.com\/france.ipb.5\" target=\"_blank\" rel=\"noopener\">Facebook<\/a><br \/>\n\u2022 <a href=\"https:\/\/twitter.com\/ipb_la\" target=\"_blank\" rel=\"noopener\">Twitter<\/a><br \/>\n\u2022 <a href=\"https:\/\/www.youtube.com\/watch?v=HYziqLgq5mo\" target=\"_blank\" rel=\"noopener\">D\u00e9couvrez la formation en vid\u00e9o<\/a><\/td>\n<\/tr>\n<tr style=\"height: 54px;\">\n<td style=\"width: 57.4577%; height: 54px;\">\n<h3>Couverture<\/h3>\n<\/td>\n<td style=\"width: 42.5756%; height: 54px;\"><\/td>\n<\/tr>\n<tr style=\"height: 42px;\">\n<td style=\"width: 57.4577%; height: 42px;\">\n<h4>CTM, CAP, BP, BM Couvreur<\/h4>\n<\/td>\n<td style=\"width: 42.5756%; height: 42px;\"><a href=\"https:\/\/www.cfalecorbusier.com\/\" target=\"_blank\" rel=\"noopener\">\u2022<\/a><a href=\"https:\/\/www.cfalecorbusier.com\/\" target=\"_blank\" rel=\"noopener\"> Site UFA<\/a><a href=\"https:\/\/www.cfalecorbusier.com\/\" target=\"_blank\" rel=\"noopener\"><br \/>\n\u2022 <\/a><a href=\"https:\/\/www.youtube.com\/watch?v=dSBvPgknqwE\" target=\"_blank\" rel=\"noopener\">D\u00e9couvrez la formation en vid\u00e9o<\/a><\/td>\n<\/tr>\n<tr style=\"height: 54px;\">\n<td style=\"width: 57.4577%; height: 54px;\">\n<h3>Serrurerie, m\u00e9tallerie<\/h3>\n<\/td>\n<td style=\"width: 42.5756%; height: 54px;\"><\/td>\n<\/tr>\n<tr style=\"height: 46px;\">\n<td style=\"width: 57.4577%; height: 46px;\">\n<h4>CAP SM<\/h4>\n<\/td>\n<td style=\"width: 42.5756%; height: 46px;\">\u2022 <a href=\"https:\/\/formationmetallerie.wixsite.com\/metallerie-corbusier\" target=\"_blank\" rel=\"noopener\">Site d\u00e9di\u00e9 \u00e0 la formation<\/a><br \/>\n\u2022 <a href=\"https:\/\/www.youtube.com\/watch?v=-fyWHI3MHXk\" target=\"_blank\" rel=\"noopener\">D\u00e9couvrez la formation en vid\u00e9o<\/a><\/td>\n<\/tr>\n<tr style=\"height: 46px;\">\n<td style=\"width: 57.4577%; height: 46px;\">\n<h4>BPR OBM<\/h4>\n<\/td>\n<td style=\"width: 42.5756%; height: 46px;\">\u2022 <a href=\"https:\/\/formationmetallerie.wixsite.com\/metallerie-corbusier\" target=\"_blank\" rel=\"noopener\">Site d\u00e9di\u00e9 \u00e0 la formation<\/a><br \/>\n\u2022 <a href=\"https:\/\/www.youtube.com\/watch?v=-fyWHI3MHXk\" target=\"_blank\" rel=\"noopener\">D\u00e9couvrez la formation en vid\u00e9o<\/a><\/td>\n<\/tr>\n<tr style=\"height: 54px;\">\n<td style=\"width: 57.4577%; height: 54px;\">\n<h3>\u00c9lectricit\u00e9<\/h3>\n<\/td>\n<td style=\"width: 42.5756%; height: 54px;\"><\/td>\n<\/tr>\n<tr style=\"height: 42px;\">\n<td style=\"width: 57.4577%; height: 42px;\">\n<h4>CAP ELEC<\/h4>\n<\/td>\n<td style=\"width: 42.5756%; height: 42px;\">\u2022 <a href=\"https:\/\/www.slideshare.net\/BrunoOESCH1\/cap-elec-portes-ouvertes\" target=\"_blank\" rel=\"noopener\">Pr\u00e9sentation de la formation<\/a><\/td>\n<\/tr>\n<tr style=\"height: 42px;\">\n<td style=\"width: 57.4577%; height: 42px;\">\n<h4>BAC PRO MELEC<\/h4>\n<\/td>\n<td style=\"width: 42.5756%; height: 42px;\">\u2022 <a href=\"https:\/\/fr.slideshare.net\/BrunoOesch2\/prsentation-jpo-melec-2022\" target=\"_blank\" rel=\"noopener\">Pr\u00e9sentation de la formation<\/a><\/td>\n<\/tr>\n<tr style=\"height: 54px;\">\n<td style=\"width: 57.4577%; height: 54px;\">\n<h3>Fluides<\/h3>\n<\/td>\n<td style=\"width: 42.5756%; height: 54px;\"><\/td>\n<\/tr>\n<tr style=\"height: 42px;\">\n<td style=\"width: 57.4577%; height: 42px;\">\n<h4>CAP MIS Monteur en Installations Sanitaires<\/h4>\n<\/td>\n<td style=\"width: 42.5756%; height: 42px;\">\u2022 <a href=\"https:\/\/nuage05.apps.education.fr\/index.php\/s\/yDJcjQtZorCdYLE\" target=\"_blank\" rel=\"noopener\">Pr\u00e9sentation de la formation<\/a><\/td>\n<\/tr>\n<tr style=\"height: 42px;\">\n<td style=\"width: 57.4577%; height: 42px;\">\n<h4>BAC PRO TISEC, Installation des Syst\u00e8mes \u00c9nerg\u00e9tiques et Climatiques<\/h4>\n<\/td>\n<td style=\"width: 42.5756%; height: 42px;\">\u2022 <a href=\"https:\/\/drive.google.com\/file\/d\/1LMF5CUY_sxyzWBXoPVNTfTmp141FmqnQ\/view?usp=sharing\" target=\"_blank\" rel=\"noopener\">Vid\u00e9o de pr\u00e9sentation<\/a><br \/>\n\u2022 <a href=\"https:\/\/www.youtube.com\/watch?v=joQFlPgVmq8\" target=\"_blank\" rel=\"noopener\">D\u00e9couvrez la formation en vid\u00e9o<\/a><\/td>\n<\/tr>\n<tr style=\"height: 42px;\">\n<td style=\"width: 57.4577%; height: 42px;\">\n<h4>BAC PRO MEE, Maintenance et Efficacit\u00e9 \u00c9nerg\u00e9tique<\/h4>\n<\/td>\n<td style=\"width: 42.5756%; height: 42px;\">\u2022 <a href=\"https:\/\/nuage05.apps.education.fr\/index.php\/s\/yDJcjQtZorCdYLE\" target=\"_blank\" rel=\"noopener\">Pr\u00e9sentation de la formation<\/a><br \/>\n\u2022 <a href=\"https:\/\/nuage05.apps.education.fr\/index.php\/s\/N8CiTTaXcX8yM8c\" target=\"_blank\" rel=\"noopener\">Vid\u00e9o de pr\u00e9sentation<\/a><\/td>\n<\/tr>\n<tr style=\"height: 54px;\">\n<td style=\"width: 57.4577%; height: 54px;\">\n<h3>Am\u00e9nagement, finition<\/h3>\n<\/td>\n<td style=\"width: 42.5756%; height: 54px;\"><\/td>\n<\/tr>\n<tr style=\"height: 42px;\">\n<td style=\"width: 57.4577%; height: 42px;\">\n<h4>CAP Peintre applicateur de rev\u00eatements<\/h4>\n<\/td>\n<td style=\"width: 42.5756%; height: 42px;\">\u2022 <a href=\"https:\/\/echanges.ac-strasbourg.fr\/oc\/remote.php\/webdav\/Pr%C3%A9sentation%20du%20m%C3%A9tier%20de%20peintre%202.ppt\" target=\"_blank\" rel=\"noopener\">Pr\u00e9sentation de la formation<\/a><br \/>\n\u2022 <a href=\"https:\/\/www.youtube.com\/watch?v=2ZwS8_6TPD8\" target=\"_blank\" rel=\"noopener\">D\u00e9couvrez la formation en vid\u00e9o<\/a><\/td>\n<\/tr>\n<tr style=\"height: 42px;\">\n<td style=\"width: 57.4577%; height: 42px;\">\n<h4>CAP, BP Carreleur<\/h4>\n<\/td>\n<td style=\"width: 42.5756%; height: 42px;\">\u2022 <a href=\"https:\/\/docs.google.com\/presentation\/d\/17Ca32_ncSWMYzsCJp2SoA87cYWxRN9ygZfJyydWnUhY\/edit?usp=sharing\" target=\"_blank\" rel=\"noopener\">Le m\u00e9tier de carreleur et la formation de carreleur mosa\u00efste<\/a> (diaporama explicatif)<br \/>\n\u2022 Les carreleurs en action : d\u00e9couvrez les ateliers en vid\u00e9o (Le d\u00e9coupage de carreaux pour r\u00e9aliser des tangrams)<br \/>\n\u2022 <a href=\"https:\/\/www.youtube.com\/watch?v=EtGR3WKNZeU\" target=\"_blank\" rel=\"noopener\">D\u00e9couvrez la formation en vid\u00e9o<\/a><\/td>\n<\/tr>\n<tr style=\"height: 42px;\">\n<td style=\"width: 57.4577%; height: 42px;\">\n<h4>CAP Pl\u00e2trier<\/h4>\n<\/td>\n<td style=\"width: 42.5756%; height: 42px;\">\u2022 <a href=\"https:\/\/www.cfalecorbusier.com\/\" target=\"_blank\" rel=\"noopener\">Site UFA<\/a><\/td>\n<\/tr>\n<tr style=\"height: 116px;\">\n<td style=\"width: 57.4577%; height: 116px;\">\n<h4><a href=\"https:\/\/www.lyceelecorbusier.eu\/jpo-2024\/?page_id=16\"><img loading=\"lazy\" class=\"alignnone wp-image-76\" src=\"https:\/\/www.lyceelecorbusier.eu\/jpo-2022\/wp-content\/uploads\/sites\/58\/2023\/02\/fleche-arr.png\" alt=\"\" width=\"80\" height=\"80\" \/><\/a><\/h4>\n<\/td>\n<td style=\"width: 42.5756%; height: 116px;\"><\/td>\n<\/tr>\n<\/tbody>\n<\/table>\n","protected":false},"excerpt":{"rendered":"<p>P\u00f4le g\u00e9n\u00e9ral &amp; technologique Options &amp; sp\u00e9cialit\u00e9s Options de Seconde G &amp; T \u2022 SNT Euro Trilingue \u2022 CCD (Cr\u00e9ation &amp; Culture Design) \u2022 MSIAD (M\u00e9tiers de l\u2019innovation, de l\u2019architecture et du Design) \u2022 Options : Arts plastiques&#8230; <a class=\"read-more\" href=\"https:\/\/www.lyceelecorbusier.eu\/jpo-2024\/391-2\/\">Lire la suite&#8230;<\/a><\/p>\n","protected":false},"author":1,"featured_media":0,"parent":0,"menu_order":0,"comment_status":"closed","ping_status":"closed","template":"template-full.php","meta":[],"_links":{"self":[{"href":"https:\/\/www.lyceelecorbusier.eu\/jpo-2024\/wp-json\/wp\/v2\/pages\/391"}],"collection":[{"href":"https:\/\/www.lyceelecorbusier.eu\/jpo-2024\/wp-json\/wp\/v2\/pages"}],"about":[{"href":"https:\/\/www.lyceelecorbusier.eu\/jpo-2024\/wp-json\/wp\/v2\/types\/page"}],"author":[{"embeddable":true,"href":"https:\/\/www.lyceelecorbusier.eu\/jpo-2024\/wp-json\/wp\/v2\/users\/1"}],"replies":[{"embeddable":true,"href":"https:\/\/www.lyceelecorbusier.eu\/jpo-2024\/wp-json\/wp\/v2\/comments?post=391"}],"version-history":[{"count":50,"href":"https:\/\/www.lyceelecorbusier.eu\/jpo-2024\/wp-json\/wp\/v2\/pages\/391\/revisions"}],"predecessor-version":[{"id":610,"href":"https:\/\/www.lyceelecorbusier.eu\/jpo-2024\/wp-json\/wp\/v2\/pages\/391\/revisions\/610"}],"wp:attachment":[{"href":"https:\/\/www.lyceelecorbusier.eu\/jpo-2024\/wp-json\/wp\/v2\/media?parent=391"}],"curies":[{"name":"wp","href":"https:\/\/api.w.org\/{rel}","templated":true}]}}