{"id":30,"date":"2021-01-31T17:28:36","date_gmt":"2021-01-31T16:28:36","guid":{"rendered":"https:\/\/www.lyceelecorbusier.eu\/jpo-2021\/?page_id=30"},"modified":"2024-02-15T15:16:38","modified_gmt":"2024-02-15T14:16:38","slug":"pole-design","status":"publish","type":"page","link":"https:\/\/www.lyceelecorbusier.eu\/jpo-2024\/pole-design\/","title":{"rendered":"P\u00f4le design"},"content":{"rendered":"<table style=\"width: 100%; border-collapse: collapse; border-style: hidden; height: 714px;\" border=\"1\">\n<tbody>\n<tr style=\"background-image: url('https:\/\/www.lyceelecorbusier.eu\/jpo-2022\/wp-content\/uploads\/sites\/58\/2023\/02\/01.jpg');\">\n<td style=\"height: 62px; width: 100%;\" colspan=\"2\">\n<h4><\/h4>\n<\/td>\n<\/tr>\n<tr>\n<td style=\"width: 58.5594%;\">\n<h2 class=\"qrShPb kno-ecr-pt PZPZlf mfMhoc hNKfZe\" data-local-attribute=\"d3bn\" data-attrid=\"title\" data-ved=\"2ahUKEwjml86R5dXuAhXrz4UKHfcCCXwQ3B0oATAaegQIJRAL\">Baccalaur\u00e9at sciences et technologies du design<br \/>\n&amp; des arts appliqu\u00e9s<\/h2>\n<\/td>\n<td style=\"width: 41.4406%;\">\u2022 <a href=\"https:\/\/designetmetiersdart.fr\/std2a\/\" target=\"_blank\" rel=\"noopener\">Informations g\u00e9n\u00e9rales (Site national)<\/a><br \/>\n\u2022 <a href=\"https:\/\/youtu.be\/1owdKiqRvL8\" target=\"_blank\" rel=\"noopener\">Vid\u00e9o de pr\u00e9sentation CCD &amp; STD2A<\/a><\/td>\n<\/tr>\n<tr style=\"height: 86px;\">\n<td style=\"width: 58.5594%; height: 86px;\">\n<h4><strong>Seconde CCD \u2014 <\/strong>option Cr\u00e9ation &amp; Culture Design<strong><br \/>\n<\/strong><\/h4>\n<\/td>\n<td style=\"width: 41.4406%; height: 86px;\">\u2022 <a href=\"https:\/\/docs.google.com\/forms\/d\/e\/1FAIpQLScjxJCJ2ya4fjs7Ox5EXPuuntFhYJoxJl7ryWPDeTN-ybcjXA\/viewform?usp=sf_link\" target=\"_blank\" rel=\"noopener\">Poser des questions aux enseignants<\/a><br \/>\n\u2022 <a href=\"https:\/\/docs.google.com\/spreadsheets\/d\/15iZkd9WjigbnFBpWPx4tlcmPuUi6yoYqkz1z9QuDKPk\/edit?usp=sharing\" target=\"_blank\" rel=\"noopener\">Trouver des r\u00e9ponses dans la FaQ<\/a><\/td>\n<\/tr>\n<tr style=\"height: 86px;\">\n<td style=\"width: 58.5594%; height: 86px;\">\n<h4><strong>Bac STD2A<br \/>\n<\/strong><\/h4>\n<\/td>\n<td style=\"width: 41.4406%; height: 86px;\">\u2022 <a href=\"https:\/\/drive.google.com\/file\/d\/1oqUAkQmD7VKu4yru2JMGYQa9pux1m-tw\/view?usp=sharing\" target=\"_blank\" rel=\"noopener\">Galerie de travaux d\u2019\u00e9l\u00e8ves de CCD et STD2A<\/a><br \/>\n\u2022 <a href=\"https:\/\/docs.google.com\/forms\/d\/e\/1FAIpQLScjxJCJ2ya4fjs7Ox5EXPuuntFhYJoxJl7ryWPDeTN-ybcjXA\/viewform?usp=sf_link\" target=\"_blank\" rel=\"noopener\">Poser des questions aux enseignants<\/a><br \/>\n\u2022 <a href=\"https:\/\/docs.google.com\/spreadsheets\/d\/15iZkd9WjigbnFBpWPx4tlcmPuUi6yoYqkz1z9QuDKPk\/edit?usp=sharing\" target=\"_blank\" rel=\"noopener\">Trouver des r\u00e9ponses dans la FaQ<\/a><br \/>\n\u2022 <a href=\"https:\/\/docs.google.com\/presentation\/d\/1ffboyS1Tg-GMbTuHhai7w6efxYPtEdx4KyHhMR7QWJ8\/edit?usp=sharing\" target=\"_blank\" rel=\"noopener\">Math\u00e9matiques en STD2A<\/a><br \/>\n\u2022 <a href=\"https:\/\/docs.google.com\/presentation\/d\/17fccvnmnHDxZXIOMsV7ekTxRWXw0pnSI\/edit?usp=sharing&amp;ouid=101285047657702840606&amp;rtpof=true&amp;sd=true\" target=\"_blank\" rel=\"noopener\">Physique chimie en 1re STD2A<\/a><\/td>\n<\/tr>\n<tr style=\"background-image: url('https:\/\/www.lyceelecorbusier.eu\/jpo-2022\/wp-content\/uploads\/sites\/58\/2023\/02\/02.jpg');\">\n<td style=\"height: 62px; width: 100%;\" colspan=\"2\">\n<h4><\/h4>\n<\/td>\n<\/tr>\n<tr style=\"height: 28px;\">\n<td style=\"width: 58.5594%; height: 28px;\">\n<h2>DN MADe \u2014 Dipl\u00f4me National des M\u00e9tiers d&#8217;Art<br \/>\n&amp; du Design<\/h2>\n<\/td>\n<td style=\"width: 41.4406%; height: 28px;\">\u2022 <a href=\"https:\/\/designetmetiersdart.fr\/dn-made\/\" target=\"_blank\" rel=\"noopener\">Informations g\u00e9n\u00e9rales (Site national)<\/a><br \/>\n\u2022 <a href=\"https:\/\/spark.adobe.com\/video\/nQmoEB7tXkB5x\" target=\"_blank\" rel=\"noopener\">Vid\u00e9o de pr\u00e9sentation des 4 DN MADe du lyc\u00e9e Le Corbusier<\/a><br \/>\n\u2022 <a href=\"https:\/\/www.lyceelecorbusier.eu\/dnmade\/\" target=\"_blank\" rel=\"noopener\">Site d\u00e9di\u00e9 aux 4 DN MADe du lyc\u00e9e le Corbusier<\/a><\/td>\n<\/tr>\n<tr style=\"height: 46px;\">\n<td style=\"width: 58.5594%; height: 46px;\">\n<h4><strong>DN MADe Objet<br \/>\n<\/strong>Design de produits, mat\u00e9riaux et \u00e9co-conception<\/h4>\n<\/td>\n<td style=\"width: 41.4406%; height: 46px;\">\u2022 <a href=\"https:\/\/www.lyceelecorbusier.eu\/dnmade\/?p=71\" target=\"_blank\" rel=\"noopener\">Informations g\u00e9n\u00e9rales<\/a> <a href=\"https:\/\/www.lyceelecorbusier.eu\/dnmade\/?p=71\">(site d\u00e9di\u00e9 aux 4 DN MADe du lyc\u00e9e)<\/a><a href=\"https:\/\/www.lyceelecorbusier.eu\/dnmade-ma\/\" target=\"_blank\" rel=\"noopener\"><br \/>\n\u2022 Site de la mention Mat\u00e9riaux<\/a><br \/>\n\u2022 <a href=\"https:\/\/docs.google.com\/forms\/d\/e\/1FAIpQLSfcdMftDooQ3YqeClFeMrACIKXTs2UGe0lTqW51_TF6xk9XiA\/viewform?usp=sf_link\" target=\"_blank\" rel=\"noopener\">Poser des questions aux enseignants<\/a><br \/>\n\u2022 <a href=\"https:\/\/docs.google.com\/spreadsheets\/d\/1QCRNTRED-NW4n6tXzPKOkn0fwnTVER3Sqv1U2RtusmM\/edit?usp=sharing\" target=\"_blank\" rel=\"noopener\">Trouver des r\u00e9ponses dans la FaQ<\/a><\/td>\n<\/tr>\n<tr style=\"height: 46px;\">\n<td style=\"width: 58.5594%; height: 46px;\">\n<h4><strong>DN MADe Innovation Sociale<br \/>\n<\/strong>Design territoires et soci\u00e9t\u00e9 : produit &amp; graphisme<\/h4>\n<\/td>\n<td style=\"width: 41.4406%; height: 46px;\">\u2022 <a href=\"https:\/\/www.lyceelecorbusier.eu\/dnmade\/\" target=\"_blank\" rel=\"noopener\">Informations g\u00e9n\u00e9rales (site d\u00e9di\u00e9 aux 4 DN MADe du lyc\u00e9e)<\/a><br \/>\n\u2022 <a href=\"https:\/\/www.lyceelecorbusier.eu\/dnmade-is\" target=\"_blank\" rel=\"noopener\">Site de la mention Innovation Sociale<\/a><br \/>\n\u2022 <a href=\"https:\/\/www.lyceelecorbusier.eu\/dnmade\/?page_id=479\" target=\"_blank\" rel=\"noopener\">Poser des questions aux enseignants \/ Consulter la FaQ<\/a><\/td>\n<\/tr>\n<tr style=\"height: 46px;\">\n<td style=\"width: 58.5594%; height: 46px;\">\n<h4><strong>DN MADe Graphisme<br \/>\n<\/strong>Design graphique et strat\u00e9gies de messages \u00e9crits et visuels<\/h4>\n<\/td>\n<td style=\"width: 41.4406%; height: 46px;\">\u2022 <a href=\"https:\/\/www.lyceelecorbusier.eu\/dnmade\/?p=69\" target=\"_blank\" rel=\"noopener\">Informations g\u00e9n\u00e9rales (site d\u00e9di\u00e9 aux 4 DN MADe du lyc\u00e9e)<\/a><br \/>\n\u2022 <a href=\"https:\/\/docs.google.com\/forms\/d\/e\/1FAIpQLSc2RrOZsmGkN1meiArUDgsPrnSSsLrqNf2tsDh5nSuOdk-bPA\/viewform?usp=sf_link\" target=\"_blank\" rel=\"noopener\">Poser des questions aux enseignants<\/a><br \/>\n\u2022 <a href=\"https:\/\/docs.google.com\/spreadsheets\/d\/1XN4kJP92QXCnnDn2z4tp_LxV-Ux1CJkfojf3jkZQW2U\/edit?usp=sharing\" target=\"_blank\" rel=\"noopener\">Trouver des r\u00e9ponses dans la FaQ<\/a><\/td>\n<\/tr>\n<tr style=\"height: 46px;\">\n<td style=\"width: 58.5594%; height: 46px;\">\n<h4><strong>DN MADe Espace<br \/>\n<\/strong>Sc\u00e9narii de l\u2019architecture et des espaces construits<\/h4>\n<\/td>\n<td style=\"width: 41.4406%; height: 46px;\">\u2022 <a href=\"https:\/\/www.lyceelecorbusier.eu\/dnmade\/?p=67\" target=\"_blank\" rel=\"noopener\">Informations g\u00e9n\u00e9rales (site d\u00e9di\u00e9 aux 4 DN MADe du lyc\u00e9e)<\/a><br \/>\n\u2022 <a href=\"https:\/\/spark.adobe.com\/page\/7sjNIDNTfgolT\/\" target=\"_blank\" rel=\"noopener\">Pr\u00e9sentation de la formation<\/a><br \/>\n\u2022 <a href=\"https:\/\/docs.google.com\/forms\/d\/e\/1FAIpQLSdUrYgSiJ3HMQShjv6mE2dcIhqHgh3hsnvZL-IwZPBzbd_zPg\/viewform?usp=sf_link\" target=\"_blank\" rel=\"noopener\">Poser des questions aux enseignants<\/a><br \/>\n\u2022 <a href=\"https:\/\/docs.google.com\/spreadsheets\/d\/1bzyKcV9rWpvl_nbkkoOSeB86wVtDgu5T52t4XLR3Yyg\/edit?usp=sharing\" target=\"_blank\" rel=\"noopener\">Trouver des r\u00e9ponses dans la FaQ<\/a><\/td>\n<\/tr>\n<tr style=\"background-image: url('https:\/\/www.lyceelecorbusier.eu\/jpo-2022\/wp-content\/uploads\/sites\/58\/2023\/02\/03.jpg');\">\n<td style=\"height: 62px; width: 100%;\" colspan=\"2\">\n<h4><\/h4>\n<\/td>\n<\/tr>\n<tr style=\"height: 28px;\">\n<td style=\"width: 58.5594%; height: 28px;\">\n<h2>DSAA \u2014 Dipl\u00f4me Sup\u00e9rieur d&#8217;Arts Appliques<\/h2>\n<\/td>\n<td style=\"width: 41.4406%; height: 28px;\"><a href=\"https:\/\/www.lyceelecorbusier.eu\/dsaa\/\" target=\"_blank\" rel=\"noopener\">\u2022 Site de l&#8217;InSituLab<\/a><\/td>\n<\/tr>\n<tr>\n<td style=\"width: 58.5594%;\">\n<h4><strong>InSituLab<\/strong><\/h4>\n<\/td>\n<td style=\"width: 41.4406%;\">L&#8217;\u00e9quipe de l&#8217;InSituLab fera une pr\u00e9sentation de la formation le vendredi 16\/02\/2024 \u00e0 17h00. Ce temps de pr\u00e9sentation sera suivi par un \u00e9change ouvert avec les personnes connect\u00e9es qui pourront poser des questions :<br \/>\n<a href=\"https:\/\/meet.jit.si\/Insitulab2024\" target=\"_blank\" rel=\"noopener\">https:\/\/meet.jit.si\/Insitulab2024<\/a><\/td>\n<\/tr>\n<tr style=\"height: 116px;\">\n<td style=\"width: 58.5594%; height: 116px;\">\n<h4><a href=\"https:\/\/www.lyceelecorbusier.eu\/jpo-2024\/?page_id=16\"><img loading=\"lazy\" class=\"alignnone wp-image-76\" src=\"https:\/\/www.lyceelecorbusier.eu\/jpo-2022\/wp-content\/uploads\/sites\/58\/2023\/02\/fleche-arr.png\" alt=\"\" width=\"80\" height=\"80\" \/><\/a><\/h4>\n<\/td>\n<td style=\"width: 41.4406%; height: 116px;\"><\/td>\n<\/tr>\n<\/tbody>\n<\/table>\n","protected":false},"excerpt":{"rendered":"<p>Baccalaur\u00e9at sciences et technologies du design &amp; des arts appliqu\u00e9s \u2022 Informations g\u00e9n\u00e9rales (Site national) \u2022 Vid\u00e9o de pr\u00e9sentation CCD &amp; STD2A Seconde CCD \u2014 option Cr\u00e9ation &amp; Culture Design \u2022 Poser des questions aux enseignants \u2022 Trouver&#8230; <a class=\"read-more\" href=\"https:\/\/www.lyceelecorbusier.eu\/jpo-2024\/pole-design\/\">Lire la suite&#8230;<\/a><\/p>\n","protected":false},"author":1,"featured_media":0,"parent":0,"menu_order":0,"comment_status":"closed","ping_status":"closed","template":"template-full.php","meta":[],"_links":{"self":[{"href":"https:\/\/www.lyceelecorbusier.eu\/jpo-2024\/wp-json\/wp\/v2\/pages\/30"}],"collection":[{"href":"https:\/\/www.lyceelecorbusier.eu\/jpo-2024\/wp-json\/wp\/v2\/pages"}],"about":[{"href":"https:\/\/www.lyceelecorbusier.eu\/jpo-2024\/wp-json\/wp\/v2\/types\/page"}],"author":[{"embeddable":true,"href":"https:\/\/www.lyceelecorbusier.eu\/jpo-2024\/wp-json\/wp\/v2\/users\/1"}],"replies":[{"embeddable":true,"href":"https:\/\/www.lyceelecorbusier.eu\/jpo-2024\/wp-json\/wp\/v2\/comments?post=30"}],"version-history":[{"count":16,"href":"https:\/\/www.lyceelecorbusier.eu\/jpo-2024\/wp-json\/wp\/v2\/pages\/30\/revisions"}],"predecessor-version":[{"id":619,"href":"https:\/\/www.lyceelecorbusier.eu\/jpo-2024\/wp-json\/wp\/v2\/pages\/30\/revisions\/619"}],"wp:attachment":[{"href":"https:\/\/www.lyceelecorbusier.eu\/jpo-2024\/wp-json\/wp\/v2\/media?parent=30"}],"curies":[{"name":"wp","href":"https:\/\/api.w.org\/{rel}","templated":true}]}}