{"id":38,"date":"2021-01-31T19:26:04","date_gmt":"2021-01-31T18:26:04","guid":{"rendered":"https:\/\/www.lyceelecorbusier.eu\/jpo-2021\/?page_id=38"},"modified":"2021-02-13T09:26:53","modified_gmt":"2021-02-13T08:26:53","slug":"les-rendez-vous-en-direct","status":"publish","type":"page","link":"https:\/\/www.lyceelecorbusier.eu\/jpo-2021\/?page_id=38","title":{"rendered":"Les rendez-vous en direct"},"content":{"rendered":"<p>&nbsp;<\/p>\n<table style=\"width: 100%; border-collapse: collapse; border-style: hidden;\" border=\"1\">\n<tbody>\n<tr style=\"background-image: url('https:\/\/www.lyceelecorbusier.eu\/wp-content\/uploads\/2021\/01\/01.jpg'); background-repeat: no-repeat;\">\n<td style=\"height: 62px; width: 100%;\" colspan=\"2\">\n<h4><\/h4>\n<\/td>\n<\/tr>\n<tr>\n<td style=\"width: 100%;\" colspan=\"2\">\n<h2>Lundi 8 f\u00e9vrier<\/h2>\n<\/td>\n<\/tr>\n<tr>\n<td style=\"width: 57.4576%;\">\n<h4>EPS, section sportive scolaire rugby, UNSS<\/h4>\n<\/td>\n<td style=\"width: 42.5424%;\"><a href=\"https:\/\/join.skype.com\/pU4w1BP2YSBS\" target=\"_blank\" rel=\"noopener\">Visio 16h \u00e0 17h<\/a><\/td>\n<\/tr>\n<tr style=\"background-image: url('https:\/\/www.lyceelecorbusier.eu\/wp-content\/uploads\/2021\/01\/02.jpg'); background-repeat: no-repeat;\">\n<td style=\"height: 62px; width: 100%;\" colspan=\"2\">\n<h4><\/h4>\n<\/td>\n<\/tr>\n<tr>\n<td style=\"width: 100%;\" colspan=\"2\">\n<h2>Mardi 9 f\u00e9vrier<\/h2>\n<\/td>\n<\/tr>\n<tr>\n<td style=\"width: 57.4576%;\">\n<h4>EPS, section sportive scolaire rugby, UNSS<\/h4>\n<\/td>\n<td style=\"width: 42.5424%;\"><a href=\"https:\/\/join.skype.com\/pU4w1BP2YSBS\" target=\"_blank\" rel=\"noopener\">Visio 9h \u00e0 10h<\/a><\/td>\n<\/tr>\n<tr style=\"background-image: url('https:\/\/www.lyceelecorbusier.eu\/wp-content\/uploads\/2021\/01\/03.jpg'); background-repeat: no-repeat;\">\n<td style=\"height: 62px; width: 100%;\" colspan=\"2\">\n<h4><\/h4>\n<\/td>\n<\/tr>\n<tr>\n<td style=\"width: 100%;\" colspan=\"2\">\n<h4>Mercredi 10 f\u00e9vrier<\/h4>\n<\/td>\n<\/tr>\n<tr>\n<td style=\"width: 57.4576%;\">\n<h4>BAC PRO Interventions sur le patrimoine b\u00e2ti (IPB)<\/h4>\n<\/td>\n<td style=\"width: 42.5424%;\"><a href=\"https:\/\/join.skype.com\/h4yfdwq47Eo7\" target=\"_blank\" rel=\"noopener\">Visio 13h \u00e0 17h30<\/a><\/td>\n<\/tr>\n<tr>\n<td style=\"width: 57.4576%;\">\n<h4>EPS, section sportive scolaire rugby, UNSS<\/h4>\n<\/td>\n<td style=\"width: 42.5424%;\"><a href=\"https:\/\/join.skype.com\/pU4w1BP2YSBS\" target=\"_blank\" rel=\"noopener\">Visio 16h \u00e0 17h<\/a><\/td>\n<\/tr>\n<tr style=\"background-image: url('https:\/\/www.lyceelecorbusier.eu\/wp-content\/uploads\/2021\/01\/04.jpg'); background-repeat: no-repeat;\">\n<td style=\"height: 62px; width: 100%;\" colspan=\"2\">\n<h4><\/h4>\n<\/td>\n<\/tr>\n<tr>\n<td style=\"width: 100%;\" colspan=\"2\">\n<h2>Jeudi 11 f\u00e9vrier<\/h2>\n<\/td>\n<\/tr>\n<tr>\n<td style=\"width: 57.4576%;\">\n<h4>EPS, section sportive scolaire rugby, UNSS<\/h4>\n<\/td>\n<td style=\"width: 42.5424%;\"><a href=\"https:\/\/join.skype.com\/pU4w1BP2YSBS\" target=\"_blank\" rel=\"noopener\">Visio 17h \u00e0 18h<\/a><\/td>\n<\/tr>\n<tr style=\"background-image: url('https:\/\/www.lyceelecorbusier.eu\/wp-content\/uploads\/2021\/01\/05.jpg'); background-repeat: no-repeat;\">\n<td style=\"height: 62px; width: 100%;\" colspan=\"2\">\n<h4><\/h4>\n<\/td>\n<\/tr>\n<tr>\n<td style=\"width: 100%;\" colspan=\"2\">\n<h2>Vendredi 12 f\u00e9vrier<\/h2>\n<\/td>\n<\/tr>\n<tr>\n<td style=\"width: 57.4576%;\">\n<h4>3 Pr\u00e9pa M\u00e9tiers<\/h4>\n<\/td>\n<td style=\"width: 42.5424%;\"><a href=\"https:\/\/join.skype.com\/g3jGzzJ4Gyug\" target=\"_blank\" rel=\"noopener\">Visio 17h30 \u00e0 18h30<\/a><\/td>\n<\/tr>\n<tr>\n<td style=\"width: 57.4576%;\">\n<h4>ULIS<\/h4>\n<\/td>\n<td style=\"width: 42.5424%;\"><a href=\"https:\/\/join.skype.com\/jgaHivW69Rvd\" target=\"_blank\" rel=\"noopener\">Visio 14h \u00e0 15h<\/a><\/td>\n<\/tr>\n<tr>\n<td style=\"width: 57.4576%;\">\n<h4>Sp\u00e9cialit\u00e9 LLCE anglais<\/h4>\n<\/td>\n<td style=\"width: 42.5424%;\"><a href=\"https:\/\/meet.jit.si\/Specialite-LLCE-anglais\" target=\"_blank\" rel=\"noopener\">Visio de 19h \u00e0 20h<\/a><\/td>\n<\/tr>\n<tr>\n<td style=\"width: 57.4576%;\" width=\"359\">\n<h4>Les maths en 1re STI2D<\/h4>\n<\/td>\n<td style=\"width: 42.5424%;\"><a href=\"https:\/\/lycee.cned.fr\/cv\/237031\/323\" target=\"_blank\" rel=\"noopener\">Visio de 13h \u00e0 14h<\/a><\/td>\n<\/tr>\n<tr>\n<td style=\"width: 57.4576%;\">\n<h4>Les maths en fili\u00e8re Arts Appliqu\u00e9s<\/h4>\n<\/td>\n<td style=\"width: 42.5424%;\"><a href=\"https:\/\/lycee.cned.fr\/cv\/236487\/131\" target=\"_blank\" rel=\"noopener\">Visio de 14h \u00e0 16h<\/a><\/td>\n<\/tr>\n<tr>\n<td style=\"width: 57.4576%;\" width=\"359\">\n<h4>Sp\u00e9cialit\u00e9 Maths en fili\u00e8re g\u00e9n\u00e9rale et options de terminale<\/h4>\n<\/td>\n<td style=\"width: 42.5424%;\"><a href=\"https:\/\/meet.jit.si\/JPOLeCorbusierSp%C3%A9cialit%C3%A9Maths\" target=\"_blank\" rel=\"noopener\">Visio de 14h15 \u00e0 16h15<\/a><\/td>\n<\/tr>\n<tr>\n<td style=\"width: 57.4576%;\">\n<h4>SVT<\/h4>\n<\/td>\n<td style=\"width: 42.5424%;\"><a href=\"https:\/\/eu.bbcollab.com\/invite\/bbdf48af918c44a6a40c02b3402015ac\" target=\"_blank\" rel=\"noopener\">Visio de 16h15 \u00e0 18h<\/a><\/td>\n<\/tr>\n<tr>\n<td style=\"width: 57.4576%;\">\n<h4>EPS, section sportive scolaire rugby, UNSS<\/h4>\n<\/td>\n<td style=\"width: 42.5424%;\"><a href=\"https:\/\/join.skype.com\/pU4w1BP2YSBS\" target=\"_blank\" rel=\"noopener\">Visio 9h \u00e0 11h &amp; de 16h \u00e0 18h<\/a><\/td>\n<\/tr>\n<tr>\n<td style=\"width: 57.4576%;\">\n<h4>BAC PRO Interventions sur le patrimoine b\u00e2ti (IPB)<\/h4>\n<\/td>\n<td style=\"width: 42.5424%;\"><a href=\"https:\/\/join.skype.com\/h4yfdwq47Eo7\" target=\"_blank\" rel=\"noopener\">Visio 8h \u00e0 12h &amp; de 14h \u00e0 19h<\/a><\/td>\n<\/tr>\n<tr>\n<td style=\"width: 57.4576%;\" width=\"359\">\n<h4>BAC PRO Technicien \u00c9tude B\u00e2timent<\/h4>\n<\/td>\n<td style=\"width: 42.5424%;\" width=\"117\"><a href=\"https:\/\/join.skype.com\/invite\/mDvDU2T1Mmg3\" target=\"_blank\" rel=\"noopener\">Visio de15 h \u00e0 17h<\/a><\/td>\n<\/tr>\n<tr>\n<td style=\"width: 57.4576%;\">\n<h4>BTS B\u00e2timent<\/h4>\n<\/td>\n<td style=\"width: 42.5424%;\"><a href=\"https:\/\/zoom.us\/j\/99487121248?pwd=VFZwbExIMXBHWGsxdXRUTFVTTVVuZz09\" target=\"_blank\" rel=\"noopener\">Visio de13h \u00e0 18h<\/a><\/td>\n<\/tr>\n<tr>\n<td style=\"width: 57.4576%;\">\n<h4>BTS Travaux Publics<\/h4>\n<\/td>\n<td style=\"width: 42.5424%;\"><a href=\"https:\/\/zoom.us\/j\/96059298638?pwd=OUt6U1l5Q1loamdWMmRwdWRvbVZJZz09\" target=\"_blank\" rel=\"noopener\">Visio de 14h \u00e0 18h<\/a><br \/>\nID de r\u00e9union : 960 5929 8638 \/ Code : 6M8HvC<\/td>\n<\/tr>\n<tr>\n<td style=\"width: 57.4576%;\">\n<h4>BTS Management de l&#8217;\u00c9conomie de la Construction<\/h4>\n<\/td>\n<td style=\"width: 42.5424%;\"><a href=\"https:\/\/join.skype.com\/kNU29TUHyn5V\" target=\"_blank\" rel=\"noopener\">Visio de 14h \u00e0 15h &amp; de 17h \u00e0 18h<\/a><\/td>\n<\/tr>\n<tr>\n<td style=\"width: 57.4576%;\">\n<h4>CAP \u00c9lectricien<\/h4>\n<\/td>\n<td style=\"width: 42.5424%;\"><a href=\"https:\/\/join.skype.com\/adLJ4oNWWlNF\" target=\"_blank\" rel=\"noopener\">Visio de 13h30 \u00e0 14h30<\/a><\/td>\n<\/tr>\n<tr>\n<td style=\"width: 57.4576%;\">\n<h4>Bac Pro MELEC<\/h4>\n<\/td>\n<td style=\"width: 42.5424%;\"><a href=\"https:\/\/join.skype.com\/adLJ4oNWWlNF\" target=\"_blank\" rel=\"noopener\">Visio de 14h30 \u00e0 16h30<\/a><\/td>\n<\/tr>\n<tr>\n<td style=\"width: 57.4576%;\">\n<h4>CAP MIS Monteur en Installations Sanitaires<\/h4>\n<\/td>\n<td style=\"width: 42.5424%;\"><a href=\"mailto:Rodolphe.Razet1@ac-strasbourg.fr\" target=\"_blank\" rel=\"noopener\">Visio sur pr\u00e9-inscription de 15h \u00e0 16h30<\/a><\/td>\n<\/tr>\n<tr>\n<td style=\"width: 57.4576%;\">\n<h4>BAC PRO TISEC<br \/>\nInstallation des Syst\u00e8mes \u00c9nerg\u00e9tiques et Climatiques<\/h4>\n<\/td>\n<td style=\"width: 42.5424%;\"><a href=\"mailto:eric.moio@ac-strasbourg.fr\" target=\"_blank\" rel=\"noopener\">Visio sur pr\u00e9-inscription de 14h \u00e0 16h30<\/a><\/td>\n<\/tr>\n<tr>\n<td style=\"width: 57.4576%;\" width=\"359\">\n<h4>BTS FED option A\u00a0 G\u00e9nie Climatique et fluidique<\/h4>\n<\/td>\n<td style=\"width: 42.5424%;\"><a href=\"mailto:yussuf.ayyildiz@ac-strasbourg.fr\">Visio sur pr\u00e9-inscription de 14h \u00e0 14h30 &amp; 15h30 \u00e0 16h<\/a><\/td>\n<\/tr>\n<tr>\n<td style=\"width: 57.4576%;\">\n<h4>BAC STD2A, Seconde CCD<\/h4>\n<\/td>\n<td style=\"width: 42.5424%;\"><a href=\"https:\/\/meet.jit.si\/Visio2ndeCCDSTD2A\" target=\"_blank\" rel=\"noopener\">Visio \u00e0 13h, 14h, 15h, 16h, 17h<\/a><\/td>\n<\/tr>\n<tr>\n<td style=\"width: 57.4576%;\">\n<h4>Du CAP SM au BAC PRO OBM (m\u00e9tallerie)<\/h4>\n<\/td>\n<td style=\"width: 42.5424%;\"><a href=\"https:\/\/formationmetallerie.wixsite.com\/metallerie-corbusier\" target=\"_blank\" rel=\"noopener\">Visio de 13h \u00e0 17h<\/a><\/td>\n<\/tr>\n<tr>\n<td style=\"width: 57.4576%;\">\n<h4>DN MADe Mat\u00e9riaux<\/h4>\n<\/td>\n<td style=\"width: 42.5424%;\"><a href=\"https:\/\/eu.bbcollab.com\/guest\/f81861d44711411a8bf7d8019f8828da\" target=\"_blank\" rel=\"noopener\">Visio<\/a> <a href=\"https:\/\/eu.bbcollab.com\/guest\/f81861d44711411a8bf7d8019f8828da\" target=\"_blank\" rel=\"noopener\">de 13h15 \u00e0 15h45 (\u00e9tudiants + enseignant) &amp; de 16h30 \u00e0 18h (enseignant), voir modalit\u00e9s dans le tchat de la visio.<\/a><\/td>\n<\/tr>\n<tr>\n<td style=\"width: 57.4576%;\">\n<h4>DN MADe Graphisme<\/h4>\n<\/td>\n<td style=\"width: 42.5424%;\"><a href=\"http:\/\/meet.google.com\/nta-vikc-mxj\" target=\"_blank\" rel=\"noopener\">Visio de 11h \u00e0 12h<\/a><a href=\"http:\/\/meet.google.com\/nta-vikc-mxj\" target=\"_blank\" rel=\"noopener\"> et de 16h \u00e0 17h<\/a><\/td>\n<\/tr>\n<tr>\n<td style=\"width: 57.4576%;\">\n<h4>DN MADe Innovation sociale<\/h4>\n<\/td>\n<td style=\"width: 42.5424%;\"><a href=\"https:\/\/docs.google.com\/forms\/d\/e\/1FAIpQLSc6BQr-p5C-OPNpI7wR8uYh0honS1mcdfLZ1ciE1ofbMjKDtg\/viewform?vc=0&amp;c=0&amp;w=1&amp;flr=0&amp;usp=mail_form_link\" target=\"_blank\" rel=\"noopener\">L&#8217;apr\u00e8s-midi, discuter de la formation avec des enseignants et\/ou des \u00e9tudiants en visio (sur rendez-vous).<\/a><\/td>\n<\/tr>\n<tr>\n<td style=\"width: 57.4576%;\">\n<h4>DN MADe Espace<\/h4>\n<\/td>\n<td style=\"width: 42.5424%;\">Visio, \u00e9changes avec les enseignants et les \u00e9tudiants<br \/>\n<a href=\"https:\/\/meet.jit.si\/JPODNMADeESPACEvisio1\" target=\"_blank\" rel=\"noopener\">13h \u00e0 14h<\/a> \/ <a href=\"https:\/\/meet.jit.si\/JPODNMADeESPACEvisio2\" target=\"_blank\" rel=\"noopener\">14h \u00e0 15h<\/a> \/ <a href=\"https:\/\/meet.jit.si\/JPODNMADeESPACEvisio1\" target=\"_blank\" rel=\"noopener\">15h \u00e0 16h<\/a> \/ <a href=\"https:\/\/meet.jit.si\/JPODNMADeESPACEvisio2\" target=\"_blank\" rel=\"noopener\">16h \u00e0 17h<\/a> \/ <a href=\"https:\/\/meet.jit.si\/JPODNMADeESPACEvisio1\" target=\"_blank\" rel=\"noopener\">17h \u00e0 18h<\/a><\/td>\n<\/tr>\n<tr>\n<td style=\"width: 57.4576%;\">\n<h4>DSAA<\/h4>\n<\/td>\n<td style=\"width: 42.5424%;\"><a href=\"https:\/\/www.lyceelecorbusier.eu\/dsaa\/\" target=\"_blank\" rel=\"noopener\">Visio de 13h \u00e0 18h<\/a><\/td>\n<\/tr>\n<tr style=\"background-image: url('https:\/\/www.lyceelecorbusier.eu\/wp-content\/uploads\/2021\/01\/07.jpg'); background-repeat: no-repeat;\">\n<td style=\"height: 62px; width: 100%;\" colspan=\"2\"><\/td>\n<\/tr>\n<tr>\n<td style=\"width: 100%;\" colspan=\"2\">\n<h2>Samedi 13 f\u00e9vrier<\/h2>\n<\/td>\n<\/tr>\n<tr>\n<td style=\"width: 57.4576%;\">\n<h4>3 Pr\u00e9pa M\u00e9tiers<\/h4>\n<\/td>\n<td style=\"width: 42.5424%;\"><a href=\"https:\/\/join.skype.com\/kPEsLLku20Tl\" target=\"_blank\" rel=\"noopener\">Visio de 11h \u00e0 12h<\/a><\/td>\n<\/tr>\n<tr>\n<td style=\"width: 57.4576%;\">\n<h4>ULIS<\/h4>\n<\/td>\n<td style=\"width: 42.5424%;\"><a href=\"https:\/\/join.skype.com\/jgaHivW69Rvd\" target=\"_blank\" rel=\"noopener\">Visio de 10h \u00e0 11h<\/a><\/td>\n<\/tr>\n<tr>\n<td style=\"width: 57.4576%;\">\n<h4>L&#8217;option MSIAD en Seconde<\/h4>\n<\/td>\n<td style=\"width: 42.5424%;\"><a href=\"https:\/\/join.skype.com\/lfMUhjMSRKdp\" target=\"_blank\" rel=\"noopener\">Visio \u00e0 10h<\/a><\/td>\n<\/tr>\n<tr>\n<td style=\"width: 57.4576%;\">\n<h4>Les sections europ\u00e9ennes &amp; Erasmus<\/h4>\n<\/td>\n<td style=\"width: 42.5424%;\"><a href=\"https:\/\/join.skype.com\/msSDDn4fWWdz\" target=\"_blank\" rel=\"noopener\">Visio \u00e0 11h<\/a><\/td>\n<\/tr>\n<tr>\n<td style=\"width: 57.4576%;\" width=\"359\">\n<h4>Maths en Seconde et Premi\u00e8re g\u00e9n\u00e9rale<\/h4>\n<\/td>\n<td style=\"width: 42.5424%;\"><a href=\"https:\/\/meet.jit.si\/JPO_MATHS_SECONDE_PREMIERE\" target=\"_blank\" rel=\"noopener\">Visio de 9h \u00e0 12h<\/a><\/td>\n<\/tr>\n<tr>\n<td style=\"width: 57.4576%;\">\n<h4>SVT<\/h4>\n<\/td>\n<td style=\"width: 42.5424%;\"><a href=\"https:\/\/lycee.cned.fr\/cv\/235740\/273\" target=\"_blank\" rel=\"noopener\">Visio de 9h \u00e0 11h<\/a><br \/>\n<a href=\"https:\/\/meet.jit.si\/ImmediateDocumentariesTypeRapidly\" target=\"_blank\" rel=\"noopener\">Visio de 11h \u00e0 13h<\/a><\/td>\n<\/tr>\n<tr>\n<td style=\"width: 57.4576%;\">\n<h4>EPS, section sportive scolaire rugby, UNSS<\/h4>\n<\/td>\n<td style=\"width: 42.5424%;\"><a href=\"https:\/\/join.skype.com\/pU4w1BP2YSBS\" target=\"_blank\" rel=\"noopener\">Visio 9h \u00e0 13h<\/a><\/td>\n<\/tr>\n<tr>\n<td style=\"width: 57.4576%;\" width=\"359\">\n<h4>BAC PRO Technicien \u00c9tude B\u00e2timent<\/h4>\n<\/td>\n<td style=\"width: 42.5424%;\" width=\"117\"><a href=\"https:\/\/join.skype.com\/invite\/mDvDU2T1Mmg3\" target=\"_blank\" rel=\"noopener\">Visio de10 h \u00e0 12h<\/a><\/td>\n<\/tr>\n<tr>\n<td style=\"width: 57.4576%;\">\n<h4>BAC PRO Interventions sur le patrimoine b\u00e2ti (IPB)<\/h4>\n<\/td>\n<td style=\"width: 42.5424%;\"><a href=\"https:\/\/join.skype.com\/h4yfdwq47Eo7\" target=\"_blank\" rel=\"noopener\">Visio 8h \u00e0 12h<\/a><\/td>\n<\/tr>\n<tr>\n<td style=\"width: 57.4576%;\">\n<h4>BTS B\u00e2timent<\/h4>\n<\/td>\n<td style=\"width: 42.5424%;\"><a href=\"https:\/\/zoom.us\/j\/99487121248?pwd=VFZwbExIMXBHWGsxdXRUTFVTTVVuZz09\" target=\"_blank\" rel=\"noopener\">Visio de 9h \u00e0 13h<\/a><\/td>\n<\/tr>\n<tr>\n<td style=\"width: 57.4576%;\">\n<h4>BTS Travaux Publics<\/h4>\n<\/td>\n<td style=\"width: 42.5424%;\"><a href=\"https:\/\/us02web.zoom.us\/j\/7869655664?pwd=NzhtNm83S0dWVjdYTUUzeEJvV1dsQT09\" target=\"_blank\" rel=\"noopener\">Visio \u00e0 partir de 9h<\/a><\/td>\n<\/tr>\n<tr>\n<td style=\"width: 57.4576%;\">\n<h4>CAP Carreleur<\/h4>\n<\/td>\n<td style=\"width: 42.5424%;\"><a href=\"https:\/\/join.skype.com\/feXQmYT5KNyl\" target=\"_blank\" rel=\"noopener\">Visio 9h \u00e0 11h<\/a><\/td>\n<\/tr>\n<tr>\n<td style=\"width: 57.4576%;\">\n<h4>CAP \u00c9lectricien<\/h4>\n<\/td>\n<td style=\"width: 42.5424%;\"><a href=\"https:\/\/join.skype.com\/adLJ4oNWWlNF\" target=\"_blank\" rel=\"noopener\">Visio de 10h \u00e0 11h<\/a><\/td>\n<\/tr>\n<tr>\n<td style=\"width: 57.4576%;\">\n<h4>Bac Pro MELEC<\/h4>\n<\/td>\n<td style=\"width: 42.5424%;\"><a href=\"https:\/\/join.skype.com\/adLJ4oNWWlNF\" target=\"_blank\" rel=\"noopener\">Visio de 9h \u00e0 10h<\/a><\/td>\n<\/tr>\n<tr>\n<td style=\"width: 57.4576%;\">\n<h4>CAP MIS Monteur en Installations Sanitaires<\/h4>\n<\/td>\n<td style=\"width: 42.5424%;\"><a href=\"mailto:Rodolphe.Razet1@ac-strasbourg.fr\" target=\"_blank\" rel=\"noopener\">Visio sur pr\u00e9-inscription de 9h30 \u00e0 10h &amp; 10h30 \u00e0 11h<\/a><\/td>\n<\/tr>\n<tr>\n<td style=\"width: 57.4576%;\">\n<h4>BAC PRO TISEC<br \/>\nInstallation des Syst\u00e8mes \u00c9nerg\u00e9tiques et Climatiques<\/h4>\n<\/td>\n<td style=\"width: 42.5424%;\"><a href=\"mailto:eric.moio@ac-strasbourg.fr\" target=\"_blank\" rel=\"noopener\">Visio sur pr\u00e9-inscription de 9h \u00e0 9h30 &amp; de 10h \u00e0 10h30 <\/a><\/td>\n<\/tr>\n<tr>\n<td style=\"width: 57.4576%;\" width=\"359\">\n<h4>BTS FED option A\u00a0 G\u00e9nie Climatique et fluidique<\/h4>\n<\/td>\n<td style=\"width: 42.5424%;\"><a href=\"mailto:yussuf.ayyildiz@ac-strasbourg.fr\">Visio sur pr\u00e9-inscription de 9h \u00e0 9h30 &amp; 10h \u00e0 10h30<\/a><\/td>\n<\/tr>\n<tr>\n<td style=\"width: 57.4576%;\">\n<h4>BTS Management de l&#8217;\u00c9conomie de la Construction<\/h4>\n<\/td>\n<td style=\"width: 42.5424%;\"><a href=\"https:\/\/join.skype.com\/kNU29TUHyn5V\" target=\"_blank\" rel=\"noopener\">Visio de 9h \u00e0 13h<\/a><\/td>\n<\/tr>\n<tr>\n<td style=\"width: 57.4576%;\">\n<h4>BAC STD2A, Seconde CCD<\/h4>\n<\/td>\n<td style=\"width: 42.5424%;\"><a href=\"https:\/\/meet.jit.si\/Visio2ndeCCDSTD2A\" target=\"_blank\" rel=\"noopener\">Visio \u00e0 8h30, 9h30, 10h30, 11h30, 12h30<\/a><\/td>\n<\/tr>\n<tr>\n<td style=\"width: 57.4576%;\">\n<h4>Du CAP SM au BAC PRO OBM (m\u00e9tallerie)<\/h4>\n<\/td>\n<td style=\"width: 42.5424%;\"><a href=\"https:\/\/formationmetallerie.wixsite.com\/metallerie-corbusier\" target=\"_blank\" rel=\"noopener\">Visio de 8h \u00e0 12h<\/a><\/td>\n<\/tr>\n<tr>\n<td style=\"width: 57.4576%;\">\n<h4>DN MADe Graphisme<\/h4>\n<\/td>\n<td style=\"width: 42.5424%;\"><a href=\"http:\/\/meet.google.com\/nta-vikc-mxj\" target=\"_blank\" rel=\"noopener\">Visio de 11h \u00e0 12h<\/a><\/td>\n<\/tr>\n<tr>\n<td style=\"width: 57.4576%;\">\n<h4>DN MADe Innovation sociale<\/h4>\n<\/td>\n<td style=\"width: 42.5424%;\"><a href=\"https:\/\/docs.google.com\/forms\/d\/e\/1FAIpQLSc6BQr-p5C-OPNpI7wR8uYh0honS1mcdfLZ1ciE1ofbMjKDtg\/viewform?vc=0&amp;c=0&amp;w=1&amp;flr=0&amp;usp=mail_form_link\" target=\"_blank\" rel=\"noopener\">Le matin, discuter de la formation avec des enseignants et\/ou des \u00e9tudiants en visio (sur rendez-vous).<\/a><\/td>\n<\/tr>\n<tr>\n<td style=\"width: 57.4576%;\">\n<h4>DN MADe Mat\u00e9riaux<\/h4>\n<\/td>\n<td style=\"width: 42.5424%;\">Visio <a href=\"https:\/\/us02web.zoom.us\/j\/4615168967?pwd=SzFMbG9KVjUxMTExdUJubE9abzkrUT09\" target=\"_blank\" rel=\"noopener\">de 9h \u00e0 10h<\/a> &amp; <a href=\"https:\/\/us02web.zoom.us\/j\/4615168967?pwd=SzFMbG9KVjUxMTExdUJubE9abzkrUT09\" target=\"_blank\" rel=\"noopener\">de 11h \u00e0 12h<\/a><br \/>\nID de r\u00e9union : 461 516 8967 \/ Code : 501784<\/td>\n<\/tr>\n<tr>\n<td style=\"width: 57.4576%;\">\n<h4>DN MADe Espace<\/h4>\n<\/td>\n<td style=\"width: 42.5424%;\">Visio, \u00e9changes avec les enseignants et les \u00e9tudiants<br \/>\n\u2022\u00a0 <a href=\"https:\/\/meet.jit.si\/JPODNMADeESPACEvisio1\" target=\"_blank\" rel=\"noopener\">9h \u00e0 10h<\/a> \/ <a href=\"https:\/\/meet.jit.si\/JPODNMADeESPACEvisio2\" target=\"_blank\" rel=\"noopener\">10h \u00e0 11h<\/a> \/ <a href=\"https:\/\/meet.jit.si\/JPODNMADeESPACEvisio1\" target=\"_blank\" rel=\"noopener\">11h \u00e0 12h<\/a><\/td>\n<\/tr>\n<tr>\n<td style=\"width: 100%;\" colspan=\"2\">\n<h4><a href=\"https:\/\/www.lyceelecorbusier.eu\/jpo-2021\/?page_id=16\"><img loading=\"lazy\" class=\"alignnone wp-image-76\" src=\"http:\/\/www.lyceelecorbusier.eu\/jpo-2021\/wp-content\/uploads\/sites\/54\/2021\/01\/1rond-inv.png\" alt=\"\" width=\"80\" height=\"80\" srcset=\"https:\/\/www.lyceelecorbusier.eu\/jpo-2021\/wp-content\/uploads\/sites\/54\/2021\/01\/1rond-inv.png 251w, https:\/\/www.lyceelecorbusier.eu\/jpo-2021\/wp-content\/uploads\/sites\/54\/2021\/01\/1rond-inv-150x150.png 150w\" sizes=\"(max-width: 80px) 100vw, 80px\" \/><\/a><\/h4>\n<\/td>\n<\/tr>\n<\/tbody>\n<\/table>\n","protected":false},"excerpt":{"rendered":"<p>&nbsp; Lundi 8 f\u00e9vrier EPS, section sportive scolaire rugby, UNSS Visio 16h \u00e0 17h Mardi 9 f\u00e9vrier EPS, section sportive scolaire rugby, UNSS Visio 9h \u00e0 10h Mercredi 10 f\u00e9vrier BAC PRO Interventions sur le patrimoine b\u00e2ti (IPB)&#8230; <a class=\"read-more\" href=\"https:\/\/www.lyceelecorbusier.eu\/jpo-2021\/?page_id=38\">Lire la suite&#8230;<\/a><\/p>\n","protected":false},"author":1,"featured_media":11,"parent":0,"menu_order":0,"comment_status":"closed","ping_status":"closed","template":"template-full.php","meta":[],"_links":{"self":[{"href":"https:\/\/www.lyceelecorbusier.eu\/jpo-2021\/index.php?rest_route=\/wp\/v2\/pages\/38"}],"collection":[{"href":"https:\/\/www.lyceelecorbusier.eu\/jpo-2021\/index.php?rest_route=\/wp\/v2\/pages"}],"about":[{"href":"https:\/\/www.lyceelecorbusier.eu\/jpo-2021\/index.php?rest_route=\/wp\/v2\/types\/page"}],"author":[{"embeddable":true,"href":"https:\/\/www.lyceelecorbusier.eu\/jpo-2021\/index.php?rest_route=\/wp\/v2\/users\/1"}],"replies":[{"embeddable":true,"href":"https:\/\/www.lyceelecorbusier.eu\/jpo-2021\/index.php?rest_route=%2Fwp%2Fv2%2Fcomments&post=38"}],"version-history":[{"count":50,"href":"https:\/\/www.lyceelecorbusier.eu\/jpo-2021\/index.php?rest_route=\/wp\/v2\/pages\/38\/revisions"}],"predecessor-version":[{"id":304,"href":"https:\/\/www.lyceelecorbusier.eu\/jpo-2021\/index.php?rest_route=\/wp\/v2\/pages\/38\/revisions\/304"}],"wp:featuredmedia":[{"embeddable":true,"href":"https:\/\/www.lyceelecorbusier.eu\/jpo-2021\/index.php?rest_route=\/wp\/v2\/media\/11"}],"wp:attachment":[{"href":"https:\/\/www.lyceelecorbusier.eu\/jpo-2021\/index.php?rest_route=%2Fwp%2Fv2%2Fmedia&parent=38"}],"curies":[{"name":"wp","href":"https:\/\/api.w.org\/{rel}","templated":true}]}}