{"id":16,"date":"2021-01-31T17:23:34","date_gmt":"2021-01-31T16:23:34","guid":{"rendered":"https:\/\/www.lyceelecorbusier.eu\/jpo-2021\/?page_id=16"},"modified":"2021-02-13T08:45:06","modified_gmt":"2021-02-13T07:45:06","slug":"16-2","status":"publish","type":"page","link":"https:\/\/www.lyceelecorbusier.eu\/jpo-2021\/?page_id=16","title":{"rendered":"Portes Ouvertes Virtuelles 2021<br> du 8 au 13 f\u00e9vrier 2021"},"content":{"rendered":"<table style=\"width: 100%; border-collapse: collapse; border-style: hidden; height: 1510px;\" border=\"1\">\n<tbody>\n<tr style=\"background-image: url('https:\/\/www.lyceelecorbusier.eu\/wp-content\/uploads\/2021\/01\/01.jpg'); background-repeat: no-repeat;\">\n<td style=\"height: 62px; width: 100%;\" colspan=\"2\"><\/td>\n<\/tr>\n<tr style=\"height: 62px;\">\n<td style=\"width: 100%; height: 62px;\" colspan=\"2\">\n<h2>LE D\u00c9ROULEMENT DES JOURN\u00c9ES PORTES OUVERTES<\/h2>\n<p>Les JPO 2021 du lyc\u00e9e Le Corbusier se d\u00e9roulent entre le 8 et le 13 f\u00e9vrier 2021. En raison des conditions sanitaires elles prennent une forme exceptionnelle. Tous les \u00e9v\u00e8nements, toutes les informations sont accessibles en ligne \u00e0 partir de cette page.<\/td>\n<\/tr>\n<tr style=\"background-image: url('https:\/\/www.lyceelecorbusier.eu\/wp-content\/uploads\/2021\/01\/02.jpg'); background-repeat: no-repeat;\">\n<td style=\"height: 62px; width: 100%;\" colspan=\"2\"><\/td>\n<\/tr>\n<tr style=\"height: 62px;\">\n<td style=\"height: 62px; width: 100%;\" colspan=\"2\">\n<h2>LA PR\u00c9SENTATION DE L&#8217;\u00c9TABLISSEMENT<\/h2>\n<\/td>\n<\/tr>\n<tr style=\"height: 46px;\">\n<td style=\"height: 46px; width: 58.8136%;\">\n<h4>Le mot du proviseur<\/h4>\n<\/td>\n<td style=\"width: 41.1864%;\">\n<!-- iframe plugin v.5.1 wordpress.org\/plugins\/iframe\/ -->\n<iframe width=\"560\" height=\"315\" sandbox=\"allow-same-origin allow-scripts allow-popups\" src=\"https:\/\/tube-strasbourg.beta.education.fr\/videos\/embed\/bee5c927-140c-4076-a508-62bc4a3b7de2\" frameborder=\"0\" 0=\"allowfullscreen\" scrolling=\"yes\" class=\"iframe-class\"><\/iframe>\n<\/td>\n<\/tr>\n<tr>\n<td style=\"width: 58.8136%;\">\n<h4>Pr\u00e9sentation du lyc\u00e9e<\/h4>\n<\/td>\n<td style=\"width: 41.1864%;\">\u2022 <a href=\"https:\/\/echanges.ac-strasbourg.fr\/oc\/index.php\/s\/p8ioz05y8Lu9uoL\" target=\"_blank\" rel=\"noopener\">Pr\u00e9sentation du lyc\u00e9e<\/a><br \/>\n\u2022 <a href=\"https:\/\/youtu.be\/4yr_HZjXY3E\" target=\"_blank\" rel=\"noopener\">Vue a\u00e9rienne du lyc\u00e9e<\/a><br \/>\n\u2022 <a href=\"https:\/\/docs.google.com\/forms\/d\/e\/1FAIpQLSdCPtjRlHFMnjBN6c7TdUhe-4nZw-bZRC641OXCeiEE22IM8Q\/viewform?usp=sf_link\" target=\"_blank\" rel=\"noopener\">Poser une question<\/a><br \/>\n\u2022 <a href=\"https:\/\/docs.google.com\/spreadsheets\/d\/1UL-_64G0nCOzj8iY4BfDywE7SYVQxPl1NW8TVYB63GU\/edit?usp=sharing\" target=\"_blank\" rel=\"noopener\">La FaQ<\/a><\/td>\n<\/tr>\n<tr style=\"height: 28px;\">\n<td style=\"width: 58.8136%; height: 28px;\">\n<h4>Le CDI<\/h4>\n<\/td>\n<td style=\"width: 41.1864%; height: 28px;\">\u2022 <a href=\"https:\/\/0672198a.esidoc.fr\/site\/jpo-journees-portes-ouvertes-numeriques-2021\" target=\"_blank\" rel=\"noopener\">Pr\u00e9sentation du CDI<\/a><\/td>\n<\/tr>\n<tr style=\"height: 46px;\">\n<td style=\"width: 58.8136%; height: 46px;\">\n<h4>Erasmus, cellule internationale, section europ\u00e9ennes<\/h4>\n<\/td>\n<td style=\"width: 41.1864%; height: 46px;\">\u2022 <a href=\"http:\/\/www.lyceelecorbusier.eu\/erasmus\/\" target=\"_blank\" rel=\"noopener\">Site Erasmus du lyc\u00e9e<\/a><\/td>\n<\/tr>\n<tr style=\"height: 46px;\">\n<td style=\"width: 58.8136%; height: 46px;\">\n<h4>Internat, restaurant scolaire<\/h4>\n<\/td>\n<td style=\"width: 41.1864%; height: 46px;\">\u2022 <a href=\"https:\/\/www.cjoint.com\/data\/KADiwDLQHpc_Internat-JPO.pdf\" target=\"_blank\" rel=\"noopener\">Internat<\/a><br \/>\n\u2022 <a href=\"http:\/\/www.lyceelecorbusier.eu\/jpo-2021\/wp-content\/uploads\/sites\/54\/2021\/02\/2021-intendance-corbu-comp2.pdf\" target=\"_blank\" rel=\"noopener\">Restauration scolaire \/ Tarifs demi-pension &amp; internat<\/a><\/td>\n<\/tr>\n<tr style=\"height: 46px;\">\n<td style=\"width: 58.8136%; height: 46px;\">\n<h4>EPS, section sportive scolaire rugby, UNSS<\/h4>\n<\/td>\n<td style=\"width: 41.1864%; height: 46px;\">\u2022 <a href=\"https:\/\/youtu.be\/Jn2teU_rK74\" target=\"_blank\" rel=\"noopener\">Pr\u00e9sentation vid\u00e9o<\/a><br \/>\n\u2022 <a href=\"https:\/\/docs.google.com\/document\/d\/1ytdP1Vbs2niPu0IGm4a_RWckAHD8_8Rty3YhcyfCQjE\/edit?usp=drivesdk\" target=\"_blank\" rel=\"noopener\">FAQ<\/a><br \/>\n\u2022 <a href=\"https:\/\/www.lyceelecorbusier.eu\/jpo-2021\/?page_id=38\">Visio<\/a><\/td>\n<\/tr>\n<tr style=\"height: 46px;\">\n<td style=\"width: 58.8136%; height: 46px;\">\n<h4>Mission d&#8217;accueil &amp; d&#8217;accompagnement : LATI, ULIS, MOAF<\/h4>\n<\/td>\n<td style=\"width: 41.1864%; height: 46px;\">\u2022 <a href=\"https:\/\/lati.webflow.io\/\" target=\"_blank\" rel=\"noopener\">LATI (Lieu d&#8217;Accueil Temporaire Individualis\u00e9)\u00a0<\/a><br \/>\n\u2022 <a href=\"https:\/\/tube-strasbourg.beta.education.fr\/videos\/watch\/f1a7d1bc-b8dc-4c7d-bd47-ee20da4d88f5\" target=\"_blank\" rel=\"noopener\">Vid\u00e9o de pr\u00e9sentation du dispositif ULIS<\/a><br \/>\n\u2022 <a href=\"https:\/\/echanges.ac-strasbourg.fr\/oc\/index.php\/s\/n839sI31YbVmG4j\" target=\"_blank\" rel=\"noopener\">Pr\u00e9sentation des dispositifs de la MLDS (MOAF et 2 PP)<\/a><\/td>\n<\/tr>\n<tr style=\"height: 62px;\">\n<td style=\"background-image: url('https:\/\/www.lyceelecorbusier.eu\/wp-content\/uploads\/2021\/01\/03.jpg'); background-repeat: no-repeat; width: 100%; height: 62px;\" colspan=\"2\"><\/td>\n<\/tr>\n<tr style=\"height: 75px;\">\n<td style=\"height: 75px; width: 58.8136%;\">\n<h2>LES RENDEZ-VOUS EN DIRECT<\/h2>\n<\/td>\n<td style=\"height: 75px; width: 41.1864%;\"><a href=\"https:\/\/www.lyceelecorbusier.eu\/jpo-2021\/?page_id=38\"><img loading=\"lazy\" class=\"alignnone wp-image-74\" src=\"http:\/\/www.lyceelecorbusier.eu\/jpo-2021\/wp-content\/uploads\/sites\/54\/2021\/01\/1rond.png\" alt=\"\" width=\"80\" height=\"80\" srcset=\"https:\/\/www.lyceelecorbusier.eu\/jpo-2021\/wp-content\/uploads\/sites\/54\/2021\/01\/1rond.png 251w, https:\/\/www.lyceelecorbusier.eu\/jpo-2021\/wp-content\/uploads\/sites\/54\/2021\/01\/1rond-150x150.png 150w\" sizes=\"(max-width: 80px) 100vw, 80px\" \/><\/a><\/td>\n<\/tr>\n<tr style=\"height: 62px;\">\n<td style=\"background-image: url('https:\/\/www.lyceelecorbusier.eu\/wp-content\/uploads\/2021\/01\/04.jpg'); background-repeat: no-repeat; width: 100%; height: 62px;\" colspan=\"2\"><\/td>\n<\/tr>\n<tr style=\"height: 62px;\">\n<td style=\"height: 62px; width: 100%;\" colspan=\"2\">\n<h2>LES FORMATIONS AU LYC\u00c9E<\/h2>\n<\/td>\n<\/tr>\n<tr>\n<td style=\"width: 58.8136%;\">\n<h4>3e Pr\u00e9pa M\u00e9tiers<\/h4>\n<\/td>\n<td style=\"width: 41.1864%;\">\u2022 <a href=\"http:\/\/www.lyceelecorbusier.eu\/jpo-2021\/wp-content\/uploads\/sites\/54\/2021\/02\/Presentation-3PM-V5.pdf\" target=\"_blank\" rel=\"noopener\">Pr\u00e9sentation<\/a><br \/>\n\u2022 <a href=\"http:\/\/www.lyceelecorbusier.eu\/jpo-2021\/wp-content\/uploads\/sites\/54\/2021\/02\/C11A_Dossier_de_candidature_en_3PM_2021.pdf\" target=\"_blank\" rel=\"noopener\">Dossier de candidature<\/a><\/td>\n<\/tr>\n<tr style=\"height: 28px;\">\n<td style=\"width: 58.8136%; height: 28px;\">\n<h4>P\u00f4le g\u00e9n\u00e9ral &amp; technologique<\/h4>\n<\/td>\n<td style=\"width: 41.1864%; height: 28px;\"><a href=\"https:\/\/www.lyceelecorbusier.eu\/jpo-2021\/?page_id=48\"><img loading=\"lazy\" class=\"alignnone wp-image-74\" src=\"http:\/\/www.lyceelecorbusier.eu\/jpo-2021\/wp-content\/uploads\/sites\/54\/2021\/01\/1rond.png\" alt=\"\" width=\"80\" height=\"80\" srcset=\"https:\/\/www.lyceelecorbusier.eu\/jpo-2021\/wp-content\/uploads\/sites\/54\/2021\/01\/1rond.png 251w, https:\/\/www.lyceelecorbusier.eu\/jpo-2021\/wp-content\/uploads\/sites\/54\/2021\/01\/1rond-150x150.png 150w\" sizes=\"(max-width: 80px) 100vw, 80px\" \/><\/a><\/td>\n<\/tr>\n<tr style=\"height: 46px;\">\n<td style=\"width: 58.8136%; height: 46px;\">\n<h4>P\u00f4le design<\/h4>\n<\/td>\n<td style=\"width: 41.1864%; height: 46px;\"><a href=\"https:\/\/www.lyceelecorbusier.eu\/jpo-2021\/?page_id=30\"><img loading=\"lazy\" class=\"alignnone wp-image-74\" src=\"http:\/\/www.lyceelecorbusier.eu\/jpo-2021\/wp-content\/uploads\/sites\/54\/2021\/01\/1rond.png\" alt=\"\" width=\"80\" height=\"80\" srcset=\"https:\/\/www.lyceelecorbusier.eu\/jpo-2021\/wp-content\/uploads\/sites\/54\/2021\/01\/1rond.png 251w, https:\/\/www.lyceelecorbusier.eu\/jpo-2021\/wp-content\/uploads\/sites\/54\/2021\/01\/1rond-150x150.png 150w\" sizes=\"(max-width: 80px) 100vw, 80px\" \/><\/a><\/td>\n<\/tr>\n<tr style=\"height: 28px;\">\n<td style=\"height: 28px; width: 58.8136%;\">\n<h4>P\u00f4le construction durable et \u00e9nergies<\/h4>\n<\/td>\n<td style=\"width: 41.1864%; height: 28px;\">\n<h4><a href=\"https:\/\/www.lyceelecorbusier.eu\/jpo-2021\/?page_id=43\"><img loading=\"lazy\" class=\"alignnone wp-image-74\" src=\"http:\/\/www.lyceelecorbusier.eu\/jpo-2021\/wp-content\/uploads\/sites\/54\/2021\/01\/1rond.png\" alt=\"\" width=\"80\" height=\"80\" srcset=\"https:\/\/www.lyceelecorbusier.eu\/jpo-2021\/wp-content\/uploads\/sites\/54\/2021\/01\/1rond.png 251w, https:\/\/www.lyceelecorbusier.eu\/jpo-2021\/wp-content\/uploads\/sites\/54\/2021\/01\/1rond-150x150.png 150w\" sizes=\"(max-width: 80px) 100vw, 80px\" \/><\/a><\/h4>\n<\/td>\n<\/tr>\n<tr style=\"height: 28px;\">\n<td style=\"background-image: url('https:\/\/www.lyceelecorbusier.eu\/wp-content\/uploads\/2021\/01\/05.jpg'); background-repeat: no-repeat; width: 100%; height: 62px;\" colspan=\"2\">\n<h2><\/h2>\n<\/td>\n<\/tr>\n<tr style=\"height: 62px;\">\n<td style=\"height: 62px; width: 100%;\" colspan=\"2\">\n<h2>LES FORMATIONS EN APPRENTISSAGE<\/h2>\n<\/td>\n<\/tr>\n<tr style=\"height: 46px;\">\n<td style=\"width: 58.8136%; height: 46px;\">\n<h4>Les informations sont disponibles sur le site d\u00e9di\u00e9<\/h4>\n<\/td>\n<td style=\"width: 41.1864%; height: 46px;\"><a href=\"https:\/\/www.cfalecorbusier.com\/\" target=\"_blank\" rel=\"noopener\">\u2022 Site UFA<\/a><\/td>\n<\/tr>\n<tr style=\"height: 28px;\">\n<td style=\"background-image: url('https:\/\/www.lyceelecorbusier.eu\/wp-content\/uploads\/2021\/01\/06.jpg'); background-repeat: no-repeat; width: 100%; height: 62px;\" colspan=\"2\">\n<h2><\/h2>\n<\/td>\n<\/tr>\n<tr style=\"height: 62px;\">\n<td style=\"height: 62px; width: 100%;\" colspan=\"2\">\n<h2>LA FORMATION CONTINUE (GR\u00c9TA)<\/h2>\n<\/td>\n<\/tr>\n<tr style=\"height: 46px;\">\n<td style=\"width: 58.8136%; height: 46px;\">\n<h4>Les informations sont disponibles sur le site d\u00e9di\u00e9<\/h4>\n<\/td>\n<td style=\"width: 41.1864%; height: 46px;\"><a href=\"https:\/\/www.greta-alsace.fr\/structure\/greta-strasbourg-europe\" target=\"_blank\" rel=\"noopener\">\u2022 Site du GRETA Strasbourg Europe<\/a><\/td>\n<\/tr>\n<tr style=\"height: 62px;\">\n<td style=\"background-image: url('https:\/\/www.lyceelecorbusier.eu\/wp-content\/uploads\/2021\/01\/07.jpg'); background-repeat: no-repeat; width: 100%; height: 62px;\" colspan=\"2\">\n<h2><\/h2>\n<\/td>\n<\/tr>\n<tr style=\"height: 62px;\">\n<td style=\"height: 62px; width: 100%;\" colspan=\"2\">\n<h2>LA GALERIE DE PROJETS &amp; DE R\u00c9ALISATIONS D&#8217;\u00c9L\u00c8VES<\/h2>\n<\/td>\n<\/tr>\n<tr>\n<td style=\"width: 58.8136%;\">\n<h4>La culture au lyc\u00e9e Le Corbusier<\/h4>\n<\/td>\n<td style=\"width: 41.1864%;\"><a href=\"https:\/\/www.lyceelecorbusier.eu\/projets\/\" target=\"_blank\" rel=\"noopener\">Lien vers le site &#8220;Projets&#8221; du lyc\u00e9e Le Corbusier<\/a><\/td>\n<\/tr>\n<tr>\n<td style=\"height: 62px; width: 100%;\" colspan=\"2\"><a href=\"https:\/\/www.lyceelecorbusier.eu\"><img loading=\"lazy\" class=\"alignnone wp-image-76\" src=\"http:\/\/www.lyceelecorbusier.eu\/jpo-2021\/wp-content\/uploads\/sites\/54\/2021\/01\/1rond-inv.png\" alt=\"\" width=\"80\" height=\"80\" srcset=\"https:\/\/www.lyceelecorbusier.eu\/jpo-2021\/wp-content\/uploads\/sites\/54\/2021\/01\/1rond-inv.png 251w, https:\/\/www.lyceelecorbusier.eu\/jpo-2021\/wp-content\/uploads\/sites\/54\/2021\/01\/1rond-inv-150x150.png 150w\" sizes=\"(max-width: 80px) 100vw, 80px\" \/><\/a><\/td>\n<\/tr>\n<\/tbody>\n<\/table>\n","protected":false},"excerpt":{"rendered":"<p>LE D\u00c9ROULEMENT DES JOURN\u00c9ES PORTES OUVERTES Les JPO 2021 du lyc\u00e9e Le Corbusier se d\u00e9roulent entre le 8 et le 13 f\u00e9vrier 2021. En raison des conditions sanitaires elles prennent une forme exceptionnelle. Tous les \u00e9v\u00e8nements, toutes les&#8230; <a class=\"read-more\" href=\"https:\/\/www.lyceelecorbusier.eu\/jpo-2021\/?page_id=16\">Lire la suite&#8230;<\/a><\/p>\n","protected":false},"author":1,"featured_media":11,"parent":0,"menu_order":0,"comment_status":"closed","ping_status":"closed","template":"template-full.php","meta":[],"_links":{"self":[{"href":"https:\/\/www.lyceelecorbusier.eu\/jpo-2021\/index.php?rest_route=\/wp\/v2\/pages\/16"}],"collection":[{"href":"https:\/\/www.lyceelecorbusier.eu\/jpo-2021\/index.php?rest_route=\/wp\/v2\/pages"}],"about":[{"href":"https:\/\/www.lyceelecorbusier.eu\/jpo-2021\/index.php?rest_route=\/wp\/v2\/types\/page"}],"author":[{"embeddable":true,"href":"https:\/\/www.lyceelecorbusier.eu\/jpo-2021\/index.php?rest_route=\/wp\/v2\/users\/1"}],"replies":[{"embeddable":true,"href":"https:\/\/www.lyceelecorbusier.eu\/jpo-2021\/index.php?rest_route=%2Fwp%2Fv2%2Fcomments&post=16"}],"version-history":[{"count":41,"href":"https:\/\/www.lyceelecorbusier.eu\/jpo-2021\/index.php?rest_route=\/wp\/v2\/pages\/16\/revisions"}],"predecessor-version":[{"id":303,"href":"https:\/\/www.lyceelecorbusier.eu\/jpo-2021\/index.php?rest_route=\/wp\/v2\/pages\/16\/revisions\/303"}],"wp:featuredmedia":[{"embeddable":true,"href":"https:\/\/www.lyceelecorbusier.eu\/jpo-2021\/index.php?rest_route=\/wp\/v2\/media\/11"}],"wp:attachment":[{"href":"https:\/\/www.lyceelecorbusier.eu\/jpo-2021\/index.php?rest_route=%2Fwp%2Fv2%2Fmedia&parent=16"}],"curies":[{"name":"wp","href":"https:\/\/api.w.org\/{rel}","templated":true}]}}