{"id":28,"date":"2014-08-03T09:09:40","date_gmt":"2014-08-03T08:09:40","guid":{"rendered":"http:\/\/www.lyceelecorbusier.eu\/insituhacklab\/?page_id=28"},"modified":"2016-01-19T19:12:34","modified_gmt":"2016-01-19T18:12:34","slug":"projets","status":"publish","type":"page","link":"https:\/\/www.lyceelecorbusier.eu\/insituhacklab\/?page_id=28","title":{"rendered":"Projets"},"content":{"rendered":"<h1 style=\"text-align: center;\">Les projets<\/h1>\n<div class=\"organic-column one-third\"><\/div> <div class=\"organic-column one-third\">\n<h4>Les projets pr\u00e9sent\u00e9s ont \u00e9t\u00e9 men\u00e9s &amp; mis en ligne par des \u00e9l\u00e8ves de seconde (option ICN), des \u00e9tudiants de BTS 1 &amp; 2 Design Graphique (option M\u00e9dias Num\u00e9riques), des \u00e9tudiants de DSAA.<\/h4>\n<\/div> <div class=\"organic-column one-third last\"><\/div><div class=\"clearboth\"><\/div>\n<p style=\"text-align: center;\"><!--more--><\/p>\n","protected":false},"excerpt":{"rendered":"<p>Les projets<\/p>\n","protected":false},"author":1,"featured_media":2020,"parent":0,"menu_order":0,"comment_status":"closed","ping_status":"closed","template":"template-portfolio.php","meta":[],"_links":{"self":[{"href":"https:\/\/www.lyceelecorbusier.eu\/insituhacklab\/index.php?rest_route=\/wp\/v2\/pages\/28"}],"collection":[{"href":"https:\/\/www.lyceelecorbusier.eu\/insituhacklab\/index.php?rest_route=\/wp\/v2\/pages"}],"about":[{"href":"https:\/\/www.lyceelecorbusier.eu\/insituhacklab\/index.php?rest_route=\/wp\/v2\/types\/page"}],"author":[{"embeddable":true,"href":"https:\/\/www.lyceelecorbusier.eu\/insituhacklab\/index.php?rest_route=\/wp\/v2\/users\/1"}],"replies":[{"embeddable":true,"href":"https:\/\/www.lyceelecorbusier.eu\/insituhacklab\/index.php?rest_route=%2Fwp%2Fv2%2Fcomments&post=28"}],"version-history":[{"count":12,"href":"https:\/\/www.lyceelecorbusier.eu\/insituhacklab\/index.php?rest_route=\/wp\/v2\/pages\/28\/revisions"}],"predecessor-version":[{"id":2022,"href":"https:\/\/www.lyceelecorbusier.eu\/insituhacklab\/index.php?rest_route=\/wp\/v2\/pages\/28\/revisions\/2022"}],"wp:featuredmedia":[{"embeddable":true,"href":"https:\/\/www.lyceelecorbusier.eu\/insituhacklab\/index.php?rest_route=\/wp\/v2\/media\/2020"}],"wp:attachment":[{"href":"https:\/\/www.lyceelecorbusier.eu\/insituhacklab\/index.php?rest_route=%2Fwp%2Fv2%2Fmedia&parent=28"}],"curies":[{"name":"wp","href":"https:\/\/api.w.org\/{rel}","templated":true}]}}