{"id":485,"date":"2014-08-29T08:05:32","date_gmt":"2014-08-29T07:05:32","guid":{"rendered":"http:\/\/www.lyceelecorbusier.eu\/?page_id=485"},"modified":"2026-01-22T16:22:35","modified_gmt":"2026-01-22T15:22:35","slug":"carte-administrative","status":"publish","type":"page","link":"https:\/\/www.lyceelecorbusier.eu\/?page_id=485","title":{"rendered":"Carte administrative"},"content":{"rendered":"<p>Lyc\u00e9e Le Corbusier<br \/>\n15 Rue Lixenbuhl,<br \/>\n67400 Illkirch-Graffenstaden<br \/>\nT\u00e9l : 03 88 66 87 66<\/p>\n<p>&nbsp;<\/p>\n<h3>DIRECTION &amp; ADMINISTRATION<\/h3>\n<p><strong>Proviseur <\/strong>Daniel GASSNER<br \/>\n<strong>Proviseure Adjointe <\/strong>Fr\u00e9d\u00e9rique STURM<br \/>\n<strong>Proviseure Adjointe<\/strong> C\u00e9line ANDR\u00c9<br \/>\n<strong>Agent comptable \/ Secr\u00e9taire g\u00e9n\u00e9ral<\/strong> R\u00e9my CAVALLUCCI<br \/>\n<strong>Secr\u00e9tariat de direction et gestion des personnels enseignants<\/strong> Annie STRAUEL<br \/>\n<strong>Secr\u00e9tariat de scolarit\u00e9<\/strong> Nathalie BURGARD, Myriam EDOUART<\/p>\n<p>&nbsp;<\/p>\n<h3>VIES SCOLAIRE<\/h3>\n<p><strong>CPE<\/strong> Aur\u00e9lia DELLA-SCAFFA, Camille JOHANN, Mary PALLASSE et Morgane ROTHENBURGER<br \/>\n<strong>CPE (UFA) <\/strong>Y. SALHI<\/p>\n<p>&nbsp;<\/p>\n<h3>COORDINATION P\u00c9DAGOGIQUE<\/h3>\n<p><strong>Directrice Adjointe UFA<\/strong> Samia LAOUFI<br \/>\n<strong>Directeur D\u00e9l\u00e9gu\u00e9 aux Formations Professionnelles et Technologiques <\/strong>Patrice AYMONIN<br \/>\n<strong>Directeur D\u00e9l\u00e9gu\u00e9 aux Formations Professionnelles et Technologiques<\/strong> Eric MENAULT <strong>(Arts appliqu\u00e9s)<\/strong><\/p>\n<p>&nbsp;<\/p>\n","protected":false},"excerpt":{"rendered":"<p>Lyc\u00e9e Le Corbusier 15 Rue Lixenbuhl, 67400 Illkirch-Graffenstaden T\u00e9l : 03 88 66 87 66 &nbsp; DIRECTION &amp; ADMINISTRATION Proviseur Daniel GASSNER Proviseure Adjointe Fr\u00e9d\u00e9rique STURM Proviseure Adjointe C\u00e9line ANDR\u00c9 Agent comptable \/ Secr\u00e9taire g\u00e9n\u00e9ral R\u00e9my CAVALLUCCI Secr\u00e9tariat&#8230; <a class=\"read-more\" href=\"https:\/\/www.lyceelecorbusier.eu\/?page_id=485\">Lire la suite&#8230;<\/a><\/p>\n","protected":false},"author":1,"featured_media":10,"parent":0,"menu_order":0,"comment_status":"closed","ping_status":"closed","template":"template-full.php","meta":[],"_links":{"self":[{"href":"https:\/\/www.lyceelecorbusier.eu\/index.php?rest_route=\/wp\/v2\/pages\/485"}],"collection":[{"href":"https:\/\/www.lyceelecorbusier.eu\/index.php?rest_route=\/wp\/v2\/pages"}],"about":[{"href":"https:\/\/www.lyceelecorbusier.eu\/index.php?rest_route=\/wp\/v2\/types\/page"}],"author":[{"embeddable":true,"href":"https:\/\/www.lyceelecorbusier.eu\/index.php?rest_route=\/wp\/v2\/users\/1"}],"replies":[{"embeddable":true,"href":"https:\/\/www.lyceelecorbusier.eu\/index.php?rest_route=%2Fwp%2Fv2%2Fcomments&post=485"}],"version-history":[{"count":34,"href":"https:\/\/www.lyceelecorbusier.eu\/index.php?rest_route=\/wp\/v2\/pages\/485\/revisions"}],"predecessor-version":[{"id":3727,"href":"https:\/\/www.lyceelecorbusier.eu\/index.php?rest_route=\/wp\/v2\/pages\/485\/revisions\/3727"}],"wp:featuredmedia":[{"embeddable":true,"href":"https:\/\/www.lyceelecorbusier.eu\/index.php?rest_route=\/wp\/v2\/media\/10"}],"wp:attachment":[{"href":"https:\/\/www.lyceelecorbusier.eu\/index.php?rest_route=%2Fwp%2Fv2%2Fmedia&parent=485"}],"curies":[{"name":"wp","href":"https:\/\/api.w.org\/{rel}","templated":true}]}}