{"id":385,"date":"2014-08-25T11:29:33","date_gmt":"2014-08-25T10:29:33","guid":{"rendered":"http:\/\/www.lyceelecorbusier.eu\/?page_id=385"},"modified":"2026-02-13T12:02:07","modified_gmt":"2026-02-13T11:02:07","slug":"pole-technologique","status":"publish","type":"page","link":"https:\/\/www.lyceelecorbusier.eu\/?page_id=385","title":{"rendered":"P\u00f4le construction durable &#038; \u00e9nergies"},"content":{"rendered":"<p>Les formations du p\u00f4le construction durable &amp; \u00e9nergies du lyc\u00e9e Le Corbusier s&#8217;\u00e9tendent du CAP au BTS.<br \/>\nCliquer sur <img loading=\"lazy\" src=\"https:\/\/www.lyceelecorbusier.eu\/wp-content\/uploads\/2022\/02\/plus-bleu.png\" alt=\"\" width=\"12\" height=\"12\" align=\"bottum\" \/> pour avoir davantage d&#8217;informations.<\/p>\n<hr \/>\n<h2>Les formations Pr\u00e9-Bac<\/h2>\n<div class=\"su-accordion su-u-trim\"><div class=\"su-spoiler su-spoiler-style-default su-spoiler-icon-plus su-spoiler-closed\" data-scroll-offset=\"0\" data-anchor-in-url=\"no\"><div class=\"su-spoiler-title\" tabindex=\"0\" role=\"button\"><span class=\"su-spoiler-icon\"><\/span>Certificat d'aptitudes Professionnelles (CAP)<\/div><div class=\"su-spoiler-content su-u-clearfix su-u-trim\">\n<table style=\"width: 100%; height: 39px;\">\n<tbody>\n<tr style=\"height: 39px;\">\n<td style=\"width: 70%; border-style: hidden; height: 39px;\">\u2022 <a href=\"https:\/\/www.lyceelecorbusier.eu\/?page_id=3742\">CAP Ma\u00e7on<\/a><\/td>\n<td style=\"width: 15%; border-style: hidden; height: 39px;\"><\/td>\n<td style=\"width: 15%; border-style: hidden; height: 39px;\"><a href=\"https:\/\/www.onisep.fr\/Ressources\/Univers-Formation\/Formations\/Lycees\/cap-macon\" target=\"_blank\" rel=\"noopener\"><img loading=\"lazy\" class=\"alignright wp-image-1315 size-full\" src=\"http:\/\/www.lyceelecorbusier.eu\/wp-content\/uploads\/2014\/08\/LogoOnisep.png\" alt=\"\" width=\"50\" height=\"15\" \/><\/a><\/td>\n<\/tr>\n<\/tbody>\n<\/table>\n<table>\n<tbody>\n<tr>\n<td style=\"width: 70%; height: 43px; border-style: hidden;\">\u2022 <a href=\"https:\/\/www.lyceelecorbusier.eu\/?page_id=3733\">CAP M\u00e9tallier<\/a><\/td>\n<td style=\"width: 15%; height: 43px; border-style: hidden;\"><\/td>\n<td style=\"width: 15%; border-style: hidden;\"><a href=\"https:\/\/www.onisep.fr\/Ressources\/Univers-Formation\/Formations\/Lycees\/cap-metallier\" target=\"_blank\" rel=\"noopener\"><img loading=\"lazy\" class=\"alignright wp-image-1315 size-full\" src=\"https:\/\/www.lyceelecorbusier.eu\/wp-content\/uploads\/2014\/08\/LogoOnisep.png\" alt=\"\" width=\"50\" height=\"15\" \/><\/a><\/td>\n<\/tr>\n<\/tbody>\n<\/table>\n<table style=\"width: 100%; height: 39px;\">\n<tbody>\n<tr style=\"height: 39px;\">\n<td style=\"border-style: hidden; height: 39px;\">\u2022 CAP couvreur<\/td>\n<td style=\"border-style: hidden; height: 39px;\"><a href=\"http:\/\/www.onisep.fr\/Ressources\/Univers-Formation\/Formations\/Lycees\/CAP-Couvreur\" target=\"_blank\" rel=\"noopener\"><img loading=\"lazy\" width=\"50\" height=\"15\" class=\"size-full wp-image-1315 alignright\" src=\"http:\/\/www.lyceelecorbusier.eu\/wp-content\/uploads\/2014\/08\/LogoOnisep.png\" alt=\"\" \/><\/a><\/td>\n<\/tr>\n<\/tbody>\n<\/table>\n<table>\n<tbody>\n<tr>\n<td style=\"border-style: hidden;\">\u2022 <a href=\"https:\/\/www.lyceelecorbusier.eu\/?page_id=3735\">CAP Peintre applicateur de rev\u00eatements<\/a><\/td>\n<td style=\"border-style: hidden;\"><a href=\"http:\/\/www.onisep.fr\/Ressources\/Univers-Formation\/Formations\/Lycees\/CAP-Peintre-applicateur-de-revetements\" target=\"_blank\" rel=\"noopener\"><img loading=\"lazy\" width=\"50\" height=\"15\" class=\"size-full wp-image-1315 alignright\" src=\"http:\/\/www.lyceelecorbusier.eu\/wp-content\/uploads\/2014\/08\/LogoOnisep.png\" alt=\"\" \/><\/a><\/td>\n<\/tr>\n<\/tbody>\n<\/table>\n<table>\n<tbody>\n<tr>\n<td style=\"border-style: hidden;\">\u2022 <a href=\"https:\/\/www.lyceelecorbusier.eu\/?page_id=3745\">CAP Carreleur mosa\u00efste<\/a><\/td>\n<td style=\"border-style: hidden;\"><a href=\"http:\/\/www.onisep.fr\/Ressources\/Univers-Formation\/Formations\/Lycees\/CAP-Carreleur-mosaiste\" target=\"_blank\" rel=\"noopener\"><img loading=\"lazy\" width=\"50\" height=\"15\" class=\"size-full wp-image-1315 alignright\" src=\"http:\/\/www.lyceelecorbusier.eu\/wp-content\/uploads\/2014\/08\/LogoOnisep.png\" alt=\"\" \/><\/a><\/td>\n<\/tr>\n<\/tbody>\n<\/table>\n<table style=\"width: 100%;\">\n<tbody>\n<tr>\n<td style=\"border-style: hidden; width: 50.2542%;\">\u2022 <a href=\"https:\/\/www.lyceelecorbusier.eu\/?page_id=3737\">CAP Monteur en installations sanitaires MIS<\/a><\/td>\n<td style=\"text-align: right; border-style: hidden; width: 37.7119%;\"><a href=\"https:\/\/www.lyceelecorbusier.eu\/projets\/?p=8631\" target=\"_blank\" rel=\"noopener\">vid\u00e9o pr\u00e9sentation de la formation<\/a><\/td>\n<td style=\"border-style: hidden; width: 12.0339%;\"><a href=\"http:\/\/www.onisep.fr\/Ressources\/Univers-Formation\/Formations\/Lycees\/CAP-Installateur-sanitaire\" target=\"_blank\" rel=\"noopener\"><img loading=\"lazy\" width=\"50\" height=\"15\" class=\"size-full wp-image-1315 alignright\" src=\"http:\/\/www.lyceelecorbusier.eu\/wp-content\/uploads\/2014\/08\/LogoOnisep.png\" alt=\"\" \/><\/a><\/td>\n<\/tr>\n<\/tbody>\n<\/table>\n<table>\n<tbody>\n<tr>\n<td style=\"border-style: hidden;\">\u2022 <a href=\"https:\/\/www.lyceelecorbusier.eu\/?page_id=3748\">CAP \u00c9lectricien<\/a><\/td>\n<td style=\"border-style: hidden;\"><a href=\"http:\/\/www.onisep.fr\/Ressources\/Univers-Formation\/Formations\/Lycees\/CAP-Preparation-et-realisation-d-ouvrages-electriques\" target=\"_blank\" rel=\"noopener\"><img loading=\"lazy\" width=\"50\" height=\"15\" class=\"size-full wp-image-1315 alignright\" src=\"http:\/\/www.lyceelecorbusier.eu\/wp-content\/uploads\/2014\/08\/LogoOnisep.png\" alt=\"\" \/><\/a><\/td>\n<\/tr>\n<\/tbody>\n<\/table>\n<\/div><\/div>\n<div class=\"su-spoiler su-spoiler-style-default su-spoiler-icon-plus su-spoiler-closed\" data-scroll-offset=\"0\" data-anchor-in-url=\"no\"><div class=\"su-spoiler-title\" tabindex=\"0\" role=\"button\"><span class=\"su-spoiler-icon\"><\/span>Bac Professionnel<\/div><div class=\"su-spoiler-content su-u-clearfix su-u-trim\">\n<table style=\"width: 100%;\">\n<tbody>\n<tr>\n<td style=\"border-style: hidden; width: 68.983%;\">\u2022 <a href=\"https:\/\/www.lyceelecorbusier.eu\/?page_id=3600\">Bac Pro Intervention sur le Patrimoine B\u00e2ti<\/a><\/td>\n<td style=\"border-style: hidden; width: 16.9492%;\"><\/td>\n<td style=\"border-style: hidden; width: 14.0678%;\"><\/td>\n<\/tr>\n<\/tbody>\n<\/table>\n<table>\n<tbody>\n<tr>\n<td style=\"border-style: hidden;\">\u2022 <a href=\"https:\/\/www.lyceelecorbusier.eu\/?page_id=3603\">Bac Pro ouvrages du b\u00e2timent \u2013 M\u00e9tallerie<\/a><\/td>\n<td style=\"border-style: hidden;\"><\/td>\n<td style=\"border-style: hidden;\"><\/td>\n<\/tr>\n<\/tbody>\n<\/table>\n<table>\n<tbody>\n<tr>\n<td style=\"border-style: hidden;\">\u2022 <a href=\"https:\/\/www.lyceelecorbusier.eu\/?page_id=3611\">Bac Pro Technicien d\u2019\u00e9tudes du b\u00e2timent \u2013 option assistant en architecture<\/a><\/td>\n<td style=\"border-style: hidden;\"><\/td>\n<\/tr>\n<\/tbody>\n<\/table>\n<table style=\"width: 100%; height: 28px;\">\n<tbody>\n<tr style=\"height: 28px;\">\n<td style=\"border-style: hidden; height: 28px;\">\u2022 <a href=\"https:\/\/www.lyceelecorbusier.eu\/?page_id=3607\">Bac Pro Technicien d\u2019\u00e9tudes du b\u00e2timent \u2013 option \u00e9tude et \u00e9conomies<\/a><\/td>\n<td style=\"border-style: hidden; height: 28px;\"><\/td>\n<\/tr>\n<\/tbody>\n<\/table>\n<table>\n<tbody>\n<tr>\n<td style=\"border-style: hidden;\">\u2022 <a href=\"https:\/\/www.lyceelecorbusier.eu\/?page_id=3620\">Bac Pro M\u00e9tiers de l\u2019\u00e9lectricit\u00e9 et de ses environnements connect\u00e9s<\/a><\/td>\n<td style=\"border-style: hidden;\"><\/td>\n<\/tr>\n<\/tbody>\n<\/table>\n<table>\n<tbody>\n<tr>\n<td style=\"border-style: hidden;\">\u2022 <a href=\"https:\/\/www.lyceelecorbusier.eu\/?page_id=3614\">Bac pro Maintenance et efficacit\u00e9 \u00e9nerg\u00e9tique<\/a><\/td>\n<td style=\"border-style: hidden;\"><\/td>\n<\/tr>\n<\/tbody>\n<\/table>\n<table>\n<tbody>\n<tr>\n<td style=\"border-style: hidden;\">\u2022 <a href=\"https:\/\/www.lyceelecorbusier.eu\/?page_id=3617\">Bac pro Installateur en chauffage, climatisation et \u00e9nergies renouvelables<\/a><\/td>\n<td style=\"border-style: hidden;\"><\/td>\n<\/tr>\n<\/tbody>\n<\/table>\n<\/div><\/div>\n<hr \/>\n<h2>Les formations Post-Bac<\/h2>\n<div class=\"su-spoiler su-spoiler-style-default su-spoiler-icon-plus su-spoiler-closed\" data-scroll-offset=\"0\" data-anchor-in-url=\"no\"><div class=\"su-spoiler-title\" tabindex=\"0\" role=\"button\"><span class=\"su-spoiler-icon\"><\/span>BTS Brevet de Technicien Sup\u00e9rieur<\/div><div class=\"su-spoiler-content su-u-clearfix su-u-trim\">\n<table style=\"border-collapse: collapse; width: 100%; height: 117px;\">\n<tbody>\n<tr style=\"height: 39px;\">\n<td style=\"width: 72.8814%; height: 39px;\">\u2022 <a href=\"https:\/\/www.lyceelecorbusier.eu\/?page_id=3483\">BTS B\u00e2timent<\/a><\/td>\n<td style=\"width: 27.1186%; height: 39px;\"><\/td>\n<\/tr>\n<tr style=\"height: 39px;\">\n<td style=\"width: 72.8814%; height: 39px;\">\u2022 <a href=\"https:\/\/www.lyceelecorbusier.eu\/?page_id=3477\">BTS Travaux Publics<\/a><\/td>\n<td style=\"width: 27.1186%; height: 39px;\"><\/td>\n<\/tr>\n<tr style=\"height: 39px;\">\n<td style=\"width: 72.8814%; height: 39px;\">\u2022 <a href=\"https:\/\/www.lyceelecorbusier.eu\/?page_id=3480\">BTS Management \u00c9conomique de la Construction<\/a><\/td>\n<td style=\"width: 27.1186%; height: 39px;\"><\/td>\n<\/tr>\n<\/tbody>\n<\/table>\n<\/div><\/div><\/div>\n<hr \/>\n<p>&nbsp;<\/p>\n","protected":false},"excerpt":{"rendered":"<p>Les formations du p\u00f4le construction durable &amp; \u00e9nergies du lyc\u00e9e Le Corbusier s&#8217;\u00e9tendent du CAP au BTS. Cliquer sur pour avoir davantage d&#8217;informations. Les formations Pr\u00e9-Bac &nbsp;<\/p>\n","protected":false},"author":1,"featured_media":638,"parent":0,"menu_order":0,"comment_status":"closed","ping_status":"closed","template":"template-full.php","meta":[],"_links":{"self":[{"href":"https:\/\/www.lyceelecorbusier.eu\/index.php?rest_route=\/wp\/v2\/pages\/385"}],"collection":[{"href":"https:\/\/www.lyceelecorbusier.eu\/index.php?rest_route=\/wp\/v2\/pages"}],"about":[{"href":"https:\/\/www.lyceelecorbusier.eu\/index.php?rest_route=\/wp\/v2\/types\/page"}],"author":[{"embeddable":true,"href":"https:\/\/www.lyceelecorbusier.eu\/index.php?rest_route=\/wp\/v2\/users\/1"}],"replies":[{"embeddable":true,"href":"https:\/\/www.lyceelecorbusier.eu\/index.php?rest_route=%2Fwp%2Fv2%2Fcomments&post=385"}],"version-history":[{"count":91,"href":"https:\/\/www.lyceelecorbusier.eu\/index.php?rest_route=\/wp\/v2\/pages\/385\/revisions"}],"predecessor-version":[{"id":3765,"href":"https:\/\/www.lyceelecorbusier.eu\/index.php?rest_route=\/wp\/v2\/pages\/385\/revisions\/3765"}],"wp:featuredmedia":[{"embeddable":true,"href":"https:\/\/www.lyceelecorbusier.eu\/index.php?rest_route=\/wp\/v2\/media\/638"}],"wp:attachment":[{"href":"https:\/\/www.lyceelecorbusier.eu\/index.php?rest_route=%2Fwp%2Fv2%2Fmedia&parent=385"}],"curies":[{"name":"wp","href":"https:\/\/api.w.org\/{rel}","templated":true}]}}