{"id":3748,"date":"2026-02-13T10:40:25","date_gmt":"2026-02-13T09:40:25","guid":{"rendered":"https:\/\/www.lyceelecorbusier.eu\/?page_id=3748"},"modified":"2026-02-25T20:53:42","modified_gmt":"2026-02-25T19:53:42","slug":"cap-electricien","status":"publish","type":"page","link":"https:\/\/www.lyceelecorbusier.eu\/?page_id=3748","title":{"rendered":"CAP \u00c9lectricien"},"content":{"rendered":"<p><strong>Dur\u00e9e de la formation :\u00a0<\/strong>2 ans<br \/>\n<strong>Nature de la formation :<\/strong>\u00a0Dipl\u00f4me national ou dipl\u00f4me d&#8217;\u00c9tat<br \/>\n<strong>Type de formation :<\/strong>\u00a0CAP (certificat d&#8217;aptitude professionnelle)<\/p>\n<p><a href=\"https:\/\/www.lyceelecorbusier.eu\/wp-content\/uploads\/2026\/02\/01_Image800-3.jpg\"><img loading=\"lazy\" width=\"800\" height=\"390\" class=\"alignnone size-full wp-image-3790\" src=\"https:\/\/www.lyceelecorbusier.eu\/wp-content\/uploads\/2026\/02\/01_Image800-3.jpg\" alt=\"\" srcset=\"https:\/\/www.lyceelecorbusier.eu\/wp-content\/uploads\/2026\/02\/01_Image800-3.jpg 800w, https:\/\/www.lyceelecorbusier.eu\/wp-content\/uploads\/2026\/02\/01_Image800-3-300x146.jpg 300w, https:\/\/www.lyceelecorbusier.eu\/wp-content\/uploads\/2026\/02\/01_Image800-3-768x374.jpg 768w\" sizes=\"(max-width: 800px) 100vw, 800px\" \/><\/a><\/p>\n<h2>D\u00e9bouch\u00e9s professionnels<\/h2>\n<p>Le titulaire de ce CAP participera aux t\u00e2ches de mise en \u0153uvre, de mise en service, de maintenance sur des installations et \u00e9quipements \u00e9lectriques et des r\u00e9seaux de communication, dont la domotique. Les secteurs d&#8217;activit\u00e9s sont : le b\u00e2timent (individuel ou collectif), l&#8217;industrie, l&#8217;agriculture, les services et les infrastructures.<\/p>\n<h2>Contenu et d\u00e9roulement de la formation<\/h2>\n<p>Le CAP associe ainsi des<strong> enseignements g\u00e9n\u00e9raux et des enseignements professionnels (un peu plus de la moiti\u00e9 du temps)<\/strong><\/p>\n<p>Lors de sa formation, l&#8217;\u00e9l\u00e8ve \u00e9lectricien apprend \u00e0 intervenir sur les installations \u00e9lectriques et sur les r\u00e9seaux de communication, en prenant en compte les enjeux de la transition \u00e9nerg\u00e9tique et l&#8217;\u00e9volution des techniques et des technologies num\u00e9riques. Il s&#8217;agit d&#8217;apprendre \u00e0 mettre en place les mat\u00e9riels, \u00e0 raccorder les appareils, \u00e0 installer des \u00e9quipements \u00e9lectriques n\u00e9cessaires au transport, \u00e0 la distribution et \u00e0 la transformation de l&#8217;\u00e9lectricit\u00e9 ou bien, \u00e0 mener un diagnostic ou une r\u00e9paration sur des ouvrages \u00e9lectriques.<\/p>\n<p>Les comp\u00e9tences abord\u00e9es vont du point de production de l&#8217;\u00e9nergie jusqu&#8217;aux utilisations. Les enseignements professionnels, sur des plateaux techniques, permettent aux \u00e9l\u00e8ves d&#8217;effectuer les op\u00e9rations en lien direct avec leur futur m\u00e9tier : c\u00e2blage, essais et mesures, dessin technique ou sch\u00e9mas.<\/p>\n<p><a href=\"https:\/\/www.lyceelecorbusier.eu\/wp-content\/uploads\/2026\/02\/02_Image800-3.jpg\"><img loading=\"lazy\" width=\"800\" height=\"390\" class=\"alignnone size-full wp-image-3791\" src=\"https:\/\/www.lyceelecorbusier.eu\/wp-content\/uploads\/2026\/02\/02_Image800-3.jpg\" alt=\"\" srcset=\"https:\/\/www.lyceelecorbusier.eu\/wp-content\/uploads\/2026\/02\/02_Image800-3.jpg 800w, https:\/\/www.lyceelecorbusier.eu\/wp-content\/uploads\/2026\/02\/02_Image800-3-300x146.jpg 300w, https:\/\/www.lyceelecorbusier.eu\/wp-content\/uploads\/2026\/02\/02_Image800-3-768x374.jpg 768w\" sizes=\"(max-width: 800px) 100vw, 800px\" \/><\/a><\/p>\n<h2>Comment postuler\u00a0?<\/h2>\n<p>Ce CAP se pr\u00e9pare en 2 ans apr\u00e8s la classe de 3<sup>e<\/sup>.<\/p>\n<h2>Poursuites d\u2019\u00e9tudes<\/h2>\n<p>Le CAP d\u00e9bouche sur la vie active mais il est possible, sous certaines conditions, de poursuivre des \u00e9tudes et de pr\u00e9parer un autre CAP du secteur en 1 an, ou bien poursuivre en BP. La poursuite en Bac Pro. est possible avec un bon dossier.<\/p>\n<p><a href=\"https:\/\/www.lyceelecorbusier.eu\/wp-content\/uploads\/2026\/02\/03_Image800.jpg\"><img loading=\"lazy\" width=\"800\" height=\"390\" class=\"alignnone size-full wp-image-3792\" src=\"https:\/\/www.lyceelecorbusier.eu\/wp-content\/uploads\/2026\/02\/03_Image800.jpg\" alt=\"\" srcset=\"https:\/\/www.lyceelecorbusier.eu\/wp-content\/uploads\/2026\/02\/03_Image800.jpg 800w, https:\/\/www.lyceelecorbusier.eu\/wp-content\/uploads\/2026\/02\/03_Image800-300x146.jpg 300w, https:\/\/www.lyceelecorbusier.eu\/wp-content\/uploads\/2026\/02\/03_Image800-768x374.jpg 768w\" sizes=\"(max-width: 800px) 100vw, 800px\" \/><\/a><\/p>\n<p><a href=\"https:\/\/www.lyceelecorbusier.eu\/?page_id=385\"><strong>&lt; Retour<\/strong><\/a><\/p>\n","protected":false},"excerpt":{"rendered":"<p>Dur\u00e9e de la formation :\u00a02 ans Nature de la formation :\u00a0Dipl\u00f4me national ou dipl\u00f4me d&#8217;\u00c9tat Type de formation :\u00a0CAP (certificat d&#8217;aptitude professionnelle) D\u00e9bouch\u00e9s professionnels Le titulaire de ce CAP participera aux t\u00e2ches de mise en \u0153uvre, de mise&#8230; <a class=\"read-more\" href=\"https:\/\/www.lyceelecorbusier.eu\/?page_id=3748\">Lire la suite&#8230;<\/a><\/p>\n","protected":false},"author":417,"featured_media":3789,"parent":0,"menu_order":0,"comment_status":"closed","ping_status":"closed","template":"","meta":[],"_links":{"self":[{"href":"https:\/\/www.lyceelecorbusier.eu\/index.php?rest_route=\/wp\/v2\/pages\/3748"}],"collection":[{"href":"https:\/\/www.lyceelecorbusier.eu\/index.php?rest_route=\/wp\/v2\/pages"}],"about":[{"href":"https:\/\/www.lyceelecorbusier.eu\/index.php?rest_route=\/wp\/v2\/types\/page"}],"author":[{"embeddable":true,"href":"https:\/\/www.lyceelecorbusier.eu\/index.php?rest_route=\/wp\/v2\/users\/417"}],"replies":[{"embeddable":true,"href":"https:\/\/www.lyceelecorbusier.eu\/index.php?rest_route=%2Fwp%2Fv2%2Fcomments&post=3748"}],"version-history":[{"count":3,"href":"https:\/\/www.lyceelecorbusier.eu\/index.php?rest_route=\/wp\/v2\/pages\/3748\/revisions"}],"predecessor-version":[{"id":3794,"href":"https:\/\/www.lyceelecorbusier.eu\/index.php?rest_route=\/wp\/v2\/pages\/3748\/revisions\/3794"}],"wp:featuredmedia":[{"embeddable":true,"href":"https:\/\/www.lyceelecorbusier.eu\/index.php?rest_route=\/wp\/v2\/media\/3789"}],"wp:attachment":[{"href":"https:\/\/www.lyceelecorbusier.eu\/index.php?rest_route=%2Fwp%2Fv2%2Fmedia&parent=3748"}],"curies":[{"name":"wp","href":"https:\/\/api.w.org\/{rel}","templated":true}]}}