{"id":3745,"date":"2026-02-13T10:36:42","date_gmt":"2026-02-13T09:36:42","guid":{"rendered":"https:\/\/www.lyceelecorbusier.eu\/?page_id=3745"},"modified":"2026-02-25T20:51:33","modified_gmt":"2026-02-25T19:51:33","slug":"cap-carreleur-mosaiste","status":"publish","type":"page","link":"https:\/\/www.lyceelecorbusier.eu\/?page_id=3745","title":{"rendered":"CAP Carreleur mosa\u00efste"},"content":{"rendered":"<p><strong>Dur\u00e9e de la formation :\u00a0<\/strong>2 ans<br \/>\n<strong>Nature de la formation :<\/strong>\u00a0Dipl\u00f4me national ou dipl\u00f4me d&#8217;\u00c9tat<br \/>\n<strong>Type de formation :<\/strong>\u00a0CAP (certificat d&#8217;aptitude professionnelle)<\/p>\n<p><a href=\"https:\/\/www.lyceelecorbusier.eu\/wp-content\/uploads\/2026\/02\/001_Image800.jpg\"><img loading=\"lazy\" width=\"800\" height=\"390\" class=\"alignnone size-full wp-image-3785\" src=\"https:\/\/www.lyceelecorbusier.eu\/wp-content\/uploads\/2026\/02\/001_Image800.jpg\" alt=\"\" srcset=\"https:\/\/www.lyceelecorbusier.eu\/wp-content\/uploads\/2026\/02\/001_Image800.jpg 800w, https:\/\/www.lyceelecorbusier.eu\/wp-content\/uploads\/2026\/02\/001_Image800-300x146.jpg 300w, https:\/\/www.lyceelecorbusier.eu\/wp-content\/uploads\/2026\/02\/001_Image800-768x374.jpg 768w\" sizes=\"(max-width: 800px) 100vw, 800px\" \/><\/a><\/p>\n<h2>D\u00e9bouch\u00e9s professionnels<\/h2>\n<p>Le carreleur\/se mosa\u00efste travaille dans le cadre de la construction, de la restauration, de la r\u00e9habilitation de maisons, bureaux, commerces&#8230; Le secteur d&#8217;activit\u00e9 est celui de l&#8217;am\u00e9nagement et des finitions, il s&#8217;agit surtout des petites et moyennes entreprises. Avec de l&#8217;exp\u00e9rience, il\/elle peut exercer en qualit\u00e9 de chef\/fe d&#8217;\u00e9quipe et peut, \u00e0 moyen terme, cr\u00e9er ou reprendre une entreprise artisanale.<\/p>\n<h2>Contenu et d\u00e9roulement de la formation<\/h2>\n<p>Le CAP associe ainsi des<strong> enseignements g\u00e9n\u00e9raux et des enseignements professionnels (un peu plus de la moiti\u00e9 du temps).<\/strong><\/p>\n<p>Le carreleur ne se contente pas de poser le carrelage ou la mosa\u00efque, il pr\u00e9pare les supports (sols, murs) : il effectue des petits travaux de ma\u00e7onnerie, par exemple une chape de ciment sur laquelle coller les carreaux. Au cours de leur formation, les \u00e9l\u00e8ves apprennent \u00e0 lire un plan 2D ou 3D, \u00e0 le reproduire au sol (tra\u00e7age), \u00e0 d\u00e9couper les carreaux et \u00e0 r\u00e9aliser les diff\u00e9rents types de poses. Ils apprennent \u00e9galement \u00e0 r\u00e9aliser les finitions (les joints par exemple). Le carrelage pos\u00e9, le titulaire doit savoir v\u00e9rifier l&#8217;alignement, le niveau, la qualit\u00e9 des coupes et l&#8217;aspect esth\u00e9tique. Ils \u00e9tudient ainsi les rev\u00eatements (marbre, terre cuite, fa\u00efence, carrelage, ardoise&#8230;), les propri\u00e9t\u00e9s des mat\u00e9riaux (isolants phoniques et thermiques, de protection \u00e0 l&#8217;eau&#8230;). On note l&#8217;\u00e9tude de r\u00e9glementations : r\u00e9glementations \u00e9nerg\u00e9tiques, s\u00e9curit\u00e9, et accessibilit\u00e9 du cadre b\u00e2ti. Le BIM (maquette num\u00e9rique et d\u00e9marche collaborative de travail) est au programme. Les r\u00e9alisations du titulaire devront conjuguer des performances techniques (qualit\u00e9s thermiques et acoustiques, r\u00e9sistance \u00e0 l&#8217;usure) et des fonctions esth\u00e9tiques.<\/p>\n<p>L\u2019\u00e9l\u00e8ve effectue plusieurs p\u00e9riodes de stage (14 semaines sur 2 ans) appel\u00e9s PFMP (P\u00e9riode de Formation en Milieu Professionnel) qui sont obligatoires pour l\u2019obtention de l&#8217;examen.<\/p>\n<p><a href=\"https:\/\/www.lyceelecorbusier.eu\/wp-content\/uploads\/2026\/02\/003_Image800.jpg\"><img loading=\"lazy\" width=\"800\" height=\"390\" class=\"alignnone size-full wp-image-3786\" src=\"https:\/\/www.lyceelecorbusier.eu\/wp-content\/uploads\/2026\/02\/003_Image800.jpg\" alt=\"\" srcset=\"https:\/\/www.lyceelecorbusier.eu\/wp-content\/uploads\/2026\/02\/003_Image800.jpg 800w, https:\/\/www.lyceelecorbusier.eu\/wp-content\/uploads\/2026\/02\/003_Image800-300x146.jpg 300w, https:\/\/www.lyceelecorbusier.eu\/wp-content\/uploads\/2026\/02\/003_Image800-768x374.jpg 768w\" sizes=\"(max-width: 800px) 100vw, 800px\" \/><\/a><\/p>\n<h2>Comment postuler\u00a0?<\/h2>\n<p>Ce CAP se pr\u00e9pare en 2 ans apr\u00e8s la classe de 3<sup>e<\/sup>.<\/p>\n<h2>Poursuites d\u2019\u00e9tudes<\/h2>\n<p>Le CAP d\u00e9bouche sur la vie active mais il est possible, sous certaines conditions, de poursuivre des \u00e9tudes et de pr\u00e9parer un autre CAP du secteur en 1 an, ou bien poursuivre en BP (Bac Pro. Carreleur mosa\u00efste, Bac Pro. M\u00e9tiers du pl\u00e2tre et de l&#8217;isolation, Bac Pro. Peintre applicateur de rev\u00eatements&#8230;). La poursuite en Bac Pro. est possible avec un bon dossier, notamment en Bac Pro. am\u00e9nagement et finition du b\u00e2timent.<\/p>\n<p><a href=\"https:\/\/www.lyceelecorbusier.eu\/wp-content\/uploads\/2026\/02\/002_Image800.jpg\"><img loading=\"lazy\" width=\"800\" height=\"390\" class=\"alignnone size-full wp-image-3787\" src=\"https:\/\/www.lyceelecorbusier.eu\/wp-content\/uploads\/2026\/02\/002_Image800.jpg\" alt=\"\" srcset=\"https:\/\/www.lyceelecorbusier.eu\/wp-content\/uploads\/2026\/02\/002_Image800.jpg 800w, https:\/\/www.lyceelecorbusier.eu\/wp-content\/uploads\/2026\/02\/002_Image800-300x146.jpg 300w, https:\/\/www.lyceelecorbusier.eu\/wp-content\/uploads\/2026\/02\/002_Image800-768x374.jpg 768w\" sizes=\"(max-width: 800px) 100vw, 800px\" \/><\/a><\/p>\n<p style=\"text-align: left;\"><a href=\"https:\/\/www.lyceelecorbusier.eu\/?page_id=385\"><strong>&lt; Retour<\/strong><\/a><\/p>\n","protected":false},"excerpt":{"rendered":"<p>Dur\u00e9e de la formation :\u00a02 ans Nature de la formation :\u00a0Dipl\u00f4me national ou dipl\u00f4me d&#8217;\u00c9tat Type de formation :\u00a0CAP (certificat d&#8217;aptitude professionnelle) D\u00e9bouch\u00e9s professionnels Le carreleur\/se mosa\u00efste travaille dans le cadre de la construction, de la restauration, de&#8230; <a class=\"read-more\" href=\"https:\/\/www.lyceelecorbusier.eu\/?page_id=3745\">Lire la suite&#8230;<\/a><\/p>\n","protected":false},"author":417,"featured_media":3784,"parent":0,"menu_order":0,"comment_status":"closed","ping_status":"closed","template":"","meta":[],"_links":{"self":[{"href":"https:\/\/www.lyceelecorbusier.eu\/index.php?rest_route=\/wp\/v2\/pages\/3745"}],"collection":[{"href":"https:\/\/www.lyceelecorbusier.eu\/index.php?rest_route=\/wp\/v2\/pages"}],"about":[{"href":"https:\/\/www.lyceelecorbusier.eu\/index.php?rest_route=\/wp\/v2\/types\/page"}],"author":[{"embeddable":true,"href":"https:\/\/www.lyceelecorbusier.eu\/index.php?rest_route=\/wp\/v2\/users\/417"}],"replies":[{"embeddable":true,"href":"https:\/\/www.lyceelecorbusier.eu\/index.php?rest_route=%2Fwp%2Fv2%2Fcomments&post=3745"}],"version-history":[{"count":6,"href":"https:\/\/www.lyceelecorbusier.eu\/index.php?rest_route=\/wp\/v2\/pages\/3745\/revisions"}],"predecessor-version":[{"id":3805,"href":"https:\/\/www.lyceelecorbusier.eu\/index.php?rest_route=\/wp\/v2\/pages\/3745\/revisions\/3805"}],"wp:featuredmedia":[{"embeddable":true,"href":"https:\/\/www.lyceelecorbusier.eu\/index.php?rest_route=\/wp\/v2\/media\/3784"}],"wp:attachment":[{"href":"https:\/\/www.lyceelecorbusier.eu\/index.php?rest_route=%2Fwp%2Fv2%2Fmedia&parent=3745"}],"curies":[{"name":"wp","href":"https:\/\/api.w.org\/{rel}","templated":true}]}}