{"id":3742,"date":"2026-02-13T10:33:42","date_gmt":"2026-02-13T09:33:42","guid":{"rendered":"https:\/\/www.lyceelecorbusier.eu\/?page_id=3742"},"modified":"2026-02-25T20:52:02","modified_gmt":"2026-02-25T19:52:02","slug":"cap-macon","status":"publish","type":"page","link":"https:\/\/www.lyceelecorbusier.eu\/?page_id=3742","title":{"rendered":"CAP Ma\u00e7on"},"content":{"rendered":"<p><strong>Dur\u00e9e de la formation :\u00a0<\/strong>2 ans<br \/>\n<strong>Nature de la formation :<\/strong>\u00a0Dipl\u00f4me national ou dipl\u00f4me d&#8217;\u00c9tat<br \/>\n<strong>Type de formation :<\/strong>\u00a0CAP (certificat d&#8217;aptitude professionnelle)<\/p>\n<p><a href=\"https:\/\/www.lyceelecorbusier.eu\/wp-content\/uploads\/2026\/02\/02_Image800-1.jpg\"><img loading=\"lazy\" width=\"800\" height=\"390\" class=\"alignnone size-full wp-image-3776\" src=\"https:\/\/www.lyceelecorbusier.eu\/wp-content\/uploads\/2026\/02\/02_Image800-1.jpg\" alt=\"\" srcset=\"https:\/\/www.lyceelecorbusier.eu\/wp-content\/uploads\/2026\/02\/02_Image800-1.jpg 800w, https:\/\/www.lyceelecorbusier.eu\/wp-content\/uploads\/2026\/02\/02_Image800-1-300x146.jpg 300w, https:\/\/www.lyceelecorbusier.eu\/wp-content\/uploads\/2026\/02\/02_Image800-1-768x374.jpg 768w\" sizes=\"(max-width: 800px) 100vw, 800px\" \/><\/a><\/p>\n<h2>D\u00e9bouch\u00e9s professionnels<\/h2>\n<p>Le Ma\u00e7on exerce son m\u00e9tier dans les PME du b\u00e2timent, souvent chez des artisans et principalement dans le domaine du gros \u0153uvre. Il peut s&#8217;agir de travaux neufs mais de plus en plus souvent d&#8217;op\u00e9rations de r\u00e9novation ou de r\u00e9habilitation.<\/p>\n<h2>Contenu et d\u00e9roulement de la formation<\/h2>\n<p>Le CAP associe ainsi des <strong>enseignements g\u00e9n\u00e9raux et des enseignements professionnels (un peu plus de la moiti\u00e9 du temps).<\/strong><\/p>\n<p>L\u2019\u00e9l\u00e8ve apprend \u00e0 construire les \u00e9l\u00e9ments porteurs d&#8217;un b\u00e2timent (fondations, murs, planchers&#8230;) soit par assemblage d&#8217;\u00e9l\u00e9ments (parpaings, briques, pierre, poutrelles pr\u00e9fabriqu\u00e9es), soit par coulage de b\u00e9ton dans des coffrages (moules). Les comp\u00e9tences acquises lui permettront de comprendre un dossier technique, d\u00e9terminer les mat\u00e9riels et outillages et quantifier les mat\u00e9riaux et composants. Il est form\u00e9 pour intervenir \u00e0 proximit\u00e9 des r\u00e9seaux, r\u00e9aliser des r\u00e9seaux enterr\u00e9s, utiliser un \u00e9chafaudage, implanter et tracer des ouvrages. Il apprend \u00e0 r\u00e9aliser des coffrages, mettre en place des armatures, fabriquer et utiliser des b\u00e9tons. Il saura aussi r\u00e9aliser des ma\u00e7onneries de petits \u00e9l\u00e9ments, poser des \u00e9l\u00e9ments pr\u00e9fabriqu\u00e9s. Il est form\u00e9 \u00e0 la r\u00e9alisation des finitions (au sol ou sur les murs\/fa\u00e7ades), puis au contr\u00f4le de la qualit\u00e9 du travail en cours et en fin de travaux.<\/p>\n<p>L\u2019\u00e9l\u00e8ve effectue plusieurs p\u00e9riodes de stage (14 semaines sur 2 ans) appel\u00e9s PFMP (P\u00e9riode de Formation en Milieu Professionnel) qui sont obligatoires pour l\u2019obtention de l&#8217;examen.<\/p>\n<h2><a href=\"https:\/\/www.lyceelecorbusier.eu\/wp-content\/uploads\/2026\/02\/01_Image800-1.jpg\"><img loading=\"lazy\" width=\"800\" height=\"390\" class=\"alignnone size-full wp-image-3775\" src=\"https:\/\/www.lyceelecorbusier.eu\/wp-content\/uploads\/2026\/02\/01_Image800-1.jpg\" alt=\"\" srcset=\"https:\/\/www.lyceelecorbusier.eu\/wp-content\/uploads\/2026\/02\/01_Image800-1.jpg 800w, https:\/\/www.lyceelecorbusier.eu\/wp-content\/uploads\/2026\/02\/01_Image800-1-300x146.jpg 300w, https:\/\/www.lyceelecorbusier.eu\/wp-content\/uploads\/2026\/02\/01_Image800-1-768x374.jpg 768w\" sizes=\"(max-width: 800px) 100vw, 800px\" \/><\/a><\/h2>\n<h2>Comment postuler\u00a0?<\/h2>\n<p>Ce CAP se pr\u00e9pare en 2 ans apr\u00e8s la classe de 3<sup>e<\/sup>.<\/p>\n<h2>Poursuites d\u2019\u00e9tudes<\/h2>\n<p>Le CAP d\u00e9bouche sur la vie active mais il est possible, sous certaines conditions, de poursuivre des \u00e9tudes et de pr\u00e9parer un autre CAP du secteur en 1 an, ou bien poursuivre en BP. La poursuite en Bac. Pro. est possible avec un bon dossier.<\/p>\n<p style=\"text-align: left;\"><a href=\"https:\/\/www.lyceelecorbusier.eu\/?page_id=385\"><strong>&lt; Retour<\/strong><\/a><\/p>\n","protected":false},"excerpt":{"rendered":"<p>Dur\u00e9e de la formation :\u00a02 ans Nature de la formation :\u00a0Dipl\u00f4me national ou dipl\u00f4me d&#8217;\u00c9tat Type de formation :\u00a0CAP (certificat d&#8217;aptitude professionnelle) D\u00e9bouch\u00e9s professionnels Le Ma\u00e7on exerce son m\u00e9tier dans les PME du b\u00e2timent, souvent chez des artisans&#8230; <a class=\"read-more\" href=\"https:\/\/www.lyceelecorbusier.eu\/?page_id=3742\">Lire la suite&#8230;<\/a><\/p>\n","protected":false},"author":417,"featured_media":3774,"parent":0,"menu_order":0,"comment_status":"closed","ping_status":"closed","template":"","meta":[],"_links":{"self":[{"href":"https:\/\/www.lyceelecorbusier.eu\/index.php?rest_route=\/wp\/v2\/pages\/3742"}],"collection":[{"href":"https:\/\/www.lyceelecorbusier.eu\/index.php?rest_route=\/wp\/v2\/pages"}],"about":[{"href":"https:\/\/www.lyceelecorbusier.eu\/index.php?rest_route=\/wp\/v2\/types\/page"}],"author":[{"embeddable":true,"href":"https:\/\/www.lyceelecorbusier.eu\/index.php?rest_route=\/wp\/v2\/users\/417"}],"replies":[{"embeddable":true,"href":"https:\/\/www.lyceelecorbusier.eu\/index.php?rest_route=%2Fwp%2Fv2%2Fcomments&post=3742"}],"version-history":[{"count":8,"href":"https:\/\/www.lyceelecorbusier.eu\/index.php?rest_route=\/wp\/v2\/pages\/3742\/revisions"}],"predecessor-version":[{"id":3808,"href":"https:\/\/www.lyceelecorbusier.eu\/index.php?rest_route=\/wp\/v2\/pages\/3742\/revisions\/3808"}],"wp:featuredmedia":[{"embeddable":true,"href":"https:\/\/www.lyceelecorbusier.eu\/index.php?rest_route=\/wp\/v2\/media\/3774"}],"wp:attachment":[{"href":"https:\/\/www.lyceelecorbusier.eu\/index.php?rest_route=%2Fwp%2Fv2%2Fmedia&parent=3742"}],"curies":[{"name":"wp","href":"https:\/\/api.w.org\/{rel}","templated":true}]}}