{"id":3737,"date":"2026-02-13T10:31:05","date_gmt":"2026-02-13T09:31:05","guid":{"rendered":"https:\/\/www.lyceelecorbusier.eu\/?page_id=3737"},"modified":"2026-02-25T20:50:56","modified_gmt":"2026-02-25T19:50:56","slug":"cap-monteur-en-installations-sanitaires","status":"publish","type":"page","link":"https:\/\/www.lyceelecorbusier.eu\/?page_id=3737","title":{"rendered":"CAP Monteur en installations sanitaires"},"content":{"rendered":"<p><strong>Dur\u00e9e de la formation :\u00a0<\/strong>2 ans<br \/>\n<strong>Nature de la formation :<\/strong>\u00a0Dipl\u00f4me national ou dipl\u00f4me d&#8217;\u00c9tat<br \/>\n<strong>Type de formation :<\/strong>\u00a0CAP (certificat d&#8217;aptitude professionnelle)<\/p>\n<h2>D\u00e9bouch\u00e9s professionnels<\/h2>\n<p>Le titulaire de ce CAP exercera comme plombier, monteur en installations sanitaires, sous le contr\u00f4le de sa hi\u00e9rarchie dans le domaine du b\u00e2timent pour des travaux neufs, de r\u00e9novation et de r\u00e9habilitation. Il est question de production d&#8217;eau chaude et froide, d&#8217;installations \u00e9lectriques et sanitaires, de traitement de l&#8217;eau, d&#8217;installations \u00e0 \u00e9nergies renouvelables, etc. Il peut s&#8217;agir de b\u00e2timents r\u00e9sidentiels, de services ou loisirs, ou industriels, agricoles ou commerciaux. Le personnel qualifi\u00e9 est tr\u00e8s recherch\u00e9.<\/p>\n<h2>Contenu et d\u00e9roulement de la formation<\/h2>\n<p>Le CAP associe ainsi <strong>des enseignements g\u00e9n\u00e9raux et des enseignements professionnels (un peu plus de la moiti\u00e9 du temps).<\/strong><\/p>\n<p>Un chauffe-eau en panne, un compteur d&#8217;eau \u00e0 remplacer, une salle de bains \u00e0 installer : le titulaire de ce CAP apprend \u00e0 poser les appareils sanitaires ou \u00e0 les r\u00e9parer en cas de panne. Il saura mettre en place et entretenir les canalisations d&#8217;eau et de gaz\u2026 La formation porte sur le fonctionnement des appareils et des r\u00e9seaux (eau froide, eau chaude, gaz, installation de chauffage&#8230;). Les \u00e9l\u00e8ves apprennent \u00e0 rep\u00e9rer les emplacements des conduites et des appareils, \u00e0 percer les parois (murs, planchers, cloisons), \u00e0 fa\u00e7onner les canalisations et \u00e0 les raccorder aux appareils sanitaires avant de les mettre en service. Ils \u00e9tudient aussi la lecture de plans, le dessin technique, les mat\u00e9riaux utilis\u00e9s (cuivre, acier, aluminium, colles et adh\u00e9sifs&#8230;), les r\u00e8gles de s\u00e9curit\u00e9. La formation prend en compte les enjeux de la transition \u00e9nerg\u00e9tique et de la transition num\u00e9rique.<\/p>\n<h2>Comment postuler\u00a0?<\/h2>\n<p>Ce CAP se pr\u00e9pare en 2 ans apr\u00e8s la classe de 3<sup>e<\/sup>.<\/p>\n<h2>Poursuites d\u2019\u00e9tudes<\/h2>\n<p>Le CAP d\u00e9bouche sur la vie active mais il est possible, sous certaines conditions, de poursuivre des \u00e9tudes et de pr\u00e9parer un autre CAP du secteur en 1 an, ou bien poursuivre en BP. La poursuite en Bac. Pro. est possible avec un bon dossier.<\/p>\n<p style=\"text-align: left;\"><a href=\"https:\/\/www.lyceelecorbusier.eu\/?page_id=385\"><strong>&lt; Retour<\/strong><\/a><\/p>\n","protected":false},"excerpt":{"rendered":"<p>Dur\u00e9e de la formation :\u00a02 ans Nature de la formation :\u00a0Dipl\u00f4me national ou dipl\u00f4me d&#8217;\u00c9tat Type de formation :\u00a0CAP (certificat d&#8217;aptitude professionnelle) D\u00e9bouch\u00e9s professionnels Le titulaire de ce CAP exercera comme plombier, monteur en installations sanitaires, sous le&#8230; <a class=\"read-more\" href=\"https:\/\/www.lyceelecorbusier.eu\/?page_id=3737\">Lire la suite&#8230;<\/a><\/p>\n","protected":false},"author":417,"featured_media":0,"parent":0,"menu_order":0,"comment_status":"closed","ping_status":"closed","template":"","meta":[],"_links":{"self":[{"href":"https:\/\/www.lyceelecorbusier.eu\/index.php?rest_route=\/wp\/v2\/pages\/3737"}],"collection":[{"href":"https:\/\/www.lyceelecorbusier.eu\/index.php?rest_route=\/wp\/v2\/pages"}],"about":[{"href":"https:\/\/www.lyceelecorbusier.eu\/index.php?rest_route=\/wp\/v2\/types\/page"}],"author":[{"embeddable":true,"href":"https:\/\/www.lyceelecorbusier.eu\/index.php?rest_route=\/wp\/v2\/users\/417"}],"replies":[{"embeddable":true,"href":"https:\/\/www.lyceelecorbusier.eu\/index.php?rest_route=%2Fwp%2Fv2%2Fcomments&post=3737"}],"version-history":[{"count":4,"href":"https:\/\/www.lyceelecorbusier.eu\/index.php?rest_route=\/wp\/v2\/pages\/3737\/revisions"}],"predecessor-version":[{"id":3804,"href":"https:\/\/www.lyceelecorbusier.eu\/index.php?rest_route=\/wp\/v2\/pages\/3737\/revisions\/3804"}],"wp:attachment":[{"href":"https:\/\/www.lyceelecorbusier.eu\/index.php?rest_route=%2Fwp%2Fv2%2Fmedia&parent=3737"}],"curies":[{"name":"wp","href":"https:\/\/api.w.org\/{rel}","templated":true}]}}