{"id":3735,"date":"2026-02-13T10:29:23","date_gmt":"2026-02-13T09:29:23","guid":{"rendered":"https:\/\/www.lyceelecorbusier.eu\/?page_id=3735"},"modified":"2026-02-25T20:51:43","modified_gmt":"2026-02-25T19:51:43","slug":"cap-peintre-applicateur-de-revetement","status":"publish","type":"page","link":"https:\/\/www.lyceelecorbusier.eu\/?page_id=3735","title":{"rendered":"CAP Peintre applicateur de rev\u00eatement"},"content":{"rendered":"<p><strong>Dur\u00e9e de la formation :\u00a0<\/strong>2 ans<br \/>\n<strong>Nature de la formation :<\/strong>\u00a0Dipl\u00f4me national ou dipl\u00f4me d&#8217;\u00c9tat<br \/>\n<strong>Type de formation :<\/strong>\u00a0CAP (certificat d&#8217;aptitude professionnelle)<\/p>\n<p><a href=\"https:\/\/www.lyceelecorbusier.eu\/wp-content\/uploads\/2026\/02\/01_Image800-2.jpg\"><img loading=\"lazy\" width=\"800\" height=\"390\" class=\"alignnone size-full wp-image-3781\" src=\"https:\/\/www.lyceelecorbusier.eu\/wp-content\/uploads\/2026\/02\/01_Image800-2.jpg\" alt=\"\" srcset=\"https:\/\/www.lyceelecorbusier.eu\/wp-content\/uploads\/2026\/02\/01_Image800-2.jpg 800w, https:\/\/www.lyceelecorbusier.eu\/wp-content\/uploads\/2026\/02\/01_Image800-2-300x146.jpg 300w, https:\/\/www.lyceelecorbusier.eu\/wp-content\/uploads\/2026\/02\/01_Image800-2-768x374.jpg 768w\" sizes=\"(max-width: 800px) 100vw, 800px\" \/><\/a><\/p>\n<h2>D\u00e9bouch\u00e9s professionnels<\/h2>\n<p>Le titulaire du CAP exercera dans le secteur de l&#8217;am\u00e9nagement finition, dans le cadre de travaux neufs, de r\u00e9novation ou de r\u00e9habilitation, dans tout type d&#8217;entreprise et de collectivit\u00e9, surtout dans des entreprises artisanales. L&#8217;activit\u00e9 se situera en atelier et sur chantier (dont des b\u00e2timents souvent occup\u00e9s). A moyen terme il pourra devenir chef d&#8217;\u00e9quipe, cr\u00e9er ou reprendre une entreprise artisanale.<\/p>\n<h2>Contenu et d\u00e9roulement de la formation<\/h2>\n<p>Le CAP associe ainsi <strong>des enseignements g\u00e9n\u00e9raux et des enseignements professionnels (un peu plus de la moiti\u00e9 du temps).<\/strong><\/p>\n<p>L&#8217;\u00e9l\u00e8ve devra \u00eatre capable de mettre en \u0153uvre des produits de pr\u00e9paration et de finition (peintures, rev\u00eatements de murs, plafond et sols&#8230;) \u00e0 l&#8217;int\u00e9rieur des b\u00e2timents souvent occup\u00e9s, et des produits de traitement, de pr\u00e9paration et de finition \u00e0 l&#8217;ext\u00e9rieur (fa\u00e7ades, balcons, rambardes, etc.). Il apprend \u00e0 pr\u00e9parer le chantier (d\u00e9capage, pon\u00e7age&#8230;), \u00e0 r\u00e9aliser les travaux pr\u00e9paratoires sur les murs, plafonds, boiseries ou ouvrages m\u00e9talliques (reboucher des fissures, etc.). La formation porte sur la r\u00e9alisation des travaux de peinture et de travaux de fa\u00e7ade, la pose de rev\u00eatements muraux et au sol et l&#8217;application des produits de finition. L&#8217;\u00e9l\u00e8ve acquiert des connaissances sur les supports (b\u00e9ton, bois, ancien rev\u00eatement, etc.). Les mat\u00e9riaux utilis\u00e9s sont \u00e9tudi\u00e9s, notamment les produits de peinture (peinture, vernis, enduits, colles&#8230;), les rev\u00eatements muraux \u00e0 coller (papiers peints, vinyles&#8230;), les rev\u00eatements de sols souples (PVC, linol\u00e9um&#8230;). L&#8217;aspect esth\u00e9tique et les couleurs (tons, associations de couleurs&#8230;) font partie du programme. On note que le BIM (maquette num\u00e9rique et d\u00e9marche collaborative de travail) est abord\u00e9 ainsi que les enjeux \u00e9nerg\u00e9tiques et environnementaux.<\/p>\n<p><a href=\"https:\/\/www.lyceelecorbusier.eu\/wp-content\/uploads\/2026\/02\/02_Image800-2.jpg\"><img loading=\"lazy\" width=\"800\" height=\"390\" class=\"alignnone size-full wp-image-3782\" src=\"https:\/\/www.lyceelecorbusier.eu\/wp-content\/uploads\/2026\/02\/02_Image800-2.jpg\" alt=\"\" srcset=\"https:\/\/www.lyceelecorbusier.eu\/wp-content\/uploads\/2026\/02\/02_Image800-2.jpg 800w, https:\/\/www.lyceelecorbusier.eu\/wp-content\/uploads\/2026\/02\/02_Image800-2-300x146.jpg 300w, https:\/\/www.lyceelecorbusier.eu\/wp-content\/uploads\/2026\/02\/02_Image800-2-768x374.jpg 768w\" sizes=\"(max-width: 800px) 100vw, 800px\" \/><\/a><\/p>\n<h2>Comment postuler\u00a0?<\/h2>\n<p>Ce CAP se pr\u00e9pare en 2 ans apr\u00e8s la classe de 3<sup>e<\/sup>.<\/p>\n<h2>Poursuites d\u2019\u00e9tudes<\/h2>\n<p>Le CAP d\u00e9bouche sur la vie active mais il est possible, sous certaines conditions, de poursuivre des \u00e9tudes et de pr\u00e9parer un autre CAP du secteur en 1 an, ou bien poursuivre en BP. La poursuite en Bac Pro. est possible avec un bon dossier.<\/p>\n<p style=\"text-align: left;\"><a href=\"https:\/\/www.lyceelecorbusier.eu\/?page_id=385\"><strong>&lt; Retour<\/strong><\/a><\/p>\n","protected":false},"excerpt":{"rendered":"<p>Dur\u00e9e de la formation :\u00a02 ans Nature de la formation :\u00a0Dipl\u00f4me national ou dipl\u00f4me d&#8217;\u00c9tat Type de formation :\u00a0CAP (certificat d&#8217;aptitude professionnelle) D\u00e9bouch\u00e9s professionnels Le titulaire du CAP exercera dans le secteur de l&#8217;am\u00e9nagement finition, dans le cadre&#8230; <a class=\"read-more\" href=\"https:\/\/www.lyceelecorbusier.eu\/?page_id=3735\">Lire la suite&#8230;<\/a><\/p>\n","protected":false},"author":417,"featured_media":3780,"parent":0,"menu_order":0,"comment_status":"closed","ping_status":"closed","template":"","meta":[],"_links":{"self":[{"href":"https:\/\/www.lyceelecorbusier.eu\/index.php?rest_route=\/wp\/v2\/pages\/3735"}],"collection":[{"href":"https:\/\/www.lyceelecorbusier.eu\/index.php?rest_route=\/wp\/v2\/pages"}],"about":[{"href":"https:\/\/www.lyceelecorbusier.eu\/index.php?rest_route=\/wp\/v2\/types\/page"}],"author":[{"embeddable":true,"href":"https:\/\/www.lyceelecorbusier.eu\/index.php?rest_route=\/wp\/v2\/users\/417"}],"replies":[{"embeddable":true,"href":"https:\/\/www.lyceelecorbusier.eu\/index.php?rest_route=%2Fwp%2Fv2%2Fcomments&post=3735"}],"version-history":[{"count":7,"href":"https:\/\/www.lyceelecorbusier.eu\/index.php?rest_route=\/wp\/v2\/pages\/3735\/revisions"}],"predecessor-version":[{"id":3806,"href":"https:\/\/www.lyceelecorbusier.eu\/index.php?rest_route=\/wp\/v2\/pages\/3735\/revisions\/3806"}],"wp:featuredmedia":[{"embeddable":true,"href":"https:\/\/www.lyceelecorbusier.eu\/index.php?rest_route=\/wp\/v2\/media\/3780"}],"wp:attachment":[{"href":"https:\/\/www.lyceelecorbusier.eu\/index.php?rest_route=%2Fwp%2Fv2%2Fmedia&parent=3735"}],"curies":[{"name":"wp","href":"https:\/\/api.w.org\/{rel}","templated":true}]}}