{"id":367,"date":"2014-08-25T08:13:53","date_gmt":"2014-08-25T07:13:53","guid":{"rendered":"http:\/\/www.lyceelecorbusier.eu\/?page_id=367"},"modified":"2024-01-17T09:25:57","modified_gmt":"2024-01-17T08:25:57","slug":"pole-design","status":"publish","type":"page","link":"https:\/\/www.lyceelecorbusier.eu\/?page_id=367","title":{"rendered":"P\u00f4le design"},"content":{"rendered":"<p>Les formations Design du lyc\u00e9e Le Corbusier s\u2019\u00e9tendent du Baccalaur\u00e9at STD2A au DSAA.<br \/>\nCliquer sur <img loading=\"lazy\" src=\"https:\/\/www.lyceelecorbusier.eu\/wp-content\/uploads\/2022\/02\/plus-bleu.png\" alt=\"\" width=\"12\" height=\"12\" align=\"bottum\" \/> pour avoir davantage d&#8217;informations.<\/p>\n<hr \/>\n<div class=\"su-accordion su-u-trim\">\n<h2>Les formations Pr\u00e9-Bac<\/h2>\n<div class=\"su-spoiler su-spoiler-style-default su-spoiler-icon-plus su-spoiler-closed\" data-scroll-offset=\"0\" data-anchor-in-url=\"no\"><div class=\"su-spoiler-title\" tabindex=\"0\" role=\"button\"><span class=\"su-spoiler-icon\"><\/span>Seconde CCD &amp; Baccalaur\u00e9at STD2A<\/div><div class=\"su-spoiler-content su-u-clearfix su-u-trim\">\n<table style=\"border-collapse: collapse; width: 100%;\">\n<tbody>\n<tr>\n<td style=\"width: 70%; border-style: hidden;\">\u2022 <a href=\"https:\/\/designetmetiersdart.fr\/std2a\/\" target=\"_blank\" rel=\"noopener noreferrer\">Pr\u00e9sentation du baccalaur\u00e9at STD2A<\/a><br \/>\n(Site national Design &amp; M\u00e9tiers d&#8217;Art)<\/td>\n<td style=\"width: 30%; border-style: hidden;\"><a href=\"https:\/\/designetmetiersdart.fr\/std2a\/\" target=\"_blank\" rel=\"noopener\"><img loading=\"lazy\" class=\"ombre alignnone wp-image-2770 size-full\" src=\"https:\/\/www.lyceelecorbusier.eu\/wp-content\/uploads\/2022\/02\/std2a.jpg\" alt=\"\" width=\"780\" height=\"439\" srcset=\"https:\/\/www.lyceelecorbusier.eu\/wp-content\/uploads\/2022\/02\/std2a.jpg 780w, https:\/\/www.lyceelecorbusier.eu\/wp-content\/uploads\/2022\/02\/std2a-300x169.jpg 300w, https:\/\/www.lyceelecorbusier.eu\/wp-content\/uploads\/2022\/02\/std2a-768x432.jpg 768w\" sizes=\"(max-width: 780px) 100vw, 780px\" \/><\/a><\/td>\n<\/tr>\n<tr>\n<td style=\"width: 70%; border-style: hidden;\">\u2022 <a href=\"https:\/\/www.youtube.com\/embed\/1owdKiqRvL8\" target=\"_blank\" rel=\"noopener\">Vid\u00e9o de pr\u00e9sentation Seconde CCD &amp; Baccalaur\u00e9at STD2A<\/a><\/td>\n<td style=\"width: 30%; border-style: hidden;\"><a href=\"https:\/\/www.youtube.com\/embed\/1owdKiqRvL8\" target=\"_blank\" rel=\"noopener\"><img loading=\"lazy\" class=\"ombre alignnone wp-image-2802 size-full\" src=\"https:\/\/www.lyceelecorbusier.eu\/wp-content\/uploads\/2022\/02\/2de.jpg\" alt=\"\" width=\"980\" height=\"551\" srcset=\"https:\/\/www.lyceelecorbusier.eu\/wp-content\/uploads\/2022\/02\/2de.jpg 980w, https:\/\/www.lyceelecorbusier.eu\/wp-content\/uploads\/2022\/02\/2de-300x169.jpg 300w, https:\/\/www.lyceelecorbusier.eu\/wp-content\/uploads\/2022\/02\/2de-768x432.jpg 768w, https:\/\/www.lyceelecorbusier.eu\/wp-content\/uploads\/2022\/02\/2de-960x540.jpg 960w\" sizes=\"(max-width: 980px) 100vw, 980px\" \/><\/a><\/td>\n<\/tr>\n<\/tbody>\n<\/table>\n<\/div><\/div>\n<hr \/>\n<h2>Les formations Post-Bac<\/h2>\n<h6>Pr\u00e9sentation de la formation DN_MADe<\/h6>\n<div class=\"su-spoiler su-spoiler-style-default su-spoiler-icon-plus su-spoiler-closed\" data-scroll-offset=\"0\" data-anchor-in-url=\"no\"><div class=\"su-spoiler-title\" tabindex=\"0\" role=\"button\"><span class=\"su-spoiler-icon\"><\/span>DN MADe (Dipl\u00f4me National des M\u00e9tiers d'Art &amp; du Design)<\/div><div class=\"su-spoiler-content su-u-clearfix su-u-trim\">\n<table style=\"border-collapse: collapse; width: 100%;\">\n<tbody>\n<tr>\n<td style=\"width: 70%; border-style: hidden;\">\u2022 <a href=\"https:\/\/designetmetiersdart.fr\/dn-made\/\" target=\"_blank\" rel=\"noopener\">Pr\u00e9sentation g\u00e9n\u00e9rale du DN MADe<\/a><br \/>\n(Site national Design &amp; M\u00e9tiers d&#8217;Art)<\/td>\n<td style=\"width: 30%; border-style: hidden;\"><a href=\"https:\/\/designetmetiersdart.fr\/dn-made\/\" target=\"_blank\" rel=\"noopener\"><img loading=\"lazy\" class=\"ombre alignright wp-image-2754 size-full\" src=\"https:\/\/www.lyceelecorbusier.eu\/wp-content\/uploads\/2022\/02\/dnmade-01.jpg\" alt=\"\" width=\"980\" height=\"551\" srcset=\"https:\/\/www.lyceelecorbusier.eu\/wp-content\/uploads\/2022\/02\/dnmade-01.jpg 980w, https:\/\/www.lyceelecorbusier.eu\/wp-content\/uploads\/2022\/02\/dnmade-01-300x169.jpg 300w, https:\/\/www.lyceelecorbusier.eu\/wp-content\/uploads\/2022\/02\/dnmade-01-768x432.jpg 768w, https:\/\/www.lyceelecorbusier.eu\/wp-content\/uploads\/2022\/02\/dnmade-01-960x540.jpg 960w\" sizes=\"(max-width: 980px) 100vw, 980px\" \/><\/a><\/td>\n<\/tr>\n<tr>\n<td style=\"width: 70%; border-style: hidden;\">\u2022 <a href=\"https:\/\/spark.adobe.com\/video\/nQmoEB7tXkB5x\/embed\" target=\"_blank\" rel=\"noopener\">Pr\u00e9sentation des DN MADe du lyc\u00e9e Le Corbusier<\/a><\/td>\n<td style=\"width: 30%; border-style: hidden;\"><a href=\"https:\/\/spark.adobe.com\/video\/nQmoEB7tXkB5x\/embed\" target=\"_blank\" rel=\"noopener\"><img loading=\"lazy\" class=\"ombre alignnone wp-image-2809 size-full\" src=\"https:\/\/www.lyceelecorbusier.eu\/wp-content\/uploads\/2022\/02\/dnmadevideo.jpg\" alt=\"\" width=\"980\" height=\"552\" srcset=\"https:\/\/www.lyceelecorbusier.eu\/wp-content\/uploads\/2022\/02\/dnmadevideo.jpg 980w, https:\/\/www.lyceelecorbusier.eu\/wp-content\/uploads\/2022\/02\/dnmadevideo-300x169.jpg 300w, https:\/\/www.lyceelecorbusier.eu\/wp-content\/uploads\/2022\/02\/dnmadevideo-768x433.jpg 768w, https:\/\/www.lyceelecorbusier.eu\/wp-content\/uploads\/2022\/02\/dnmadevideo-960x541.jpg 960w\" sizes=\"(max-width: 980px) 100vw, 980px\" \/><\/a><\/td>\n<\/tr>\n<\/tbody>\n<\/table>\n<table style=\"border-collapse: collapse; width: 100%;\">\n<tbody>\n<tr>\n<td style=\"width: 70%; border-style: hidden;\">\u2022 <a href=\"https:\/\/www.lyceelecorbusier.eu\/dnmade\/\" target=\"_blank\" rel=\"noopener\">Site d\u00e9di\u00e9 aux 4 DN MADe du lyc\u00e9e le Corbusier<\/a><\/td>\n<td style=\"width: 30%; border-style: hidden;\"><a href=\"https:\/\/www.lyceelecorbusier.eu\/dnmade\/\" target=\"_blank\" rel=\"noopener\"><img loading=\"lazy\" class=\"ombre alignright wp-image-2745 size-full\" src=\"https:\/\/www.lyceelecorbusier.eu\/wp-content\/uploads\/2022\/02\/dnmade.jpg\" alt=\"\" width=\"980\" height=\"551\" srcset=\"https:\/\/www.lyceelecorbusier.eu\/wp-content\/uploads\/2022\/02\/dnmade.jpg 980w, https:\/\/www.lyceelecorbusier.eu\/wp-content\/uploads\/2022\/02\/dnmade-300x169.jpg 300w, https:\/\/www.lyceelecorbusier.eu\/wp-content\/uploads\/2022\/02\/dnmade-768x432.jpg 768w, https:\/\/www.lyceelecorbusier.eu\/wp-content\/uploads\/2022\/02\/dnmade-960x540.jpg 960w\" sizes=\"(max-width: 980px) 100vw, 980px\" \/><\/a><\/td>\n<\/tr>\n<\/tbody>\n<\/table>\n<\/div><\/div>\n<h6>Les 4 DN_MADe du lyc\u00e9e Le Corbusier<\/h6>\n<div class=\"su-spoiler su-spoiler-style-default su-spoiler-icon-plus su-spoiler-closed\" data-scroll-offset=\"0\" data-anchor-in-url=\"no\"><div class=\"su-spoiler-title\" tabindex=\"0\" role=\"button\"><span class=\"su-spoiler-icon\"><\/span>DN MADe objet \/ design de produits, mat\u00e9riaux et \u00e9co-conception <\/div><div class=\"su-spoiler-content su-u-clearfix su-u-trim\">\n<table style=\"border-collapse: collapse; width: 100%;\">\n<tbody>\n<tr>\n<td style=\"width: 70%; border-style: hidden;\">\u2022 <a href=\"http:\/\/www.lyceelecorbusier.eu\/dnmade\/?p=71\" target=\"_blank\" rel=\"noopener noreferrer\">Pr\u00e9sentation du DN_MADe objet<\/a><\/td>\n<td style=\"width: 30%; border-style: hidden;\"><a href=\"https:\/\/www.lyceelecorbusier.eu\/dnmade\/?p=71\" target=\"_blank\" rel=\"noopener\"><img loading=\"lazy\" class=\"ombre aligncenter wp-image-2750 size-full\" src=\"https:\/\/www.lyceelecorbusier.eu\/wp-content\/uploads\/2022\/02\/dnmade-ma-01.jpg\" alt=\"\" width=\"980\" height=\"551\" srcset=\"https:\/\/www.lyceelecorbusier.eu\/wp-content\/uploads\/2022\/02\/dnmade-ma-01.jpg 980w, https:\/\/www.lyceelecorbusier.eu\/wp-content\/uploads\/2022\/02\/dnmade-ma-01-300x169.jpg 300w, https:\/\/www.lyceelecorbusier.eu\/wp-content\/uploads\/2022\/02\/dnmade-ma-01-768x432.jpg 768w, https:\/\/www.lyceelecorbusier.eu\/wp-content\/uploads\/2022\/02\/dnmade-ma-01-960x540.jpg 960w\" sizes=\"(max-width: 980px) 100vw, 980px\" \/><\/a><\/td>\n<\/tr>\n<tr>\n<td style=\"width: 50%; border-style: hidden;\"><a href=\"https:\/\/www.lyceelecorbusier.eu\/dnmade-ma\/\" target=\"_blank\" rel=\"noopener\">Site du DN_MADe objet<\/a><br \/>\n(Galerie des projets)<\/td>\n<td style=\"width: 50%; border-style: hidden;\"><a href=\"https:\/\/www.lyceelecorbusier.eu\/dnmade-ma\/\" target=\"_blank\" rel=\"noopener\"><img loading=\"lazy\" class=\"ombre aligncenter wp-image-2747 size-full\" src=\"https:\/\/www.lyceelecorbusier.eu\/wp-content\/uploads\/2022\/02\/dnmade-ma.jpg\" alt=\"\" width=\"980\" height=\"551\" srcset=\"https:\/\/www.lyceelecorbusier.eu\/wp-content\/uploads\/2022\/02\/dnmade-ma.jpg 980w, https:\/\/www.lyceelecorbusier.eu\/wp-content\/uploads\/2022\/02\/dnmade-ma-300x169.jpg 300w, https:\/\/www.lyceelecorbusier.eu\/wp-content\/uploads\/2022\/02\/dnmade-ma-768x432.jpg 768w, https:\/\/www.lyceelecorbusier.eu\/wp-content\/uploads\/2022\/02\/dnmade-ma-960x540.jpg 960w\" sizes=\"(max-width: 980px) 100vw, 980px\" \/><\/a><\/td>\n<\/tr>\n<\/tbody>\n<\/table>\n<\/div><\/div>\n<div class=\"su-spoiler su-spoiler-style-default su-spoiler-icon-plus su-spoiler-closed\" data-scroll-offset=\"0\" data-anchor-in-url=\"no\"><div class=\"su-spoiler-title\" tabindex=\"0\" role=\"button\"><span class=\"su-spoiler-icon\"><\/span>DN_MADe innovation sociale \/ design territoires et soci\u00e9t\u00e9 : produit &amp; graphisme<\/div><div class=\"su-spoiler-content su-u-clearfix su-u-trim\">\n<table style=\"border-collapse: collapse; width: 100%;\">\n<tbody>\n<tr>\n<td style=\"width: 70%; border-style: hidden;\">\u2022 <a href=\"http:\/\/www.lyceelecorbusier.eu\/dnmade\/?p=56\" target=\"_blank\" rel=\"noopener noreferrer\">Pr\u00e9sentation du DN_MAD<span class=\"bdc\">e<\/span> innovation sociale<\/a><\/td>\n<td style=\"width: 30%; border-style: hidden;\"><a href=\"https:\/\/www.lyceelecorbusier.eu\/dnmade\/?p=56\" target=\"_blank\" rel=\"noopener\"><img loading=\"lazy\" class=\"ombre alignnone wp-image-2772 size-full\" src=\"https:\/\/www.lyceelecorbusier.eu\/wp-content\/uploads\/2022\/02\/dnmade-is-01.jpg\" alt=\"\" width=\"980\" height=\"551\" srcset=\"https:\/\/www.lyceelecorbusier.eu\/wp-content\/uploads\/2022\/02\/dnmade-is-01.jpg 980w, https:\/\/www.lyceelecorbusier.eu\/wp-content\/uploads\/2022\/02\/dnmade-is-01-300x169.jpg 300w, https:\/\/www.lyceelecorbusier.eu\/wp-content\/uploads\/2022\/02\/dnmade-is-01-768x432.jpg 768w, https:\/\/www.lyceelecorbusier.eu\/wp-content\/uploads\/2022\/02\/dnmade-is-01-960x540.jpg 960w\" sizes=\"(max-width: 980px) 100vw, 980px\" \/><\/a><\/td>\n<\/tr>\n<tr>\n<td style=\"width: 70%; border-style: hidden;\">\u2022 <a href=\"https:\/\/www.lyceelecorbusier.eu\/dnmade-is\/\" target=\"_blank\" rel=\"noopener\">Site du DN_MADe Innovation Sociale<\/a><br \/>\n(Galerie de projets)<\/td>\n<td style=\"width: 30%; border-style: hidden;\"><a href=\"https:\/\/www.lyceelecorbusier.eu\/dnmade-is\/\" target=\"_blank\" rel=\"noopener\"><img loading=\"lazy\" class=\"ombre alignnone wp-image-2773 size-full\" src=\"https:\/\/www.lyceelecorbusier.eu\/wp-content\/uploads\/2022\/02\/dnmade-is-02.jpg\" alt=\"\" width=\"980\" height=\"551\" srcset=\"https:\/\/www.lyceelecorbusier.eu\/wp-content\/uploads\/2022\/02\/dnmade-is-02.jpg 980w, https:\/\/www.lyceelecorbusier.eu\/wp-content\/uploads\/2022\/02\/dnmade-is-02-300x169.jpg 300w, https:\/\/www.lyceelecorbusier.eu\/wp-content\/uploads\/2022\/02\/dnmade-is-02-768x432.jpg 768w, https:\/\/www.lyceelecorbusier.eu\/wp-content\/uploads\/2022\/02\/dnmade-is-02-960x540.jpg 960w\" sizes=\"(max-width: 980px) 100vw, 980px\" \/><\/a><\/td>\n<\/tr>\n<\/tbody>\n<\/table>\n<\/div><\/div>\n<div class=\"su-spoiler su-spoiler-style-default su-spoiler-icon-plus su-spoiler-closed\" data-scroll-offset=\"0\" data-anchor-in-url=\"no\"><div class=\"su-spoiler-title\" tabindex=\"0\" role=\"button\"><span class=\"su-spoiler-icon\"><\/span>DN_MADe graphisme \/ \u00e9dition, identit\u00e9, motion design<\/div><div class=\"su-spoiler-content su-u-clearfix su-u-trim\">\n<table style=\"width: 100%; border-collapse: collapse; border-style: hidden;\">\n<tbody>\n<tr>\n<td style=\"width: 70%;\">\u2022 <a href=\"http:\/\/www.lyceelecorbusier.eu\/dnmade\/?p=69\" target=\"_blank\" rel=\"noopener noreferrer\">Pr\u00e9sentation du DN_MADe graphisme<\/a><\/td>\n<td style=\"width: 30%; border-style: hidden;\"><a href=\"https:\/\/www.lyceelecorbusier.eu\/dnmade\/?p=69\" target=\"_blank\" rel=\"noopener\"><img loading=\"lazy\" class=\"ombre alignnone wp-image-2778 size-full\" src=\"https:\/\/www.lyceelecorbusier.eu\/wp-content\/uploads\/2022\/02\/dnmade-gr.jpg\" alt=\"\" width=\"980\" height=\"551\" srcset=\"https:\/\/www.lyceelecorbusier.eu\/wp-content\/uploads\/2022\/02\/dnmade-gr.jpg 980w, https:\/\/www.lyceelecorbusier.eu\/wp-content\/uploads\/2022\/02\/dnmade-gr-300x169.jpg 300w, https:\/\/www.lyceelecorbusier.eu\/wp-content\/uploads\/2022\/02\/dnmade-gr-768x432.jpg 768w, https:\/\/www.lyceelecorbusier.eu\/wp-content\/uploads\/2022\/02\/dnmade-gr-960x540.jpg 960w\" sizes=\"(max-width: 980px) 100vw, 980px\" \/><\/a><\/td>\n<\/tr>\n<\/tbody>\n<\/table>\n<\/div><\/div>\n<div class=\"su-spoiler su-spoiler-style-default su-spoiler-icon-plus su-spoiler-closed\" data-scroll-offset=\"0\" data-anchor-in-url=\"no\"><div class=\"su-spoiler-title\" tabindex=\"0\" role=\"button\"><span class=\"su-spoiler-icon\"><\/span>DN_MADe espace \/ Sc\u00e9narii de l\u2019architecture et des espaces construits<\/div><div class=\"su-spoiler-content su-u-clearfix su-u-trim\">\n<table style=\"border-collapse: collapse; width: 100%;\">\n<tbody>\n<tr>\n<td style=\"width: 70%; border-style: hidden;\">\u2022 <a href=\"http:\/\/www.lyceelecorbusier.eu\/dnmade\/?p=67\" target=\"_blank\" rel=\"noopener noreferrer\">Pr\u00e9sentation du DN_MAD<span class=\"bdc\">e<\/span> espace<\/a><\/td>\n<td style=\"width: 30%; border-style: hidden;\"><a href=\"https:\/\/www.lyceelecorbusier.eu\/dnmade\/?p=67\" target=\"_blank\" rel=\"noopener\"><img loading=\"lazy\" class=\"ombre alignnone wp-image-2780 size-full\" src=\"https:\/\/www.lyceelecorbusier.eu\/wp-content\/uploads\/2022\/02\/dnmade-es.jpg\" alt=\"\" width=\"980\" height=\"551\" srcset=\"https:\/\/www.lyceelecorbusier.eu\/wp-content\/uploads\/2022\/02\/dnmade-es.jpg 980w, https:\/\/www.lyceelecorbusier.eu\/wp-content\/uploads\/2022\/02\/dnmade-es-300x169.jpg 300w, https:\/\/www.lyceelecorbusier.eu\/wp-content\/uploads\/2022\/02\/dnmade-es-768x432.jpg 768w, https:\/\/www.lyceelecorbusier.eu\/wp-content\/uploads\/2022\/02\/dnmade-es-960x540.jpg 960w\" sizes=\"(max-width: 980px) 100vw, 980px\" \/><\/a><\/td>\n<\/tr>\n<\/tbody>\n<\/table>\n<\/div><\/div>\n<h6>Le DSAA<\/h6>\n<div class=\"su-spoiler su-spoiler-style-default su-spoiler-icon-plus su-spoiler-closed\" data-scroll-offset=\"0\" data-anchor-in-url=\"no\"><div class=\"su-spoiler-title\" tabindex=\"0\" role=\"button\"><span class=\"su-spoiler-icon\"><\/span>DSAA Dipl\u00f4me Sup\u00e9rieur des Arts Appliqu\u00e9s<\/div><div class=\"su-spoiler-content su-u-clearfix su-u-trim\">\n<table style=\"width: 100%; border-collapse: collapse; border-style: hidden;\">\n<tbody>\n<tr>\n<td style=\"width: 50%; border-style: hidden;\">\u2022 <a href=\"https:\/\/designetmetiersdart.fr\/dsaa\/\" target=\"_blank\" rel=\"noopener\">Pr\u00e9sentation du DSAA<\/a><br \/>\n(Site national Design &amp; M\u00e9tiers d&#8217;Art)<\/td>\n<td style=\"width: 50%; border-style: hidden;\"><a href=\"https:\/\/designetmetiersdart.fr\/dsaa\/\" target=\"_blank\" rel=\"noopener\"><img loading=\"lazy\" class=\"ombre alignnone wp-image-2781 size-full\" src=\"https:\/\/www.lyceelecorbusier.eu\/wp-content\/uploads\/2022\/02\/dsaa-02.jpg\" alt=\"\" width=\"980\" height=\"551\" srcset=\"https:\/\/www.lyceelecorbusier.eu\/wp-content\/uploads\/2022\/02\/dsaa-02.jpg 980w, https:\/\/www.lyceelecorbusier.eu\/wp-content\/uploads\/2022\/02\/dsaa-02-300x169.jpg 300w, https:\/\/www.lyceelecorbusier.eu\/wp-content\/uploads\/2022\/02\/dsaa-02-768x432.jpg 768w, https:\/\/www.lyceelecorbusier.eu\/wp-content\/uploads\/2022\/02\/dsaa-02-960x540.jpg 960w\" sizes=\"(max-width: 980px) 100vw, 980px\" \/><\/a><\/td>\n<\/tr>\n<tr>\n<td style=\"width: 70%; border-style: hidden;\">\u2022 <a href=\"http:\/\/www.lyceelecorbusier.eu\/dsaa\/\" target=\"_blank\" rel=\"noopener noreferrer\">Site du DSAA Le Corbusier In Situ Lab<\/a><\/td>\n<td style=\"width: 30%; border-style: hidden;\"><a href=\"https:\/\/www.lyceelecorbusier.eu\/dsaa\/\" target=\"_blank\" rel=\"noopener\"><img loading=\"lazy\" class=\"ombre alignnone wp-image-2782 size-full\" src=\"https:\/\/www.lyceelecorbusier.eu\/wp-content\/uploads\/2022\/02\/dsaa-01.jpg\" alt=\"\" width=\"980\" height=\"551\" srcset=\"https:\/\/www.lyceelecorbusier.eu\/wp-content\/uploads\/2022\/02\/dsaa-01.jpg 980w, https:\/\/www.lyceelecorbusier.eu\/wp-content\/uploads\/2022\/02\/dsaa-01-300x169.jpg 300w, https:\/\/www.lyceelecorbusier.eu\/wp-content\/uploads\/2022\/02\/dsaa-01-768x432.jpg 768w, https:\/\/www.lyceelecorbusier.eu\/wp-content\/uploads\/2022\/02\/dsaa-01-960x540.jpg 960w\" sizes=\"(max-width: 980px) 100vw, 980px\" \/><\/a><\/td>\n<\/tr>\n<\/tbody>\n<\/table>\n<\/div><\/div><\/div>\n<hr \/>\n","protected":false},"excerpt":{"rendered":"<p>Les formations Design du lyc\u00e9e Le Corbusier s\u2019\u00e9tendent du Baccalaur\u00e9at STD2A au DSAA. Cliquer sur pour avoir davantage d&#8217;informations.<\/p>\n","protected":false},"author":1,"featured_media":655,"parent":0,"menu_order":0,"comment_status":"closed","ping_status":"closed","template":"template-full.php","meta":[],"_links":{"self":[{"href":"https:\/\/www.lyceelecorbusier.eu\/index.php?rest_route=\/wp\/v2\/pages\/367"}],"collection":[{"href":"https:\/\/www.lyceelecorbusier.eu\/index.php?rest_route=\/wp\/v2\/pages"}],"about":[{"href":"https:\/\/www.lyceelecorbusier.eu\/index.php?rest_route=\/wp\/v2\/types\/page"}],"author":[{"embeddable":true,"href":"https:\/\/www.lyceelecorbusier.eu\/index.php?rest_route=\/wp\/v2\/users\/1"}],"replies":[{"embeddable":true,"href":"https:\/\/www.lyceelecorbusier.eu\/index.php?rest_route=%2Fwp%2Fv2%2Fcomments&post=367"}],"version-history":[{"count":108,"href":"https:\/\/www.lyceelecorbusier.eu\/index.php?rest_route=\/wp\/v2\/pages\/367\/revisions"}],"predecessor-version":[{"id":3226,"href":"https:\/\/www.lyceelecorbusier.eu\/index.php?rest_route=\/wp\/v2\/pages\/367\/revisions\/3226"}],"wp:featuredmedia":[{"embeddable":true,"href":"https:\/\/www.lyceelecorbusier.eu\/index.php?rest_route=\/wp\/v2\/media\/655"}],"wp:attachment":[{"href":"https:\/\/www.lyceelecorbusier.eu\/index.php?rest_route=%2Fwp%2Fv2%2Fmedia&parent=367"}],"curies":[{"name":"wp","href":"https:\/\/api.w.org\/{rel}","templated":true}]}}