{"id":3620,"date":"2025-10-28T12:02:38","date_gmt":"2025-10-28T11:02:38","guid":{"rendered":"https:\/\/www.lyceelecorbusier.eu\/?page_id=3620"},"modified":"2026-02-25T20:53:16","modified_gmt":"2026-02-25T19:53:16","slug":"bac-pro-metiers-de-lelectricite-et-de-ses-environnements-connectes","status":"publish","type":"page","link":"https:\/\/www.lyceelecorbusier.eu\/?page_id=3620","title":{"rendered":"BAC PRO M\u00e9tiers de l\u2019\u00e9lectricit\u00e9 et de ses environnements connect\u00e9s"},"content":{"rendered":"<p><strong>Dur\u00e9e de la formation :\u00a0<\/strong>3 ans<strong><br \/>\n<\/strong><strong>Nature de la formation :\u00a0<\/strong>Dipl\u00f4me national ou dipl\u00f4me d&#8217;\u00c9tat<strong><br \/>\n<\/strong><strong>Type de formation :\u00a0<\/strong>Bac pro<\/p>\n<p style=\"text-align: center;\"><iframe loading=\"lazy\" title=\"YouTube video player\" src=\"https:\/\/www.youtube.com\/embed\/EmfeUKsXa94?si=UMLlG5BLQLpTYb51\" width=\"560\" height=\"315\" frameborder=\"0\" allowfullscreen=\"allowfullscreen\"><\/iframe><\/p>\n<p><a href=\"https:\/\/www.lyceelecorbusier.eu\/wp-content\/uploads\/2026\/01\/00_Image_800_001.jpg\"><br \/>\n<img loading=\"lazy\" width=\"800\" height=\"400\" class=\"size-full wp-image-3709 aligncenter\" src=\"https:\/\/www.lyceelecorbusier.eu\/wp-content\/uploads\/2026\/01\/00_Image_800_001.jpg\" alt=\"\" srcset=\"https:\/\/www.lyceelecorbusier.eu\/wp-content\/uploads\/2026\/01\/00_Image_800_001.jpg 800w, https:\/\/www.lyceelecorbusier.eu\/wp-content\/uploads\/2026\/01\/00_Image_800_001-300x150.jpg 300w, https:\/\/www.lyceelecorbusier.eu\/wp-content\/uploads\/2026\/01\/00_Image_800_001-768x384.jpg 768w\" sizes=\"(max-width: 800px) 100vw, 800px\" \/><\/a><\/p>\n<h2>D\u00e9bouch\u00e9s professionnels<\/h2>\n<p>Les dipl\u00f4m\u00e9s exercent dans le secteur des r\u00e9seaux (production, stockage, connexion des syst\u00e8mes de production et des r\u00e9seaux hybrides, transport, gestion et comptage, intelligence \u00e9nerg\u00e9tique, r\u00e9seaux de communication et de transmission), des infrastructures (am\u00e9nagements routier, autoroutier, ferroviaire, urbain ; installations de recharge), des quartiers, des zones d&#8217;activit\u00e9s (am\u00e9nagement des quartiers, des \u00e9coquartiers et des quartiers connect\u00e9s), des b\u00e2timents (installations \u00e9lectriques, r\u00e9seaux, gestion technique des b\u00e2timents connect\u00e9s, domotique, installations techniques, connexion), de l&#8217;industrie (distribution et gestion de l&#8217;\u00e9nergie, installations industrielles, industries connect\u00e9es et cybers\u00e9curis\u00e9es), des syst\u00e8mes \u00e9nerg\u00e9tiques autonomes et embarqu\u00e9s (installations \u00e9lectriques sur des bateaux, des avions, des trains&#8230;).<\/p>\n<h2>Contenu et d\u00e9roulement de la formation<\/h2>\n<p>Le bac pro associe ainsi des<strong> enseignements g\u00e9n\u00e9raux et des enseignements professionnels.<br \/>\n<\/strong>Le bac pro MELEC forme aux technologies de performance \u00e9nerg\u00e9tique des b\u00e2timents et des installations et \u00e0 la pr\u00e9paration des op\u00e9rations de r\u00e9alisation, mise en service et maintenance, sans oublier la communication.<\/p>\n<p>Les connaissances acquises permettent d&#8217;analyser et d&#8217;organiser les conditions des op\u00e9rations et leur contexte, de d\u00e9finir une installation \u00e0 l&#8217;aide de solutions pr\u00e9\u00e9tablies, de la r\u00e9aliser de mani\u00e8re \u00e9coresponsable, de contr\u00f4ler ses grandeurs, de r\u00e9gler et param\u00e9trer les mat\u00e9riels et de valider son fonctionnement.<\/p>\n<p>L&#8217;\u00e9l\u00e8ve est pr\u00e9par\u00e9 \u00e0 diagnostiquer un dysfonctionnement, \u00e0 effectuer le remplacement d&#8217;un mat\u00e9riel \u00e9lectrique, \u00e0 exploiter les outils num\u00e9riques dans un contexte professionnel, \u00e0 compl\u00e9ter les documents li\u00e9s aux op\u00e9rations et \u00e0 communiquer sur l&#8217;op\u00e9ration avec des professionnels, mais aussi des clients ou des usagers.<\/p>\n<p>L\u2019\u00e9l\u00e8ve effectue plusieurs p\u00e9riodes de stage (20 semaines sur 3 ans) appel\u00e9s PFMP (p\u00e9riode de formation en milieu professionnel) qui sont obligatoires pour l\u2019obtention de l&#8217;examen.<\/p>\n<p><a href=\"https:\/\/www.lyceelecorbusier.eu\/wp-content\/uploads\/2026\/01\/00_Image_800_003.jpg\"><img loading=\"lazy\" width=\"800\" height=\"390\" class=\"size-full wp-image-3711 aligncenter\" src=\"https:\/\/www.lyceelecorbusier.eu\/wp-content\/uploads\/2026\/01\/00_Image_800_003.jpg\" alt=\"\" srcset=\"https:\/\/www.lyceelecorbusier.eu\/wp-content\/uploads\/2026\/01\/00_Image_800_003.jpg 800w, https:\/\/www.lyceelecorbusier.eu\/wp-content\/uploads\/2026\/01\/00_Image_800_003-300x146.jpg 300w, https:\/\/www.lyceelecorbusier.eu\/wp-content\/uploads\/2026\/01\/00_Image_800_003-768x374.jpg 768w\" sizes=\"(max-width: 800px) 100vw, 800px\" \/><\/a><a href=\"https:\/\/www.lyceelecorbusier.eu\/wp-content\/uploads\/2026\/01\/00_Image_800_002.jpg\"><img loading=\"lazy\" width=\"800\" height=\"400\" class=\"size-full wp-image-3712 aligncenter\" src=\"https:\/\/www.lyceelecorbusier.eu\/wp-content\/uploads\/2026\/01\/00_Image_800_002.jpg\" alt=\"\" srcset=\"https:\/\/www.lyceelecorbusier.eu\/wp-content\/uploads\/2026\/01\/00_Image_800_002.jpg 800w, https:\/\/www.lyceelecorbusier.eu\/wp-content\/uploads\/2026\/01\/00_Image_800_002-300x150.jpg 300w, https:\/\/www.lyceelecorbusier.eu\/wp-content\/uploads\/2026\/01\/00_Image_800_002-768x384.jpg 768w\" sizes=\"(max-width: 800px) 100vw, 800px\" \/><\/a><\/p>\n<h2>Comment postuler\u00a0?<\/h2>\n<p>Ce bac pro se pr\u00e9pare en 3 ans apr\u00e8s la classe de 3<sup>e. <\/sup>Les \u00e9l\u00e8ves doivent choisir une 2<sup>de<\/sup>\u00a0professionnelle\u00a0<strong><em>m\u00e9tiers des transitions num\u00e9riques et \u00e9nerg\u00e9tiques<\/em><\/strong><em>\u00a0 \u00a0<\/em>en vue de pr\u00e9parer cette sp\u00e9cialit\u00e9 du bac professionnel.<\/p>\n<h2>Poursuites d\u2019\u00e9tudes<\/h2>\n<p>Le bac pro a pour objectif l&#8217;insertion professionnelle mais, avec un bon dossier ou une mention \u00e0 l&#8217;examen, une poursuite d&#8217;\u00e9tudes est pr\u00e9conis\u00e9e en BTS. Une sp\u00e9cialisation est possible en CS (certificat de sp\u00e9cialisation) ou en FCIL (formation compl\u00e9mentaire d&#8217;initiative locale).<\/p>\n<p><strong>Exemple(s) de formation(s) :<\/strong><\/p>\n<ul>\n<li>BTS a\u00e9ronautique<\/li>\n<li>BTS assistance technique d&#8217;ing\u00e9nieur<\/li>\n<li>BTS conception et r\u00e9alisation de syst\u00e8mes automatiques<\/li>\n<li>BTS contr\u00f4le industriel et r\u00e9gulation automatique<\/li>\n<li>BTS cybers\u00e9curit\u00e9, informatique et r\u00e9seaux, options A et B<\/li>\n<li>BTS \u00e9lectrotechnique<\/li>\n<li>BTS fluides, \u00e9nergies, domotique, options A, B et C<\/li>\n<li>BTS maintenance des syst\u00e8mes option A, B, C et D<\/li>\n<li>BTS m\u00e9catronique navale<\/li>\n<\/ul>\n<p style=\"text-align: center;\"><iframe loading=\"lazy\" title=\"YouTube video player\" src=\"https:\/\/www.youtube.com\/embed\/gBr_QrXuIfs?si=YAlOCblnOune4D94\" width=\"560\" height=\"315\" frameborder=\"0\" allowfullscreen=\"allowfullscreen\"><\/iframe><\/p>\n<p><a href=\"https:\/\/www.lyceelecorbusier.eu\/?page_id=385\"><strong>&lt; Retour<\/strong><\/a><\/p>\n","protected":false},"excerpt":{"rendered":"<p>Dur\u00e9e de la formation :\u00a03 ans Nature de la formation :\u00a0Dipl\u00f4me national ou dipl\u00f4me d&#8217;\u00c9tat Type de formation :\u00a0Bac pro D\u00e9bouch\u00e9s professionnels Les dipl\u00f4m\u00e9s exercent dans le secteur des r\u00e9seaux (production, stockage, connexion des syst\u00e8mes de production et&#8230; <a class=\"read-more\" href=\"https:\/\/www.lyceelecorbusier.eu\/?page_id=3620\">Lire la suite&#8230;<\/a><\/p>\n","protected":false},"author":1,"featured_media":3710,"parent":0,"menu_order":0,"comment_status":"closed","ping_status":"closed","template":"","meta":[],"_links":{"self":[{"href":"https:\/\/www.lyceelecorbusier.eu\/index.php?rest_route=\/wp\/v2\/pages\/3620"}],"collection":[{"href":"https:\/\/www.lyceelecorbusier.eu\/index.php?rest_route=\/wp\/v2\/pages"}],"about":[{"href":"https:\/\/www.lyceelecorbusier.eu\/index.php?rest_route=\/wp\/v2\/types\/page"}],"author":[{"embeddable":true,"href":"https:\/\/www.lyceelecorbusier.eu\/index.php?rest_route=\/wp\/v2\/users\/1"}],"replies":[{"embeddable":true,"href":"https:\/\/www.lyceelecorbusier.eu\/index.php?rest_route=%2Fwp%2Fv2%2Fcomments&post=3620"}],"version-history":[{"count":4,"href":"https:\/\/www.lyceelecorbusier.eu\/index.php?rest_route=\/wp\/v2\/pages\/3620\/revisions"}],"predecessor-version":[{"id":3708,"href":"https:\/\/www.lyceelecorbusier.eu\/index.php?rest_route=\/wp\/v2\/pages\/3620\/revisions\/3708"}],"wp:featuredmedia":[{"embeddable":true,"href":"https:\/\/www.lyceelecorbusier.eu\/index.php?rest_route=\/wp\/v2\/media\/3710"}],"wp:attachment":[{"href":"https:\/\/www.lyceelecorbusier.eu\/index.php?rest_route=%2Fwp%2Fv2%2Fmedia&parent=3620"}],"curies":[{"name":"wp","href":"https:\/\/api.w.org\/{rel}","templated":true}]}}