{"id":3617,"date":"2025-10-28T11:49:45","date_gmt":"2025-10-28T10:49:45","guid":{"rendered":"https:\/\/www.lyceelecorbusier.eu\/?page_id=3617"},"modified":"2026-02-25T20:53:30","modified_gmt":"2026-02-25T19:53:30","slug":"bac-pro-installateur-en-chauffage-climatisation-et-energies-renouvelables","status":"publish","type":"page","link":"https:\/\/www.lyceelecorbusier.eu\/?page_id=3617","title":{"rendered":"BAC PRO Installateur en chauffage, climatisation et \u00e9nergies renouvelables"},"content":{"rendered":"<p><strong>Dur\u00e9e de la formation :\u00a0<\/strong>3 ans<strong><br \/>\n<\/strong><strong>Nature de la formation :\u00a0<\/strong>Dipl\u00f4me national ou dipl\u00f4me d&#8217;\u00c9tat<strong><br \/>\n<\/strong><strong>Type de formation :\u00a0<\/strong>Bac pro<\/p>\n<h2>D\u00e9bouch\u00e9s professionnels<\/h2>\n<p>Le dipl\u00f4m\u00e9 peut travailler dans les entreprises artisanales, les PME ou les entreprises sp\u00e9cialis\u00e9es dans le secteur de l&#8217;\u00e9nerg\u00e9tique, dans le secteur du b\u00e2timent : habitat individuel, habitat collectif, locaux tertiaires, locaux commerciaux ou de l&#8217;industrie.<\/p>\n<h2>Contenu et d\u00e9roulement de la formation :<\/h2>\n<p>Le bac pro associe ainsi des<strong> enseignements g\u00e9n\u00e9raux et des enseignements professionnels.<br \/>\n<\/strong>Le baccalaur\u00e9at professionnel ICCER (installateur en chauffage, climatisation et \u00e9nergies renouvelables) forme \u00e0 l&#8217;intervention sur les installations sanitaires, thermiques, de ventilation et de climatisation.<\/p>\n<p>L&#8217;\u00e9l\u00e8ve apprend, dans le cadre de la cr\u00e9ation ou de la r\u00e9novation des installations \u00e9nerg\u00e9tiques, \u00e0 assurer le montage, les raccordements fluidiques et \u00e9lectriques, les essais de mise en service. Il est form\u00e9 \u00e0 contr\u00f4ler le fonctionnement des appareils et des installations et \u00e0 r\u00e9aliser des travaux d\u2019am\u00e9lioration et de d\u00e9pannage.<\/p>\n<p>L\u2019\u00e9l\u00e8ve effectue plusieurs p\u00e9riodes de stage (20 semaines sur 3 ans) appel\u00e9s PFMP (p\u00e9riode de formation en milieu professionnel) qui sont obligatoires pour l\u2019obtention de l&#8217;examen.<\/p>\n<h2>Comment postuler\u00a0?<\/h2>\n<p>Ce bac pro se pr\u00e9pare en 3 ans apr\u00e8s la classe de 3<sup>e. <\/sup>Les \u00e9l\u00e8ves doivent choisir une 2<sup>de<\/sup>\u00a0professionnelle\u00a0<strong><em>m\u00e9tiers des transitions num\u00e9riques et \u00e9nerg\u00e9tiques<\/em><\/strong><em>\u00a0 \u00a0<\/em>en vue de pr\u00e9parer cette sp\u00e9cialit\u00e9 du bac professionnel.<\/p>\n<h2>Poursuites d\u2019\u00e9tudes<\/h2>\n<p>Le bac pro a pour objectif l&#8217;insertion professionnelle, mais une inscription en BTS est pr\u00e9conis\u00e9e avec un tr\u00e8s bon dossier ou de droit avec une mention \u00e0 l&#8217;examen, particuli\u00e8rement pour un BTS du m\u00eame champ professionnel.<\/p>\n<p><strong>Exemple(s) de formation(s) :<\/strong><\/p>\n<ul>\n<li>BP installateur, d\u00e9panneur en froid et conditionnement d&#8217;air<\/li>\n<li>BP monteur en installations du g\u00e9nie climatique et sanitaire<\/li>\n<li>CS (ex MC) technicien en \u00e9nergies renouvelables option B \u00e9nergie thermique<\/li>\n<li>BTS contr\u00f4le industriel et r\u00e9gulation automatique<\/li>\n<li><a href=\"https:\/\/www.cfalecorbusier.com\/bts-fed-a\">BTS fluides, \u00e9nergies, domotique option A g\u00e9nie climatique et fluidique<\/a> (UFA Le Corbusier)<\/li>\n<li>BTS fluides, \u00e9nergies, domotique option B froid et conditionnement d&#8217;air<\/li>\n<li>BTS maintenance des syst\u00e8mes option B syst\u00e8mes \u00e9nerg\u00e9tiques et fluidiques<\/li>\n<\/ul>\n<p style=\"text-align: left;\"><a href=\"https:\/\/www.lyceelecorbusier.eu\/?page_id=385\"><strong>&lt; Retour<\/strong><\/a><\/p>\n","protected":false},"excerpt":{"rendered":"<p>Dur\u00e9e de la formation :\u00a03 ans Nature de la formation :\u00a0Dipl\u00f4me national ou dipl\u00f4me d&#8217;\u00c9tat Type de formation :\u00a0Bac pro D\u00e9bouch\u00e9s professionnels Le dipl\u00f4m\u00e9 peut travailler dans les entreprises artisanales, les PME ou les entreprises sp\u00e9cialis\u00e9es dans le&#8230; <a class=\"read-more\" href=\"https:\/\/www.lyceelecorbusier.eu\/?page_id=3617\">Lire la suite&#8230;<\/a><\/p>\n","protected":false},"author":1,"featured_media":0,"parent":0,"menu_order":0,"comment_status":"closed","ping_status":"closed","template":"","meta":[],"_links":{"self":[{"href":"https:\/\/www.lyceelecorbusier.eu\/index.php?rest_route=\/wp\/v2\/pages\/3617"}],"collection":[{"href":"https:\/\/www.lyceelecorbusier.eu\/index.php?rest_route=\/wp\/v2\/pages"}],"about":[{"href":"https:\/\/www.lyceelecorbusier.eu\/index.php?rest_route=\/wp\/v2\/types\/page"}],"author":[{"embeddable":true,"href":"https:\/\/www.lyceelecorbusier.eu\/index.php?rest_route=\/wp\/v2\/users\/1"}],"replies":[{"embeddable":true,"href":"https:\/\/www.lyceelecorbusier.eu\/index.php?rest_route=%2Fwp%2Fv2%2Fcomments&post=3617"}],"version-history":[{"count":3,"href":"https:\/\/www.lyceelecorbusier.eu\/index.php?rest_route=\/wp\/v2\/pages\/3617\/revisions"}],"predecessor-version":[{"id":3815,"href":"https:\/\/www.lyceelecorbusier.eu\/index.php?rest_route=\/wp\/v2\/pages\/3617\/revisions\/3815"}],"wp:attachment":[{"href":"https:\/\/www.lyceelecorbusier.eu\/index.php?rest_route=%2Fwp%2Fv2%2Fmedia&parent=3617"}],"curies":[{"name":"wp","href":"https:\/\/api.w.org\/{rel}","templated":true}]}}