{"id":3614,"date":"2025-10-28T11:41:30","date_gmt":"2025-10-28T10:41:30","guid":{"rendered":"https:\/\/www.lyceelecorbusier.eu\/?page_id=3614"},"modified":"2026-02-25T21:00:23","modified_gmt":"2026-02-25T20:00:23","slug":"bac-pro-maintenance-et-efficacite-energetique","status":"publish","type":"page","link":"https:\/\/www.lyceelecorbusier.eu\/?page_id=3614","title":{"rendered":"BAC PRO  Maintenance et efficacit\u00e9 \u00e9nerg\u00e9tique"},"content":{"rendered":"<p><strong>Dur\u00e9e de la formation :\u00a0<\/strong>3 ans<strong><br \/>\n<\/strong><strong>Nature de la formation :\u00a0<\/strong>Dipl\u00f4me national ou dipl\u00f4me d&#8217;\u00c9tat<strong><br \/>\n<\/strong><strong>Type de formation :\u00a0<\/strong>Bac pro<\/p>\n<p><a href=\"https:\/\/www.lyceelecorbusier.eu\/wp-content\/uploads\/2026\/02\/00_Image800-1.jpg\"><img loading=\"lazy\" width=\"800\" height=\"390\" class=\"alignnone size-full wp-image-3817\" src=\"https:\/\/www.lyceelecorbusier.eu\/wp-content\/uploads\/2026\/02\/00_Image800-1.jpg\" alt=\"\" srcset=\"https:\/\/www.lyceelecorbusier.eu\/wp-content\/uploads\/2026\/02\/00_Image800-1.jpg 800w, https:\/\/www.lyceelecorbusier.eu\/wp-content\/uploads\/2026\/02\/00_Image800-1-300x146.jpg 300w, https:\/\/www.lyceelecorbusier.eu\/wp-content\/uploads\/2026\/02\/00_Image800-1-768x374.jpg 768w\" sizes=\"(max-width: 800px) 100vw, 800px\" \/><\/a><\/p>\n<h2>D\u00e9bouch\u00e9s professionnels<\/h2>\n<p>Les dipl\u00f4m\u00e9s peuvent travailler dans les service de maintenance, d\u00e9pannage ou SAV (service apr\u00e8s-vente), dans les entreprises sp\u00e9cialis\u00e9es en exploitation et maintenance, chez les constructeurs d&#8217;\u00e9quipements \u00e9nerg\u00e9tiques et climatiques&#8230;<\/p>\n<h2>Contenu et d\u00e9roulement de la formation<\/h2>\n<p>Le bac pro associe ainsi des<strong> enseignements g\u00e9n\u00e9raux et des enseignements professionnels.<br \/>\n<\/strong>Le bac pro maintenance et efficacit\u00e9 \u00e9nerg\u00e9tique forme \u00e0 l&#8217;intervention sur les installations thermiques, de climatisation, de ventilation, de production d&#8217;eau chaude sanitaire et de traitement de l&#8217;eau.<\/p>\n<p>L&#8217;\u00e9l\u00e8ve d\u00e9veloppe des comp\u00e9tences \u00e0 caract\u00e8re pluritechnologique (\u00e9lectricit\u00e9, hydraulique, a\u00e9raulique&#8230;). Il\u00a0acquiert les techniques pour implanter les appareils, c\u00e2bler et raccorder les \u00e9quipements \u00e9lectriques, r\u00e9aliser des mesurages \u00e9lectriques&#8230; Il apprend \u00e0 exploiter et \u00e0 mettre en service des installations de toutes tailles et de tous types : appareils de climatisation (individuels ou collectifs), appareils de production d&#8217;eau chaude sanitaire, chaudi\u00e8res, r\u00e9seaux a\u00e9rauliques, \u00e9nergies renouvelables (solaire thermique, biomasse, g\u00e9othermie&#8230;), mix \u00e9nerg\u00e9tique (pompe \u00e0 chaleur, cog\u00e9n\u00e9ration, pile \u00e0 combustible&#8230;) ou r\u00e9seaux de chaleur. Il est pr\u00e9par\u00e9 \u00e0 r\u00e9aliser les op\u00e9rations de maintenance d&#8217;une installation (maintenance pr\u00e9ventive et corrective). Il est form\u00e9 \u00e0 mettre en \u0153uvre des syst\u00e8mes de r\u00e9cup\u00e9ration de chaleur, des fluides frigorig\u00e8nes respectueux de la couche d&#8217;ozone et sans impact sur le r\u00e9chauffement climatique. Il acquiert les connaissances pour remplir les documents techniques et r\u00e8glementaires.<\/p>\n<p>L\u2019\u00e9l\u00e8ve effectue plusieurs p\u00e9riodes de stage (20 semaines sur 3 ans) appel\u00e9s PFMP (p\u00e9riode de formation en milieu professionnel) qui sont obligatoires pour l\u2019obtention de l&#8217;examen.<\/p>\n<p><a href=\"https:\/\/www.lyceelecorbusier.eu\/wp-content\/uploads\/2026\/02\/01_Image800-5.jpg\"><img loading=\"lazy\" width=\"800\" height=\"390\" class=\"alignnone size-full wp-image-3818\" src=\"https:\/\/www.lyceelecorbusier.eu\/wp-content\/uploads\/2026\/02\/01_Image800-5.jpg\" alt=\"\" srcset=\"https:\/\/www.lyceelecorbusier.eu\/wp-content\/uploads\/2026\/02\/01_Image800-5.jpg 800w, https:\/\/www.lyceelecorbusier.eu\/wp-content\/uploads\/2026\/02\/01_Image800-5-300x146.jpg 300w, https:\/\/www.lyceelecorbusier.eu\/wp-content\/uploads\/2026\/02\/01_Image800-5-768x374.jpg 768w\" sizes=\"(max-width: 800px) 100vw, 800px\" \/><\/a><\/p>\n<h2>Comment postuler\u00a0?<\/h2>\n<p>Ce bac pro se pr\u00e9pare en 3 ans apr\u00e8s la classe de 3<sup>e. <\/sup>Les \u00e9l\u00e8ves doivent choisir une 2<sup>de<\/sup>\u00a0professionnelle\u00a0<strong><em>m\u00e9tiers des transitions num\u00e9riques et \u00e9nerg\u00e9tiques<\/em><\/strong><em>\u00a0<\/em>en vue de pr\u00e9parer cette sp\u00e9cialit\u00e9 du bac professionnel.<\/p>\n<h2>Poursuites d\u2019\u00e9tudes<\/h2>\n<p>Le bac pro a pour objectif l&#8217;insertion professionnelle, mais une inscription en BTS est pr\u00e9conis\u00e9e avec un bon dossier ou, de droit, avec une mention \u00e0 l&#8217;examen, surtout si le BTS est situ\u00e9 dans le m\u00eame champ professionnel.<\/p>\n<p><strong>Exemple(s) de formation(s) :<\/strong><\/p>\n<ul>\n<li>BP installateur, d\u00e9panneur en froid et conditionnement d&#8217;air<\/li>\n<li>BP monteur en installations du g\u00e9nie climatique et sanitaire<\/li>\n<li>CS (ex MC) technicien des services \u00e0 l&#8217;\u00e9nergie<\/li>\n<li><a href=\"https:\/\/www.cfalecorbusier.com\/bts-fed-a\">BTS fluides, \u00e9nergies, domotique option A g\u00e9nie climatique et fluidique (UFA Le Corbusier)<\/a><\/li>\n<li>BTS fluides, \u00e9nergies, domotique option B froid et conditionnement d&#8217;air<\/li>\n<li>BTS maintenance des syst\u00e8mes option B syst\u00e8mes \u00e9nerg\u00e9tiques et fluidiques<\/li>\n<\/ul>\n<p style=\"text-align: left;\"><a href=\"https:\/\/www.lyceelecorbusier.eu\/?page_id=385\"><strong>&lt; Retour<\/strong><\/a><\/p>\n","protected":false},"excerpt":{"rendered":"<p>Dur\u00e9e de la formation :\u00a03 ans Nature de la formation :\u00a0Dipl\u00f4me national ou dipl\u00f4me d&#8217;\u00c9tat Type de formation :\u00a0Bac pro D\u00e9bouch\u00e9s professionnels Les dipl\u00f4m\u00e9s peuvent travailler dans les service de maintenance, d\u00e9pannage ou SAV (service apr\u00e8s-vente), dans les&#8230; <a class=\"read-more\" href=\"https:\/\/www.lyceelecorbusier.eu\/?page_id=3614\">Lire la suite&#8230;<\/a><\/p>\n","protected":false},"author":1,"featured_media":3816,"parent":0,"menu_order":0,"comment_status":"closed","ping_status":"closed","template":"","meta":[],"_links":{"self":[{"href":"https:\/\/www.lyceelecorbusier.eu\/index.php?rest_route=\/wp\/v2\/pages\/3614"}],"collection":[{"href":"https:\/\/www.lyceelecorbusier.eu\/index.php?rest_route=\/wp\/v2\/pages"}],"about":[{"href":"https:\/\/www.lyceelecorbusier.eu\/index.php?rest_route=\/wp\/v2\/types\/page"}],"author":[{"embeddable":true,"href":"https:\/\/www.lyceelecorbusier.eu\/index.php?rest_route=\/wp\/v2\/users\/1"}],"replies":[{"embeddable":true,"href":"https:\/\/www.lyceelecorbusier.eu\/index.php?rest_route=%2Fwp%2Fv2%2Fcomments&post=3614"}],"version-history":[{"count":3,"href":"https:\/\/www.lyceelecorbusier.eu\/index.php?rest_route=\/wp\/v2\/pages\/3614\/revisions"}],"predecessor-version":[{"id":3819,"href":"https:\/\/www.lyceelecorbusier.eu\/index.php?rest_route=\/wp\/v2\/pages\/3614\/revisions\/3819"}],"wp:featuredmedia":[{"embeddable":true,"href":"https:\/\/www.lyceelecorbusier.eu\/index.php?rest_route=\/wp\/v2\/media\/3816"}],"wp:attachment":[{"href":"https:\/\/www.lyceelecorbusier.eu\/index.php?rest_route=%2Fwp%2Fv2%2Fmedia&parent=3614"}],"curies":[{"name":"wp","href":"https:\/\/api.w.org\/{rel}","templated":true}]}}