{"id":3607,"date":"2025-10-28T11:27:09","date_gmt":"2025-10-28T10:27:09","guid":{"rendered":"https:\/\/www.lyceelecorbusier.eu\/?page_id=3607"},"modified":"2026-02-25T20:52:43","modified_gmt":"2026-02-25T19:52:43","slug":"bac-pro-technicien-detudes-du-batiment-option-etudes-et-economie","status":"publish","type":"page","link":"https:\/\/www.lyceelecorbusier.eu\/?page_id=3607","title":{"rendered":"BAC PRO Technicien d\u2019\u00e9tudes du b\u00e2timent \u2013 Option \u00e9tudes et \u00e9conomie"},"content":{"rendered":"<p><strong>Dur\u00e9e de la formation :\u00a0<\/strong>3 ans<strong><br \/>\n<\/strong><strong>Nature de la formation :\u00a0<\/strong>Dipl\u00f4me national ou dipl\u00f4me d&#8217;\u00c9tat<strong><br \/>\n<\/strong><strong>Type de formation :<\/strong>\u00a0Bac pro<\/p>\n<h2>D\u00e9bouch\u00e9s professionnels<\/h2>\n<p>Le technicien d&#8217;\u00e9tudes du b\u00e2timent travaille en cabinet de ma\u00eetrise d\u2019\u0153uvre ou de ma\u00eetrise d&#8217;ouvrage, en cabinet d&#8217;\u00e9conomie de la construction, en bureau d&#8217;\u00e9tudes techniques, en bureau d&#8217;\u00e9tudes des services techniques des collectivit\u00e9s territoriales ou dans les entreprises artisanales, dans des PME ou de grandes entreprises du BTP.<\/p>\n<h2>Contenu et d\u00e9roulement de la formation<\/h2>\n<p>Le bac pro associe ainsi des<strong> enseignements g\u00e9n\u00e9raux et des enseignements professionnels.<br \/>\n<\/strong>Ce bac pro forme \u00e0 la ma\u00eetrise d&#8217;ouvrage (conception, d\u00e9finition) et \u00e0 la ma\u00eetrise d\u2019\u0153uvre (r\u00e9alisation).<\/p>\n<p>L&#8217;\u00e9l\u00e8ve acquiert des connaissances pour exercer dans le cadre de constructions neuves, de r\u00e9novations ou de r\u00e9habilitations (immeubles, locaux commerciaux, b\u00e2timents destin\u00e9s aux services et aux loisirs&#8230;) dans diff\u00e9rentes entreprises du b\u00e2timent : gros \u0153uvre et second \u0153uvre.<\/p>\n<p>Il apprend \u00e0 \u00e9laborer un projet : relev\u00e9 d&#8217;ouvrage et production de documents graphiques, analyse de la faisabilit\u00e9 du projet&#8230; Il est form\u00e9 \u00e0 pr\u00e9parer l&#8217;offre de prix en quantifiant et en s&#8217;informant aupr\u00e8s des fournisseurs ou des partenaires, puis \u00e0 \u00e9tablir un devis estimatif. Il s&#8217;initie \u00e0 la pr\u00e9paration des travaux (finalisation du dossier d&#8217;ex\u00e9cution, planification : planning, besoin en main-d\u2019\u0153uvre, mat\u00e9riels et mat\u00e9riaux&#8230;), ainsi qu&#8217;\u00e0 l&#8217;organisation de l&#8217;intervention (d\u00e9marches r\u00e9glementaires et prise en compte de l&#8217;environnement du site). Il acquiert les comp\u00e9tences n\u00e9cessaires pour suivre le chantier (r\u00e9unions, contr\u00f4le des prestations et v\u00e9rifications, chiffrage des travaux suppl\u00e9mentaires&#8230;) et r\u00e9ceptionner les travaux.<\/p>\n<p>L\u2019\u00e9l\u00e8ve effectue plusieurs p\u00e9riodes de stage (20 semaines sur 3 ans) appel\u00e9s PFMP (p\u00e9riode de formation en milieu professionnel) qui sont obligatoires pour l\u2019obtention de l&#8217;examen.<\/p>\n<h2>Comment postuler\u00a0?<\/h2>\n<p>Ce bac pro se pr\u00e9pare en 3 ans apr\u00e8s la classe de 3<sup>e. <\/sup>Les \u00e9l\u00e8ves doivent choisir une 2<sup>de<\/sup>\u00a0professionnelle\u00a0<strong><em>m\u00e9tiers des \u00e9tudes et de la mod\u00e9lisation num\u00e9rique du b\u00e2timent <\/em><\/strong><em>\u00a0<\/em>en vue de pr\u00e9parer cette sp\u00e9cialit\u00e9 du bac professionnel<\/p>\n<h2>Poursuites d\u2019\u00e9tudes<\/h2>\n<p>Le bac pro a pour objectif l&#8217;insertion professionnelle mais, avec un bon dossier ou une mention \u00e0 l&#8217;examen, une poursuite d&#8217;\u00e9tudes en BTS est pr\u00e9conis\u00e9e.<\/p>\n<p><strong>Exemple(s) de formation(s) :<\/strong><\/p>\n<ul>\n<li><a href=\"https:\/\/www.lyceelecorbusier.eu\/?page_id=3483\">BTS b\u00e2timent<\/a><\/li>\n<li>BTS enveloppe des b\u00e2timents : conception et r\u00e9alisation<\/li>\n<li><a href=\"https:\/\/www.lyceelecorbusier.eu\/?page_id=3480\">BTS management \u00e9conomique de la construction<\/a><\/li>\n<\/ul>\n<p style=\"text-align: left;\"><a href=\"https:\/\/www.lyceelecorbusier.eu\/?page_id=385\"><strong>&lt; Retour<\/strong><\/a><\/p>\n","protected":false},"excerpt":{"rendered":"<p>Dur\u00e9e de la formation :\u00a03 ans Nature de la formation :\u00a0Dipl\u00f4me national ou dipl\u00f4me d&#8217;\u00c9tat Type de formation :\u00a0Bac pro D\u00e9bouch\u00e9s professionnels Le technicien d&#8217;\u00e9tudes du b\u00e2timent travaille en cabinet de ma\u00eetrise d\u2019\u0153uvre ou de ma\u00eetrise d&#8217;ouvrage, en&#8230; <a class=\"read-more\" href=\"https:\/\/www.lyceelecorbusier.eu\/?page_id=3607\">Lire la suite&#8230;<\/a><\/p>\n","protected":false},"author":1,"featured_media":0,"parent":0,"menu_order":0,"comment_status":"closed","ping_status":"closed","template":"","meta":[],"_links":{"self":[{"href":"https:\/\/www.lyceelecorbusier.eu\/index.php?rest_route=\/wp\/v2\/pages\/3607"}],"collection":[{"href":"https:\/\/www.lyceelecorbusier.eu\/index.php?rest_route=\/wp\/v2\/pages"}],"about":[{"href":"https:\/\/www.lyceelecorbusier.eu\/index.php?rest_route=\/wp\/v2\/types\/page"}],"author":[{"embeddable":true,"href":"https:\/\/www.lyceelecorbusier.eu\/index.php?rest_route=\/wp\/v2\/users\/1"}],"replies":[{"embeddable":true,"href":"https:\/\/www.lyceelecorbusier.eu\/index.php?rest_route=%2Fwp%2Fv2%2Fcomments&post=3607"}],"version-history":[{"count":3,"href":"https:\/\/www.lyceelecorbusier.eu\/index.php?rest_route=\/wp\/v2\/pages\/3607\/revisions"}],"predecessor-version":[{"id":3812,"href":"https:\/\/www.lyceelecorbusier.eu\/index.php?rest_route=\/wp\/v2\/pages\/3607\/revisions\/3812"}],"wp:attachment":[{"href":"https:\/\/www.lyceelecorbusier.eu\/index.php?rest_route=%2Fwp%2Fv2%2Fmedia&parent=3607"}],"curies":[{"name":"wp","href":"https:\/\/api.w.org\/{rel}","templated":true}]}}