{"id":3600,"date":"2025-10-28T11:12:45","date_gmt":"2025-10-28T10:12:45","guid":{"rendered":"https:\/\/www.lyceelecorbusier.eu\/?page_id=3600"},"modified":"2026-02-25T20:52:13","modified_gmt":"2026-02-25T19:52:13","slug":"bac-pro-intervention-sur-le-patrimoine-bati","status":"publish","type":"page","link":"https:\/\/www.lyceelecorbusier.eu\/?page_id=3600","title":{"rendered":"BAC PRO Intervention sur le Patrimoine B\u00e2ti"},"content":{"rendered":"<p>Dur\u00e9e de la formation :\u00a0<strong>3 ans<br \/>\n<\/strong>Nature de la formation :\u00a0<strong>Dipl\u00f4me national ou dipl\u00f4me d&#8217;\u00c9tat<br \/>\n<\/strong>Type de formation :\u00a0<strong>Bac pro<\/strong><\/p>\n<p style=\"text-align: center;\"><iframe loading=\"lazy\" title=\"YouTube video player\" src=\"https:\/\/www.youtube.com\/embed\/Hbnc3H2Sjd0?si=X9fpLk3NARYPboEJ\" width=\"560\" height=\"315\" frameborder=\"0\" allowfullscreen=\"allowfullscreen\"><\/iframe><\/p>\n<h2><\/h2>\n<h2>D\u00e9bouch\u00e9s professionnels<\/h2>\n<p>Le titulaire du dipl\u00f4me est un ouvrier du b\u00e2timent hautement qualifi\u00e9 qui exerce dans le domaine de la ma\u00e7onnerie. Il travaille principalement au sein d&#8217;entreprises des domaines de la r\u00e9habilitation, de la restauration, de l&#8217;entretien et de la conservation du patrimoine b\u00e2ti. Il peut travailler dans des entreprises qui ont ou recherchent une qualification dans le domaine du patrimoine architectural, par exemple un certificat de qualification Qualibat monuments historiques, patrimoine ancien ou mat\u00e9riaux r\u00e9gionaux.<\/p>\n<p><a href=\"https:\/\/www.lyceelecorbusier.eu\/wp-content\/uploads\/2026\/02\/02_Image800-4.jpg\"><img loading=\"lazy\" width=\"800\" height=\"390\" class=\"alignnone size-full wp-image-3796\" src=\"https:\/\/www.lyceelecorbusier.eu\/wp-content\/uploads\/2026\/02\/02_Image800-4.jpg\" alt=\"\" srcset=\"https:\/\/www.lyceelecorbusier.eu\/wp-content\/uploads\/2026\/02\/02_Image800-4.jpg 800w, https:\/\/www.lyceelecorbusier.eu\/wp-content\/uploads\/2026\/02\/02_Image800-4-300x146.jpg 300w, https:\/\/www.lyceelecorbusier.eu\/wp-content\/uploads\/2026\/02\/02_Image800-4-768x374.jpg 768w\" sizes=\"(max-width: 800px) 100vw, 800px\" \/><\/a><\/p>\n<h2>Contenu et d\u00e9roulement de la formation<\/h2>\n<p>Le bac pro associe ainsi des<strong> enseignements g\u00e9n\u00e9raux et des enseignements professionnels.<\/strong><\/p>\n<p>L&#8217;\u00e9l\u00e8ve apprend \u00e0 restaurer ou restituer tout ou partie de l&#8217;\u00e9difice dans le respect des r\u00e8gles relatives \u00e0 la conservation du patrimoine architectural. Il acquiert les techniques de restauration ou de r\u00e9habilitation n\u00e9cessaires en ma\u00e7onnerie, ainsi que celles d&#8217;organisation de chantier. Gr\u00e2ce aux enseignements, l&#8217;\u00e9l\u00e8ve est comp\u00e9tent pour pr\u00e9parer les ouvrages (diagnostic du b\u00e2ti, \u00e9tudes techniques, relev\u00e9s&#8230;), apporter les modifications n\u00e9cessaires r\u00e9pondant aux normes et \u00e0 un usage contemporain ou effectuer des am\u00e9nagements dans la perspective d&#8217;un changement d&#8217;usage. L&#8217;\u00e9l\u00e8ve est form\u00e9 \u00e0 r\u00e9aliser des ajouts en harmonie avec les ouvrages en place, en veillant au style et \u00e0 l&#8217;identit\u00e9 de l&#8217;\u00e9difice.<\/p>\n<p>L\u2019\u00e9l\u00e8ve effectue plusieurs p\u00e9riodes de stage (20 semaines sur 3 ans) appel\u00e9s PFMP (p\u00e9riode de formation en milieu professionnel) qui sont obligatoires pour l\u2019obtention de l&#8217;examen.<\/p>\n<p><a href=\"https:\/\/www.lyceelecorbusier.eu\/wp-content\/uploads\/2026\/02\/01_Image800-4.jpg\"><img loading=\"lazy\" width=\"800\" height=\"390\" class=\"alignnone size-full wp-image-3797\" src=\"https:\/\/www.lyceelecorbusier.eu\/wp-content\/uploads\/2026\/02\/01_Image800-4.jpg\" alt=\"\" srcset=\"https:\/\/www.lyceelecorbusier.eu\/wp-content\/uploads\/2026\/02\/01_Image800-4.jpg 800w, https:\/\/www.lyceelecorbusier.eu\/wp-content\/uploads\/2026\/02\/01_Image800-4-300x146.jpg 300w, https:\/\/www.lyceelecorbusier.eu\/wp-content\/uploads\/2026\/02\/01_Image800-4-768x374.jpg 768w\" sizes=\"(max-width: 800px) 100vw, 800px\" \/><\/a><\/p>\n<h2>Comment postuler\u00a0?<\/h2>\n<p>Ce bac pro se pr\u00e9pare en 3 ans apr\u00e8s la classe de 3<sup>e. <\/sup>Les \u00e9l\u00e8ves doivent choisir une 2<sup>de<\/sup>\u00a0professionnelle\u00a0<strong><em>m\u00e9tiers de la construction durable, du b\u00e2timent et des travaux publics <\/em><\/strong><em>\u00a0<\/em>en vue de pr\u00e9parer cette sp\u00e9cialit\u00e9 du bac professionnel.<\/p>\n<h2>Poursuites d\u2019\u00e9tudes<\/h2>\n<p>Le bac pro a pour objectif l&#8217;insertion professionnelle mais, avec un bon dossier ou une mention \u00e0 l&#8217;examen, une poursuite d&#8217;\u00e9tudes en BTS est pr\u00e9conis\u00e9e, notamment dans le m\u00eame secteur.<\/p>\n<p><strong>Exemple(s) de formation(s) :<\/strong><\/p>\n<ul>\n<li><a href=\"https:\/\/www.lyceelecorbusier.eu\/?page_id=3483\">BTS b\u00e2timent <\/a><\/li>\n<li><a href=\"https:\/\/www.lyceelecorbusier.eu\/?page_id=3480\">BTS management \u00e9conomique de la construction<\/a><\/li>\n<\/ul>\n<p style=\"text-align: left;\"><a href=\"https:\/\/www.lyceelecorbusier.eu\/?page_id=385\"><strong>&lt; Retour<\/strong><\/a><\/p>\n","protected":false},"excerpt":{"rendered":"<p>Dur\u00e9e de la formation :\u00a03 ans Nature de la formation :\u00a0Dipl\u00f4me national ou dipl\u00f4me d&#8217;\u00c9tat Type de formation :\u00a0Bac pro D\u00e9bouch\u00e9s professionnels Le titulaire du dipl\u00f4me est un ouvrier du b\u00e2timent hautement qualifi\u00e9 qui exerce dans le domaine&#8230; <a class=\"read-more\" href=\"https:\/\/www.lyceelecorbusier.eu\/?page_id=3600\">Lire la suite&#8230;<\/a><\/p>\n","protected":false},"author":1,"featured_media":3795,"parent":0,"menu_order":0,"comment_status":"closed","ping_status":"closed","template":"","meta":[],"_links":{"self":[{"href":"https:\/\/www.lyceelecorbusier.eu\/index.php?rest_route=\/wp\/v2\/pages\/3600"}],"collection":[{"href":"https:\/\/www.lyceelecorbusier.eu\/index.php?rest_route=\/wp\/v2\/pages"}],"about":[{"href":"https:\/\/www.lyceelecorbusier.eu\/index.php?rest_route=\/wp\/v2\/types\/page"}],"author":[{"embeddable":true,"href":"https:\/\/www.lyceelecorbusier.eu\/index.php?rest_route=\/wp\/v2\/users\/1"}],"replies":[{"embeddable":true,"href":"https:\/\/www.lyceelecorbusier.eu\/index.php?rest_route=%2Fwp%2Fv2%2Fcomments&post=3600"}],"version-history":[{"count":15,"href":"https:\/\/www.lyceelecorbusier.eu\/index.php?rest_route=\/wp\/v2\/pages\/3600\/revisions"}],"predecessor-version":[{"id":3809,"href":"https:\/\/www.lyceelecorbusier.eu\/index.php?rest_route=\/wp\/v2\/pages\/3600\/revisions\/3809"}],"wp:featuredmedia":[{"embeddable":true,"href":"https:\/\/www.lyceelecorbusier.eu\/index.php?rest_route=\/wp\/v2\/media\/3795"}],"wp:attachment":[{"href":"https:\/\/www.lyceelecorbusier.eu\/index.php?rest_route=%2Fwp%2Fv2%2Fmedia&parent=3600"}],"curies":[{"name":"wp","href":"https:\/\/api.w.org\/{rel}","templated":true}]}}