{"id":3510,"date":"2025-03-05T14:21:55","date_gmt":"2025-03-05T13:21:55","guid":{"rendered":"https:\/\/www.lyceelecorbusier.eu\/?page_id=3510"},"modified":"2025-11-26T10:08:15","modified_gmt":"2025-11-26T09:08:15","slug":"certilingua-label-europeen-dexcellence-en-langues","status":"publish","type":"page","link":"https:\/\/www.lyceelecorbusier.eu\/?page_id=3510","title":{"rendered":"Certilingua\u00ae  Label europ\u00e9en d&#8217;excellence en langues"},"content":{"rendered":"<p><em><a href=\"https:\/\/www.certilingua.net\/\" target=\"_blank\" rel=\"noopener\"><img loading=\"lazy\" class=\"alignleft wp-image-3525 size-full\" src=\"https:\/\/www.lyceelecorbusier.eu\/wp-content\/uploads\/2025\/03\/certilingua_logo3.jpg\" alt=\"\" width=\"134\" height=\"136\" \/><\/a>Fruit de la collaboration \u00e9ducative de vingt pays et r\u00e9gions membres du Conseil de l&#8217;Europe, cette certification est enti\u00e8rement gratuite. Internationalement reconnue, elle facilite pour ses laur\u00e9ats l&#8217;acc\u00e8s aux cursus universitaires internationaux en les dispensant de tests linguistiques et leur ouvre plus largement des perspectives professionnelles en contexte europ\u00e9en et international.<\/em><\/p>\n<h2><\/h2>\n<h2>QU&#8217;EST-CE QUE <strong>CERTILINGUA<\/strong>\u00ae ?<\/h2>\n<p><strong>Certilingua\u00ae<\/strong> est un label d&#8217;excellence d\u00e9livr\u00e9 en m\u00eame temps que le dipl\u00f4me du Baccalaur\u00e9at. Il s&#8217;agit d&#8217;une certification internationale qui atteste des comp\u00e9tences linguistiques et interculturelles au niveau B2 du CECRL (Cadre Europ\u00e9en Commun de R\u00e9f\u00e9rence pour les Langues) dans deux langues vivantes \u00e9trang\u00e8res \u00e9tudi\u00e9es au cours de la scolarit\u00e9.<br \/>\n<strong>Certilingua\u00ae<\/strong> est propos\u00e9e dans des \u00e9tablissements pr\u00e9alablement accr\u00e9dit\u00e9s qui proposent un enseignement permettant d&#8217;atteindre au cycle terminal, dans deux langues vivantes \u00e9trang\u00e8res, le niveau B2 du Cadre Europ\u00e9en Commun de R\u00e9f\u00e9rence pour les Langues, dispensent l&#8217;enseignement d&#8217;une discipline en langue \u00e9trang\u00e8re (<em>DNL<\/em> ou <em>ETLV<\/em>) au cycle terminal et initient r\u00e9guli\u00e8rement des projets de mobilit\u00e9 et de coop\u00e9ration europ\u00e9ens et internationaux.<\/p>\n<h2>TOUT SAVOIR SUR CERTILINGUA\u00ae<\/h2>\n<h3>\u00c0 qui s&#8217;adresse CertiLingua\u00ae ?<\/h3>\n<p>Aux \u00e9l\u00e8ves volontaires de Terminale des \u00e9tablissements habilit\u00e9s ayant <strong>un tr\u00e8s bon niveau dans deux langues vivantes \u00e9trang\u00e8res<\/strong> enseign\u00e9es dans l&#8217;\u00e9tablissement. Les candidats doivent \u00e9galement avoir b\u00e9n\u00e9fici\u00e9 de l&#8217;enseignement d&#8217;une ou plusieurs disciplines autres que linguistiques en langue \u00e9trang\u00e8re (DNL I ETLV) \u00e0 hauteur de 140 heures sur les quatre derni\u00e8res ann\u00e9es de leur scolarit\u00e9 ou de 70 heures sur le cycle terminal. Certilingua\u00ae s&#8217;adresse donc aux \u00e9l\u00e8ves de section europ\u00e9enne, binationale, internationale ou technologique.<\/p>\n<h3>Pr\u00e9parer et r\u00e9ussir CertiLingua\u00ae<\/h3>\n<p>La certification <strong>Certilingua\u00ae<\/strong> se pr\u00e9pare sur le temps long de la scolarit\u00e9 au lyc\u00e9e qui doit amener les candidats \u00e0 construire les <strong>comp\u00e9tences linguistiques<\/strong> attendues dans les deux langues \u00e9trang\u00e8res choisies par le candidat. Celles-ci sont attest\u00e9es par les professeurs de l&#8217;\u00e9tablissement en classe de Terminale.<br \/>\nLes <strong>comp\u00e9tences interculturelles<\/strong>, qui font la particularit\u00e9 de cette certification, sont quant \u00e0 elle \u00e9valu\u00e9es par un jury acad\u00e9mique au travers d&#8217;un m\u00e9moire r\u00e9dig\u00e9 par le candidat et appuy\u00e9 sur l&#8217;analyse r\u00e9flexive d&#8217;une exp\u00e9rience interculturelle qui peut avoir \u00e9t\u00e9 faite par le candidat en amont de la classe de terminale. Les professeurs accompagnent les candidats dans leur choix d&#8217;une probl\u00e9matique interculturelle pertinente, les guident dans l&#8217;observation et l&#8217;analyse des situations v\u00e9cues dans le cadre de la rencontre interculturelle et les conseillent pour la r\u00e9daction de leur m\u00e9moire.<\/p>\n<h2>Dispositifs au sein du lyc\u00e9e Le Corbusier<\/h2>\n<ul>\n<li>Mobilit\u00e9s de personnels, mobilit\u00e9s individuelles et collectives dans le cadre de nombreux partenariats avec diff\u00e9rents pays europ\u00e9ens.<\/li>\n<li>Accr\u00e9ditations Erasmus+ : enseignement scolaire, sup\u00e9rieur, enseignement et formation professionnels.<\/li>\n<li>Anglais et Allemand approfondis en Seconde GT.<\/li>\n<li>Scolarit\u00e9 possible en sections europ\u00e9ennes Allemand ou Anglais.<\/li>\n<li>Parcours personnalis\u00e9 de langue pour chaque apprenant du lyc\u00e9e.<\/li>\n<\/ul>\n<h2>R\u00e9f\u00e9rents au lyc\u00e9e<\/h2>\n<p>Les r\u00e9f\u00e9rents Certilingua\u00ae du lyc\u00e9e pourront vous apporter toute information relative \u00e0 cette certification, en particulier vous renseigner sur les modalit\u00e9s d&#8217;inscription, d&#8217;accompagnement des candidats et d&#8217;obtention du label.<\/p>\n<ul>\n<li><strong>Mme Laurence RAPP-SCHIERMEYER<\/strong> : <em>laurence.rapp@ac-strasbourg.fr<\/em><\/li>\n<li><strong>Mme M\u00e9lanie MALNUIT<\/strong> :<em> M\u00e9lanie-Victoir.Malnuit@ac-strasbourg.fr<\/em><\/li>\n<li><strong>Mme Betina BAM HAMED<\/strong> : <em>Betina.Bam-Hamed1@ac-strasbourg.fr<\/em><\/li>\n<\/ul>\n<p style=\"text-align: right;\"><a href=\"https:\/\/www.lyceelecorbusier.eu\/?page_id=2610\"><strong>&lt; Retour<\/strong><\/a><\/p>\n<p>&nbsp;<\/p>\n<p>&nbsp;<\/p>\n","protected":false},"excerpt":{"rendered":"<p>Fruit de la collaboration \u00e9ducative de vingt pays et r\u00e9gions membres du Conseil de l&#8217;Europe, cette certification est enti\u00e8rement gratuite. Internationalement reconnue, elle facilite pour ses laur\u00e9ats l&#8217;acc\u00e8s aux cursus universitaires internationaux en les dispensant de tests linguistiques&#8230; <a class=\"read-more\" href=\"https:\/\/www.lyceelecorbusier.eu\/?page_id=3510\">Lire la suite&#8230;<\/a><\/p>\n","protected":false},"author":1,"featured_media":3515,"parent":0,"menu_order":0,"comment_status":"closed","ping_status":"closed","template":"","meta":[],"_links":{"self":[{"href":"https:\/\/www.lyceelecorbusier.eu\/index.php?rest_route=\/wp\/v2\/pages\/3510"}],"collection":[{"href":"https:\/\/www.lyceelecorbusier.eu\/index.php?rest_route=\/wp\/v2\/pages"}],"about":[{"href":"https:\/\/www.lyceelecorbusier.eu\/index.php?rest_route=\/wp\/v2\/types\/page"}],"author":[{"embeddable":true,"href":"https:\/\/www.lyceelecorbusier.eu\/index.php?rest_route=\/wp\/v2\/users\/1"}],"replies":[{"embeddable":true,"href":"https:\/\/www.lyceelecorbusier.eu\/index.php?rest_route=%2Fwp%2Fv2%2Fcomments&post=3510"}],"version-history":[{"count":12,"href":"https:\/\/www.lyceelecorbusier.eu\/index.php?rest_route=\/wp\/v2\/pages\/3510\/revisions"}],"predecessor-version":[{"id":3653,"href":"https:\/\/www.lyceelecorbusier.eu\/index.php?rest_route=\/wp\/v2\/pages\/3510\/revisions\/3653"}],"wp:featuredmedia":[{"embeddable":true,"href":"https:\/\/www.lyceelecorbusier.eu\/index.php?rest_route=\/wp\/v2\/media\/3515"}],"wp:attachment":[{"href":"https:\/\/www.lyceelecorbusier.eu\/index.php?rest_route=%2Fwp%2Fv2%2Fmedia&parent=3510"}],"curies":[{"name":"wp","href":"https:\/\/api.w.org\/{rel}","templated":true}]}}