{"id":302,"date":"2014-07-29T16:18:32","date_gmt":"2014-07-29T15:18:32","guid":{"rendered":"http:\/\/www.lyceelecorbusier.eu\/?page_id=302"},"modified":"2014-07-29T16:19:22","modified_gmt":"2014-07-29T15:19:22","slug":"ctm-en-alternance-ferblantier-zingueur","status":"publish","type":"page","link":"https:\/\/www.lyceelecorbusier.eu\/?page_id=302","title":{"rendered":"CTM en alternance Ferblantier-Zingueur"},"content":{"rendered":"<p>Le Ferblantier-Zingueur est un ouvrier qualifi\u00e9 du b\u00e2timent qui intervient aux diff\u00e9rentes \u00e9tapes de confection et\/ou de pose d&#8217;ouvrages et accessoires m\u00e9talliques (en zinc, cuivre, etc.).<br \/>\nIl effectue la mise en place des \u00e9chafaudages et des dispositifs de s\u00e9curit\u00e9, il coupe et pose des mat\u00e9riaux de couverture selon un plan. Il installe des \u00e9l\u00e9ments qui permettront d\u2019assurer l\u2019\u00e9vacuation des eaux de pluie (ch\u00e9neaux, goutti\u00e8res), des accessoires ornementaux (girouette, coq d\u2019\u00e9glise). Il proc\u00e8de \u00e0 l\u2019entretien et aux r\u00e9parations des toitures dont certaines peuvent relever de la restauration d\u2019art, notamment sur des monuments.<br \/>\nLe titulaire du dipl\u00f4me saura:<br \/>\n&#8211; Pr\u00e9parer en entreprise l\u2019intervention sur chantier<br \/>\n&#8211; Pr\u00e9parer, sur chantier, l\u2019ex\u00e9cution du travail<br \/>\n&#8211; R\u00e9aliser les travaux courants de zinguerie-ferblanterie<br \/>\n&#8211; V\u00e9rifier l\u2019\u00e9tanch\u00e9it\u00e9 des \u00e9l\u00e9ments<br \/>\n&#8211; Rendre compte des travaux r\u00e9alis\u00e9s au responsable<\/p>\n<h4 class=\"cbp-nttrigger\">Contenu p\u00e9dagogique<\/h4>\n<div class=\"cbp-ntcontent\">\n<p><strong>Enseignement professionnel<\/strong> : (25 h \/ sem)<br \/>\n\u00b7 Technologie de sp\u00e9cialit\u00e9<br \/>\n\u00b7 Technologie de sp\u00e9cialit\u00e9<br \/>\n\u00b7 Dessin professionnel &#8211; lecture de plans<br \/>\n\u00b7 Pratique<\/p>\n<p><strong>Enseignement g\u00e9n\u00e9ral<\/strong> : (10 h \/ sem)<br \/>\n\u00b7 Fran\u00e7ais<br \/>\n\u00b7 Math\u00e9matiques professionnelles<br \/>\n\u00b7 Allemand<br \/>\n\u00b7 Communication professionnelle<br \/>\n\u00b7 Gestion<\/p>\n<h4 class=\"cbp-nttrigger\">Organisation de l&#8217;apprentissage<\/h4>\n<p>\u00b7 <strong>Pr\u00e9-recquis<\/strong>: Avoir fini sa 3\u00e8me \/ Avoir entre 15 et 25 ans<br \/>\n\u00b7 <strong>Formation de 840 heures au CFA sur 2 ans<\/strong><br \/>\n\u00b7 <strong>Alternance : 1 semaine sur 3 en CFA \/ 2 semaines sur 3 en entreprise.<\/strong><br \/>\n\u00b7 <strong>Poursuite possible<\/strong> : CAP Couvreur en 1 an<\/p>\n<\/div>\n","protected":false},"excerpt":{"rendered":"<p>Le Ferblantier-Zingueur est un ouvrier qualifi\u00e9 du b\u00e2timent qui intervient aux diff\u00e9rentes \u00e9tapes de confection et\/ou de pose d&#8217;ouvrages et accessoires m\u00e9talliques (en zinc, cuivre, etc.). Il effectue la mise en place des \u00e9chafaudages et des dispositifs de&#8230; <a class=\"read-more\" href=\"https:\/\/www.lyceelecorbusier.eu\/?page_id=302\">Lire la suite&#8230;<\/a><\/p>\n","protected":false},"author":1,"featured_media":0,"parent":0,"menu_order":0,"comment_status":"closed","ping_status":"closed","template":"template-full.php","meta":[],"_links":{"self":[{"href":"https:\/\/www.lyceelecorbusier.eu\/index.php?rest_route=\/wp\/v2\/pages\/302"}],"collection":[{"href":"https:\/\/www.lyceelecorbusier.eu\/index.php?rest_route=\/wp\/v2\/pages"}],"about":[{"href":"https:\/\/www.lyceelecorbusier.eu\/index.php?rest_route=\/wp\/v2\/types\/page"}],"author":[{"embeddable":true,"href":"https:\/\/www.lyceelecorbusier.eu\/index.php?rest_route=\/wp\/v2\/users\/1"}],"replies":[{"embeddable":true,"href":"https:\/\/www.lyceelecorbusier.eu\/index.php?rest_route=%2Fwp%2Fv2%2Fcomments&post=302"}],"version-history":[{"count":1,"href":"https:\/\/www.lyceelecorbusier.eu\/index.php?rest_route=\/wp\/v2\/pages\/302\/revisions"}],"predecessor-version":[{"id":303,"href":"https:\/\/www.lyceelecorbusier.eu\/index.php?rest_route=\/wp\/v2\/pages\/302\/revisions\/303"}],"wp:attachment":[{"href":"https:\/\/www.lyceelecorbusier.eu\/index.php?rest_route=%2Fwp%2Fv2%2Fmedia&parent=302"}],"curies":[{"name":"wp","href":"https:\/\/api.w.org\/{rel}","templated":true}]}}