{"id":300,"date":"2014-07-29T16:17:18","date_gmt":"2014-07-29T15:17:18","guid":{"rendered":"http:\/\/www.lyceelecorbusier.eu\/?page_id=300"},"modified":"2014-08-01T09:15:06","modified_gmt":"2014-08-01T08:15:06","slug":"bcp-en-alternance-installateur-sanitaire-et-thermique","status":"publish","type":"page","link":"https:\/\/www.lyceelecorbusier.eu\/?page_id=300","title":{"rendered":"BCP en alternance Installateur Sanitaire et Thermique"},"content":{"rendered":"<p>Le Brevet de Compagnon Professionnel <strong>&#8220;Installateur Sanitaire et Thermique&#8221;<\/strong> est une formation compl\u00e9mentaire de niveau V se pr\u00e9parant dans le cadre d&#8217;un contrat d&#8217;apprentissage d&#8217;un an.<br \/>\nCette formation pr\u00e9pare \u00e0 un emploi de d&#8217;installateur sanitaire ou thermique autonome.<br \/>\nLe titulaire du dipl\u00f4me saura :<br \/>\n&#8211; <strong>Pr\u00e9parer<\/strong> l&#8217;ex\u00e9cution du travail et celui de son \u00e9quipe<br \/>\n&#8211; <strong>R\u00e9aliser<\/strong> les installations sanitaires et\/ou thermiques selon les normes en vigueur<br \/>\n&#8211;<strong> Mettre en service<\/strong> l&#8217;installation pos\u00e9e<br \/>\n&#8211; <strong>Assurer<\/strong> la r\u00e9ception des travaux<br \/>\n&#8211; <strong>Communiquer<\/strong> avec le client &#8211; relations commerciales de base<br \/>\n&#8211; <strong>Communiquer<\/strong> en interne \u00e0 l&#8217;entreprise (objectifs et m\u00e9thodes de travail, animation d&#8217;une petite \u00e9quipe)<br \/>\n&#8211; <strong>Organiser<\/strong> son travail dans le respect des objectifs et en fonction des situations en cours de chantier<br \/>\n&#8211; <strong>\u00c9valuer<\/strong> le temps de certains travaux entrepris et la valeur des mati\u00e8res d\u2019\u0153uvre utilis\u00e9es<\/p>\n<h4 class=\"cbp-nttrigger\">Contenu p\u00e9dagogique<\/h4>\n<div class=\"cbp-ntcontent\">\n<p><strong>Enseignement professionnel<\/strong> : (26 h \/ sem)<br \/>\n\u00b7 Technologie de sp\u00e9cialit\u00e9<br \/>\n\u00b7 Technologie de sp\u00e9cialit\u00e9<br \/>\n\u00b7 Dessin professionnel &#8211; lecture de plans<br \/>\n\u00b7 Pratique<\/p>\n<p><strong>Enseignement g\u00e9n\u00e9ral<\/strong> : (9 h \/ sem)<br \/>\n\u00b7 Fran\u00e7ais<br \/>\n\u00b7 Math\u00e9matiques professionnelles<br \/>\n\u00b7 Langue Vivante<br \/>\n\u00b7 Communication professionnelle<br \/>\n\u00b7 Gestion<\/p>\n<h4 class=\"cbp-nttrigger\">Organisation de l&#8217;apprentissage<\/h4>\n<p>\u00b7 <strong>Pr\u00e9-recquis<\/strong>: jeune de 15 \u00e0 25 ans<br \/>\n\u00b7 \u00catre Titulaire d\u2019un CAP Installateur Sanitaire ou CAP Installateur Thermique<br \/>\n\u00b7 <strong>Formation de 420 heures au CFA sur 1 an<\/strong><br \/>\n\u00b7 <strong>L\u2019essentiel de la formation pratique se d\u00e9roule en entreprise<\/strong><br \/>\n\u00b7 <strong>Alternance : 1 semaine sur 3 en CFA<\/strong><\/p>\n<\/div>\n<p>&nbsp;<\/p>\n","protected":false},"excerpt":{"rendered":"<p>Le Brevet de Compagnon Professionnel &#8220;Installateur Sanitaire et Thermique&#8221; est une formation compl\u00e9mentaire de niveau V se pr\u00e9parant dans le cadre d&#8217;un contrat d&#8217;apprentissage d&#8217;un an. Cette formation pr\u00e9pare \u00e0 un emploi de d&#8217;installateur sanitaire ou thermique autonome&#8230;. <a class=\"read-more\" href=\"https:\/\/www.lyceelecorbusier.eu\/?page_id=300\">Lire la suite&#8230;<\/a><\/p>\n","protected":false},"author":1,"featured_media":341,"parent":0,"menu_order":0,"comment_status":"closed","ping_status":"closed","template":"template-full.php","meta":[],"_links":{"self":[{"href":"https:\/\/www.lyceelecorbusier.eu\/index.php?rest_route=\/wp\/v2\/pages\/300"}],"collection":[{"href":"https:\/\/www.lyceelecorbusier.eu\/index.php?rest_route=\/wp\/v2\/pages"}],"about":[{"href":"https:\/\/www.lyceelecorbusier.eu\/index.php?rest_route=\/wp\/v2\/types\/page"}],"author":[{"embeddable":true,"href":"https:\/\/www.lyceelecorbusier.eu\/index.php?rest_route=\/wp\/v2\/users\/1"}],"replies":[{"embeddable":true,"href":"https:\/\/www.lyceelecorbusier.eu\/index.php?rest_route=%2Fwp%2Fv2%2Fcomments&post=300"}],"version-history":[{"count":1,"href":"https:\/\/www.lyceelecorbusier.eu\/index.php?rest_route=\/wp\/v2\/pages\/300\/revisions"}],"predecessor-version":[{"id":301,"href":"https:\/\/www.lyceelecorbusier.eu\/index.php?rest_route=\/wp\/v2\/pages\/300\/revisions\/301"}],"wp:featuredmedia":[{"embeddable":true,"href":"https:\/\/www.lyceelecorbusier.eu\/index.php?rest_route=\/wp\/v2\/media\/341"}],"wp:attachment":[{"href":"https:\/\/www.lyceelecorbusier.eu\/index.php?rest_route=%2Fwp%2Fv2%2Fmedia&parent=300"}],"curies":[{"name":"wp","href":"https:\/\/api.w.org\/{rel}","templated":true}]}}