{"id":296,"date":"2014-07-29T16:12:19","date_gmt":"2014-07-29T15:12:19","guid":{"rendered":"http:\/\/www.lyceelecorbusier.eu\/?page_id=296"},"modified":"2014-08-01T09:14:22","modified_gmt":"2014-08-01T08:14:22","slug":"bac-pro-en-alternance-ouvrage-du-batiment-metallerie","status":"publish","type":"page","link":"https:\/\/www.lyceelecorbusier.eu\/?page_id=296","title":{"rendered":"BAC PRO en alternance Ouvrage du B\u00e2timent M\u00e9tallerie"},"content":{"rendered":"<p>Ce technicien intervient en atelier et sur chantier pour <strong>organiser, pr\u00e9parer et fabriquer diff\u00e9rents ouvrages m\u00e9talliques<\/strong>. \u0097<br \/>\n<strong>M\u00e9tallerie serrurerie<\/strong> : escaliers, portails, garde-corps, rampes, \u2026<br \/>\n<strong>Construction m\u00e9tallique<\/strong> : charpentes, ponts, passerelles &#8230;<br \/>\n<strong>Menuiserie m\u00e9tallique<\/strong> : fen\u00eatres, portes, v\u00e9randas \u2026 \u0097<br \/>\n<strong>Habillage du b\u00e2timent<\/strong> : fa\u00e7ades, murs rideaux, \u2026 \u0097<br \/>\n<strong>Ferronnerie<\/strong> : fabrication et r\u00e9novation de portails, grilles, rampes en fer forg\u00e9 \u0097<br \/>\n<strong>Automatisme<\/strong> : rideaux, portails, alarmes,&#8230; \u0097<br \/>\n<strong>Agencement d\u00e9coration<\/strong> : mobilier, grilles, rampes &#8230;<br \/>\nLe titulaire du dipl\u00f4me saura : \u0097<br \/>\n<strong>Pr\u00e9parer<\/strong> le processus de r\u00e9alisation d\u2019un ouvrage \u00e0 partir du dossier de d\u00e9finition, de normes et des contraintes de l\u2019entreprise \u0097<br \/>\n<strong>R\u00e9aliser<\/strong> les ouvrages selon les techniques et les proc\u00e9d\u00e9s courants de fabrication<br \/>\n<strong>Organiser, animer et g\u00e9rer<\/strong> le suivi de la r\u00e9alisation d\u2019un chantier.<\/p>\n<h4 class=\"cbp-nttrigger\">Contenu p\u00e9dagogique<\/h4>\n<div class=\"cbp-ntcontent\">\n<p><strong>Enseignement professionnel<\/strong> : (18 h \/ sem)<br \/>\n\u00b7 Technologie de sp\u00e9cialit\u00e9<br \/>\n\u00b7 Technologie<br \/>\n\u00b7 Dessin professionnel<br \/>\n\u00b7 Compl\u00e9ments de pratique<br \/>\n\u00b7 Pr\u00e9vention S\u00e9curit\u00e9 Environnement<br \/>\n\u00b7 Pr\u00e9vention des Risques li\u00e9s \u00e0 l\u2019Activit\u00e9 Physique<br \/>\n\u00b7 Travaux en Hauteur<br \/>\n\u00b7 Sauveteur Secouriste du Travail<\/p>\n<p><strong>Enseignement g\u00e9n\u00e9ral<\/strong> : (17 h \/ sem)<br \/>\n\u00b7 Fran\u00e7ais<br \/>\n\u00b7 Fran\u00e7ais<br \/>\n\u00b7 Math\u00e9matiques \/ Sciences<br \/>\n\u00b7 Histoire-G\u00e9ographie<br \/>\n\u00b7 \u00c9conomie \u2014 Droit<br \/>\n\u00b7 Langue vivante<br \/>\n\u00b7 \u00c9ducation Physique et Sportive<\/p>\n<h4 class=\"cbp-nttrigger\">Organisation de l&#8217;apprentissage<\/h4>\n<div class=\"cbp-ntcontent\">\n<p><strong>Organisation de l\u2019apprentissage:<\/strong><br \/>\n\u00b7 <strong>Pr\u00e9-recquis<\/strong>: Avoir fini sa 3\u00e8me \/ Avoir entre 15 et 25 ans<br \/>\nTitulaire d\u2019un CAP Serrurier-M\u00e9tallier : formation sur 2 ans (soit 1400 heures)<br \/>\n<strong>\u00b7 Formation de 1890 heures au CFA sur 3 ans<\/strong> (1400 heures sur 2 ans)<br \/>\n<strong>\u00b7 L\u2019essentiel de la formation pratique se d\u00e9roule en entreprise<\/strong><br \/>\n<strong>\u00b7 Alternance :<br \/>\nEn 2nde : 1 semaine sur 3 en CFA<br \/>\nEn 1\u00e8re et Terminale : 1 semaine sur 2 en CFA<br \/>\n\u00b7 Poursuites possibles :<br \/>\n&#8211; BTS Etude et Economie de la Construction<br \/>\n&#8211; BTS B\u00e2timent<\/strong><\/p>\n<\/div>\n<\/div>\n","protected":false},"excerpt":{"rendered":"<p>Ce technicien intervient en atelier et sur chantier pour organiser, pr\u00e9parer et fabriquer diff\u00e9rents ouvrages m\u00e9talliques. \u0097 M\u00e9tallerie serrurerie : escaliers, portails, garde-corps, rampes, \u2026 Construction m\u00e9tallique : charpentes, ponts, passerelles &#8230; Menuiserie m\u00e9tallique : fen\u00eatres, portes, v\u00e9randas&#8230; <a class=\"read-more\" href=\"https:\/\/www.lyceelecorbusier.eu\/?page_id=296\">Lire la suite&#8230;<\/a><\/p>\n","protected":false},"author":1,"featured_media":341,"parent":0,"menu_order":0,"comment_status":"closed","ping_status":"closed","template":"","meta":[],"_links":{"self":[{"href":"https:\/\/www.lyceelecorbusier.eu\/index.php?rest_route=\/wp\/v2\/pages\/296"}],"collection":[{"href":"https:\/\/www.lyceelecorbusier.eu\/index.php?rest_route=\/wp\/v2\/pages"}],"about":[{"href":"https:\/\/www.lyceelecorbusier.eu\/index.php?rest_route=\/wp\/v2\/types\/page"}],"author":[{"embeddable":true,"href":"https:\/\/www.lyceelecorbusier.eu\/index.php?rest_route=\/wp\/v2\/users\/1"}],"replies":[{"embeddable":true,"href":"https:\/\/www.lyceelecorbusier.eu\/index.php?rest_route=%2Fwp%2Fv2%2Fcomments&post=296"}],"version-history":[{"count":1,"href":"https:\/\/www.lyceelecorbusier.eu\/index.php?rest_route=\/wp\/v2\/pages\/296\/revisions"}],"predecessor-version":[{"id":297,"href":"https:\/\/www.lyceelecorbusier.eu\/index.php?rest_route=\/wp\/v2\/pages\/296\/revisions\/297"}],"wp:featuredmedia":[{"embeddable":true,"href":"https:\/\/www.lyceelecorbusier.eu\/index.php?rest_route=\/wp\/v2\/media\/341"}],"wp:attachment":[{"href":"https:\/\/www.lyceelecorbusier.eu\/index.php?rest_route=%2Fwp%2Fv2%2Fmedia&parent=296"}],"curies":[{"name":"wp","href":"https:\/\/api.w.org\/{rel}","templated":true}]}}