{"id":291,"date":"2014-07-29T16:09:09","date_gmt":"2014-07-29T15:09:09","guid":{"rendered":"http:\/\/www.lyceelecorbusier.eu\/?page_id=291"},"modified":"2014-08-01T09:14:50","modified_gmt":"2014-08-01T08:14:50","slug":"bac-pro-en-alternance-technicien-batiment-organisation-realisation-gros-oeuvre","status":"publish","type":"page","link":"https:\/\/www.lyceelecorbusier.eu\/?page_id=291","title":{"rendered":"BAC PRO en alternance Technicien B\u00e2timent Organisation R\u00e9alisation Gros-\u0152uvre"},"content":{"rendered":"<p>Ce technicien r\u00e9alise, \u00e0 partir de directives, sur des chantiers de construction neuve, de r\u00e9novation ou de r\u00e9habilitation, l&#8217;ensemble des travaux de gros oeuvre dans les secteurs suivants : construction de maisons individuelles, de b\u00e2timents divers, travaux de ma\u00e7onnerie g\u00e9n\u00e9rale, fabrication d&#8217;\u00e9l\u00e9ments en b\u00e9ton pour la construction.<br \/>\nEn \u00e9quipe, il est souvent autonome sur le chantier et responsable de la bonne ex\u00e9cution et du suivi des travaux qui lui sont confi\u00e9s.<br \/>\nLe titulaire du dipl\u00f4me saura:<br \/>\n\u00b7 Diriger une \u00e9quipe<br \/>\n\u00b7 Organiser et participer aux travaux sur un chantier.<br \/>\n\u00b7 Planifier les travaux<br \/>\n\u00b7 D\u00e9terminer les besoins en hommes et en mat\u00e9riaux, r\u00e9partir les t\u00e2ches, estimer les co\u00fbts.<br \/>\n\u00b7 Prendre en compte les normes qualitatives et environnementales en vigueur.<\/p>\n<h4 class=\"cbp-nttrigger\">Contenu p\u00e9dagogique<\/h4>\n<div class=\"cbp-ntcontent\">\n<p><strong>Enseignement professionnel<\/strong> : (15 h \/ sem)<br \/>\n\u00b7 Technologie de sp\u00e9cialit\u00e9<br \/>\n\u00b7 Technologie \/ Laboratoire<br \/>\n\u00b7 Pr\u00e9paration Chantier \/ Topographie<br \/>\n\u00b7 Dessin professionnel<br \/>\n\u00b7 Compl\u00e9ments de pratique<br \/>\n\u00b7 Pr\u00e9vention S\u00e9curit\u00e9 Environnement<br \/>\n\u00b7 Pr\u00e9vention des Risques li\u00e9s \u00e0 l\u2019Activit\u00e9 Physique<br \/>\n\u00b7 Travaux en Hauteur<\/p>\n<p><strong>Enseignement g\u00e9n\u00e9ral<\/strong> : (20 h \/ sem)<br \/>\n\u00b7 Fran\u00e7ais<br \/>\n\u00b7 Fran\u00e7ais<br \/>\n\u00b7 Math\u00e9matiques \/ Sciences<br \/>\n\u00b7 Histoire-G\u00e9ographie<br \/>\n\u00b7 \u00c9conomie \u2014 Droit<br \/>\n\u00b7 Langue vivante<br \/>\n\u00b7 Arts appliqu\u00e9s<br \/>\n\u00b7 \u00c9ducation Physique et Sportive<\/p>\n<h4 class=\"cbp-nttrigger\">Organisation de l&#8217;apprentissage<\/h4>\n<div class=\"cbp-ntcontent\">\n<p><strong>Organisation de l\u2019apprentissage:<\/strong><br \/>\n<strong>\u00b7 Pr\u00e9-recquis<\/strong> : avoir fini sa 3\u00e8me \/ avoir entre 15 et 25 ans<br \/>\nTitulaire d\u2019un CAP Ma\u00e7on : formation sur 2 ans<br \/>\n<strong>\u00b7 Formation de 1890 heures au CFA sur 3 ans<\/strong><br \/>\nOu 1400 heures sur 2 ans<br \/>\n\u00b7 <strong>L\u2019essentiel de la formation pratique se d\u00e9roule en entreprise<\/strong><br \/>\n<strong>\u00b7 Alternance :<\/strong><br \/>\n<strong>En 2nde : 1 semaine sur 3 en CFA<\/strong><br \/>\n<strong>En 1\u00e8re et Terminale : 1 semaine sur 2 en CFA<\/strong><br \/>\n<strong>\u00b7 Poursuites possibles :<br \/>\n&#8211; BTS B\u00e2timent<br \/>\n&#8211; BTS \u00c9tude et \u00c9conomie de la Construction<\/strong><\/p>\n<\/div>\n<\/div>\n","protected":false},"excerpt":{"rendered":"<p>Ce technicien r\u00e9alise, \u00e0 partir de directives, sur des chantiers de construction neuve, de r\u00e9novation ou de r\u00e9habilitation, l&#8217;ensemble des travaux de gros oeuvre dans les secteurs suivants : construction de maisons individuelles, de b\u00e2timents divers, travaux de&#8230; <a class=\"read-more\" href=\"https:\/\/www.lyceelecorbusier.eu\/?page_id=291\">Lire la suite&#8230;<\/a><\/p>\n","protected":false},"author":1,"featured_media":341,"parent":0,"menu_order":0,"comment_status":"closed","ping_status":"closed","template":"template-full.php","meta":[],"_links":{"self":[{"href":"https:\/\/www.lyceelecorbusier.eu\/index.php?rest_route=\/wp\/v2\/pages\/291"}],"collection":[{"href":"https:\/\/www.lyceelecorbusier.eu\/index.php?rest_route=\/wp\/v2\/pages"}],"about":[{"href":"https:\/\/www.lyceelecorbusier.eu\/index.php?rest_route=\/wp\/v2\/types\/page"}],"author":[{"embeddable":true,"href":"https:\/\/www.lyceelecorbusier.eu\/index.php?rest_route=\/wp\/v2\/users\/1"}],"replies":[{"embeddable":true,"href":"https:\/\/www.lyceelecorbusier.eu\/index.php?rest_route=%2Fwp%2Fv2%2Fcomments&post=291"}],"version-history":[{"count":2,"href":"https:\/\/www.lyceelecorbusier.eu\/index.php?rest_route=\/wp\/v2\/pages\/291\/revisions"}],"predecessor-version":[{"id":306,"href":"https:\/\/www.lyceelecorbusier.eu\/index.php?rest_route=\/wp\/v2\/pages\/291\/revisions\/306"}],"wp:featuredmedia":[{"embeddable":true,"href":"https:\/\/www.lyceelecorbusier.eu\/index.php?rest_route=\/wp\/v2\/media\/341"}],"wp:attachment":[{"href":"https:\/\/www.lyceelecorbusier.eu\/index.php?rest_route=%2Fwp%2Fv2%2Fmedia&parent=291"}],"curies":[{"name":"wp","href":"https:\/\/api.w.org\/{rel}","templated":true}]}}