{"id":276,"date":"2014-07-29T11:50:53","date_gmt":"2014-07-29T10:50:53","guid":{"rendered":"http:\/\/www.lyceelecorbusier.eu\/?page_id=276"},"modified":"2014-08-01T09:20:36","modified_gmt":"2014-08-01T08:20:36","slug":"cap-en-alternance-serrurier-metallier","status":"publish","type":"page","link":"https:\/\/www.lyceelecorbusier.eu\/?page_id=276","title":{"rendered":"CAP en alternance Serrurier \u2014 M\u00e9tallier"},"content":{"rendered":"<p>Le <strong>serrurier-m\u00e9tallier<\/strong> est un ouvrier qualifi\u00e9 employ\u00e9 par des entreprises du b\u00e2timent qui fabriquent et installent des ouvrages m\u00e9talliques. Son intervention porte sur la <strong>construction de locaux<\/strong> (ossature, bardage, mur rideau, cloisons, v\u00e9randas, agencement), d\u2019<strong>ouvrages de protection<\/strong> des biens et des personnes (fermeture, serrure, menuiserie, blindage, garde-corps, cl\u00f4ture..), d\u2019<strong>acc\u00e8s et de confort<\/strong> (protections solaires, escalier, passerelle).<br \/>\nPour <strong>travailler le m\u00e9tal<\/strong>, il utilise des <strong>outils \u00e0 main<\/strong> comme des machines : tron\u00e7onneuses \u00e0 disques, poin\u00e7onneuses, appareils \u00e0 souder. Parall\u00e8lement , en \u00e9tant installateur d\u2019\u00e9quipements de protection, il <strong>pose, r\u00e9gle<\/strong> et <strong>r\u00e9pare<\/strong> des syst\u00e8mes \u00e9lectroniques de plus en plus \u00e9labor\u00e9s.<br \/>\nLe titulaire du dipl\u00f4me saura :<br \/>\n\u00b7 <strong>Situer<\/strong> son ouvrage dans l\u2019ensemble du b\u00e2timent<br \/>\n\u00b7 <strong>Mettre en oeuvre<\/strong> les techniques et proc\u00e9d\u00e9s de fabrication<br \/>\n\u00b7 <strong>Poser des ouvrages<\/strong> du b\u00e2timent en m\u00e9taux<br \/>\n\u00b7 <strong>Communiquer<\/strong> et <strong>travailler<\/strong> avec d\u2019autres intervenants<\/p>\n<h4 class=\"cbp-nttrigger\">Contenu p\u00e9dagogique<\/h4>\n<div class=\"cbp-ntcontent\">\n<p><strong>Enseignement professionnel<\/strong> : (16 h \/ sem)<br \/>\n\u00b7 Technologie de sp\u00e9cialit\u00e9<br \/>\n\u00b7 Dessin professionnel &#8211; lecture de plans<br \/>\n\u00b7 Pr\u00e9vention S\u00e9curit\u00e9 Environnement<br \/>\n\u00b7 Pr\u00e9vention des Risques li\u00e9s \u00e0 l\u2019Activit\u00e9 Physique<br \/>\n\u00b7 Travaux en hauteur<\/p>\n<p><strong>Enseignement g\u00e9n\u00e9ral<\/strong> : (19 h \/ sem)<br \/>\n\u00b7 Fran\u00e7ais<br \/>\n\u00b7 Math\u00e9matiques\u2014 Sciences<br \/>\n\u00b7 Histoire-G\u00e9ographie<br \/>\n\u00b7 Langue Vivante<br \/>\n\u00b7 \u00c9ducation Physique et Sportive<\/p>\n<h4 class=\"cbp-nttrigger\">Organisation de l&#8217;apprentissage<\/h4>\n<p>\u00b7 <strong>Pr\u00e9-recquis<\/strong>: avoir fini sa 3\u00e8me \/ avoir entre 15 \u00e0 25 ans<br \/>\n\u00b7 <strong>Formation de 840 heures au CFA sur 2 ans<\/strong><br \/>\n\u00b7 L\u2019essentiel de la formation pratique se d\u00e9roule en entreprise<br \/>\n\u00b7 <strong> Alternance : &#8211; 1 semaine sur 3 en CFA \/ &#8211; 2 semaines sur 3 en entreprise.<\/strong><br \/>\n\u00b7 <strong>Poursuite possible<\/strong> : Bac Pro Ouvrage du B\u00e2timent M\u00e9tallerie en 2 ans<\/p>\n<\/div>\n","protected":false},"excerpt":{"rendered":"<p>Le serrurier-m\u00e9tallier est un ouvrier qualifi\u00e9 employ\u00e9 par des entreprises du b\u00e2timent qui fabriquent et installent des ouvrages m\u00e9talliques. Son intervention porte sur la construction de locaux (ossature, bardage, mur rideau, cloisons, v\u00e9randas, agencement), d\u2019ouvrages de protection des&#8230; <a class=\"read-more\" href=\"https:\/\/www.lyceelecorbusier.eu\/?page_id=276\">Lire la suite&#8230;<\/a><\/p>\n","protected":false},"author":1,"featured_media":341,"parent":0,"menu_order":0,"comment_status":"closed","ping_status":"closed","template":"template-full.php","meta":[],"_links":{"self":[{"href":"https:\/\/www.lyceelecorbusier.eu\/index.php?rest_route=\/wp\/v2\/pages\/276"}],"collection":[{"href":"https:\/\/www.lyceelecorbusier.eu\/index.php?rest_route=\/wp\/v2\/pages"}],"about":[{"href":"https:\/\/www.lyceelecorbusier.eu\/index.php?rest_route=\/wp\/v2\/types\/page"}],"author":[{"embeddable":true,"href":"https:\/\/www.lyceelecorbusier.eu\/index.php?rest_route=\/wp\/v2\/users\/1"}],"replies":[{"embeddable":true,"href":"https:\/\/www.lyceelecorbusier.eu\/index.php?rest_route=%2Fwp%2Fv2%2Fcomments&post=276"}],"version-history":[{"count":1,"href":"https:\/\/www.lyceelecorbusier.eu\/index.php?rest_route=\/wp\/v2\/pages\/276\/revisions"}],"predecessor-version":[{"id":277,"href":"https:\/\/www.lyceelecorbusier.eu\/index.php?rest_route=\/wp\/v2\/pages\/276\/revisions\/277"}],"wp:featuredmedia":[{"embeddable":true,"href":"https:\/\/www.lyceelecorbusier.eu\/index.php?rest_route=\/wp\/v2\/media\/341"}],"wp:attachment":[{"href":"https:\/\/www.lyceelecorbusier.eu\/index.php?rest_route=%2Fwp%2Fv2%2Fmedia&parent=276"}],"curies":[{"name":"wp","href":"https:\/\/api.w.org\/{rel}","templated":true}]}}