{"id":272,"date":"2014-07-29T11:48:06","date_gmt":"2014-07-29T10:48:06","guid":{"rendered":"http:\/\/www.lyceelecorbusier.eu\/?page_id=272"},"modified":"2014-08-01T09:19:15","modified_gmt":"2014-08-01T08:19:15","slug":"cap-en-alternance-peintre-applicateur-de-revetements","status":"publish","type":"page","link":"https:\/\/www.lyceelecorbusier.eu\/?page_id=272","title":{"rendered":"CAP en alternance Peintre Applicateur de Rev\u00eatements"},"content":{"rendered":"<p>Qu&#8217;il intervienne sur un <strong>chantier de construction<\/strong> ou participe \u00e0 des <strong>travaux de r\u00e9novation<\/strong>, le <strong>peintre en b\u00e2timent<\/strong> apporte aux locaux la touche finale en habillant les <strong>fa\u00e7ades, les murs et les plafonds<\/strong>.<br \/>\nDot\u00e9 d&#8217;une bonne condition physique, il fait preuve de beaucoup de <strong>patience<\/strong>, de <strong>minutie<\/strong>, d&#8217;<strong>habilet\u00e9<\/strong> et de <strong>soin<\/strong> dans son travail. Juch\u00e9 parfois en hauteur, il ne doit pas \u00eatre sujet au vertige.<br \/>\n<strong>Polyvalent<\/strong>, il s&#8217;adapte \u00e0 tout type de chantier et s&#8217;int\u00e9resse aux diff\u00e9rents rev\u00eatements utilis\u00e9s dans le b\u00e2timent : <strong>peintures d\u00e9coratives<\/strong>, mais aussi <strong>moquettes coll\u00e9es, rev\u00eatements<\/strong> vinyliques, <strong>plaques de li\u00e8ge<\/strong>, etc.<br \/>\n\u00c0 chaque \u00e9tape, le peintre doit trouver l&#8217;outil le mieux adapt\u00e9 aux travaux \u00e0 r\u00e9aliser. Application des <strong>peintures<\/strong> et des <strong>vernis, isolation, \u00e9tanch\u00e9it\u00e9<\/strong>&#8230; Les comp\u00e9tences du peintre en b\u00e2timent sont vari\u00e9es.<\/p>\n<h4 class=\"cbp-nttrigger\">Contenu p\u00e9dagogique<\/h4>\n<div class=\"cbp-ntcontent\">\n<p><strong>Enseignement professionnel<\/strong> : (16 h \/ sem)<br \/>\n\u00b7 Technologie de sp\u00e9cialit\u00e9<br \/>\n\u00b7 Dessin professionnel &#8211; lecture de plans<br \/>\n\u00b7 Compl\u00e9ment pratique<br \/>\n\u00b7 Pr\u00e9vention S\u00e9curit\u00e9 Environnement<br \/>\n\u00b7 Pr\u00e9vention des Risques li\u00e9s \u00e0 l\u2019Activit\u00e9 Physique<br \/>\n\u00b7 Travaux en hauteur<\/p>\n<p><strong>Enseignement g\u00e9n\u00e9ral<\/strong> : (19 h \/ sem)<br \/>\n\u00b7 Fran\u00e7ais<br \/>\n\u00b7 Math\u00e9matiques\u2014 Sciences<br \/>\n\u00b7 Histoire-G\u00e9ographie<br \/>\n\u00b7 Langue Vivante<br \/>\n\u00b7 \u00c9ducation Physique et Sportive<\/p>\n<h4 class=\"cbp-nttrigger\">Organisation de l&#8217;apprentissage<\/h4>\n<p>\u00b7 <strong>Pr\u00e9-recquis<\/strong>: avoir fini sa 3\u00e8me \/ avoir entre 15 \u00e0 25 ans<br \/>\n\u00b7 <strong>Formation de 840 heures au CFA sur 2 ans<\/strong><br \/>\n\u00b7 L\u2019essentiel de la formation pratique se d\u00e9roule en entreprise<br \/>\n\u00b7 <strong> Alternance : &#8211; 1 semaine sur 3 en CFA \/ &#8211; 2 semaines sur 3 en entreprise.<\/strong><br \/>\n\u00b7 <strong>Poursuite possible<\/strong> : Bac Pro Am\u00e9nagement et Finition du B\u00e2timent en 2 ans<\/p>\n<\/div>\n","protected":false},"excerpt":{"rendered":"<p>Qu&#8217;il intervienne sur un chantier de construction ou participe \u00e0 des travaux de r\u00e9novation, le peintre en b\u00e2timent apporte aux locaux la touche finale en habillant les fa\u00e7ades, les murs et les plafonds. Dot\u00e9 d&#8217;une bonne condition physique,&#8230; <a class=\"read-more\" href=\"https:\/\/www.lyceelecorbusier.eu\/?page_id=272\">Lire la suite&#8230;<\/a><\/p>\n","protected":false},"author":1,"featured_media":341,"parent":0,"menu_order":0,"comment_status":"closed","ping_status":"closed","template":"template-full.php","meta":[],"_links":{"self":[{"href":"https:\/\/www.lyceelecorbusier.eu\/index.php?rest_route=\/wp\/v2\/pages\/272"}],"collection":[{"href":"https:\/\/www.lyceelecorbusier.eu\/index.php?rest_route=\/wp\/v2\/pages"}],"about":[{"href":"https:\/\/www.lyceelecorbusier.eu\/index.php?rest_route=\/wp\/v2\/types\/page"}],"author":[{"embeddable":true,"href":"https:\/\/www.lyceelecorbusier.eu\/index.php?rest_route=\/wp\/v2\/users\/1"}],"replies":[{"embeddable":true,"href":"https:\/\/www.lyceelecorbusier.eu\/index.php?rest_route=%2Fwp%2Fv2%2Fcomments&post=272"}],"version-history":[{"count":1,"href":"https:\/\/www.lyceelecorbusier.eu\/index.php?rest_route=\/wp\/v2\/pages\/272\/revisions"}],"predecessor-version":[{"id":273,"href":"https:\/\/www.lyceelecorbusier.eu\/index.php?rest_route=\/wp\/v2\/pages\/272\/revisions\/273"}],"wp:featuredmedia":[{"embeddable":true,"href":"https:\/\/www.lyceelecorbusier.eu\/index.php?rest_route=\/wp\/v2\/media\/341"}],"wp:attachment":[{"href":"https:\/\/www.lyceelecorbusier.eu\/index.php?rest_route=%2Fwp%2Fv2%2Fmedia&parent=272"}],"curies":[{"name":"wp","href":"https:\/\/api.w.org\/{rel}","templated":true}]}}