{"id":266,"date":"2014-07-29T11:42:35","date_gmt":"2014-07-29T10:42:35","guid":{"rendered":"http:\/\/www.lyceelecorbusier.eu\/?page_id=266"},"modified":"2014-08-01T09:18:09","modified_gmt":"2014-08-01T08:18:09","slug":"cap-en-alternance-installateur-thermique","status":"publish","type":"page","link":"https:\/\/www.lyceelecorbusier.eu\/?page_id=266","title":{"rendered":"CAP en alternance Installateur Thermique"},"content":{"rendered":"<p><strong>L\u2019installateur thermique<\/strong> installe et entretient des syst\u00e8mes de chauffage, de climatisation et de ventilation. Il raccorde les appareils aux r\u00e9seaux transportant \u00e9nergie ou fluide.<br \/>\nLe titulaire de ce dipl\u00f4me est ouvrier qualifi\u00e9 en installation de syst\u00e8mes de chauffage pour maisons individuelles, immeubles, commerces, b\u00e2timents industriels ou b\u00e2timents publics.<br \/>\nLe titulaire du dipl\u00f4me saura :<br \/>\n&#8211; <strong>Mettre<\/strong> en place les \u00e9quipements (chaudi\u00e8res, radiateurs&#8230;)<br \/>\n&#8211; <strong>R\u00e9aliser<\/strong> et <strong>poser<\/strong> les r\u00e9seaux de canalisations (<strong>d\u00e9coupe, cintrage, soudage,<\/strong> etc.)<br \/>\n&#8211; <strong>Raccorder<\/strong> les appareils, installer et brancher les mat\u00e9riels<br \/>\n&#8211; <strong>Mettre<\/strong> en service : contr\u00f4ler le fonctionnement de l&#8217;ensemble, effectuer les r\u00e9glages<br \/>\n&#8211; <strong>Informer<\/strong> l&#8217;utilisateur : pr\u00e9senter l&#8217;installation et les consignes d&#8217;exploitation<br \/>\n&#8211; <strong>Effectuer<\/strong> la maintenance : remplacement d&#8217;une pi\u00e8ce, entretien courant et r\u00e9novation.<\/p>\n<h4 class=\"cbp-nttrigger\">Contenu p\u00e9dagogique<\/h4>\n<div class=\"cbp-ntcontent\">\n<p><strong>Enseignement professionnel<\/strong> : (16 h \/ sem)<br \/>\n\u00b7 Technologie de sp\u00e9cialit\u00e9<br \/>\n\u00b7 Dessin professionnel &#8211; lecture de plans<br \/>\n\u00b7 Compl\u00e9ment pratique<br \/>\n\u00b7 Pr\u00e9vention S\u00e9curit\u00e9 Environnement<br \/>\n\u00b7 Travaux en hauteur<\/p>\n<p><strong>Enseignement g\u00e9n\u00e9ral<\/strong> : (19 h \/ sem)<br \/>\n\u00b7 Fran\u00e7ais<br \/>\n\u00b7 Math\u00e9matiques\u2014 Sciences<br \/>\n\u00b7 Histoire-G\u00e9ographie<br \/>\n\u00b7 Langue Vivante<br \/>\n\u00b7 \u00c9ducation Physique et Sportive<\/p>\n<h4 class=\"cbp-nttrigger\">Organisation de l&#8217;apprentissage<\/h4>\n<p>\u00b7 <strong>Pr\u00e9-recquis<\/strong>: avoir fini sa 3\u00e8me \/ avoir entre 15 \u00e0 25 ans<br \/>\n\u00b7 <strong>Formation de 840 heures au CFA sur 2 ans<\/strong><br \/>\n\u00b7 L\u2019essentiel de la formation pratique se d\u00e9roule en entreprise<br \/>\n\u00b7 <strong> Alternance : &#8211; 1 semaine sur 3 en CFA \/ &#8211; 2 semaines sur 3 en entreprise.<\/strong><br \/>\n\u00b7 <strong>Poursuite possible<\/strong> <strong>BCP IST<\/strong> en 1 an<\/p>\n<\/div>\n","protected":false},"excerpt":{"rendered":"<p>L\u2019installateur thermique installe et entretient des syst\u00e8mes de chauffage, de climatisation et de ventilation. Il raccorde les appareils aux r\u00e9seaux transportant \u00e9nergie ou fluide. Le titulaire de ce dipl\u00f4me est ouvrier qualifi\u00e9 en installation de syst\u00e8mes de chauffage&#8230; <a class=\"read-more\" href=\"https:\/\/www.lyceelecorbusier.eu\/?page_id=266\">Lire la suite&#8230;<\/a><\/p>\n","protected":false},"author":1,"featured_media":341,"parent":0,"menu_order":0,"comment_status":"closed","ping_status":"closed","template":"template-full.php","meta":[],"_links":{"self":[{"href":"https:\/\/www.lyceelecorbusier.eu\/index.php?rest_route=\/wp\/v2\/pages\/266"}],"collection":[{"href":"https:\/\/www.lyceelecorbusier.eu\/index.php?rest_route=\/wp\/v2\/pages"}],"about":[{"href":"https:\/\/www.lyceelecorbusier.eu\/index.php?rest_route=\/wp\/v2\/types\/page"}],"author":[{"embeddable":true,"href":"https:\/\/www.lyceelecorbusier.eu\/index.php?rest_route=\/wp\/v2\/users\/1"}],"replies":[{"embeddable":true,"href":"https:\/\/www.lyceelecorbusier.eu\/index.php?rest_route=%2Fwp%2Fv2%2Fcomments&post=266"}],"version-history":[{"count":1,"href":"https:\/\/www.lyceelecorbusier.eu\/index.php?rest_route=\/wp\/v2\/pages\/266\/revisions"}],"predecessor-version":[{"id":267,"href":"https:\/\/www.lyceelecorbusier.eu\/index.php?rest_route=\/wp\/v2\/pages\/266\/revisions\/267"}],"wp:featuredmedia":[{"embeddable":true,"href":"https:\/\/www.lyceelecorbusier.eu\/index.php?rest_route=\/wp\/v2\/media\/341"}],"wp:attachment":[{"href":"https:\/\/www.lyceelecorbusier.eu\/index.php?rest_route=%2Fwp%2Fv2%2Fmedia&parent=266"}],"curies":[{"name":"wp","href":"https:\/\/api.w.org\/{rel}","templated":true}]}}