{"id":264,"date":"2014-07-29T11:40:41","date_gmt":"2014-07-29T10:40:41","guid":{"rendered":"http:\/\/www.lyceelecorbusier.eu\/?page_id=264"},"modified":"2014-08-01T09:17:53","modified_gmt":"2014-08-01T08:17:53","slug":"cap-en-alternance-installateur-sanitaire","status":"publish","type":"page","link":"https:\/\/www.lyceelecorbusier.eu\/?page_id=264","title":{"rendered":"CAP en alternance Installateur Sanitaire"},"content":{"rendered":"<p><strong>L\u2019installateur sanitaire<\/strong> exerce l&#8217;essentiel de son activit\u00e9 sur des chantiers de <strong>travaux neufs<\/strong>, de <strong>r\u00e9habilitation<\/strong> de l&#8217;habitat, d\u2019<strong>entretien<\/strong> ou de <strong>r\u00e9paration des installations existantes<\/strong>.<br \/>\nCe technicien agira seul ou dans une \u00e9quipe de plusieurs ouvriers selon la nature des travaux. Il pourra \u00e9galement travailler \u00e0 son compte comme artisan.<br \/>\nIl <strong>pr\u00e9pare et pose<\/strong> tous les \u00e9l\u00e9ments n\u00e9cessaires \u00e0 <strong>d\u2019une installation compl\u00e8te<\/strong> d\u2019un \u00e9quipement sanitaire <strong>selon les r\u00e8gles de s\u00e9curit\u00e9<\/strong>. Il peut \u00eatre amen\u00e9 \u00e0 monter des syst\u00e8mes de ventilation et climatisation \u00e0 usage domestique ou encore intervenir en installation et en maintenance de piscines.<br \/>\nLe titulaire du dipl\u00f4me saura :<br \/>\n&#8211; <strong>Lire<\/strong> des plans et <strong>rep\u00e9rer<\/strong> les emplacements des appareils sanitaires<br \/>\n&#8211; <strong>Proc\u00e8der<\/strong> aux pr\u00e9parations diverses<br \/>\n&#8211; <strong>Pr\u00e9parer<\/strong> les tuyauteries en les courbant<br \/>\n&#8211; <strong>R\u00e9aliser<\/strong> et <strong>poser<\/strong> les r\u00e9seaux de canalisations<br \/>\n&#8211; <strong>V\u00e9rifier<\/strong> le bon fonctionnement du syst\u00e8me et l\u2019absence de fuites<\/p>\n<h4 class=\"cbp-nttrigger\">Contenu p\u00e9dagogique<\/h4>\n<div class=\"cbp-ntcontent\">\n<p><strong>Enseignement professionnel<\/strong> : (16 h \/ sem)<br \/>\n\u00b7 Technologie de sp\u00e9cialit\u00e9<br \/>\n\u00b7 Dessin professionnel &#8211; lecture de plans<br \/>\n\u00b7 Compl\u00e9ment pratique<br \/>\n\u00b7 Pr\u00e9vention S\u00e9curit\u00e9 Environnement<br \/>\n\u00b7 Pr\u00e9vention des Risques li\u00e9s \u00e0 l\u2019Activit\u00e9 Physique<\/p>\n<p><strong>Enseignement g\u00e9n\u00e9ral<\/strong> : (19 h \/ sem)<br \/>\n\u00b7 Fran\u00e7ais<br \/>\n\u00b7 Math\u00e9matiques\u2014 Sciences<br \/>\n\u00b7 Histoire-G\u00e9ographie<br \/>\n\u00b7 Langue Vivante<br \/>\n\u00b7 \u00c9ducation Physique et Sportive<\/p>\n<h4 class=\"cbp-nttrigger\">Organisation de l&#8217;apprentissage<\/h4>\n<p>\u00b7 <strong>Pr\u00e9-recquis<\/strong>: avoir fini sa 3\u00e8me \/ avoir entre 15 \u00e0 25 ans<br \/>\n\u00b7 <strong>Formation de 840 heures au CFA sur 2 ans<\/strong><br \/>\n\u00b7 L\u2019essentiel de la formation pratique se d\u00e9roule en entreprise<br \/>\n\u00b7 <strong> Alternance : &#8211; 1 semaine sur 3 en CFA \/ &#8211; 2 semaines sur 3 en entreprise.<\/strong><br \/>\n\u00b7 <strong>Poursuite possible<\/strong> <strong>BCP IST<\/strong> en 1 an<\/p>\n<\/div>\n","protected":false},"excerpt":{"rendered":"<p>L\u2019installateur sanitaire exerce l&#8217;essentiel de son activit\u00e9 sur des chantiers de travaux neufs, de r\u00e9habilitation de l&#8217;habitat, d\u2019entretien ou de r\u00e9paration des installations existantes. Ce technicien agira seul ou dans une \u00e9quipe de plusieurs ouvriers selon la nature&#8230; <a class=\"read-more\" href=\"https:\/\/www.lyceelecorbusier.eu\/?page_id=264\">Lire la suite&#8230;<\/a><\/p>\n","protected":false},"author":1,"featured_media":341,"parent":0,"menu_order":0,"comment_status":"closed","ping_status":"closed","template":"template-full.php","meta":[],"_links":{"self":[{"href":"https:\/\/www.lyceelecorbusier.eu\/index.php?rest_route=\/wp\/v2\/pages\/264"}],"collection":[{"href":"https:\/\/www.lyceelecorbusier.eu\/index.php?rest_route=\/wp\/v2\/pages"}],"about":[{"href":"https:\/\/www.lyceelecorbusier.eu\/index.php?rest_route=\/wp\/v2\/types\/page"}],"author":[{"embeddable":true,"href":"https:\/\/www.lyceelecorbusier.eu\/index.php?rest_route=\/wp\/v2\/users\/1"}],"replies":[{"embeddable":true,"href":"https:\/\/www.lyceelecorbusier.eu\/index.php?rest_route=%2Fwp%2Fv2%2Fcomments&post=264"}],"version-history":[{"count":1,"href":"https:\/\/www.lyceelecorbusier.eu\/index.php?rest_route=\/wp\/v2\/pages\/264\/revisions"}],"predecessor-version":[{"id":265,"href":"https:\/\/www.lyceelecorbusier.eu\/index.php?rest_route=\/wp\/v2\/pages\/264\/revisions\/265"}],"wp:featuredmedia":[{"embeddable":true,"href":"https:\/\/www.lyceelecorbusier.eu\/index.php?rest_route=\/wp\/v2\/media\/341"}],"wp:attachment":[{"href":"https:\/\/www.lyceelecorbusier.eu\/index.php?rest_route=%2Fwp%2Fv2%2Fmedia&parent=264"}],"curies":[{"name":"wp","href":"https:\/\/api.w.org\/{rel}","templated":true}]}}