{"id":2610,"date":"2022-02-05T11:42:02","date_gmt":"2022-02-05T10:42:02","guid":{"rendered":"https:\/\/www.lyceelecorbusier.eu\/?page_id=2610"},"modified":"2026-03-02T18:21:56","modified_gmt":"2026-03-02T17:21:56","slug":"pole-general-et-technologique-2","status":"publish","type":"page","link":"https:\/\/www.lyceelecorbusier.eu\/?page_id=2610","title":{"rendered":"Voie g\u00e9n\u00e9rale et voie technologique"},"content":{"rendered":"<p>Apr\u00e8s le coll\u00e8ge, vous pouvez int\u00e9grer la voie G\u00e9n\u00e9rale ou Technologique ou <a href=\"https:\/\/www.lyceelecorbusier.eu\/?page_id=374\">la voie Professionnelle <\/a>au lyc\u00e9e Le Corbusier.<br \/>\nCliquer sur <img loading=\"lazy\" src=\"https:\/\/www.lyceelecorbusier.eu\/wp-content\/uploads\/2022\/02\/plus-bleu.png\" alt=\"\" width=\"12\" height=\"12\" align=\"bottum\" \/> pour avoir davantage d&#8217;informations.<\/p>\n<hr \/>\n<h2>Seconde G\u00e9n\u00e9rale &amp; Technologique<\/h2>\n<div class=\"su-accordion su-u-trim\"><div class=\"su-spoiler su-spoiler-style-default su-spoiler-icon-plus su-spoiler-closed\" data-scroll-offset=\"0\" data-anchor-in-url=\"no\"><div class=\"su-spoiler-title\" tabindex=\"0\" role=\"button\"><span class=\"su-spoiler-icon\"><\/span>Tronc commun (26,5h)<\/div><div class=\"su-spoiler-content su-u-clearfix su-u-trim\">\n<ul>\n<li>Fran\u00e7ais (4h)<\/li>\n<li>Histoire-G\u00e9ographie (3h)<\/li>\n<li>LVA &amp; B (5,5h)<\/li>\n<li>Sciences \u00c9conomiques et Sociales (1,5h)<\/li>\n<li>Math\u00e9matiques (4h)<\/li>\n<li>Physique-Chimie (2,5h)<\/li>\n<li>SVT (1,5h )<\/li>\n<li>Sciences Num\u00e9riques et Technologie (1,5h) dont 1 groupe SNT Euro Trilingue<\/li>\n<li>EPS (2h)<\/li>\n<li>\u00c9ducation Morale et Civique (0,5h),<\/li>\n<li>Aide Personnalis\u00e9e (AP), Aide \u00e0 l&#8217;orientation (54h ann\u00e9e), HVC<\/div><\/div><div class=\"su-spoiler su-spoiler-style-default su-spoiler-icon-plus su-spoiler-closed\" data-scroll-offset=\"0\" data-anchor-in-url=\"no\"><div class=\"su-spoiler-title\" tabindex=\"0\" role=\"button\"><span class=\"su-spoiler-icon\"><\/span>Options facultatives<\/div><div class=\"su-spoiler-content su-u-clearfix su-u-trim\"><\/li>\n<\/ul>\n<h5>1 G\u00e9n\u00e9rale et\/ou 1 Technologique ou Aucune<\/h5>\n<h5><strong>Seconde G\u00e9n\u00e9rale<\/strong> :<\/h5>\n<ul>\n<li><em>Arts Plastiques<\/em> : Cette option permet d\u2019approfondir la pratique des Arts Plastiques<\/li>\n<li>LVC Espagnol ( option qui permet la pratique d&#8217;une 3e LV)<\/li>\n<li>AGL ou ALL Approfondi (Module compl\u00e9mentaire \u2014 Option sp\u00e9cifique de 2 nde GT au lyc\u00e9e Le Corbusier. Permet de renforcer la pratique de l\u2019anglais (cette option n\u2019est pas une section \u00ab Euro \u00bb).<\/li>\n<\/ul>\n<h5><strong>Seconde Technologiques <\/strong>:<\/h5>\n<ul>\n<li><strong><em>Seconde Cr\u00e9ation Culture Design<\/em> (CCD)<\/strong> : \/!\\ Option non cumulable<br \/>\nOption technologique Pr\u00e9pare \u00e0 l\u2019entr\u00e9e en Premi\u00e8re STD2 A (Arts Appliqu\u00e9es) de mani\u00e8re prioritaire.<br \/>\n<strong>S\u00e9lection sur dossier<\/strong> : formulaire d\u00e9partemental D 05 \u00e0 demander au secr\u00e9tariat de l\u2019\u00e9tablissement actuel et \u00e0 retourner courant mai 2023<\/li>\n<li><strong><em>M\u00e9tiers des Sciences, de l\u2019Innovation , de l\u2019Architecture et du Design<\/em> (M-SIAD)<\/strong> :<br \/>\nL&#8217;option MSIAD (m\u00e9tiers des sciences de l&#8217;innovation, de l&#8217;architecture et du design) est disponible uniquement\u00a0au lyc\u00e9e Le Corbusier. Elle est un parcours de d\u00e9couverte des m\u00e9tiers de l&#8217;architecture, de l&#8217;ing\u00e9nierie et du num\u00e9rique.<br \/>\nCette option, de 3h par semaine, est ouverte \u00e0 tout \u00e9l\u00e8ve int\u00e9ress\u00e9 par l&#8217;ing\u00e9nierie, l&#8217;architecture, le design et les sciences, qui pourra y acqu\u00e9rir une m\u00e9thodologie de travail fond\u00e9e sur l&#8217;autonomie, la prise d&#8217;initiative et le travail d&#8217;\u00e9quipe, et enrichir sa culture scientifique.<br \/>\n<div class=\"su-image-carousel  su-image-carousel-has-spacing su-image-carousel-crop su-image-carousel-crop-4-3 su-image-carousel-has-outline su-image-carousel-adaptive su-image-carousel-slides-style-photo su-image-carousel-controls-style-light su-image-carousel-align-none\" style=\"\" data-flickity-options='{\"groupCells\":true,\"cellSelector\":\".su-image-carousel-item\",\"adaptiveHeight\":false,\"cellAlign\":\"left\",\"prevNextButtons\":true,\"pageDots\":true,\"autoPlay\":5000,\"imagesLoaded\":true,\"contain\":true,\"selectedAttraction\":0.025,\"friction\":0.28}' id=\"su_image_carousel_69feb7a9101b0\"><div class=\"su-image-carousel-item\"><div class=\"su-image-carousel-item-content\"><img width=\"640\" height=\"481\" src=\"https:\/\/www.lyceelecorbusier.eu\/wp-content\/uploads\/2026\/03\/Redim01.jpg\" class=\"\" alt=\"\" loading=\"lazy\" srcset=\"https:\/\/www.lyceelecorbusier.eu\/wp-content\/uploads\/2026\/03\/Redim01.jpg 705w, https:\/\/www.lyceelecorbusier.eu\/wp-content\/uploads\/2026\/03\/Redim01-300x226.jpg 300w\" sizes=\"(max-width: 640px) 100vw, 640px\" \/><\/div><\/div><div class=\"su-image-carousel-item\"><div class=\"su-image-carousel-item-content\"><img width=\"640\" height=\"481\" src=\"https:\/\/www.lyceelecorbusier.eu\/wp-content\/uploads\/2026\/03\/Redim02.jpg\" class=\"\" alt=\"\" loading=\"lazy\" srcset=\"https:\/\/www.lyceelecorbusier.eu\/wp-content\/uploads\/2026\/03\/Redim02.jpg 705w, https:\/\/www.lyceelecorbusier.eu\/wp-content\/uploads\/2026\/03\/Redim02-300x226.jpg 300w\" sizes=\"(max-width: 640px) 100vw, 640px\" \/><\/div><\/div><div class=\"su-image-carousel-item\"><div class=\"su-image-carousel-item-content\"><img width=\"640\" height=\"481\" src=\"https:\/\/www.lyceelecorbusier.eu\/wp-content\/uploads\/2026\/03\/Redim03.jpg\" class=\"\" alt=\"\" loading=\"lazy\" srcset=\"https:\/\/www.lyceelecorbusier.eu\/wp-content\/uploads\/2026\/03\/Redim03.jpg 705w, https:\/\/www.lyceelecorbusier.eu\/wp-content\/uploads\/2026\/03\/Redim03-300x226.jpg 300w\" sizes=\"(max-width: 640px) 100vw, 640px\" \/><\/div><\/div><div class=\"su-image-carousel-item\"><div class=\"su-image-carousel-item-content\"><img width=\"640\" height=\"481\" src=\"https:\/\/www.lyceelecorbusier.eu\/wp-content\/uploads\/2026\/03\/Redim04.jpg\" class=\"\" alt=\"\" loading=\"lazy\" srcset=\"https:\/\/www.lyceelecorbusier.eu\/wp-content\/uploads\/2026\/03\/Redim04.jpg 705w, https:\/\/www.lyceelecorbusier.eu\/wp-content\/uploads\/2026\/03\/Redim04-300x226.jpg 300w\" sizes=\"(max-width: 640px) 100vw, 640px\" \/><\/div><\/div><div class=\"su-image-carousel-item\"><div class=\"su-image-carousel-item-content\"><img width=\"640\" height=\"481\" src=\"https:\/\/www.lyceelecorbusier.eu\/wp-content\/uploads\/2026\/03\/Redim05.jpg\" class=\"\" alt=\"\" loading=\"lazy\" srcset=\"https:\/\/www.lyceelecorbusier.eu\/wp-content\/uploads\/2026\/03\/Redim05.jpg 705w, https:\/\/www.lyceelecorbusier.eu\/wp-content\/uploads\/2026\/03\/Redim05-300x226.jpg 300w\" sizes=\"(max-width: 640px) 100vw, 640px\" \/><\/div><\/div><div class=\"su-image-carousel-item\"><div class=\"su-image-carousel-item-content\"><img width=\"640\" height=\"481\" src=\"https:\/\/www.lyceelecorbusier.eu\/wp-content\/uploads\/2026\/03\/Redim06.jpg\" class=\"\" alt=\"\" loading=\"lazy\" srcset=\"https:\/\/www.lyceelecorbusier.eu\/wp-content\/uploads\/2026\/03\/Redim06.jpg 705w, https:\/\/www.lyceelecorbusier.eu\/wp-content\/uploads\/2026\/03\/Redim06-300x226.jpg 300w\" sizes=\"(max-width: 640px) 100vw, 640px\" \/><\/div><\/div><div class=\"su-image-carousel-item\"><div class=\"su-image-carousel-item-content\"><img width=\"640\" height=\"481\" src=\"https:\/\/www.lyceelecorbusier.eu\/wp-content\/uploads\/2026\/03\/Redim07.jpg\" class=\"\" alt=\"\" loading=\"lazy\" srcset=\"https:\/\/www.lyceelecorbusier.eu\/wp-content\/uploads\/2026\/03\/Redim07.jpg 705w, https:\/\/www.lyceelecorbusier.eu\/wp-content\/uploads\/2026\/03\/Redim07-300x226.jpg 300w\" sizes=\"(max-width: 640px) 100vw, 640px\" \/><\/div><\/div><div class=\"su-image-carousel-item\"><div class=\"su-image-carousel-item-content\"><img width=\"640\" height=\"481\" src=\"https:\/\/www.lyceelecorbusier.eu\/wp-content\/uploads\/2026\/03\/Redim08.jpg\" class=\"\" alt=\"\" loading=\"lazy\" srcset=\"https:\/\/www.lyceelecorbusier.eu\/wp-content\/uploads\/2026\/03\/Redim08.jpg 705w, https:\/\/www.lyceelecorbusier.eu\/wp-content\/uploads\/2026\/03\/Redim08-300x226.jpg 300w\" sizes=\"(max-width: 640px) 100vw, 640px\" \/><\/div><\/div><div class=\"su-image-carousel-item\"><div class=\"su-image-carousel-item-content\"><img width=\"640\" height=\"481\" src=\"https:\/\/www.lyceelecorbusier.eu\/wp-content\/uploads\/2026\/03\/Redim09.jpg\" class=\"\" alt=\"\" loading=\"lazy\" srcset=\"https:\/\/www.lyceelecorbusier.eu\/wp-content\/uploads\/2026\/03\/Redim09.jpg 705w, https:\/\/www.lyceelecorbusier.eu\/wp-content\/uploads\/2026\/03\/Redim09-300x226.jpg 300w\" sizes=\"(max-width: 640px) 100vw, 640px\" \/><\/div><\/div><div class=\"su-image-carousel-item\"><div class=\"su-image-carousel-item-content\"><img width=\"640\" height=\"481\" src=\"https:\/\/www.lyceelecorbusier.eu\/wp-content\/uploads\/2026\/03\/Redim10.jpg\" class=\"\" alt=\"\" loading=\"lazy\" srcset=\"https:\/\/www.lyceelecorbusier.eu\/wp-content\/uploads\/2026\/03\/Redim10.jpg 705w, https:\/\/www.lyceelecorbusier.eu\/wp-content\/uploads\/2026\/03\/Redim10-300x226.jpg 300w\" sizes=\"(max-width: 640px) 100vw, 640px\" \/><\/div><\/div><div class=\"su-image-carousel-item\"><div class=\"su-image-carousel-item-content\"><img width=\"640\" height=\"481\" src=\"https:\/\/www.lyceelecorbusier.eu\/wp-content\/uploads\/2026\/03\/Redim11.jpg\" class=\"\" alt=\"\" loading=\"lazy\" srcset=\"https:\/\/www.lyceelecorbusier.eu\/wp-content\/uploads\/2026\/03\/Redim11.jpg 705w, https:\/\/www.lyceelecorbusier.eu\/wp-content\/uploads\/2026\/03\/Redim11-300x226.jpg 300w\" sizes=\"(max-width: 640px) 100vw, 640px\" \/><\/div><\/div><\/div><script id=\"su_image_carousel_69feb7a9101b0_script\">if(window.SUImageCarousel){setTimeout(function() {window.SUImageCarousel.initGallery(document.getElementById(\"su_image_carousel_69feb7a9101b0\"))}, 0);}var su_image_carousel_69feb7a9101b0_script=document.getElementById(\"su_image_carousel_69feb7a9101b0_script\");if(su_image_carousel_69feb7a9101b0_script){su_image_carousel_69feb7a9101b0_script.parentNode.removeChild(su_image_carousel_69feb7a9101b0_script);}<\/script>\nElle permet \u00e9galement la d\u00e9couverte du parcours de formation de la sp\u00e9cialit\u00e9 SI de la fili\u00e8re g\u00e9n\u00e9rale et de la fili\u00e8re technologique (scientifique) STI2D (sciences et technologies de l&#8217;industrie et du d\u00e9veloppement durable) et des outils qui y sont abord\u00e9s par le biais de l&#8217;\u00e9tude de mat\u00e9riaux et leurs propri\u00e9t\u00e9s, de l&#8217;ing\u00e9nierie et des moyens de mises en \u0153uvre dans la conception industrielle, \u00e0 l&#8217;aide des outils math\u00e9matiques n\u00e9cessaires (permettant de revoir et consolider des connaissances tr\u00e8s vari\u00e9es dans ce domaine).<br \/>\nLes \u00e9l\u00e8ves y travaillent seuls ou en groupe sous la forme de micro-projets int\u00e9grant l&#8217;acquisition de comp\u00e9tences telles que le dessin de perspective, les outils de construction du Moyen-\u00e2ge \u00e0 nos jours, la conception de plan, l&#8217;\u00e9tude et la conception d&#8217;un cahier des charges lors de l&#8217;\u00e9laboration d&#8217;un projet, le travail de maquettage, de mise \u00e0 l&#8217;\u00e9chelle, la cr\u00e9ation de b\u00e2timent dans le respect des normes architecturales, une ouverture culturelle sur les architectes et constructions phares du 20e si\u00e8cle mais aussi une initiation \u00e0 la programmation et \u00e0 l&#8217;usage de machine \u00e0 commande num\u00e9rique (d\u00e9coupe laser, impression 3D). L&#8217;interactivit\u00e9 et le num\u00e9rique sont au service de la conception d&#8217;outil de travail, questionnaire, affiche interactive, et permettent de gagner en aisance dans l&#8217;usage informatique, mais aussi dans le suivi d&#8217;\u00e9tapes de travail, ou encore la mise en pratique des disciplines scientifiques dans la conception manuelle.<br \/>\nL&#8217;utilisation du num\u00e9rique jalonne le parcours de MSIAD avec l&#8217;usage d&#8217;outils comme SketchUp, Canva, GeoGebra ou Inkscape et favorise la prise d&#8217;initiative, le travail de groupe, la pens\u00e9e par projet, et offre l&#8217;occasion de pratiquer et concevoir manuellement tout en exploitant les outils num\u00e9riques pour progresser \u00e0 chaque \u00e9tape de travail.<br \/>\nL&#8217;enseignement se fait en fran\u00e7ais avec une possibilit\u00e9 d&#8217;ouverture sur l&#8217;anglais et l&#8217;allemand afin de d\u00e9couvrir les attentes d&#8217;une potentielle poursuite en section europ\u00e9enne en premi\u00e8re.<br \/>\nL&#8217;encadrement est assur\u00e9 par trois enseignants (de deux mati\u00e8res diff\u00e9rentes chaque semaine : Design, Math\u00e9matiques, Sciences de l&#8217;Ing\u00e9nieur), ce qui favorise le travail en interdisciplinarit\u00e9 en mobilisant des connaissances th\u00e9oriques pour des applications et des projets concrets.<\/li>\n<li><em><strong>Section sport \u00e9tudes Rugby<\/strong><\/em> (section mixte).<br \/>\n<strong>S\u00e9lection sur dossier<\/strong> \u2014 formulaire acad\u00e9mique sp\u00e9cifique \u00e0 remplir pour int\u00e9grer cette option \u00e0 demander par email scolarite lecorbusier@ac-strasbourg fr. <a href=\"https:\/\/www.lyceelecorbusier.eu\/?p=1012\">Plus d&#8217;infos ici<\/a><br \/>\n<\/div><\/div><\/div><\/li>\n<\/ul>\n<div id=\"SNT\">\n<hr \/>\n<h2>Premi\u00e8re G\u00e9n\u00e9rale &amp; technologique<\/h2>\n<h3>Premi\u00e8re G\u00e9n\u00e9rale<\/h3>\n<div class=\"su-accordion su-u-trim\"><div class=\"su-spoiler su-spoiler-style-default su-spoiler-icon-plus su-spoiler-closed\" data-scroll-offset=\"0\" data-anchor-in-url=\"no\"><div class=\"su-spoiler-title\" tabindex=\"0\" role=\"button\"><span class=\"su-spoiler-icon\"><\/span>Tronc commun (16h)<\/div><div class=\"su-spoiler-content su-u-clearfix su-u-trim\"><\/div><\/div>\n<div class=\"su-spoiler su-spoiler-style-default su-spoiler-icon-plus su-spoiler-closed\" data-scroll-offset=\"0\" data-anchor-in-url=\"no\"><div class=\"su-spoiler-title\" tabindex=\"0\" role=\"button\"><span class=\"su-spoiler-icon\"><\/span>Enseignements de Sp\u00e9cialit\u00e9 (4h chacun) 3 au choix parmi :<\/div><div class=\"su-spoiler-content su-u-clearfix su-u-trim\">\n<ol>\n<li>Humanit\u00e9s , Litt\u00e9rature et Philosophie<\/li>\n<li>Langue , Litt\u00e9ratures et Cultures \u00e9trang\u00e8res Anglais<\/li>\n<li>Histoire G\u00e9ographie, G\u00e9opolitique et Sciences Politiques<\/li>\n<li>Math\u00e9matiques<\/li>\n<li>Physique Chimie<\/li>\n<li>Sciences de la Vie et de la Terre<\/li>\n<li>Sciences de l&#8217;Ing\u00e9nieur (Section Euro Anglais ou Allemand possible en Premi\u00e8re &amp; Terminale)<br \/>\n8. SES (Sciences \u00e9conomiques et sociales)<br \/>\n<\/div><\/div><\/li>\n<\/ol>\n<div class=\"su-spoiler su-spoiler-style-default su-spoiler-icon-plus su-spoiler-closed\" data-scroll-offset=\"0\" data-anchor-in-url=\"no\"><div class=\"su-spoiler-title\" tabindex=\"0\" role=\"button\"><span class=\"su-spoiler-icon\"><\/span>Une option facultative au choix<\/div><div class=\"su-spoiler-content su-u-clearfix su-u-trim\">\n<ul>\n<li>LVC Espagnol<\/li>\n<li>ou Arts Plastiques<\/li>\n<li>ou Rugby (sur s\u00e9lection)<\/li>\n<li>ou section Euro Anglais possible en sp\u00e9cialit\u00e9 SI ou en Enseignement Scientifique (tronc commun)<\/div><\/div><\/div><\/li>\n<\/ul>\n<h3>Premi\u00e8re Technologique (S\u00e9rie STI2D ou ou STD2A)<\/h3>\n<div class=\"su-accordion su-u-trim\"><div class=\"su-spoiler su-spoiler-style-default su-spoiler-icon-plus su-spoiler-closed\" data-scroll-offset=\"0\" data-anchor-in-url=\"no\"><div class=\"su-spoiler-title\" tabindex=\"0\" role=\"button\"><span class=\"su-spoiler-icon\"><\/span>Tronc Commun (14h) :<\/div><div class=\"su-spoiler-content su-u-clearfix su-u-trim\"><\/div><\/div>\n<div class=\"su-spoiler su-spoiler-style-default su-spoiler-icon-plus su-spoiler-closed\" data-scroll-offset=\"0\" data-anchor-in-url=\"no\"><div class=\"su-spoiler-title\" tabindex=\"0\" role=\"button\"><span class=\"su-spoiler-icon\"><\/span>Une s\u00e9rie au choix parmi (18h) :<\/div><div class=\"su-spoiler-content su-u-clearfix su-u-trim\">\n<h5>STD2A<\/h5>\n<ul>\n<li>Physique Chimie (2h),<\/li>\n<li>Outils &amp; Langage Num\u00e9rique (2h),<\/li>\n<li>Design &amp; M\u00e9tiers d\u2019Art (14h), acc\u00e8s prioritaire aux \u00e9l\u00e8ves ayant suivi l\u2019option CCD en Seconde<\/li>\n<\/ul>\n<h5>STI2D<\/h5>\n<ul>\n<li>Innovation Technologie (3h),<\/li>\n<li>Ing\u00e9nierie &amp; D\u00e9veloppement Durable (9h),<\/li>\n<li>Physique Chimie et Math\u00e9matiques (6h).<\/div><\/div>\n<div class=\"su-spoiler su-spoiler-style-default su-spoiler-icon-plus su-spoiler-closed\" data-scroll-offset=\"0\" data-anchor-in-url=\"no\"><div class=\"su-spoiler-title\" tabindex=\"0\" role=\"button\"><span class=\"su-spoiler-icon\"><\/span>Une option facultative au choix<\/div><div class=\"su-spoiler-content su-u-clearfix su-u-trim\"><\/li>\n<li>Arts Plastiques (STI2D)<\/li>\n<li>ou Rugby (sur s\u00e9lection)<\/li>\n<li>ou section Euro Anglais ou Allemand possible en STI2D en Premi\u00e8re &amp; Terminale<\/li>\n<li>ou section Euro Anglais en STD2A en Premi\u00e8re &amp; Terminale<\/div><\/div><\/div><\/li>\n<\/ul>\n<p><a href=\"https:\/\/www.lyceelecorbusier.eu\/?page_id=3510\"><strong>Certilingua\u00ae<\/strong> Label europ\u00e9en d&#8217;excellence en langues<\/a><\/p>\n<hr \/>\n<h2>Terminale g\u00e9n\u00e9rale &amp; technologique<\/h2>\n<h3>Terminale G\u00e9n\u00e9rale<\/h3>\n<div class=\"su-accordion su-u-trim\"><div class=\"su-spoiler su-spoiler-style-default su-spoiler-icon-plus su-spoiler-closed\" data-scroll-offset=\"0\" data-anchor-in-url=\"no\"><div class=\"su-spoiler-title\" tabindex=\"0\" role=\"button\"><span class=\"su-spoiler-icon\"><\/span>Tronc Commun (15.5h)<\/div><div class=\"su-spoiler-content su-u-clearfix su-u-trim\">\n<ul>\n<li>Philosophie (4h),<\/li>\n<li>Histoire G\u00e9ographie (3h),<\/li>\n<li>LVA &amp; B (4h),<\/li>\n<li>EPS (2h),<\/li>\n<li>Enseignements Scientifiques (2h + 2h de SPC si option SI),<\/li>\n<li>Ed. Morale et Civique (0,5h),<\/li>\n<li>AP, Aide Orientation (54h ann\u00e9e), HVC<\/li>\n<\/ul>\n<\/div><\/div><div class=\"su-spoiler su-spoiler-style-default su-spoiler-icon-plus su-spoiler-closed\" data-scroll-offset=\"0\" data-anchor-in-url=\"no\"><div class=\"su-spoiler-title\" tabindex=\"0\" role=\"button\"><span class=\"su-spoiler-icon\"><\/span>2 Enseignements de Sp\u00e9cialit\u00e9<\/div><div class=\"su-spoiler-content su-u-clearfix su-u-trim\">(parmi ceux suivis en Premi\u00e8re 6h chacun)<\/div><\/div>\n<div class=\"su-spoiler su-spoiler-style-default su-spoiler-icon-plus su-spoiler-closed\" data-scroll-offset=\"0\" data-anchor-in-url=\"no\"><div class=\"su-spoiler-title\" tabindex=\"0\" role=\"button\"><span class=\"su-spoiler-icon\"><\/span>Une option 1 facultative au choix<\/div><div class=\"su-spoiler-content su-u-clearfix su-u-trim\">\n<ul>\n<li><strong>LVC Espagnol<\/strong><\/li>\n<li>ou <strong>Arts Plastiques<\/strong><\/li>\n<li>ou <strong>Rugby<\/strong> <em>(sur s\u00e9lection)<\/em><\/li>\n<li>ou <strong>Section Euro Anglais<\/strong> possible en sp\u00e9cialit\u00e9 SI ou en Enseignement Scientifique<em> (tronc commun)<\/em><\/li>\n<\/ul>\n<\/div><\/div><div class=\"su-spoiler su-spoiler-style-default su-spoiler-icon-plus su-spoiler-closed\" data-scroll-offset=\"0\" data-anchor-in-url=\"no\"><div class=\"su-spoiler-title\" tabindex=\"0\" role=\"button\"><span class=\"su-spoiler-icon\"><\/span>Une option 2 facultative au choix (3h)<\/div><div class=\"su-spoiler-content su-u-clearfix su-u-trim\">\n<ul>\n<li><strong>Maths expertes<\/strong> (Si Ens . Sp\u00e9. Maths suivi)<br \/>\nPour les \u00e9l\u00e8ves qui suivent la sp\u00e9cialit\u00e9 et qui souhaitent un renforcement pour d\u00e9couvrir de nouvelles notions (nombres complexes, matrices\u2026) et\/ou pr\u00e9parer de mani\u00e8re plus exigeante leur poursuite d\u2019\u00e9tudes scientifiques.<em> Les notes comptent pour le contr\u00f4le continu du bac (coefficient 2).<\/em><\/li>\n<li>ou<strong> Maths compl\u00e9mentaires<br \/>\n<\/strong>Pour les \u00e9l\u00e8ves qui ont arr\u00eat\u00e9 la sp\u00e9cialit\u00e9 Math\u00e9matiques en fin de Premi\u00e8re et qui souhaitent continuer \u00e0 faire des Maths, \u00e0 partir de th\u00e8mes concrets, notamment en vue de leur poursuite d\u2019\u00e9tudes (par exemple : sant\u00e9, \u00e9conomie, \u2026). <em>Les notes comptent pour le contr\u00f4le continu du bac (coefficient 2).<\/em><\/li>\n<li>ou <strong>Droits &amp; Grands Enjeux Monde Contemporain<br \/>\n<\/strong>L\u2019objectif de cet enseignement est\u00a0 de donner aux \u00e9l\u00e8ves l\u2019occasion de r\u00e9fl\u00e9chir \u00e0 l\u2019existence et \u00e0 l\u2019utilit\u00e9 des normes juridiques, \u00e0 leur port\u00e9e sociale, \u00e0 leur vertu pacificatrice, aux conditions de leur adoption et \u00e0 celles de leur application. <em>Les notes comptent pour le contr\u00f4le continu du bac (coefficient 2).<\/em><\/div><\/div><\/div><\/li>\n<\/ul>\n<p><a href=\"https:\/\/www.lyceelecorbusier.eu\/?page_id=3510\"><strong>Certilingua\u00ae<\/strong> Label europ\u00e9en d&#8217;excellence en langues<\/a><\/p>\n<h3>Terminale Technologique<\/h3>\n<div class=\"su-accordion su-u-trim\"><div class=\"su-spoiler su-spoiler-style-default su-spoiler-icon-plus su-spoiler-closed\" data-scroll-offset=\"0\" data-anchor-in-url=\"no\"><div class=\"su-spoiler-title\" tabindex=\"0\" role=\"button\"><span class=\"su-spoiler-icon\"><\/span>Tronc commun (13h)<\/div><div class=\"su-spoiler-content su-u-clearfix su-u-trim\">\n<ul>\n<li>Philosophie (2h),<\/li>\n<li>Histoire-G\u00e9ographie (1,5h),<\/li>\n<li>LVA &amp; B (3h) &amp; Ens. Technologique en LVA (1h),<\/li>\n<li>EPS (2h), Math\u00e9matiques (3h),<\/li>\n<li>Ed. Morale et Civique (0,5h),<\/li>\n<li>AP, Aide Orientation (54h ann\u00e9e),<\/li>\n<li>HVC<\/div><\/div>\n<div class=\"su-spoiler su-spoiler-style-default su-spoiler-icon-plus su-spoiler-closed\" data-scroll-offset=\"0\" data-anchor-in-url=\"no\"><div class=\"su-spoiler-title\" tabindex=\"0\" role=\"button\"><span class=\"su-spoiler-icon\"><\/span>STD2A (18h)<\/div><div class=\"su-spoiler-content su-u-clearfix su-u-trim\"><\/li>\n<li>Analyse &amp; M\u00e9thodes en design (9h),<\/li>\n<li>Conception &amp; Cr\u00e9ation en design et M\u00e9tiers d\u2019Art (9h)<\/div><\/div>\n<div class=\"su-spoiler su-spoiler-style-default su-spoiler-icon-plus su-spoiler-closed\" data-scroll-offset=\"0\" data-anchor-in-url=\"no\"><div class=\"su-spoiler-title\" tabindex=\"0\" role=\"button\"><span class=\"su-spoiler-icon\"><\/span>STI2D (18h)<\/div><div class=\"su-spoiler-content su-u-clearfix su-u-trim\"><\/li>\n<li>Ing\u00e9nierie, Innovation et D\u00e9veloppement Durable AC ou EE (12h),<\/li>\n<li>Physique Chimie et Math\u00e9matiques (6h)<\/li>\n<li>Enseignement sp\u00e9cifique AC ou EE \u00e0 choisir en fin de Premi\u00e8re.<\/div><\/div><\/li>\n<\/ul>\n<div class=\"su-spoiler su-spoiler-style-default su-spoiler-icon-plus su-spoiler-closed\" data-scroll-offset=\"0\" data-anchor-in-url=\"no\"><div class=\"su-spoiler-title\" tabindex=\"0\" role=\"button\"><span class=\"su-spoiler-icon\"><\/span>Option facultative<\/div><div class=\"su-spoiler-content su-u-clearfix su-u-trim\">\n<ul>\n<li>Arts Plastiques (STI2D)<\/li>\n<li>ou Rugby<\/li>\n<li>ou section Euro Anglais ou Allemand possible en STI2D en Premi\u00e8re &amp; Terminale<\/li>\n<li>ou section Euro Anglais en STD2A en Premi\u00e8re &amp; Terminale<\/div><\/div><\/div><\/li>\n<\/ul>\n<hr \/>\n<\/div>\n","protected":false},"excerpt":{"rendered":"<p>Apr\u00e8s le coll\u00e8ge, vous pouvez int\u00e9grer la voie G\u00e9n\u00e9rale ou Technologique ou la voie Professionnelle au lyc\u00e9e Le Corbusier. Cliquer sur pour avoir davantage d&#8217;informations. Seconde G\u00e9n\u00e9rale &amp; Technologique Premi\u00e8re G\u00e9n\u00e9rale &amp; technologique Premi\u00e8re G\u00e9n\u00e9rale Premi\u00e8re Technologique (S\u00e9rie&#8230; <a class=\"read-more\" href=\"https:\/\/www.lyceelecorbusier.eu\/?page_id=2610\">Lire la suite&#8230;<\/a><\/p>\n","protected":false},"author":1,"featured_media":652,"parent":0,"menu_order":0,"comment_status":"closed","ping_status":"closed","template":"template-full.php","meta":[],"_links":{"self":[{"href":"https:\/\/www.lyceelecorbusier.eu\/index.php?rest_route=\/wp\/v2\/pages\/2610"}],"collection":[{"href":"https:\/\/www.lyceelecorbusier.eu\/index.php?rest_route=\/wp\/v2\/pages"}],"about":[{"href":"https:\/\/www.lyceelecorbusier.eu\/index.php?rest_route=\/wp\/v2\/types\/page"}],"author":[{"embeddable":true,"href":"https:\/\/www.lyceelecorbusier.eu\/index.php?rest_route=\/wp\/v2\/users\/1"}],"replies":[{"embeddable":true,"href":"https:\/\/www.lyceelecorbusier.eu\/index.php?rest_route=%2Fwp%2Fv2%2Fcomments&post=2610"}],"version-history":[{"count":87,"href":"https:\/\/www.lyceelecorbusier.eu\/index.php?rest_route=\/wp\/v2\/pages\/2610\/revisions"}],"predecessor-version":[{"id":3836,"href":"https:\/\/www.lyceelecorbusier.eu\/index.php?rest_route=\/wp\/v2\/pages\/2610\/revisions\/3836"}],"wp:featuredmedia":[{"embeddable":true,"href":"https:\/\/www.lyceelecorbusier.eu\/index.php?rest_route=\/wp\/v2\/media\/652"}],"wp:attachment":[{"href":"https:\/\/www.lyceelecorbusier.eu\/index.php?rest_route=%2Fwp%2Fv2%2Fmedia&parent=2610"}],"curies":[{"name":"wp","href":"https:\/\/api.w.org\/{rel}","templated":true}]}}