{"id":260,"date":"2014-07-29T11:37:07","date_gmt":"2014-07-29T10:37:07","guid":{"rendered":"http:\/\/www.lyceelecorbusier.eu\/?page_id=260"},"modified":"2014-08-01T09:17:16","modified_gmt":"2014-08-01T08:17:16","slug":"cap-en-alternance-constructeur-de-routes","status":"publish","type":"page","link":"https:\/\/www.lyceelecorbusier.eu\/?page_id=260","title":{"rendered":"CAP en alternance Constructeur de Routes"},"content":{"rendered":"<p><strong>Le constructeur de routes<\/strong> travaille sur des chantiers, de toute taille, de toute nature. Il doit aimer le travail en \u00e9quipe et accepter de vivre au rythme du chantier. Il travaille en \u00e9quipe sous la responsabilit\u00e9 d&#8217;un chef d&#8217;\u00e9quipe ou d&#8217;un chef de chantier. Il <strong>construit<\/strong> et <strong>entretient les chauss\u00e9es<\/strong> (les routes, les autoroutes&#8230;). Il pose \u00e9galement <strong>des dallages, des pavages, de petits assainissements et r\u00e9seaux secs<\/strong>.<br \/>\nLe titulaire du dipl\u00f4me devra savoir :<br \/>\n\u00b7 <strong>R\u00e9aliser<\/strong> des chauss\u00e9es, rev\u00eatements \u00e0 partir de plan en tenant compte des pentes, limites et niveaux de la chauss\u00e9e.<br \/>\n\u00b7 <strong>\u00c9tudier<\/strong> des caract\u00e9ristiques des sols et rep\u00e9rer des risques.<br \/>\n\u00b7 <strong>\u00c9tudier<\/strong> et constituer des rev\u00eatements (nature, dosage des mati\u00e8res).<br \/>\n\u00b7 <strong>R\u00e9aliser<\/strong> de petits travaux de ma\u00e7onnerie (bordures, caniveaux, trottoirs<\/p>\n<h4 class=\"cbp-nttrigger\">Contenu p\u00e9dagogique<\/h4>\n<div class=\"cbp-ntcontent\">\n<p><strong>Enseignement professionnel<\/strong> : (16 h \/ sem)<br \/>\n\u00b7 Technologie de sp\u00e9cialit\u00e9<br \/>\n\u00b7 Dessin professionnel &#8211; lecture de plans<br \/>\n\u00b7 Pr\u00e9vention S\u00e9curit\u00e9 Environnement<br \/>\n\u00b7 Pr\u00e9vention des Risques li\u00e9s \u00e0 l\u2019Activit\u00e9 Physique<br \/>\n\u00b7 Sauveteur Secouriste du Travail<\/p>\n<p><strong>Enseignement g\u00e9n\u00e9ral<\/strong> : (19 h \/ sem)<br \/>\n\u00b7 Fran\u00e7ais<br \/>\n\u00b7 Math\u00e9matiques\u2014 Sciences<br \/>\n\u00b7 Histoire-G\u00e9ographie<br \/>\n\u00b7 Langue Vivante<br \/>\n\u00b7 \u00c9ducation Physique et Sportive<\/p>\n<h4 class=\"cbp-nttrigger\">Organisation de l&#8217;apprentissage<\/h4>\n<p>\u00b7 <strong>Pr\u00e9-recquis<\/strong>: avoir fini sa 3\u00e8me \/ avoir entre 15 \u00e0 25 ans<br \/>\n\u00b7 <strong>Formation de 840 heures au CFA sur 2 ans<\/strong><br \/>\n\u00b7 L\u2019essentiel de la formation pratique se d\u00e9roule en entreprise<br \/>\n\u00b7 <strong> Alternance : &#8211; 1 semaine sur 3 en CFA \/ &#8211; 2 semaines sur 3 en entreprise.<\/strong><br \/>\n\u00b7 <strong>Poursuite possible<\/strong> Bac Pro Travaux Publics (en 2 ans) au CFA de Cernay<\/p>\n<\/div>\n","protected":false},"excerpt":{"rendered":"<p>Le constructeur de routes travaille sur des chantiers, de toute taille, de toute nature. Il doit aimer le travail en \u00e9quipe et accepter de vivre au rythme du chantier. Il travaille en \u00e9quipe sous la responsabilit\u00e9 d&#8217;un chef&#8230; <a class=\"read-more\" href=\"https:\/\/www.lyceelecorbusier.eu\/?page_id=260\">Lire la suite&#8230;<\/a><\/p>\n","protected":false},"author":1,"featured_media":341,"parent":0,"menu_order":0,"comment_status":"closed","ping_status":"closed","template":"","meta":[],"_links":{"self":[{"href":"https:\/\/www.lyceelecorbusier.eu\/index.php?rest_route=\/wp\/v2\/pages\/260"}],"collection":[{"href":"https:\/\/www.lyceelecorbusier.eu\/index.php?rest_route=\/wp\/v2\/pages"}],"about":[{"href":"https:\/\/www.lyceelecorbusier.eu\/index.php?rest_route=\/wp\/v2\/types\/page"}],"author":[{"embeddable":true,"href":"https:\/\/www.lyceelecorbusier.eu\/index.php?rest_route=\/wp\/v2\/users\/1"}],"replies":[{"embeddable":true,"href":"https:\/\/www.lyceelecorbusier.eu\/index.php?rest_route=%2Fwp%2Fv2%2Fcomments&post=260"}],"version-history":[{"count":1,"href":"https:\/\/www.lyceelecorbusier.eu\/index.php?rest_route=\/wp\/v2\/pages\/260\/revisions"}],"predecessor-version":[{"id":261,"href":"https:\/\/www.lyceelecorbusier.eu\/index.php?rest_route=\/wp\/v2\/pages\/260\/revisions\/261"}],"wp:featuredmedia":[{"embeddable":true,"href":"https:\/\/www.lyceelecorbusier.eu\/index.php?rest_route=\/wp\/v2\/media\/341"}],"wp:attachment":[{"href":"https:\/\/www.lyceelecorbusier.eu\/index.php?rest_route=%2Fwp%2Fv2%2Fmedia&parent=260"}],"curies":[{"name":"wp","href":"https:\/\/api.w.org\/{rel}","templated":true}]}}