{"id":258,"date":"2014-07-29T11:35:59","date_gmt":"2014-07-29T10:35:59","guid":{"rendered":"http:\/\/www.lyceelecorbusier.eu\/?page_id=258"},"modified":"2014-08-01T09:17:40","modified_gmt":"2014-08-01T08:17:40","slug":"cap-en-alternance-couvreur","status":"publish","type":"page","link":"https:\/\/www.lyceelecorbusier.eu\/?page_id=258","title":{"rendered":"CAP en alternance Couvreur"},"content":{"rendered":"<h4><strong>En un an apr\u00e8s CTM Ferblantier-Zingueur ou CAP Charpentier<\/strong><\/h4>\n<p><strong> Le couvreur<\/strong> est un ouvrier professionnel employ\u00e9 par des entreprises du b\u00e2timent sur des <strong>chantiers de constructions neuves ou de r\u00e9novation<\/strong>. Il intervient juste apr\u00e8s le ma\u00e7on et le charpentier, et en m\u00eame temps que le menuisier qui pose les portes et fen\u00eatres pour assurer \u00ab le clos et le couvert \u00bb du b\u00e2timent.<br \/>\nSon intervention se fait en \u00e9quipe \u00e0 l\u2019ext\u00e9rieur et en hauteur. Elle porte sur des ouvrages tels que <strong>versants, lucarnes, fen\u00eatres de toit, ch\u00e2ssis ouvrant ou fixe,\u2026<\/strong><br \/>\nLe titulaire du dipl\u00f4me devra savoir :<br \/>\n&#8211;<strong> Organiser<\/strong> son poste de travail sur chantier \u00e0 partir en pr\u00e9parant les outillages et les mat\u00e9riels.<br \/>\n&#8211; <strong>Mettre en place<\/strong> des \u00e9quipements individuels et collectifs de protection et de s\u00e9curit\u00e9 ;<br \/>\n&#8211; <strong>D\u00e9poser et\/ou d\u00e9construire<\/strong> des ouvrages existants<br \/>\n&#8211; <strong>Poser des supports<\/strong>, des <strong>\u00e9l\u00e9ments de couverture<\/strong> et <strong>des accessoires<\/strong><br \/>\n&#8211; Mettre en oeuvre des recueils et \u00e9vacuations d\u2019eaux pluviales.<br \/>\n&#8211; <strong>R\u00e9aliser<\/strong> des fa\u00e7onn\u00e9s m\u00e9talliques<\/p>\n<h4>Contenu p\u00e9dagogique<\/h4>\n<p><strong>Enseignement professionnel<\/strong> : (16 h \/ sem)<br \/>\n\u00b7 Technologie de sp\u00e9cialit\u00e9<br \/>\n\u00b7 Dessin professionnel &#8211; Lecture de plans<br \/>\n\u00b7 Compl\u00e9ment de pratique<br \/>\n\u00b7 Pr\u00e9vention S\u00e9curit\u00e9 Environnement<br \/>\n\u00b7 Pr\u00e9vention des Risques li\u00e9s \u00e0 l\u2019Activit\u00e9 Physique<br \/>\n\u00b7 Travaux en hauteur<\/p>\n<p><strong>Enseignement g\u00e9n\u00e9ral<\/strong> : (19 h \/ sem)<br \/>\n\u00b7 Fran\u00e7ais<br \/>\n\u00b7 Math\u00e9matiques\u2014 Sciences<br \/>\n\u00b7 Histoire-G\u00e9ographie<br \/>\n\u00b7 Langue Vivante<br \/>\n\u00b7 \u00c9ducation Physique et Sportive<\/p>\n<h4>Organisation de l&#8217;apprentissage<\/h4>\n<p>\u00b7 <strong>Pr\u00e9-recquis<\/strong>: avoir entre 15 \u00e0 25 ans<br \/>\n\u00catre titulaire du <strong>CTM Ferblantier-Zingueur<\/strong><br \/>\nOu <strong>CAP Charpentier<\/strong> \u00b7 <strong>Formation de 420 heures au CFA sur 1 ans<\/strong><br \/>\n\u00b7 L\u2019essentiel de la formation pratique se d\u00e9roule en entreprise<br \/>\n\u00b7 <strong> Alternance : &#8211; 1 semaine sur 3 en CFA \/ &#8211; 2 semaines sur 3 en entreprise.<\/strong><br \/>\n\u00b7 <strong>Poursuite possible<\/strong> : BP Couvreur en 1 an<\/p>\n","protected":false},"excerpt":{"rendered":"<p>En un an apr\u00e8s CTM Ferblantier-Zingueur ou CAP Charpentier Le couvreur est un ouvrier professionnel employ\u00e9 par des entreprises du b\u00e2timent sur des chantiers de constructions neuves ou de r\u00e9novation. Il intervient juste apr\u00e8s le ma\u00e7on et le&#8230; <a class=\"read-more\" href=\"https:\/\/www.lyceelecorbusier.eu\/?page_id=258\">Lire la suite&#8230;<\/a><\/p>\n","protected":false},"author":1,"featured_media":341,"parent":0,"menu_order":0,"comment_status":"closed","ping_status":"closed","template":"template-full.php","meta":[],"_links":{"self":[{"href":"https:\/\/www.lyceelecorbusier.eu\/index.php?rest_route=\/wp\/v2\/pages\/258"}],"collection":[{"href":"https:\/\/www.lyceelecorbusier.eu\/index.php?rest_route=\/wp\/v2\/pages"}],"about":[{"href":"https:\/\/www.lyceelecorbusier.eu\/index.php?rest_route=\/wp\/v2\/types\/page"}],"author":[{"embeddable":true,"href":"https:\/\/www.lyceelecorbusier.eu\/index.php?rest_route=\/wp\/v2\/users\/1"}],"replies":[{"embeddable":true,"href":"https:\/\/www.lyceelecorbusier.eu\/index.php?rest_route=%2Fwp%2Fv2%2Fcomments&post=258"}],"version-history":[{"count":1,"href":"https:\/\/www.lyceelecorbusier.eu\/index.php?rest_route=\/wp\/v2\/pages\/258\/revisions"}],"predecessor-version":[{"id":259,"href":"https:\/\/www.lyceelecorbusier.eu\/index.php?rest_route=\/wp\/v2\/pages\/258\/revisions\/259"}],"wp:featuredmedia":[{"embeddable":true,"href":"https:\/\/www.lyceelecorbusier.eu\/index.php?rest_route=\/wp\/v2\/media\/341"}],"wp:attachment":[{"href":"https:\/\/www.lyceelecorbusier.eu\/index.php?rest_route=%2Fwp%2Fv2%2Fmedia&parent=258"}],"curies":[{"name":"wp","href":"https:\/\/api.w.org\/{rel}","templated":true}]}}