{"id":254,"date":"2014-07-29T11:30:16","date_gmt":"2014-07-29T10:30:16","guid":{"rendered":"http:\/\/www.lyceelecorbusier.eu\/?page_id=254"},"modified":"2014-08-01T09:16:46","modified_gmt":"2014-08-01T08:16:46","slug":"cap-en-alternance-carreleur-mosaiste","status":"publish","type":"page","link":"https:\/\/www.lyceelecorbusier.eu\/?page_id=254","title":{"rendered":"CAP en alternance Carreleur \u2014 Mosa\u00efste"},"content":{"rendered":"<p>Les ouvriers carreleurs mosa\u00efstes travaillent dans les entreprises sp\u00e9cialis\u00e9es dans le carrelage, mais \u00e9galement dans des entreprises ayant des activit\u00e9s telles que la ma\u00e7onnerie, la pl\u00e2trerie et la peinture.<br \/>\n\u00c0 partir des documents techniques, le titulaire du CAP pr\u00e9pare et met en \u0153uvre les rev\u00eatements courants, sous la responsabilit\u00e9 et sur les instructions de son sup\u00e9rieur hi\u00e9rarchique, dans le respect des r\u00e8gles de l\u2019art, les rev\u00eatements c\u00e9ramiques ou analogues sur les sols et les murs, y compris les fa\u00e7ades.<br \/>\nLe titulaire du dipl\u00f4me devra savoir:<br \/>\n&#8211; R\u00e9aliser des travaux pr\u00e9paratoires (exemples : habillage de baignoires, trappe de visite, cloison de douche, murets, tablettes, paillasse, enduits, formes, ragr\u00e9ages, chapes)<br \/>\n&#8211; Poser des rev\u00eatements c\u00e9ramiques et analogues en utilisant les produits de mise en \u0153uvre<br \/>\n&#8211; Mettre en \u0153uvre des isolants phoniques et\/ou thermiques et des syst\u00e8mes de protection \u00e0 l\u2019eau sous carrelage<\/p>\n<h4 class=\"cbp-nttrigger\">Contenu p\u00e9dagogique<\/h4>\n<p><strong>Enseignement professionnel<\/strong> : (16 h \/ sem)<br \/>\n\u00b7 Technologie de sp\u00e9cialit\u00e9<br \/>\n\u00b7 Dessin professionnel &#8211; lecture de plans<br \/>\n\u00b7 Compl\u00e9ment de pratique<br \/>\n\u00b7 Pr\u00e9vention S\u00e9curit\u00e9 Environnement<br \/>\n\u00b7 Pr\u00e9vention des Risques li\u00e9s \u00e0 l\u2019Activit\u00e9 Physique<\/p>\n<p><strong>Enseignement g\u00e9n\u00e9ral<\/strong> : (19 h \/ sem)<br \/>\n\u00b7 Fran\u00e7ais<br \/>\n\u00b7 Math\u00e9matiques\u2014 Sciences<br \/>\n\u00b7 Histoire-G\u00e9ographie<br \/>\n\u00b7 Langue Vivante<br \/>\n\u00b7 \u00c9ducation Physique et Sportive<\/p>\n<h4>Organisation de l&#8217;apprentissage<\/h4>\n<p>\u00b7 Pr\u00e9-recquis: avoir fini sa 3\u00e8me \/ avoir entre 15 \u00e0 25 ans<br \/>\n\u00b7 Formation de 840 heures au CFA sur 2 ans<br \/>\n\u00b7 L\u2019essentiel de la formation pratique se d\u00e9roule en entreprise<br \/>\n\u00b7 Alternance : &#8211; 1 semaine sur 3 en CFA \/ &#8211; 2 semaines sur 3 en entreprise.<br \/>\n\u00b7 Poursuite possible : Bac Pro Am\u00e9nagement et Finition du B\u00e2timent en 2 ans<\/p>\n","protected":false},"excerpt":{"rendered":"<p>Les ouvriers carreleurs mosa\u00efstes travaillent dans les entreprises sp\u00e9cialis\u00e9es dans le carrelage, mais \u00e9galement dans des entreprises ayant des activit\u00e9s telles que la ma\u00e7onnerie, la pl\u00e2trerie et la peinture. \u00c0 partir des documents techniques, le titulaire du CAP&#8230; <a class=\"read-more\" href=\"https:\/\/www.lyceelecorbusier.eu\/?page_id=254\">Lire la suite&#8230;<\/a><\/p>\n","protected":false},"author":1,"featured_media":341,"parent":0,"menu_order":0,"comment_status":"closed","ping_status":"closed","template":"template-full.php","meta":[],"_links":{"self":[{"href":"https:\/\/www.lyceelecorbusier.eu\/index.php?rest_route=\/wp\/v2\/pages\/254"}],"collection":[{"href":"https:\/\/www.lyceelecorbusier.eu\/index.php?rest_route=\/wp\/v2\/pages"}],"about":[{"href":"https:\/\/www.lyceelecorbusier.eu\/index.php?rest_route=\/wp\/v2\/types\/page"}],"author":[{"embeddable":true,"href":"https:\/\/www.lyceelecorbusier.eu\/index.php?rest_route=\/wp\/v2\/users\/1"}],"replies":[{"embeddable":true,"href":"https:\/\/www.lyceelecorbusier.eu\/index.php?rest_route=%2Fwp%2Fv2%2Fcomments&post=254"}],"version-history":[{"count":1,"href":"https:\/\/www.lyceelecorbusier.eu\/index.php?rest_route=\/wp\/v2\/pages\/254\/revisions"}],"predecessor-version":[{"id":255,"href":"https:\/\/www.lyceelecorbusier.eu\/index.php?rest_route=\/wp\/v2\/pages\/254\/revisions\/255"}],"wp:featuredmedia":[{"embeddable":true,"href":"https:\/\/www.lyceelecorbusier.eu\/index.php?rest_route=\/wp\/v2\/media\/341"}],"wp:attachment":[{"href":"https:\/\/www.lyceelecorbusier.eu\/index.php?rest_route=%2Fwp%2Fv2%2Fmedia&parent=254"}],"curies":[{"name":"wp","href":"https:\/\/api.w.org\/{rel}","templated":true}]}}