{"id":173,"date":"2014-07-23T10:22:42","date_gmt":"2014-07-23T09:22:42","guid":{"rendered":"http:\/\/www.lyceelecorbusier.eu\/?page_id=173"},"modified":"2014-08-01T09:13:23","modified_gmt":"2014-08-01T08:13:23","slug":"cap-en-alternance-constructeur-en-canalisations","status":"publish","type":"page","link":"https:\/\/www.lyceelecorbusier.eu\/?page_id=173","title":{"rendered":"CAP en alternance Constructeur en Canalisations"},"content":{"rendered":"<p><strong>Le canalisateur<\/strong> est un professionnel de la pose de canalisations pour les collectivit\u00e9s ou les particuliers. Il installe :<br \/>\n\u00b7 toutes les canalisations permettant le transport et <strong>la distribution d\u2019eau potable<\/strong> ainsi que les r\u00e9seaux d\u2019<strong>assainissement<\/strong>. Il intervient depuis la source, le captage et la distribution d\u2019eau potable jusqu\u2019\u00e0 l\u2019\u00e9vacuation des eaux us\u00e9es vers les stations d\u2019\u00e9puration et leur retour au milieu naturel.<br \/>\n\u00b7 toutes les canalisations permettant <strong>le transport et la distribution de fluides de toute nature<\/strong> (gaz, chauffage urbain, \u2026)<br \/>\n\u00b7<strong> tous les r\u00e9seaux secs<\/strong> (\u00e9lectricit\u00e9, t\u00e9l\u00e9phone, fibre)<br \/>\nIl assure \u00e9galement l\u2019entretien des installations existantes en appliquant les techniques innovantes. Il exerce son m\u00e9tier \u00e0 l\u2019ext\u00e9rieur.<br \/>\n<strong>Habile<\/strong> de ses mains, <strong>polyvalent<\/strong> et <strong>autonome<\/strong>, il sait adapter ses techniques \u00e0 l\u2019environnement d\u2019un chantier.<\/p>\n<h4 class=\"cbp-nttrigger\">Contenu p\u00e9dagogique<\/h4>\n<div class=\"cbp-ntcontent\">\n<p><strong>Enseignement professionnel<\/strong> : (16 h \/ sem)<br \/>\n\u00b7 Technologie de sp\u00e9cialit\u00e9<br \/>\n\u00b7 Dessin professionnel &#8211; lecture de plans<br \/>\n\u00b7 Pr\u00e9vention S\u00e9curit\u00e9 Environnement<br \/>\n\u00b7 Pr\u00e9vention des Risques li\u00e9s \u00e0 l\u2019Activit\u00e9 Physique<\/p>\n<p><strong>Enseignement g\u00e9n\u00e9ral<\/strong> : (19 h \/ sem)<br \/>\n\u00b7 Fran\u00e7ais<br \/>\n\u00b7 Math\u00e9matiques\u2014 Sciences<br \/>\n\u00b7 Histoire-G\u00e9ographie<br \/>\n\u00b7 Langue Vivante<br \/>\n\u00b7 \u00c9ducation Physique et Sportive<\/p>\n<h4 class=\"cbp-nttrigger\">Organisation de l&#8217;apprentissage<\/h4>\n<p>\u00b7 <strong>Pr\u00e9-recquis<\/strong>: avoir fini sa 3\u00e8me \/ avoir entre 15 \u00e0 25 ans<br \/>\n\u00b7 <strong>Formation de 840 heures au CFA sur 2 ans<\/strong><br \/>\n\u00b7 L\u2019essentiel de la formation pratique se d\u00e9roule en entreprise<br \/>\n\u00b7 <strong> Alternance : &#8211; 1 semaine sur 3 en CFA \/ &#8211; 2 semaines sur 3 en entreprise.<\/strong><br \/>\n\u00b7 <strong> Poursuite possible<\/strong> : Bac Pro travaux Publics, en 2 ans (CFA de Cernay)<\/p>\n<\/div>\n","protected":false},"excerpt":{"rendered":"<p>Le canalisateur est un professionnel de la pose de canalisations pour les collectivit\u00e9s ou les particuliers. Il installe : \u00b7 toutes les canalisations permettant le transport et la distribution d\u2019eau potable ainsi que les r\u00e9seaux d\u2019assainissement. Il intervient&#8230; <a class=\"read-more\" href=\"https:\/\/www.lyceelecorbusier.eu\/?page_id=173\">Lire la suite&#8230;<\/a><\/p>\n","protected":false},"author":1,"featured_media":341,"parent":0,"menu_order":0,"comment_status":"closed","ping_status":"closed","template":"template-full.php","meta":[],"_links":{"self":[{"href":"https:\/\/www.lyceelecorbusier.eu\/index.php?rest_route=\/wp\/v2\/pages\/173"}],"collection":[{"href":"https:\/\/www.lyceelecorbusier.eu\/index.php?rest_route=\/wp\/v2\/pages"}],"about":[{"href":"https:\/\/www.lyceelecorbusier.eu\/index.php?rest_route=\/wp\/v2\/types\/page"}],"author":[{"embeddable":true,"href":"https:\/\/www.lyceelecorbusier.eu\/index.php?rest_route=\/wp\/v2\/users\/1"}],"replies":[{"embeddable":true,"href":"https:\/\/www.lyceelecorbusier.eu\/index.php?rest_route=%2Fwp%2Fv2%2Fcomments&post=173"}],"version-history":[{"count":19,"href":"https:\/\/www.lyceelecorbusier.eu\/index.php?rest_route=\/wp\/v2\/pages\/173\/revisions"}],"predecessor-version":[{"id":323,"href":"https:\/\/www.lyceelecorbusier.eu\/index.php?rest_route=\/wp\/v2\/pages\/173\/revisions\/323"}],"wp:featuredmedia":[{"embeddable":true,"href":"https:\/\/www.lyceelecorbusier.eu\/index.php?rest_route=\/wp\/v2\/media\/341"}],"wp:attachment":[{"href":"https:\/\/www.lyceelecorbusier.eu\/index.php?rest_route=%2Fwp%2Fv2%2Fmedia&parent=173"}],"curies":[{"name":"wp","href":"https:\/\/api.w.org\/{rel}","templated":true}]}}