{"id":43,"date":"2017-09-21T14:24:00","date_gmt":"2017-09-21T12:24:00","guid":{"rendered":"http:\/\/www.lyceelecorbusier.eu\/ecoleinsitu\/?page_id=43"},"modified":"2017-10-07T09:19:31","modified_gmt":"2017-10-07T07:19:31","slug":"ici-le-programme-se-construit","status":"publish","type":"page","link":"https:\/\/www.lyceelecorbusier.eu\/ecoleinsitu\/ici-le-programme-se-construit\/","title":{"rendered":"Il s&#8217;y passe quoi ?"},"content":{"rendered":"<h3>Du mardi 10 au vendredi 13 octobre 2017<\/h3>\n<h3><span style=\"font-weight: 400\">Des <strong>promenades<\/strong><\/span><span style=\"font-weight: 400\">\u00a0<strong>ouvertes<\/strong> \u00e0 toutes et tous, organis\u00e9es par les \u00e9tudiants pour transmettre l\u2019\u00e9tat de leurs enqu\u00eates sur les terrains de la commune.\u00a0<\/span><\/h3>\n<h3><span style=\"font-size: 1em\">Des\u00a0<\/span><b style=\"font-weight: 400;font-size: 1em\">rencontres publiques<\/b><\/h3>\n<h4 style=\"padding-left: 30px\"><span style=\"font-size: 12pt\">mardi, <span style=\"font-size: 14pt\"><strong>au Shadok<\/strong> \u00e0 partir de 18h : <em>L&#8217;\u00e9cole, un laboratoire ?<\/em><\/span><br \/>\n<\/span><span style=\"font-size: 12pt\">mercredi,\u00a0<span style=\"font-size: 14pt\"><strong>au grand atelier du Corbusier<\/strong> de 17h \u00e0 19h: <em>Venez voir les futurs\u2026<\/em> une rencontre \u00e0 partir des projets des DSAA#2<\/span><\/span><\/h4>\n<h4 style=\"padding-left: 30px\"><span style=\"font-size: 12pt\">jeudi, <span style=\"font-size: 14pt\"><strong>au grand atelier du Corbusier<\/strong> de 17h \u00e0 19h :\u00a0<i><span style=\"font-weight: 400\">La place de l\u2019\u00e9cole<\/span><\/i>\u00a0 une premi\u00e8re\u00a0<span style=\"font-weight: 400\">maquette d&#8217;une \u00e9cole de la place publique<\/span><\/span><\/span><br \/>\n<span style=\"font-size: 12pt\">vendredi, <span style=\"font-size: 14pt\"><strong>au grand atelier du Corbusier<\/strong>, \u00e0 partir de 18h :\u00a0<i><span style=\"font-weight: 400\">10 ans pendant 2 ans <\/span><\/i><span style=\"font-weight: 400\">&#8211; fin de cette premi\u00e8re rencontre et temps festif<\/span><\/span><\/span><\/h4>\n<h3>Des <strong>bureaux de l&#8217;InSituLab<\/strong><\/h3>\n<h4 style=\"padding-left: 30px\"><span style=\"font-size: 12pt\">pour construire un annuaire commun<\/span><br \/>\n<span style=\"font-size: 12pt\">pour poursuivre le glossaire design-sociologie<\/span><br \/>\n<span style=\"font-size: 12pt\">pour dresser un inventaire des dipl\u00f4mes et de leurs \u00e9crits<\/span><\/h4>\n<h4 style=\"padding-left: 30px\"><span style=\"font-size: 12pt\">pour construire la programmation de l&#8217;\u00c9cole In Siu\u2026<\/span><\/h4>\n<p>&nbsp;<\/p>\n","protected":false},"excerpt":{"rendered":"<p>Du mardi 10 au vendredi 13 octobre 2017 Des promenades\u00a0ouvertes \u00e0 toutes et tous, organis\u00e9es par les \u00e9tudiants pour transmettre l\u2019\u00e9tat de leurs enqu\u00eates sur les terrains de la commune.\u00a0 Des\u00a0rencontres publiques mardi, au Shadok \u00e0 partir de&#8230; <a class=\"read-more\" href=\"https:\/\/www.lyceelecorbusier.eu\/ecoleinsitu\/ici-le-programme-se-construit\/\">Lire la suite&#8230;<\/a><\/p>\n","protected":false},"author":6,"featured_media":88,"parent":0,"menu_order":0,"comment_status":"closed","ping_status":"closed","template":"","meta":[],"_links":{"self":[{"href":"https:\/\/www.lyceelecorbusier.eu\/ecoleinsitu\/wp-json\/wp\/v2\/pages\/43"}],"collection":[{"href":"https:\/\/www.lyceelecorbusier.eu\/ecoleinsitu\/wp-json\/wp\/v2\/pages"}],"about":[{"href":"https:\/\/www.lyceelecorbusier.eu\/ecoleinsitu\/wp-json\/wp\/v2\/types\/page"}],"author":[{"embeddable":true,"href":"https:\/\/www.lyceelecorbusier.eu\/ecoleinsitu\/wp-json\/wp\/v2\/users\/6"}],"replies":[{"embeddable":true,"href":"https:\/\/www.lyceelecorbusier.eu\/ecoleinsitu\/wp-json\/wp\/v2\/comments?post=43"}],"version-history":[{"count":10,"href":"https:\/\/www.lyceelecorbusier.eu\/ecoleinsitu\/wp-json\/wp\/v2\/pages\/43\/revisions"}],"predecessor-version":[{"id":190,"href":"https:\/\/www.lyceelecorbusier.eu\/ecoleinsitu\/wp-json\/wp\/v2\/pages\/43\/revisions\/190"}],"wp:featuredmedia":[{"embeddable":true,"href":"https:\/\/www.lyceelecorbusier.eu\/ecoleinsitu\/wp-json\/wp\/v2\/media\/88"}],"wp:attachment":[{"href":"https:\/\/www.lyceelecorbusier.eu\/ecoleinsitu\/wp-json\/wp\/v2\/media?parent=43"}],"curies":[{"name":"wp","href":"https:\/\/api.w.org\/{rel}","templated":true}]}}