{"id":42,"date":"2014-07-24T07:45:50","date_gmt":"2014-07-24T06:45:50","guid":{"rendered":"http:\/\/www.lyceelecorbusier.eu\/dsaa\/?page_id=42"},"modified":"2026-04-30T13:11:47","modified_gmt":"2026-04-30T12:11:47","slug":"inscription","status":"publish","type":"page","link":"https:\/\/www.lyceelecorbusier.eu\/dsaa\/?page_id=42","title":{"rendered":"Inscriptions"},"content":{"rendered":"<h1 style=\"text-align: center\">INSCRIPTION<\/h1>\n<h1 style=\"text-align: center\"><span style=\"color: #ff0000\">Prolongation jusqu&#8217;au 11 mai !<\/span>\u00a0<\/h1>\n<p style=\"text-align: left\"><div class=\"organic-column one-half\">\n<h2>Deux parcours sont propos\u00e9s\u00a0<br \/>\n<strong><span style=\"text-decoration: underline\">\u2022 <a href=\"https:\/\/www.lyceelecorbusier.eu\/dsaa\/?p=3863\">TERRITOIRES, COMMUNS &amp; \u00c9COLOGIES<\/a><\/span><\/strong><br \/>\n<strong><span style=\"text-decoration: underline\">\u2022 <a href=\"https:\/\/www.lyceelecorbusier.eu\/dsaa\/?p=3868\">M\u00c9DIATIONS, TRANSMISSIONS &amp; P\u00c9DAGOGIES<\/a><\/span><\/strong><\/h2>\n<p>&nbsp;<\/p>\n<h4>CONDITIONS D\u2019ADMISSION<\/h4>\n<p>24 places sont propos\u00e9es, se r\u00e9partissant comme suit :<br \/>\n\u2022 Territoires, Communs &amp; \u00c9cologies : 12 places<br \/>\n\u2022 M\u00e9diation, Transmission &amp; P\u00e9dagogies : 12 places<\/p>\n<p>Peuvent postuler :<br \/>\n<span class=\"s1\">La formation s\u2019adresse \u00e0 tout \u00e9tudiant ayant les pr\u00e9-requis de design graphique, design d\u2019espace, design de produits, design textile, arts, architecture&#8230; <br \/>\nLe candidat devra \u00eatre titulaire d\u2019un DNMADe, d\u2019une licence, ou d\u2019un dipl\u00f4me de niveau \u00e9quivalent.<br \/>\n<\/span><\/p>\n<h4>&#8211;<\/h4>\n<h4>MODALIT\u00c9S DE RECRUTEMENT<\/h4>\n<p class=\"p1\">Un dossier de candidature pour la mention envisag\u00e9e est \u00e0 adresser au lyc\u00e9e, <br \/>\n<a href=\"https:\/\/docs.google.com\/forms\/d\/e\/1FAIpQLSco8OL7rJXyS3r1ptWqha4QbgkoLb5Sz03M5mdxPckvnVy5fQ\/viewform\"><span style=\"text-decoration: underline\">via ce formulaire<\/span><\/a> pour le parcours Territoires, Communs &amp; \u00c9cologies<br \/>\n<a href=\"https:\/\/docs.google.com\/forms\/d\/e\/1FAIpQLSf66BTkRLG-XukHtELP4_f3aeuCS_-uSJ_trqz06YlAQraksQ\/viewform\"><span style=\"text-decoration: underline\">via ce formulaire<\/span> <\/a>\u00a0pour le parcours M\u00e9diation, Transmission &amp; P\u00e9dagogies<br \/>\nIl est possible de candidater dans les deux parcours, mais il faudra pr\u00e9ciser l\u2019ordre de voeux en cochant la case appropri\u00e9e.<\/p>\n<p class=\"p1\"><span class=\"s1\">L\u2019admissibilit\u00e9 est prononc\u00e9e par la commission d\u2019affectation apr\u00e8s examen du dossier <\/span><span class=\"s1\">de candidature compos\u00e9<a href=\"https:\/\/www.lyceelecorbusier.eu\/dsaa\/wp-content\/uploads\/sites\/4\/2021\/02\/inscrip21.dsaa_-1.png\"><img loading=\"lazy\" class=\"alignnone wp-image-3403\" src=\"https:\/\/www.lyceelecorbusier.eu\/dsaa\/wp-content\/uploads\/sites\/4\/2021\/02\/inscrip21.dsaa_-1.png\" alt=\"\" width=\"450\" height=\"180\" srcset=\"https:\/\/www.lyceelecorbusier.eu\/dsaa\/wp-content\/uploads\/sites\/4\/2021\/02\/inscrip21.dsaa_-1.png 850w, https:\/\/www.lyceelecorbusier.eu\/dsaa\/wp-content\/uploads\/sites\/4\/2021\/02\/inscrip21.dsaa_-1-300x120.png 300w, https:\/\/www.lyceelecorbusier.eu\/dsaa\/wp-content\/uploads\/sites\/4\/2021\/02\/inscrip21.dsaa_-1-768x307.png 768w\" sizes=\"(max-width: 450px) 100vw, 450px\" \/><\/a><br \/>\n<\/span><b><\/b><\/p>\n<p class=\"p1\"><span class=\"s1\"><b>_ des bulletins scolaires et ou des relev\u00e9s de notes des 3 derni\u00e8res ann\u00e9es <\/b><span style=\"font-size: 1em\">(PDF)<\/span><b><br \/>\n<\/b><\/span><b style=\"font-size: 1em\">_ de la <span style=\"font-size: 1em\"><strong>fiche DNMADe++ <\/strong><\/span><\/b><span style=\"font-size: 1em\">ou de la <\/span><b style=\"font-size: 1em\">fiche de renseignements R <a href=\"https:\/\/www.lyceelecorbusier.eu\/dsaa\/wp-content\/uploads\/sites\/4\/2025\/04\/inscrip25.dsaa_.pdf\">t\u00e9l\u00e9chargeable <\/a><\/b><span style=\"font-size: 1em\">(PDF)\u00a0le cas \u00e9ch\u00e9ant.\u00a0<br \/>\n<\/span><span class=\"s1\"><b>_ d\u2019un dossier de travaux, comprenant votre CV <\/b>\u00a0(PDF)<br \/>\n<strong>_ vos r\u00e9ponses au formulaire<\/strong><\/span><\/p>\n<p><a href=\"https:\/\/www.lyceelecorbusier.eu\/dsaa\/wp-content\/uploads\/sites\/4\/2025\/04\/inscrip25.dsaa_.pdf\" target=\"_blank\" rel=\"noopener noreferrer\"><img loading=\"lazy\" class=\"alignleft wp-image-819 size-full\" src=\"https:\/\/www.lyceelecorbusier.eu\/dsaa\/wp-content\/uploads\/sites\/4\/2014\/07\/pdf.png\" alt=\"pdf\" width=\"60\" height=\"83\" \/><\/a><\/p>\n<h4>\u00a0<\/h4>\n<h4>fiche R \u00e0 t\u00e9l\u00e9charger<\/h4>\n<p>&nbsp;<\/p>\n<p class=\"p1\"><span class=\"s1\">Le dossier pr\u00e9sentera une vingtaine d\u2019\u00e9l\u00e9ments, bri\u00e8vement comment\u00e9s, choisis parmi les projets r\u00e9alis\u00e9s au cours de la formation pr\u00e9c\u00e9dente ou individuellement.<\/span><\/p>\n<p class=\"p1\"><span class=\"s1\">L\u2019ensemble des pi\u00e8ces sera plac\u00e9 dans un dossier nominatif consultable en ligne et d\u00e9pos\u00e9 sur un espace personnel dont <strong>vous partagerez l\u2019acc\u00e8s en autorisant la lecture<\/strong>.<\/span><\/p>\n<p>&nbsp;<\/p>\n<p class=\"p1\"><\/div><div class=\"organic-column one-half last\">\n<h4>\u00c9TAPES DE RECRUTEMENT<\/h4>\n<p class=\"p1\"><span class=\"s1\"><strong>2 mars 2026 \u2014 <\/strong>Ouverture du formulaire de candidature en ligne<strong><br \/>\n<\/strong><\/span><span class=\"s1\"><strong><del>4<\/del> <span style=\"color: #ff0000\">11 mai minuit<\/span> \u2014 <\/strong>Cl\u00f4ture du d\u00e9p\u00f4t du formulaire et du dossier en ligne (sans besoin de t\u00e9l\u00e9chargement).<br \/>\n<strong>mai \u2014 <\/strong>\u00c9tudes des dossiers, liste d&#8217;admissibilit\u00e9<br \/>\n<strong>d\u00e9but-juin \u2014 <\/strong>Envoi de deux rendez-vous en ligne pour des \u00e9changes avec questions-r\u00e9ponses<strong><br \/>\n<\/strong><\/span><span class=\"s1\"><strong>mi-juin \u2014<\/strong> Envoi des r\u00e9sultats des listes principales et compl\u00e9mentaires<br \/>\n<strong>fin juin \u2014<\/strong> D\u00e9p\u00f4t des dossiers d&#8217;inscription complets \u00e0 l&#8217;\u00e9tablissement\u00a0<br \/>\n<strong>1er septembre 2026 \u2014<\/strong> D\u00e9but des cours<\/span><\/p>\n<p>&#8211;<\/p>\n<p class=\"p1\"><span class=\"s1\"><b>INFORMATIONS IMPORTANTES<br \/>\n<\/b><\/span><span class=\"s1\">_ La d\u00e9cision d\u2019admission, d\u2019inscription sur une liste suppl\u00e9mentaire ou de non admission, sera communiqu\u00e9e au candidat dans les meilleurs d\u00e9lais. Pensez \u00e0 indiquer tous les moyens d\u2019\u00eatre joint.e pendant la p\u00e9riode d\u2019\u00e9t\u00e9 (num\u00e9ro d\u2019un t\u00e9l\u00e9phone portable, adresse de vacances&#8230;).<br \/>\n<\/span><span class=\"s1\">_ Aucun r\u00e9sultat ne sera communiqu\u00e9 par t\u00e9l\u00e9phone en appelant le lyc\u00e9e<br \/>\n<\/span><span class=\"s1\">_ Les candidats admis sur liste d\u2019attente seront avertis de leur \u00e9ventuelle affectation en fonction des d\u00e9sistements<br \/>\n<\/span><span class=\"s1\">_ Pour tout renseignement compl\u00e9mentaire <\/span><span class=\"s1\">&gt; <a href=\"https:\/\/www.lyceelecorbusier.eu\/dsaa\/?page_id=155\" target=\"_blank\" rel=\"noopener\">utiliser la page de contact<\/a><\/span><\/p>\n<\/div><div class=\"clearboth\"><\/div>\n","protected":false},"excerpt":{"rendered":"<p>INSCRIPTION Prolongation jusqu&#8217;au 11 mai !\u00a0<\/p>\n","protected":false},"author":1,"featured_media":0,"parent":0,"menu_order":0,"comment_status":"closed","ping_status":"closed","template":"template-full.php","meta":[],"_links":{"self":[{"href":"https:\/\/www.lyceelecorbusier.eu\/dsaa\/index.php?rest_route=\/wp\/v2\/pages\/42"}],"collection":[{"href":"https:\/\/www.lyceelecorbusier.eu\/dsaa\/index.php?rest_route=\/wp\/v2\/pages"}],"about":[{"href":"https:\/\/www.lyceelecorbusier.eu\/dsaa\/index.php?rest_route=\/wp\/v2\/types\/page"}],"author":[{"embeddable":true,"href":"https:\/\/www.lyceelecorbusier.eu\/dsaa\/index.php?rest_route=\/wp\/v2\/users\/1"}],"replies":[{"embeddable":true,"href":"https:\/\/www.lyceelecorbusier.eu\/dsaa\/index.php?rest_route=%2Fwp%2Fv2%2Fcomments&post=42"}],"version-history":[{"count":97,"href":"https:\/\/www.lyceelecorbusier.eu\/dsaa\/index.php?rest_route=\/wp\/v2\/pages\/42\/revisions"}],"predecessor-version":[{"id":4038,"href":"https:\/\/www.lyceelecorbusier.eu\/dsaa\/index.php?rest_route=\/wp\/v2\/pages\/42\/revisions\/4038"}],"wp:attachment":[{"href":"https:\/\/www.lyceelecorbusier.eu\/dsaa\/index.php?rest_route=%2Fwp%2Fv2%2Fmedia&parent=42"}],"curies":[{"name":"wp","href":"https:\/\/api.w.org\/{rel}","templated":true}]}}