{"id":36,"date":"2018-10-28T14:03:06","date_gmt":"2018-10-28T13:03:06","guid":{"rendered":"http:\/\/www.lyceelecorbusier.eu\/dnmade-is\/?page_id=36"},"modified":"2018-10-28T15:41:36","modified_gmt":"2018-10-28T14:41:36","slug":"projets-realisations","status":"publish","type":"page","link":"https:\/\/www.lyceelecorbusier.eu\/dnmade-is\/?page_id=36","title":{"rendered":"Projets &#038; R\u00e9alisations"},"content":{"rendered":"<h1 style=\"text-align: center;\">projets &amp; R\u00e9alisations<\/h1>\n<div class=\"organic-column one-third\"><\/div> <div class=\"organic-column one-third\">\n<h4>Les projets pr\u00e9sent\u00e9s ont \u00e9t\u00e9 men\u00e9s &amp; mis en ligne par les \u00e9tudiants du DN_MADe Innovation Sociale<\/h4>\n<\/div> <div class=\"organic-column one-third last\"><\/div><div class=\"clearboth\"><\/div>\n<p style=\"text-align: center;\"><!--more--><\/p>\n","protected":false},"excerpt":{"rendered":"<p>projets &amp; R\u00e9alisations<\/p>\n","protected":false},"author":1,"featured_media":46,"parent":0,"menu_order":0,"comment_status":"closed","ping_status":"closed","template":"template-portfolio.php","meta":[],"_links":{"self":[{"href":"https:\/\/www.lyceelecorbusier.eu\/dnmade-is\/index.php?rest_route=\/wp\/v2\/pages\/36"}],"collection":[{"href":"https:\/\/www.lyceelecorbusier.eu\/dnmade-is\/index.php?rest_route=\/wp\/v2\/pages"}],"about":[{"href":"https:\/\/www.lyceelecorbusier.eu\/dnmade-is\/index.php?rest_route=\/wp\/v2\/types\/page"}],"author":[{"embeddable":true,"href":"https:\/\/www.lyceelecorbusier.eu\/dnmade-is\/index.php?rest_route=\/wp\/v2\/users\/1"}],"replies":[{"embeddable":true,"href":"https:\/\/www.lyceelecorbusier.eu\/dnmade-is\/index.php?rest_route=%2Fwp%2Fv2%2Fcomments&post=36"}],"version-history":[{"count":4,"href":"https:\/\/www.lyceelecorbusier.eu\/dnmade-is\/index.php?rest_route=\/wp\/v2\/pages\/36\/revisions"}],"predecessor-version":[{"id":65,"href":"https:\/\/www.lyceelecorbusier.eu\/dnmade-is\/index.php?rest_route=\/wp\/v2\/pages\/36\/revisions\/65"}],"wp:featuredmedia":[{"embeddable":true,"href":"https:\/\/www.lyceelecorbusier.eu\/dnmade-is\/index.php?rest_route=\/wp\/v2\/media\/46"}],"wp:attachment":[{"href":"https:\/\/www.lyceelecorbusier.eu\/dnmade-is\/index.php?rest_route=%2Fwp%2Fv2%2Fmedia&parent=36"}],"curies":[{"name":"wp","href":"https:\/\/api.w.org\/{rel}","templated":true}]}}