{"id":2,"date":"2021-11-20T09:35:52","date_gmt":"2021-11-20T08:35:52","guid":{"rendered":"https:\/\/www.lyceelecorbusier.eu\/bnu\/?page_id=2"},"modified":"2021-11-20T10:19:55","modified_gmt":"2021-11-20T09:19:55","slug":"page-d-exemple","status":"publish","type":"page","link":"https:\/\/www.lyceelecorbusier.eu\/bnu\/?page_id=2","title":{"rendered":"Pr\u00e9sentation du module"},"content":{"rendered":"<h4>\u00c9tablissement unique et original dans l\u2019univers de l\u2019enseignement sup\u00e9rieur et de de la recherche, la Biblioth\u00e8que nationale et universitaire affirme une triple vocation : biblioth\u00e8que acad\u00e9mique de r\u00e9f\u00e9rence pour le site alsacien et au-del\u00e0 ; op\u00e9rateur de l\u2019Etat pour le d\u00e9ploiement d\u2019un r\u00e9seau documentaire d\u2019excellence ; institution culturelle \u0153uvrant \u00e0 l\u2019accessibilit\u00e9 du patrimoine et \u00e0 la diffusion des savoirs.<\/h4>\n","protected":false},"excerpt":{"rendered":"<p>\u00c9tablissement unique et original dans l\u2019univers de l\u2019enseignement sup\u00e9rieur et de de la recherche, la Biblioth\u00e8que nationale et universitaire affirme une triple vocation : biblioth\u00e8que acad\u00e9mique de r\u00e9f\u00e9rence pour le site alsacien et au-del\u00e0 ; op\u00e9rateur de l\u2019Etat&#8230; <a class=\"read-more\" href=\"https:\/\/www.lyceelecorbusier.eu\/bnu\/?page_id=2\">Lire la suite&#8230;<\/a><\/p>\n","protected":false},"author":1,"featured_media":0,"parent":0,"menu_order":0,"comment_status":"closed","ping_status":"closed","template":"template-full.php","meta":[],"_links":{"self":[{"href":"https:\/\/www.lyceelecorbusier.eu\/bnu\/index.php?rest_route=\/wp\/v2\/pages\/2"}],"collection":[{"href":"https:\/\/www.lyceelecorbusier.eu\/bnu\/index.php?rest_route=\/wp\/v2\/pages"}],"about":[{"href":"https:\/\/www.lyceelecorbusier.eu\/bnu\/index.php?rest_route=\/wp\/v2\/types\/page"}],"author":[{"embeddable":true,"href":"https:\/\/www.lyceelecorbusier.eu\/bnu\/index.php?rest_route=\/wp\/v2\/users\/1"}],"replies":[{"embeddable":true,"href":"https:\/\/www.lyceelecorbusier.eu\/bnu\/index.php?rest_route=%2Fwp%2Fv2%2Fcomments&post=2"}],"version-history":[{"count":2,"href":"https:\/\/www.lyceelecorbusier.eu\/bnu\/index.php?rest_route=\/wp\/v2\/pages\/2\/revisions"}],"predecessor-version":[{"id":20,"href":"https:\/\/www.lyceelecorbusier.eu\/bnu\/index.php?rest_route=\/wp\/v2\/pages\/2\/revisions\/20"}],"wp:attachment":[{"href":"https:\/\/www.lyceelecorbusier.eu\/bnu\/index.php?rest_route=%2Fwp%2Fv2%2Fmedia&parent=2"}],"curies":[{"name":"wp","href":"https:\/\/api.w.org\/{rel}","templated":true}]}}